{"id":68351709,"date":"2025-10-18T18:55:46","date_gmt":"2025-10-18T16:55:46","guid":{"rendered":"https:\/\/kraftwerk-shop.cc\/?post_type=product&#038;p=68351709"},"modified":"2026-02-15T01:25:39","modified_gmt":"2026-02-15T00:25:39","slug":"afe-black-series-carbono-cold-air-intake-corvette-c8","status":"publish","type":"product","link":"https:\/\/kraftwerk-shop.cc\/es\/produkt\/afe-black-series-carbon-cold-air-intake-corvette-c8\/","title":{"rendered":"aFe Black Series Admisi\u00f3n de Aire Fr\u00edo de Carbono Corvette C8"},"content":{"rendered":"<h1>aFe POWER 58-10007R Admisi\u00f3n de aire fr\u00edo de carbono Black Series para Corvette C8<\/h1>\n<p>&nbsp;<\/p>\n<p><strong>Carcasa resistente al calor<\/strong><br \/>\nLos filtros de aire dobles est\u00e1n rodeados por una carcasa de pol\u00edmero XLPE (polietileno reticulado) con elementos abiertos que minimiza el aire caliente del motor para obtener el m\u00e1ximo rendimiento. Est\u00e1 dise\u00f1ado y fabricado con precisi\u00f3n para encajar perfectamente en la posici\u00f3n de instalaci\u00f3n de f\u00e1brica.<br \/>\nLa carcasa se conecta a las tomas de aire de f\u00e1brica de cada lado del veh\u00edculo para captar el aire m\u00e1s fr\u00edo disponible.<br \/>\nSe utilizan fuelles de silicona para el movimiento del motor y la facilidad de instalaci\u00f3n. Todos los mazos de cables y soportes de f\u00e1brica se transfieren a la parte trasera de la carcasa aFe POWER para garantizar la instalaci\u00f3n de f\u00e1brica.<br \/>\nLa antena de la radio, que est\u00e1 sujeta a la caja de aire de f\u00e1brica, tambi\u00e9n se transfiere a la carcasa aFe POWER. Para retirar la antena del airbox, hay que cortar dos pesta\u00f1as de sujeci\u00f3n de pl\u00e1stico fundido.<\/p>\n<p>La exclusiva cubierta de carbono est\u00e1 fabricada en fibra de carbono ligera, de alto brillo y con revestimiento transparente, y protege el c\u00e1rter del aire caliente no deseado del motor. Incorpora un emblema Black Series y se fija al c\u00e1rter con arandelas y tornillos grabados con l\u00e1ser de aFe POWER. Esta cubierta mejora significativamente la apariencia de su compartimiento del motor.<\/p>\n<p><strong>Colector de admisi\u00f3n<\/strong><br \/>\nUn ligero tubo de fibra de carbono tejida gu\u00eda el aire filtrado desde el filtro de aire doble hasta el motor. Ha sido dise\u00f1ado por ordenador y probado en banco para aumentar el flujo de aire al tiempo que reduce el peso y mejora el aspecto del vano motor. El tubo est\u00e1 fabricado con material de fibra de carbono 100% (no fibra de vidrio).<\/p>\n<p><strong>Filtros de aire grandes de cinco capas de alto rendimiento<\/strong><br \/>\nLos filtros de aire de flujo radial de 360 grados con brida doble de 4\" incorporan nuestro medio filtrante Pro 5R previamente engrasado con cinco capas de medios filtrantes de gasa de algod\u00f3n progresivamente m\u00e1s finos para obtener el m\u00e1ximo rendimiento. Proporcionan a su motor con la mayor cantidad de aire de alto flujo y en la mayor\u00eda de los casos ofrecen las mayores ganancias de rendimiento de nuestras opciones de medios de filtro. Estos medios de filtro son perfectos para la calle y \/ o pista de uso. Su parte superior invertida proporciona una mayor superficie de filtraci\u00f3n, lo que se traduce en intervalos de servicio m\u00e1s largos.<\/p>\n<p><strong>Material de instalaci\u00f3n de alta calidad<\/strong><br \/>\nLas abrazaderas de tornillo sin fin de acero inoxidable y la manguera de silicona reforzada garantizan estabilidad y durabilidad, as\u00ed como una instalaci\u00f3n segura y sencilla. Los sistemas de admisi\u00f3n Momentum est\u00e1n dise\u00f1ados con el menor n\u00famero posible de piezas individuales para garantizar una instalaci\u00f3n r\u00e1pida y sencilla.<\/p>\n<p>&nbsp;<\/p>\n<p><strong>detalles<\/strong><\/p>\n<p>- + 12 CV, + 13 NM de aumento m\u00e1ximo de potencia<br \/>\n- 15% m\u00e1s caudal que el filtro de aire est\u00e1ndar<br \/>\n- Colector de admisi\u00f3n desarrollado en CAD<br \/>\n- Filtro de aire Pro 10R preengrasado, lavable y reutilizable para un rendimiento m\u00e1ximo<br \/>\n- Dise\u00f1o exclusivo de la carcasa del filtro<br \/>\n- Cubierta de fibra de carbono para un aspecto agresivo<br \/>\n- Perfecta precisi\u00f3n de ajuste<\/p>\n<p>&nbsp;<\/p>\n<p><strong>Adecuado para:<\/strong><\/p>\n<table width=\"440\">\n<tbody>\n<tr>\n<td width=\"113\">2020 - 2025<\/td>\n<td width=\"105\">Chevrolet<\/td>\n<td width=\"120\">Corvette<\/td>\n<td width=\"102\">C8<\/td>\n<\/tr>\n<\/tbody>\n<\/table>\n<p>&nbsp;<\/p>\n<p><strong>Nota sobre el ajuste para los modelos descapotables:<\/strong><br \/>\nEste art\u00edculo se adapta a los modelos descapotables.<\/p>","protected":false},"excerpt":{"rendered":"<p>aFe POWER 58-10007R Admisi\u00f3n de aire fr\u00edo de carbono Black Series para Corvette C8 Carcasa resistente al calor Los filtros de aire dobles est\u00e1n hechos de una fibra de carbono.<\/p>","protected":false},"featured_media":68351712,"comment_status":"open","ping_status":"closed","template":"","meta":{"_acf_changed":false},"product_brand":[16879],"product_cat":[3137],"product_tag":[19339,16880,498,2441,826,2067,3285,19340,824,191,773,189,190,825,281,20273,57,822,2440,500,2439,905],"class_list":{"0":"post-68351709","1":"product","2":"type-product","3":"status-publish","4":"has-post-thumbnail","6":"product_brand-afe-power","7":"product_cat-corvette-c8-ansaugung","8":"product_tag-58-10007r","9":"product_tag-advanced-flow-engineering","10":"product_tag-afe","11":"product_tag-afe-power","12":"product_tag-ansaugung","13":"product_tag-black-series","14":"product_tag-c8","15":"product_tag-cabrio","16":"product_tag-cai","17":"product_tag-camaro","18":"product_tag-carbon","19":"product_tag-chevrolet","20":"product_tag-chevy","21":"product_tag-cold-air-intake","22":"product_tag-corvette","23":"product_tag-keintuev","24":"product_tag-luftfilter","25":"product_tag-momentum","26":"product_tag-series","27":"product_tag-sportluftfilter","28":"product_tag-track","29":"product_tag-track-series","31":"first","32":"onbackorder","33":"taxable","34":"shipping-taxable","35":"purchasable","36":"product-type-simple"},"bundled_by":[],"bundle_stock_status":"onbackorder","bundle_stock_quantity":0,"bundle_virtual":false,"bundle_layout":"","bundle_add_to_cart_form_location":"","bundle_editable_in_cart":false,"bundle_sold_individually_context":"","bundle_item_grouping":"","bundle_min_size":"","bundle_max_size":"","bundle_price":[],"bundled_items":[],"bundle_sell_ids":[],"exclude_global_add_ons":[],"addons":[],"acf":[],"_links":{"self":[{"href":"https:\/\/kraftwerk-shop.cc\/es\/wp-json\/wp\/v2\/product\/68351709","targetHints":{"allow":["GET"]}}],"collection":[{"href":"https:\/\/kraftwerk-shop.cc\/es\/wp-json\/wp\/v2\/product"}],"about":[{"href":"https:\/\/kraftwerk-shop.cc\/es\/wp-json\/wp\/v2\/types\/product"}],"replies":[{"embeddable":true,"href":"https:\/\/kraftwerk-shop.cc\/es\/wp-json\/wp\/v2\/comments?post=68351709"}],"version-history":[{"count":0,"href":"https:\/\/kraftwerk-shop.cc\/es\/wp-json\/wp\/v2\/product\/68351709\/revisions"}],"wp:featuredmedia":[{"embeddable":true,"href":"https:\/\/kraftwerk-shop.cc\/es\/wp-json\/wp\/v2\/media\/68351712"}],"wp:attachment":[{"href":"https:\/\/kraftwerk-shop.cc\/es\/wp-json\/wp\/v2\/media?parent=68351709"}],"wp:term":[{"taxonomy":"product_brand","embeddable":true,"href":"https:\/\/kraftwerk-shop.cc\/es\/wp-json\/wp\/v2\/product_brand?post=68351709"},{"taxonomy":"product_cat","embeddable":true,"href":"https:\/\/kraftwerk-shop.cc\/es\/wp-json\/wp\/v2\/product_cat?post=68351709"},{"taxonomy":"product_tag","embeddable":true,"href":"https:\/\/kraftwerk-shop.cc\/es\/wp-json\/wp\/v2\/product_tag?post=68351709"}],"curies":[{"name":"wp","href":"https:\/\/api.w.org\/{rel}","templated":true}]}}