{"id":68352182,"date":"2025-10-26T13:17:52","date_gmt":"2025-10-26T12:17:52","guid":{"rendered":"https:\/\/kraftwerk-shop.cc\/?post_type=product&#038;p=68352182"},"modified":"2026-02-28T23:39:04","modified_gmt":"2026-02-28T22:39:04","slug":"afe-cold-air-intake-challenger-64-shaker","status":"publish","type":"product","link":"https:\/\/kraftwerk-shop.cc\/es\/produkt\/afe-cold-air-intake-challenger-64-shaker\/","title":{"rendered":"aFe Momentum GT Admisi\u00f3n de Aire Fr\u00edo Challenger 6.4 Shaker"},"content":{"rendered":"<h1>aFe POWER 50-70125R Sistema de admisi\u00f3n de aire fr\u00edo Momentum GT Pro 5R para Dodge Challenger 6.4 Shaker<\/h1>\n<p>&nbsp;<\/p>\n<p><strong>Vivienda \u00fanica<\/strong><br \/>\nLa carcasa dise\u00f1ada con CAD y fabricada con material resistente al calor garantiza la temperatura de entrada m\u00e1s baja posible.<br \/>\nLa carcasa moldeada por rotaci\u00f3n es de polietileno reticulado negro.<\/p>\n<p><strong>Colector de admisi\u00f3n<\/strong><br \/>\nEste sistema utiliza un colector de admisi\u00f3n dise\u00f1ado en CAD, desarrollado en el banco de pruebas y fabricado mediante un proceso rotativo, para garantizar el mayor aumento posible del rendimiento con un ajuste perfecto.<\/p>\n<p><strong>Filtro de aire grande de 5 capas<\/strong><br \/>\nLa innovadora interfaz filtro-carcasa del Momentum est\u00e1 dise\u00f1ada para proporcionar el filtro de aire m\u00e1s grande posible. Este filtro de aire de flujo radial de 360 grados y 10 pulgadas de altura cuenta con una brida ovalada de 6 x 4 pulgadas y un medio filtrante Pro 5R preengrasado con cinco capas de gasa de algod\u00f3n progresivamente m\u00e1s fina para obtener el m\u00e1ximo rendimiento. Proporciona a su motor la mayor cantidad de aire de alto flujo y ofrece las mayores ganancias de rendimiento en la mayor\u00eda de los casos. Este medio es perfecto para la calle y \/ o pista de uso. Su parte superior invertida proporciona una mayor \u00e1rea de filtrado, lo que se traduce en intervalos de servicio m\u00e1s largos.<\/p>\n<p><strong>Material de instalaci\u00f3n de alta calidad<\/strong><br \/>\nLas abrazaderas de tornillo sin fin de acero inoxidable y la manguera de silicona reforzada garantizan estabilidad y durabilidad, as\u00ed como una instalaci\u00f3n segura y sencilla. Los sistemas de admisi\u00f3n Momentum est\u00e1n dise\u00f1ados con el menor n\u00famero posible de piezas individuales para garantizar una instalaci\u00f3n r\u00e1pida y sencilla.<\/p>\n<p>&nbsp;<\/p>\n<p><strong>detalles<\/strong><\/p>\n<p>- + 16 CV, + 25 NM de aumento m\u00e1ximo de potencia<br \/>\n- 12% m\u00e1s caudal que el filtro de aire est\u00e1ndar<br \/>\n- Colector de admisi\u00f3n desarrollado en CAD<br \/>\n- Filtro de aire Pro 10R preengrasado, lavable y reutilizable para un rendimiento m\u00e1ximo<br \/>\n- La carcasa sellada reduce la temperatura del aire de admisi\u00f3n y optimiza el rendimiento, mientras que<br \/>\n- Se mantienen la toma de aire del cap\u00f3 agitador y la toma de aire de los faros (solo en modelos a partir de 2015).<br \/>\n- Perfecta precisi\u00f3n de ajuste<\/p>\n<p>&nbsp;<\/p>\n<p><strong>Adecuado para:<\/strong><\/p>\n<table width=\"904\">\n<tbody>\n<tr>\n<td width=\"81\"><strong>A\u00f1o de construcci\u00f3n<\/strong><\/td>\n<td width=\"199\"><strong>Marca<\/strong><\/td>\n<td width=\"174\"><strong>Modelo<\/strong><\/td>\n<td width=\"369\"><strong>Variante<\/strong><\/td>\n<td width=\"81\"><strong>Motor<\/strong><\/td>\n<\/tr>\n<tr>\n<td width=\"81\">2015-2023<\/td>\n<td width=\"199\">Dodge<\/td>\n<td width=\"174\">Challenger<\/td>\n<td width=\"369\">Shaker<\/td>\n<td width=\"81\">V8-6.4L<\/td>\n<\/tr>\n<\/tbody>\n<\/table>\n<p>&nbsp;<\/p>\n<p>Este sistema de admisi\u00f3n de aire s\u00f3lo se adapta a los modelos con <strong>Cap\u00f3 Mopar Shaker<\/strong>.<\/p>\n<p>Este sistema de admisi\u00f3n es <strong>no<\/strong> compatible con aFe POWER Silver Buller Throttle Body Spacer 46-32007.<\/p>\n<p>&nbsp;<\/p>\n<p>&nbsp;<\/p>","protected":false},"excerpt":{"rendered":"<p>2015 - 2023, s\u00f3lo para Shaker<\/p>","protected":false},"featured_media":68352184,"comment_status":"open","ping_status":"closed","template":"","meta":{"_acf_changed":false},"product_brand":[16879],"product_cat":[2512],"product_tag":[249,250,251,252,419,420,2066,2373,4526,217,19357,93,16880,498,2441,826,824,54,825,49,3853,20273,57,822,10786,500,96],"class_list":{"0":"post-68352182","1":"product","2":"type-product","3":"status-publish","4":"has-post-thumbnail","6":"product_brand-afe-power","7":"product_cat-challenger-64-ansaugung","8":"product_tag-249","9":"product_tag-250","10":"product_tag-251","11":"product_tag-252","12":"product_tag-419","13":"product_tag-420","14":"product_tag-2066","15":"product_tag-2373","16":"product_tag-4526","17":"product_tag-217","18":"product_tag-50-70125r","19":"product_tag-6-4","20":"product_tag-advanced-flow-engineering","21":"product_tag-afe","22":"product_tag-afe-power","23":"product_tag-ansaugung","24":"product_tag-cai","25":"product_tag-challenger","26":"product_tag-cold-air-intake","27":"product_tag-dodge","28":"product_tag-dodge-challenger","29":"product_tag-keintuev","30":"product_tag-luftfilter","31":"product_tag-momentum","32":"product_tag-shaker","33":"product_tag-sportluftfilter","34":"product_tag-srt","36":"first","37":"instock","38":"taxable","39":"shipping-taxable","40":"purchasable","41":"product-type-simple"},"bundled_by":[],"bundle_stock_status":"instock","bundle_stock_quantity":1,"bundle_virtual":false,"bundle_layout":"","bundle_add_to_cart_form_location":"","bundle_editable_in_cart":false,"bundle_sold_individually_context":"","bundle_item_grouping":"","bundle_min_size":"","bundle_max_size":"","bundle_price":[],"bundled_items":[],"bundle_sell_ids":[],"exclude_global_add_ons":[],"addons":[],"acf":[],"_links":{"self":[{"href":"https:\/\/kraftwerk-shop.cc\/es\/wp-json\/wp\/v2\/product\/68352182","targetHints":{"allow":["GET"]}}],"collection":[{"href":"https:\/\/kraftwerk-shop.cc\/es\/wp-json\/wp\/v2\/product"}],"about":[{"href":"https:\/\/kraftwerk-shop.cc\/es\/wp-json\/wp\/v2\/types\/product"}],"replies":[{"embeddable":true,"href":"https:\/\/kraftwerk-shop.cc\/es\/wp-json\/wp\/v2\/comments?post=68352182"}],"version-history":[{"count":0,"href":"https:\/\/kraftwerk-shop.cc\/es\/wp-json\/wp\/v2\/product\/68352182\/revisions"}],"wp:featuredmedia":[{"embeddable":true,"href":"https:\/\/kraftwerk-shop.cc\/es\/wp-json\/wp\/v2\/media\/68352184"}],"wp:attachment":[{"href":"https:\/\/kraftwerk-shop.cc\/es\/wp-json\/wp\/v2\/media?parent=68352182"}],"wp:term":[{"taxonomy":"product_brand","embeddable":true,"href":"https:\/\/kraftwerk-shop.cc\/es\/wp-json\/wp\/v2\/product_brand?post=68352182"},{"taxonomy":"product_cat","embeddable":true,"href":"https:\/\/kraftwerk-shop.cc\/es\/wp-json\/wp\/v2\/product_cat?post=68352182"},{"taxonomy":"product_tag","embeddable":true,"href":"https:\/\/kraftwerk-shop.cc\/es\/wp-json\/wp\/v2\/product_tag?post=68352182"}],"curies":[{"name":"wp","href":"https:\/\/api.w.org\/{rel}","templated":true}]}}