{"id":68352249,"date":"2025-10-26T23:42:54","date_gmt":"2025-10-26T22:42:54","guid":{"rendered":"https:\/\/kraftwerk-shop.cc\/?post_type=product&#038;p=68352249"},"modified":"2026-02-15T01:26:14","modified_gmt":"2026-02-15T00:26:14","slug":"borla-x-pipe-60607-camaro","status":"publish","type":"product","link":"https:\/\/kraftwerk-shop.cc\/es\/produkt\/borla-x-pipe-60607-camaro\/","title":{"rendered":"Borla X-Pipe Camaro SS"},"content":{"rendered":"<h1>Borla X-Pipe 60607 para Chevrolet Camaro SS de 2016 a 2024<\/h1>\n<p>&nbsp;<\/p>\n<p>Este BORLA\u00ae X-pipe con un di\u00e1metro de 2,75 pulgadas y mid-pipes es <strong>S\u00d3LO<\/strong> destinado al uso con sistemas BORLA\u00ae Axle-Back.<br \/>\nEn combinaci\u00f3n con un sistema Axle-Back, se crea un sistema Cat-Back\u2122. El 60607 incluye un Merge X-Pipe para liberar potencia adicional del motor y conseguir un sonido personalizado.<br \/>\nEl modelo 60607 inutiliza las v\u00e1lvulas AFM. Est\u00e1 destinado a veh\u00edculos con transmisiones manuales que no est\u00e1n equipados con v\u00e1lvulas AFM, pero tambi\u00e9n se puede utilizar para eliminar las v\u00e1lvulas AFM en veh\u00edculos con transmisiones autom\u00e1ticas.<br \/>\nAl quitar las v\u00e1lvulas AFM se enciende la luz de advertencia del motor. Para veh\u00edculos con v\u00e1lvulas AFM, utilice el X-Pipe con tubos centrales 60610.<br \/>\nSi desea amortiguar el sonido de un sistema con el 60607, los tubos medios de \u00e9ste pueden sustituirse por el resonador 60608.<br \/>\nFabricado en acero inoxidable T-304 de alta calidad, que es superior a la serie T-400 (como 409) para ofrecerle el mejor rendimiento y durabilidad absolutos.<br \/>\nLas curvas de mandril ultrasuaves maximizan el flujo y el rendimiento, y la fabricaci\u00f3n de precisi\u00f3n con control num\u00e9rico por ordenador (CNC) garantiza un ajuste exacto.<\/p>\n<p>&nbsp;<\/p>\n<p><strong>Adecuado para:<\/strong><\/p>\n<table width=\"1042\">\n<tbody>\n<tr>\n<td width=\"138\"><strong>A\u00f1o de construcci\u00f3n<\/strong><\/td>\n<td width=\"168\"><strong>Marca<\/strong><\/td>\n<td width=\"144\"><strong>Modelo<\/strong><\/td>\n<td width=\"366\"><strong>Versi\u00f3n<\/strong><\/td>\n<td width=\"226\"><strong>Motor<\/strong><\/td>\n<\/tr>\n<tr>\n<td width=\"138\">2016 - 2024<\/td>\n<td width=\"168\">Chevrolet<\/td>\n<td width=\"144\">Camaro<\/td>\n<td width=\"366\">Coupe<\/td>\n<td width=\"226\">6.2L<\/td>\n<\/tr>\n<\/tbody>\n<\/table>\n<p><strong>No<\/strong> apto para descapotable<\/p>","protected":false},"excerpt":{"rendered":"<p>2016 - 2024<\/p>","protected":false},"featured_media":68352251,"comment_status":"open","ping_status":"closed","template":"","meta":{"_acf_changed":false},"product_brand":[17170],"product_cat":[3073],"product_tag":[101,19385,1032,191,189,20273,4784],"class_list":{"0":"post-68352249","1":"product","2":"type-product","3":"status-publish","4":"has-post-thumbnail","6":"product_brand-borla","7":"product_cat-camaro-62-2016-abgasanlage","8":"product_tag-6-2","9":"product_tag-19385","10":"product_tag-borla","11":"product_tag-camaro","12":"product_tag-chevrolet","13":"product_tag-keintuev","14":"product_tag-x-pipe","15":"product_shipping_class-speditionsversand-1","17":"first","18":"onbackorder","19":"taxable","20":"shipping-taxable","21":"purchasable","22":"product-type-simple"},"bundled_by":[],"bundle_stock_status":"onbackorder","bundle_stock_quantity":0,"bundle_virtual":false,"bundle_layout":"","bundle_add_to_cart_form_location":"","bundle_editable_in_cart":false,"bundle_sold_individually_context":"","bundle_item_grouping":"","bundle_min_size":"","bundle_max_size":"","bundle_price":[],"bundled_items":[],"bundle_sell_ids":[],"exclude_global_add_ons":[],"addons":[],"acf":[],"_links":{"self":[{"href":"https:\/\/kraftwerk-shop.cc\/es\/wp-json\/wp\/v2\/product\/68352249","targetHints":{"allow":["GET"]}}],"collection":[{"href":"https:\/\/kraftwerk-shop.cc\/es\/wp-json\/wp\/v2\/product"}],"about":[{"href":"https:\/\/kraftwerk-shop.cc\/es\/wp-json\/wp\/v2\/types\/product"}],"replies":[{"embeddable":true,"href":"https:\/\/kraftwerk-shop.cc\/es\/wp-json\/wp\/v2\/comments?post=68352249"}],"version-history":[{"count":0,"href":"https:\/\/kraftwerk-shop.cc\/es\/wp-json\/wp\/v2\/product\/68352249\/revisions"}],"wp:featuredmedia":[{"embeddable":true,"href":"https:\/\/kraftwerk-shop.cc\/es\/wp-json\/wp\/v2\/media\/68352251"}],"wp:attachment":[{"href":"https:\/\/kraftwerk-shop.cc\/es\/wp-json\/wp\/v2\/media?parent=68352249"}],"wp:term":[{"taxonomy":"product_brand","embeddable":true,"href":"https:\/\/kraftwerk-shop.cc\/es\/wp-json\/wp\/v2\/product_brand?post=68352249"},{"taxonomy":"product_cat","embeddable":true,"href":"https:\/\/kraftwerk-shop.cc\/es\/wp-json\/wp\/v2\/product_cat?post=68352249"},{"taxonomy":"product_tag","embeddable":true,"href":"https:\/\/kraftwerk-shop.cc\/es\/wp-json\/wp\/v2\/product_tag?post=68352249"}],"curies":[{"name":"wp","href":"https:\/\/api.w.org\/{rel}","templated":true}]}}