{"id":68352445,"date":"2025-11-01T15:09:06","date_gmt":"2025-11-01T14:09:06","guid":{"rendered":"https:\/\/kraftwerk-shop.cc\/?post_type=product&#038;p=68352445"},"modified":"2026-02-15T01:26:17","modified_gmt":"2026-02-15T00:26:17","slug":"mopar-filtro-de-aire-68575644ab","status":"publish","type":"product","link":"https:\/\/kraftwerk-shop.cc\/es\/produkt\/mopar-luftfilter-68575644ab\/","title":{"rendered":"Filtro de aire Mopar (68575644AB)"},"content":{"rendered":"<h1>Filtro de aire original Mopar (68575644AB) para Jeep Wagoneer 3.0, 5.7, Grand Wagoneer 3.0, 6.4 y RAM 3.0<\/h1>\n<p>&nbsp;<\/p>\n<p><span lang=\"DE\"><strong>N\u00famero de pieza Mopar:<\/strong>\u00a068575644AB<br \/>\n<strong>Reemplazado: <\/strong>68422284AA, 68422284AB, 68518924AA, 68518924AB, 68575644AA<\/span><\/p>\n<p>&nbsp;<\/p>\n<p><strong>Adecuado para:<\/strong><\/p>\n<table width=\"910\">\n<tbody>\n<tr>\n<td width=\"138\"><strong>A\u00f1o de construcci\u00f3n<\/strong><\/td>\n<td width=\"168\"><strong>Marca<\/strong><\/td>\n<td width=\"144\"><strong>Modelo<\/strong><\/td>\n<td width=\"234\"><strong>Versi\u00f3n<\/strong><\/td>\n<td width=\"226\"><strong>Motor<\/strong><\/td>\n<\/tr>\n<tr>\n<td width=\"138\">2026<\/td>\n<td width=\"168\">Ram<\/td>\n<td width=\"144\">1500<\/td>\n<td width=\"234\">Big Horn, Express, Laramie, Limited, Limited Longhorn, Lone Star, RHO, Rebel, Tradesman, Tungsten, Warlock<\/td>\n<td width=\"226\">3.0L<\/td>\n<\/tr>\n<tr>\n<td width=\"138\">2025<\/td>\n<td width=\"168\">Ram<\/td>\n<td width=\"144\">1500<\/td>\n<td width=\"234\">Big Horn, Laramie, Limited, Limited Longhorn, Lone Star, RHO, Rebel, Tradesman, Tradesman HFE, Tungsten, Warlock<\/td>\n<td width=\"226\">3.0L<\/td>\n<\/tr>\n<tr>\n<td width=\"138\">2024<\/td>\n<td width=\"168\">Jeep<\/td>\n<td width=\"144\">Grand Wagoneer<\/td>\n<td width=\"234\">Base, Obsidian, Series II, Series III, Series III Obsidian<\/td>\n<td width=\"226\">3.0L<\/td>\n<\/tr>\n<tr>\n<td width=\"138\">2024<\/td>\n<td width=\"168\">Jeep<\/td>\n<td width=\"144\">Grand Wagoneer L<\/td>\n<td width=\"234\">Base, Obsidiana, Serie III, Serie III Obsidiana<\/td>\n<td width=\"226\">3.0L<\/td>\n<\/tr>\n<tr>\n<td width=\"138\">2024<\/td>\n<td width=\"168\">Jeep<\/td>\n<td width=\"144\">Wagoneer<\/td>\n<td width=\"234\">Base, Carbide, Series II, Series III<\/td>\n<td width=\"226\">3.0L<\/td>\n<\/tr>\n<tr>\n<td width=\"138\">2023<\/td>\n<td width=\"168\">Jeep<\/td>\n<td width=\"144\">Grand Wagoneer<\/td>\n<td width=\"234\">Base, Obsidian, Series II, Series III, Series III Obsidian<\/td>\n<td width=\"226\">6.4L<\/td>\n<\/tr>\n<tr>\n<td width=\"138\">2023<\/td>\n<td width=\"168\">Jeep<\/td>\n<td width=\"144\">Wagoneer<\/td>\n<td width=\"234\">Base<\/td>\n<td width=\"226\">5.7L<\/td>\n<\/tr>\n<tr>\n<td width=\"138\">2024<\/td>\n<td width=\"168\">Jeep<\/td>\n<td width=\"144\">Wagoneer L<\/td>\n<td width=\"234\">Base, Carbide, Series II, Series III<\/td>\n<td width=\"226\">3.0L<\/td>\n<\/tr>\n<tr>\n<td width=\"138\">2023<\/td>\n<td width=\"168\">Jeep<\/td>\n<td width=\"144\">Grand Wagoneer<\/td>\n<td width=\"234\">Base, Obsidian, Series II, Series III, Series III Obsidian<\/td>\n<td width=\"226\">3.0L<\/td>\n<\/tr>\n<tr>\n<td width=\"138\">2023<\/td>\n<td width=\"168\">Jeep<\/td>\n<td width=\"144\">Grand Wagoneer L<\/td>\n<td width=\"234\">Base, Obsidian, Series II, Series III, Series III Obsidian<\/td>\n<td width=\"226\">3.0L<\/td>\n<\/tr>\n<tr>\n<td width=\"138\">2023<\/td>\n<td width=\"168\">Jeep<\/td>\n<td width=\"144\">Wagoneer<\/td>\n<td width=\"234\">Base, Carbide, Series II, Series III<\/td>\n<td width=\"226\">3.0L<\/td>\n<\/tr>\n<tr>\n<td width=\"138\">2023<\/td>\n<td width=\"168\">Jeep<\/td>\n<td width=\"144\">Wagoneer L<\/td>\n<td width=\"234\">Base, Carbide, Series II, Series III<\/td>\n<td width=\"226\">3.0L<\/td>\n<\/tr>\n<tr>\n<td width=\"138\">2022<\/td>\n<td width=\"168\">Jeep<\/td>\n<td width=\"144\">Grand Wagoneer<\/td>\n<td width=\"234\">Obsidian, Series I, Series II, Series III<\/td>\n<td width=\"226\">6.4L<\/td>\n<\/tr>\n<tr>\n<td width=\"138\">2022<\/td>\n<td width=\"168\">Jeep<\/td>\n<td width=\"144\">Wagoneer<\/td>\n<td width=\"234\">Serie II, Serie III<\/td>\n<td width=\"226\">5.7L<\/td>\n<\/tr>\n<tr>\n<td width=\"138\">2022<\/td>\n<td width=\"168\">Jeep<\/td>\n<td width=\"144\">Grand Wagoneer<\/td>\n<td width=\"234\">Obsidian, Series I, Series II, Series III<\/td>\n<td width=\"226\">3.0L<\/td>\n<\/tr>\n<\/tbody>\n<\/table>\n<p>&nbsp;<\/p>\n<p>&nbsp;<\/p>\n<h4>Su primera opci\u00f3n: Recambios originales Mopar<\/h4>\n<p><strong>Calidad original del fabricante:<\/strong> Mopar conoce su veh\u00edculo hasta el m\u00e1s m\u00ednimo detalle; al fin y al cabo, todas las piezas originales proceden directamente del fabricante. Los componentes se adaptan con precisi\u00f3n a su modelo y cumplen todas las especificaciones de f\u00e1brica. Esto significa: instalaci\u00f3n precisa, funcionamiento \u00f3ptimo y m\u00e1xima seguridad.<\/p>\n<p><strong>Durabilidad y fiabilidad demostradas<\/strong>Las piezas originales Mopar son sin\u00f3nimo de calidad probada y materiales robustos. Se han probado y desarrollado en condiciones reales para ofrecer un rendimiento s\u00f3lido a largo plazo, independientemente de lo exigentes que sean las condiciones de funcionamiento.<\/p>\n<p>&nbsp;<\/p>","protected":false},"excerpt":{"rendered":"<p>Pieza original Mopar<\/p>","protected":false},"featured_media":68352447,"comment_status":"open","ping_status":"closed","template":"","meta":{"_acf_changed":false},"product_brand":[16270],"product_cat":[10262,17003,17019,6784,6793,19390,19391],"product_tag":[19146,19145,19147,19148,19149,19398,31,8813,9424,16271,16273,16275,16272,16274,7221],"class_list":{"0":"post-68352445","1":"product","2":"type-product","3":"status-publish","4":"has-post-thumbnail","6":"product_brand-mopar","7":"product_cat-alle-produkte","8":"product_cat-wagoneer-30-ansaugung","9":"product_cat-wagoneer-30-wartung","10":"product_cat-wagoneer-64-ansaugung","11":"product_cat-wagoneer-64-wartung","12":"product_cat-1500-30-ansaugung","13":"product_cat-1500-30-wartung","14":"product_tag-68422284aa","15":"product_tag-68422284ab","16":"product_tag-68518924aa","17":"product_tag-68518924ab","18":"product_tag-68575644aa","19":"product_tag-68575644ab","20":"product_tag-mopar","21":"product_tag-mopar-autoteile","22":"product_tag-mopar-ersatzteile","23":"product_tag-mopar-ersatzteile-kaufen","24":"product_tag-mopar-performance-teile","25":"product_tag-mopar-teile-katalog","26":"product_tag-mopar-teile-online","27":"product_tag-mopar-tuningteile","28":"product_tag-mopar10","30":"first","31":"instock","32":"taxable","33":"shipping-taxable","34":"purchasable","35":"product-type-simple"},"bundled_by":[],"bundle_stock_status":"instock","bundle_stock_quantity":5,"bundle_virtual":false,"bundle_layout":"","bundle_add_to_cart_form_location":"","bundle_editable_in_cart":false,"bundle_sold_individually_context":"","bundle_item_grouping":"","bundle_min_size":"","bundle_max_size":"","bundle_price":[],"bundled_items":[],"bundle_sell_ids":[],"exclude_global_add_ons":[],"addons":[],"acf":[],"_links":{"self":[{"href":"https:\/\/kraftwerk-shop.cc\/es\/wp-json\/wp\/v2\/product\/68352445","targetHints":{"allow":["GET"]}}],"collection":[{"href":"https:\/\/kraftwerk-shop.cc\/es\/wp-json\/wp\/v2\/product"}],"about":[{"href":"https:\/\/kraftwerk-shop.cc\/es\/wp-json\/wp\/v2\/types\/product"}],"replies":[{"embeddable":true,"href":"https:\/\/kraftwerk-shop.cc\/es\/wp-json\/wp\/v2\/comments?post=68352445"}],"version-history":[{"count":0,"href":"https:\/\/kraftwerk-shop.cc\/es\/wp-json\/wp\/v2\/product\/68352445\/revisions"}],"wp:featuredmedia":[{"embeddable":true,"href":"https:\/\/kraftwerk-shop.cc\/es\/wp-json\/wp\/v2\/media\/68352447"}],"wp:attachment":[{"href":"https:\/\/kraftwerk-shop.cc\/es\/wp-json\/wp\/v2\/media?parent=68352445"}],"wp:term":[{"taxonomy":"product_brand","embeddable":true,"href":"https:\/\/kraftwerk-shop.cc\/es\/wp-json\/wp\/v2\/product_brand?post=68352445"},{"taxonomy":"product_cat","embeddable":true,"href":"https:\/\/kraftwerk-shop.cc\/es\/wp-json\/wp\/v2\/product_cat?post=68352445"},{"taxonomy":"product_tag","embeddable":true,"href":"https:\/\/kraftwerk-shop.cc\/es\/wp-json\/wp\/v2\/product_tag?post=68352445"}],"curies":[{"name":"wp","href":"https:\/\/api.w.org\/{rel}","templated":true}]}}