{"id":68352454,"date":"2025-11-01T16:56:18","date_gmt":"2025-11-01T15:56:18","guid":{"rendered":"https:\/\/kraftwerk-shop.cc\/?post_type=product&#038;p=68352454"},"modified":"2026-02-15T01:26:19","modified_gmt":"2026-02-15T00:26:19","slug":"polea-hellcat-trackhawk-trx-3-17","status":"publish","type":"product","link":"https:\/\/kraftwerk-shop.cc\/es\/produkt\/hellcat-trackhawk-trx-3-17-pulley\/","title":{"rendered":"Rueda compresora Hellcat \/ Trackhawk \/ TRX 3.17\u2033 con rueda libre"},"content":{"rendered":"<h1>Polea de sobrealimentaci\u00f3n HellRaiser de 3,17\u2033 para una mayor presi\u00f3n de sobrealimentaci\u00f3n.<\/h1>\n<p>&nbsp;<\/p>\n<p>La rueda del compresor tiene una rueda libre. La presi\u00f3n de sobrealimentaci\u00f3n aumenta aprox. 1-2 PSI (0,07 - 0,14 bar).<\/p>\n<p>La polea HellRaiser de Litens High Performance tiene un di\u00e1metro de 3,17 pulgadas y tiene el mismo dise\u00f1o que las poleas est\u00e1ndar, que tienen un di\u00e1metro de 3,43 pulgadas.<\/p>\n<p>&nbsp;<\/p>\n<p><strong>Adecuado para:<\/strong><\/p>\n<table width=\"449\">\n<tbody>\n<tr>\n<td width=\"115\"><strong>Marca<\/strong><\/td>\n<td width=\"145\"><strong>Modelo<\/strong><\/td>\n<td width=\"106\"><strong>Motor<\/strong><\/td>\n<td width=\"83\"><strong>A\u00f1o de construcci\u00f3n<\/strong><\/td>\n<\/tr>\n<tr>\n<td width=\"115\">Dodge<\/td>\n<td width=\"145\">Charger<\/td>\n<td width=\"106\">6.2 Hellcat<\/td>\n<td width=\"83\">2015-2023<\/td>\n<\/tr>\n<tr>\n<td width=\"115\">Dodge<\/td>\n<td width=\"145\">Challenger<\/td>\n<td width=\"106\">6.2 Hellcat<\/td>\n<td width=\"83\">2015-2023<\/td>\n<\/tr>\n<tr>\n<td width=\"115\">Dodge<\/td>\n<td width=\"145\">Durango<\/td>\n<td width=\"106\">6.2 Hellcat<\/td>\n<td width=\"83\">2021-2025<\/td>\n<\/tr>\n<tr>\n<td width=\"115\">Jeep<\/td>\n<td width=\"145\">Grand Cherokee<\/td>\n<td width=\"106\">6,2 Trackhawk<\/td>\n<td width=\"83\">2018-2021<\/td>\n<\/tr>\n<tr>\n<td width=\"115\">RAM<\/td>\n<td width=\"145\">1500<\/td>\n<td width=\"106\">TRX<\/td>\n<td width=\"83\">2021-2024<\/td>\n<\/tr>\n<\/tbody>\n<\/table>\n<p>&nbsp;<\/p>\n<p><strong>Notas:<\/strong><\/p>\n<ul>\n<li>Esta polea est\u00e1 destinada \u00fanicamente a la instalaci\u00f3n profesional<\/li>\n<li>Se necesitan herramientas especiales para la instalaci\u00f3n<\/li>\n<li>La correa a juego est\u00e1 incluida en el volumen de suministro<\/li>\n<li>Independientemente de las fuentes individuales que indiquen que no es necesario realizar ning\u00fan ajuste en la unidad de control del motor, no asumimos ninguna garant\u00eda ni responsabilidad al respecto. Cualquier modificaci\u00f3n se realiza exclusivamente por cuenta y riesgo del usuario<\/li>\n<li>Instrucciones de instalaci\u00f3n incluidas<\/li>\n<\/ul>","protected":false},"excerpt":{"rendered":"<p>3.17&#8243; HellRaiser Supercharger Pulley f\u00fcr h\u00f6heren Ladedruck &nbsp; Das Kompressorrad verf\u00fcgt \u00fcber einen Freilauf. Der Ladedruck wird um ca. 1-2<\/p>","protected":false},"featured_media":68275451,"comment_status":"open","ping_status":"closed","template":"","meta":{"_acf_changed":false},"product_brand":[19062],"product_cat":[2585,2709,2708,2669,2701],"product_tag":[475,19402,101,19401,54,53,729,49,3853,3854,3415,728,56,2452,100,731,723,50,4425,4427,4426,722,242,394,36,382,730,397,86,721,246,102,2353,233],"class_list":{"0":"post-68352454","1":"product","2":"type-product","3":"status-publish","4":"has-post-thumbnail","6":"product_brand-litens","7":"product_cat-challenger-hellcat-kompressor","8":"product_cat-charger-hellcat-kompressor","9":"product_cat-durango-hellcat-kompressor","10":"product_cat-trackhawk-kompressor","11":"product_cat-trx-kompressor","12":"product_tag-475","13":"product_tag-3-17","14":"product_tag-6-2","15":"product_tag-920668k","16":"product_tag-challenger","17":"product_tag-charger","18":"product_tag-clutched","19":"product_tag-dodge","20":"product_tag-dodge-challenger","21":"product_tag-dodge-charger","22":"product_tag-erhoehen","23":"product_tag-freilauf","24":"product_tag-grand-cherokee","25":"product_tag-hcsc","26":"product_tag-hellcat","27":"product_tag-hellraiser","28":"product_tag-hoeher","29":"product_tag-jeep","30":"product_tag-jeep-grand-cherokee","31":"product_tag-jeep-grand-cherokee-trackhawk","32":"product_tag-jeep-trackhawk","33":"product_tag-kleiner","34":"product_tag-kompressor","35":"product_tag-kompressorrad","36":"product_tag-kraftwerk","37":"product_tag-ladedruck","38":"product_tag-litens","39":"product_tag-pulley","40":"product_tag-ram","41":"product_tag-riemenscheibe","42":"product_tag-supercharger","43":"product_tag-trackhawk","44":"product_tag-trx","45":"product_tag-tuning","47":"first","48":"onbackorder","49":"taxable","50":"shipping-taxable","51":"purchasable","52":"product-type-simple"},"bundled_by":[],"bundle_stock_status":"onbackorder","bundle_stock_quantity":0,"bundle_virtual":false,"bundle_layout":"","bundle_add_to_cart_form_location":"","bundle_editable_in_cart":false,"bundle_sold_individually_context":"","bundle_item_grouping":"","bundle_min_size":"","bundle_max_size":"","bundle_price":[],"bundled_items":[],"bundle_sell_ids":[],"exclude_global_add_ons":[],"addons":[],"acf":[],"_links":{"self":[{"href":"https:\/\/kraftwerk-shop.cc\/es\/wp-json\/wp\/v2\/product\/68352454","targetHints":{"allow":["GET"]}}],"collection":[{"href":"https:\/\/kraftwerk-shop.cc\/es\/wp-json\/wp\/v2\/product"}],"about":[{"href":"https:\/\/kraftwerk-shop.cc\/es\/wp-json\/wp\/v2\/types\/product"}],"replies":[{"embeddable":true,"href":"https:\/\/kraftwerk-shop.cc\/es\/wp-json\/wp\/v2\/comments?post=68352454"}],"version-history":[{"count":0,"href":"https:\/\/kraftwerk-shop.cc\/es\/wp-json\/wp\/v2\/product\/68352454\/revisions"}],"wp:featuredmedia":[{"embeddable":true,"href":"https:\/\/kraftwerk-shop.cc\/es\/wp-json\/wp\/v2\/media\/68275451"}],"wp:attachment":[{"href":"https:\/\/kraftwerk-shop.cc\/es\/wp-json\/wp\/v2\/media?parent=68352454"}],"wp:term":[{"taxonomy":"product_brand","embeddable":true,"href":"https:\/\/kraftwerk-shop.cc\/es\/wp-json\/wp\/v2\/product_brand?post=68352454"},{"taxonomy":"product_cat","embeddable":true,"href":"https:\/\/kraftwerk-shop.cc\/es\/wp-json\/wp\/v2\/product_cat?post=68352454"},{"taxonomy":"product_tag","embeddable":true,"href":"https:\/\/kraftwerk-shop.cc\/es\/wp-json\/wp\/v2\/product_tag?post=68352454"}],"curies":[{"name":"wp","href":"https:\/\/api.w.org\/{rel}","templated":true}]}}