{"id":68353014,"date":"2025-11-16T16:54:00","date_gmt":"2025-11-16T15:54:00","guid":{"rendered":"https:\/\/kraftwerk-shop.cc\/?post_type=product&#038;p=68353014"},"modified":"2026-04-02T15:05:40","modified_gmt":"2026-04-02T13:05:40","slug":"limpiaparabrisas-mopar-68339036ac","status":"publish","type":"product","link":"https:\/\/kraftwerk-shop.cc\/es\/produkt\/mopar-scheibenwischer-68339036ac\/","title":{"rendered":"Limpiaparabrisas Mopar RAM (68339036AC)"},"content":{"rendered":"<h1>Limpiaparabrisas original Mopar (68339036AC) para RAM 1500 de 2019 - 2026<\/h1>\n<p>&nbsp;<\/p>\n<p><span lang=\"DE\"><strong>N\u00famero de pieza Mopar:<\/strong>\u00a068339036AC<br \/>\n<strong>Reemplazado: <\/strong>68339036AA, 68339036AB<\/span><\/p>\n<p>&nbsp;<\/p>\n<p><strong>Adecuado para:<\/strong><\/p>\n<table width=\"1100\">\n<tbody>\n<tr>\n<td width=\"138\"><strong>A\u00f1o de construcci\u00f3n<\/strong><\/td>\n<td width=\"168\"><strong>Marca<\/strong><\/td>\n<td width=\"144\"><strong>Modelo<\/strong><\/td>\n<td width=\"394\"><strong>Versi\u00f3n<\/strong><\/td>\n<td width=\"256\"><strong>Motor<\/strong><\/td>\n<\/tr>\n<tr>\n<td width=\"138\">2026<\/td>\n<td width=\"168\">Ram<\/td>\n<td width=\"144\">1500<\/td>\n<td width=\"394\">Big Horn, Express, Laramie, Limited, Limited Longhorn, Lone Star, RHO, Rebel, Tradesman, Tungsten, Warlock<\/td>\n<td width=\"256\">3.0L, 3.6L, 5.7L<\/td>\n<\/tr>\n<tr>\n<td width=\"138\">2025<\/td>\n<td width=\"168\">Ram<\/td>\n<td width=\"144\">1500<\/td>\n<td width=\"394\">Big Horn, Laramie, Limited, Limited Longhorn, Lone Star, RHO, Rebel, Tradesman, Tradesman HFE, Tungsten, Warlock<\/td>\n<td width=\"256\">3.0L, 3.6L, 5.7L<\/td>\n<\/tr>\n<tr>\n<td width=\"138\">2024<\/td>\n<td width=\"168\">Ram<\/td>\n<td width=\"144\">1500<\/td>\n<td width=\"394\">Big Horn, Laramie, Limited, Limited Longhorn, Lone Star, Rebel, TRX, Tradesman<\/td>\n<td width=\"256\">3.6L,, 5.7L, 6.2L<\/td>\n<\/tr>\n<tr>\n<td width=\"138\">2023<\/td>\n<td width=\"168\">Ram<\/td>\n<td width=\"144\">1500<\/td>\n<td width=\"394\">Big Horn, Laramie, Limited, Limited Longhorn, Lone Star, Rebel, TRX, Tradesman<\/td>\n<td width=\"256\">3.0L Diesel, 3.6L,, 5.7L, 6.2L<\/td>\n<\/tr>\n<tr>\n<td width=\"138\">2022<\/td>\n<td width=\"168\">Ram<\/td>\n<td width=\"144\">1500<\/td>\n<td width=\"394\">Big Horn, Laramie, Limited, Limited Longhorn, Lone Star, Rebel, TRX, Tradesman<\/td>\n<td width=\"256\">3.0L Diesel, 3.6L,, 5.7L, 6.2L<\/td>\n<\/tr>\n<tr>\n<td width=\"138\">2021<\/td>\n<td width=\"168\">Ram<\/td>\n<td width=\"144\">1500<\/td>\n<td width=\"394\">Big Horn, HFE, Laramie, Limited, Limited Longhorn, Lone Star, Rebel, TRX, Tradesman<\/td>\n<td width=\"256\">3.0L Diesel, 3.6L, 5.7L, 6.2L<\/td>\n<\/tr>\n<tr>\n<td width=\"138\">2020<\/td>\n<td width=\"168\">Ram<\/td>\n<td width=\"144\">1500<\/td>\n<td width=\"394\">Big Horn, Laramie, Laramie Longhorn, Limited, Lone Star, Rebel, Tradesman<\/td>\n<td width=\"256\">3.0L Diesel, 3.6L,, 5.7L<\/td>\n<\/tr>\n<tr>\n<td width=\"138\">2019<\/td>\n<td width=\"168\">Ram<\/td>\n<td width=\"144\">1500<\/td>\n<td width=\"394\">Big Horn, Laramie, Laramie Longhorn, Limited, Lone Star, Rebel, Tradesman<\/td>\n<td width=\"256\">3.6L, 5.7L<\/td>\n<\/tr>\n<\/tbody>\n<\/table>\n<p>&nbsp;<\/p>\n<p><strong>Volumen de suministro:<\/strong> 1 <span lang=\"DE\">Limpiaparabrisas, se necesitan 2 piezas<br \/>\n<strong>No<\/strong> \u00a1apto para RAM Classic!<\/span><\/p>\n<p>&nbsp;<\/p>\n<h4>Su primera opci\u00f3n: Recambios originales Mopar<\/h4>\n<p><strong>Calidad original del fabricante:<\/strong> Mopar conoce su veh\u00edculo hasta el m\u00e1s m\u00ednimo detalle; al fin y al cabo, todas las piezas originales proceden directamente del fabricante. Los componentes se adaptan con precisi\u00f3n a su modelo y cumplen todas las especificaciones de f\u00e1brica. Esto significa: instalaci\u00f3n precisa, funcionamiento \u00f3ptimo y m\u00e1xima seguridad.<\/p>\n<p><strong>Durabilidad y fiabilidad demostradas<\/strong>Las piezas originales Mopar son sin\u00f3nimo de calidad probada y materiales robustos. Se han probado y desarrollado en condiciones reales para ofrecer un rendimiento s\u00f3lido a largo plazo, independientemente de lo exigentes que sean las condiciones de funcionamiento.<\/p>","protected":false},"excerpt":{"rendered":"<p>Pieza original Mopar<\/p>","protected":false},"featured_media":68353357,"comment_status":"open","ping_status":"closed","template":"","meta":{"_acf_changed":false},"product_brand":[16270],"product_cat":[10262,19391,19418,19691,5021,2706],"product_tag":[475,19593,19594,19592,49,31,8813,9424,16271,16273,16275,16272,16274,7221,86,704,19585,19591,19621],"class_list":{"0":"post-68353014","1":"product","2":"type-product","3":"status-publish","4":"has-post-thumbnail","6":"product_brand-mopar","7":"product_cat-alle-produkte","8":"product_cat-1500-30-wartung","9":"product_cat-1500-ecodiesel-2020-2023-wartung","10":"product_cat-1500-36-dt-wartung","11":"product_cat-1500-57-dt-wartung","12":"product_cat-trx-wartung","13":"product_tag-475","14":"product_tag-68339036aa","15":"product_tag-68339036ab","16":"product_tag-68339036ac","17":"product_tag-dodge","18":"product_tag-mopar","19":"product_tag-mopar-autoteile","20":"product_tag-mopar-ersatzteile","21":"product_tag-mopar-ersatzteile-kaufen","22":"product_tag-mopar-performance-teile","23":"product_tag-mopar-teile-katalog","24":"product_tag-mopar-teile-online","25":"product_tag-mopar-tuningteile","26":"product_tag-mopar10","27":"product_tag-ram","28":"product_tag-scheibenwischer","29":"product_tag-scheibenwischerblatt","30":"product_tag-wischer","31":"product_tag-wischerblatt","33":"first","34":"instock","35":"taxable","36":"shipping-taxable","37":"purchasable","38":"product-type-simple"},"bundled_by":[],"bundle_stock_status":"instock","bundle_stock_quantity":4,"bundle_virtual":false,"bundle_layout":"","bundle_add_to_cart_form_location":"","bundle_editable_in_cart":false,"bundle_sold_individually_context":"","bundle_item_grouping":"","bundle_min_size":"","bundle_max_size":"","bundle_price":[],"bundled_items":[],"bundle_sell_ids":[],"exclude_global_add_ons":[],"addons":[],"acf":[],"_links":{"self":[{"href":"https:\/\/kraftwerk-shop.cc\/es\/wp-json\/wp\/v2\/product\/68353014","targetHints":{"allow":["GET"]}}],"collection":[{"href":"https:\/\/kraftwerk-shop.cc\/es\/wp-json\/wp\/v2\/product"}],"about":[{"href":"https:\/\/kraftwerk-shop.cc\/es\/wp-json\/wp\/v2\/types\/product"}],"replies":[{"embeddable":true,"href":"https:\/\/kraftwerk-shop.cc\/es\/wp-json\/wp\/v2\/comments?post=68353014"}],"version-history":[{"count":0,"href":"https:\/\/kraftwerk-shop.cc\/es\/wp-json\/wp\/v2\/product\/68353014\/revisions"}],"wp:featuredmedia":[{"embeddable":true,"href":"https:\/\/kraftwerk-shop.cc\/es\/wp-json\/wp\/v2\/media\/68353357"}],"wp:attachment":[{"href":"https:\/\/kraftwerk-shop.cc\/es\/wp-json\/wp\/v2\/media?parent=68353014"}],"wp:term":[{"taxonomy":"product_brand","embeddable":true,"href":"https:\/\/kraftwerk-shop.cc\/es\/wp-json\/wp\/v2\/product_brand?post=68353014"},{"taxonomy":"product_cat","embeddable":true,"href":"https:\/\/kraftwerk-shop.cc\/es\/wp-json\/wp\/v2\/product_cat?post=68353014"},{"taxonomy":"product_tag","embeddable":true,"href":"https:\/\/kraftwerk-shop.cc\/es\/wp-json\/wp\/v2\/product_tag?post=68353014"}],"curies":[{"name":"wp","href":"https:\/\/api.w.org\/{rel}","templated":true}]}}