{"id":68353021,"date":"2025-11-16T22:56:31","date_gmt":"2025-11-16T21:56:31","guid":{"rendered":"https:\/\/kraftwerk-shop.cc\/?post_type=product&#038;p=68353021"},"modified":"2026-04-18T19:46:37","modified_gmt":"2026-04-18T17:46:37","slug":"mopar-filtro-de-aire-68376815aa","status":"publish","type":"product","link":"https:\/\/kraftwerk-shop.cc\/es\/produkt\/mopar-luftfilter-68376815aa\/","title":{"rendered":"Filtro de aire Mopar (68376815AA)"},"content":{"rendered":"<h1>Filtro de aire original Mopar (68376815AA) para Jeep Grand Cherokee 5.7 de 2021 a 2024<\/h1>\n<p>&nbsp;<\/p>\n<p><span lang=\"DE\"><strong>N\u00famero de pieza Mopar:<\/strong>\u00a068376815AA<br \/>\n<strong>Reemplazado: <\/strong><span class=\"list-value\">\u2014<\/span><\/span><\/p>\n<p>&nbsp;<\/p>\n<p><strong>Adecuado para:<\/strong><\/p>\n<table width=\"1100\">\n<tbody>\n<tr>\n<td width=\"138\"><strong>A\u00f1o de construcci\u00f3n<\/strong><\/td>\n<td width=\"168\"><strong>Marca<\/strong><\/td>\n<td width=\"144\"><strong>Modelo<\/strong><\/td>\n<td width=\"394\"><strong>Versi\u00f3n<\/strong><\/td>\n<td width=\"256\"><strong>Motor<\/strong><\/td>\n<\/tr>\n<tr>\n<td width=\"138\">2024<\/td>\n<td width=\"168\">Jeep<\/td>\n<td width=\"144\">Grand Cherokee L<\/td>\n<td width=\"394\">Overland, Summit, Summit Reserve<\/td>\n<td width=\"256\">5.7L<\/td>\n<\/tr>\n<tr>\n<td width=\"138\">2023<\/td>\n<td width=\"168\">Jeep<\/td>\n<td width=\"144\">Grand Cherokee<\/td>\n<td width=\"394\">Overland, Summit, Summit Reserve<\/td>\n<td width=\"256\">5.7L<\/td>\n<\/tr>\n<tr>\n<td width=\"138\">2023<\/td>\n<td width=\"168\">Jeep<\/td>\n<td width=\"144\">Grand Cherokee L<\/td>\n<td width=\"394\">Overland, Summit, Summit Reserve<\/td>\n<td width=\"256\">5.7L<\/td>\n<\/tr>\n<tr>\n<td width=\"138\">2022<\/td>\n<td width=\"168\">Jeep<\/td>\n<td width=\"144\">Grand Cherokee<\/td>\n<td width=\"394\">Overland, Summit, Summit Reserve, Trailhawk<\/td>\n<td width=\"256\">5.7L<\/td>\n<\/tr>\n<tr>\n<td width=\"138\">2022<\/td>\n<td width=\"168\">Jeep<\/td>\n<td width=\"144\">Grand Cherokee L<\/td>\n<td width=\"394\">Overland, Summit, Summit Reserve<\/td>\n<td width=\"256\">5.7L<\/td>\n<\/tr>\n<tr>\n<td width=\"138\">2021<\/td>\n<td width=\"168\">Jeep<\/td>\n<td width=\"144\">Grand Cherokee L<\/td>\n<td width=\"394\">Overland, Summit, Summit Reserve<\/td>\n<td width=\"256\">5.7L<\/td>\n<\/tr>\n<\/tbody>\n<\/table>\n<p>&nbsp;<\/p>\n<p>&nbsp;<\/p>\n<h4>Recambios originales Mopar: calidad directa del fabricante<\/h4>\n<p><strong>Precisi\u00f3n conforme al fabricante:<\/strong> Como fabricante de piezas originales, Mopar proporciona componentes que se corresponden exactamente con las especificaciones de su veh\u00edculo. La fabricaci\u00f3n precisa garantiza una instalaci\u00f3n sin problemas y el cumplimiento de todos los requisitos relacionados con la seguridad.<\/p>\n<p><strong>Duradera y fiable:<\/strong> Las piezas originales Mopar se fabrican con materiales de alta calidad y se someten a estrictas pruebas de calidad. Est\u00e1n dise\u00f1adas para una larga vida \u00fatil y ofrecen un rendimiento constante incluso con un uso intensivo.<\/p>\n<p>&nbsp;<\/p>","protected":false},"excerpt":{"rendered":"<p>Pieza original Mopar<\/p>","protected":false},"featured_media":68353632,"comment_status":"open","ping_status":"closed","template":"","meta":{"_acf_changed":false},"product_brand":[16270],"product_cat":[20061,20085],"product_tag":[91,19599,648,19616,56,6449,50,57,503,8517,31,8813,9424,16271,16273,16275,16272,16274,7221],"class_list":{"0":"post-68353021","1":"product","2":"type-product","3":"status-publish","4":"has-post-thumbnail","6":"product_brand-mopar","7":"product_cat-grand-cherokee-wl-57-ansaugung","8":"product_cat-grand-cherokee-wl-57-wartung","9":"product_tag-5-7","10":"product_tag-68376815aa","11":"product_tag-filter","12":"product_tag-filterelement","13":"product_tag-grand-cherokee","14":"product_tag-grand-cherokee-l","15":"product_tag-jeep","16":"product_tag-luftfilter","17":"product_tag-luftfiltereinsatz","18":"product_tag-luftfilterelement","19":"product_tag-mopar","20":"product_tag-mopar-autoteile","21":"product_tag-mopar-ersatzteile","22":"product_tag-mopar-ersatzteile-kaufen","23":"product_tag-mopar-performance-teile","24":"product_tag-mopar-teile-katalog","25":"product_tag-mopar-teile-online","26":"product_tag-mopar-tuningteile","27":"product_tag-mopar10","28":"product_shipping_class-deutschlandohne","30":"first","31":"onbackorder","32":"taxable","33":"shipping-taxable","34":"purchasable","35":"product-type-simple"},"bundled_by":[],"bundle_stock_status":"onbackorder","bundle_stock_quantity":-3,"bundle_virtual":false,"bundle_layout":"","bundle_add_to_cart_form_location":"","bundle_editable_in_cart":false,"bundle_sold_individually_context":"","bundle_item_grouping":"","bundle_min_size":"","bundle_max_size":"","bundle_price":[],"bundled_items":[],"bundle_sell_ids":[],"exclude_global_add_ons":[],"addons":[],"acf":[],"_links":{"self":[{"href":"https:\/\/kraftwerk-shop.cc\/es\/wp-json\/wp\/v2\/product\/68353021","targetHints":{"allow":["GET"]}}],"collection":[{"href":"https:\/\/kraftwerk-shop.cc\/es\/wp-json\/wp\/v2\/product"}],"about":[{"href":"https:\/\/kraftwerk-shop.cc\/es\/wp-json\/wp\/v2\/types\/product"}],"replies":[{"embeddable":true,"href":"https:\/\/kraftwerk-shop.cc\/es\/wp-json\/wp\/v2\/comments?post=68353021"}],"version-history":[{"count":0,"href":"https:\/\/kraftwerk-shop.cc\/es\/wp-json\/wp\/v2\/product\/68353021\/revisions"}],"wp:featuredmedia":[{"embeddable":true,"href":"https:\/\/kraftwerk-shop.cc\/es\/wp-json\/wp\/v2\/media\/68353632"}],"wp:attachment":[{"href":"https:\/\/kraftwerk-shop.cc\/es\/wp-json\/wp\/v2\/media?parent=68353021"}],"wp:term":[{"taxonomy":"product_brand","embeddable":true,"href":"https:\/\/kraftwerk-shop.cc\/es\/wp-json\/wp\/v2\/product_brand?post=68353021"},{"taxonomy":"product_cat","embeddable":true,"href":"https:\/\/kraftwerk-shop.cc\/es\/wp-json\/wp\/v2\/product_cat?post=68353021"},{"taxonomy":"product_tag","embeddable":true,"href":"https:\/\/kraftwerk-shop.cc\/es\/wp-json\/wp\/v2\/product_tag?post=68353021"}],"curies":[{"name":"wp","href":"https:\/\/api.w.org\/{rel}","templated":true}]}}