{"id":68353025,"date":"2025-11-16T22:56:47","date_gmt":"2025-11-16T21:56:47","guid":{"rendered":"https:\/\/kraftwerk-shop.cc\/?post_type=product&#038;p=68353025"},"modified":"2026-02-15T01:26:52","modified_gmt":"2026-02-15T00:26:52","slug":"mopar-filtro-de-aire-de-cabina-68606186aa","status":"publish","type":"product","link":"https:\/\/kraftwerk-shop.cc\/es\/produkt\/mopar-innenraumfilter-68606186aa\/","title":{"rendered":"Filtro de habit\u00e1culo Mopar Pacifica &amp; Voayager 3.6 (68606186AA)"},"content":{"rendered":"<h1>Filtro de habit\u00e1culo \/ filtro de polen original Mopar (68606186AA) para Chrysler Pacifica y Voyager 3.6 de 2017 a 2021<\/h1>\n<p>&nbsp;<\/p>\n<p><span lang=\"DE\"><strong>N\u00famero de pieza Mopar:<\/strong>\u00a068606186AA<br \/>\n<strong>Reemplazado: <\/strong>68308950AA, 68308950AB<\/span><\/p>\n<p>&nbsp;<\/p>\n<p><strong>Adecuado para:<\/strong><\/p>\n<table width=\"1100\">\n<tbody>\n<tr>\n<td width=\"138\"><strong>A\u00f1o de construcci\u00f3n<\/strong><\/td>\n<td width=\"168\"><strong>Marca<\/strong><\/td>\n<td width=\"144\"><strong>Modelo<\/strong><\/td>\n<td width=\"394\"><strong>Versi\u00f3n<\/strong><\/td>\n<td width=\"256\"><strong>Motor<\/strong><\/td>\n<\/tr>\n<tr>\n<td width=\"138\">2021<\/td>\n<td width=\"168\">Chrysler<\/td>\n<td width=\"144\">Pacifica<\/td>\n<td width=\"394\">Hybrid Limited, Hybrid Pinnacle, Hybrid Touring, Hybrid Touring L, Limited, Pinnacle, Touring, Touring L<\/td>\n<td width=\"256\">3.6L<\/td>\n<\/tr>\n<tr>\n<td width=\"138\">2021<\/td>\n<td width=\"168\">Chrysler<\/td>\n<td width=\"144\">Voyager<\/td>\n<td width=\"394\">L, LX, LXi<\/td>\n<td width=\"256\">3.6L<\/td>\n<\/tr>\n<tr>\n<td width=\"138\">2020<\/td>\n<td width=\"168\">Chrysler<\/td>\n<td width=\"144\">Pacifica<\/td>\n<td width=\"394\">Hybrid Limited, Hybrid Touring, Hybrid Touring L, Limited, Touring, Touring L, Touring L Plus<\/td>\n<td width=\"256\">3.6L<\/td>\n<\/tr>\n<tr>\n<td width=\"138\">2020<\/td>\n<td width=\"168\">Chrysler<\/td>\n<td width=\"144\">Voyager<\/td>\n<td width=\"394\">L, LX, LXi<\/td>\n<td width=\"256\">3.6L<\/td>\n<\/tr>\n<tr>\n<td width=\"138\">2019<\/td>\n<td width=\"168\">Chrysler<\/td>\n<td width=\"144\">Pacifica<\/td>\n<td width=\"394\">H\u00edbrido Limited, H\u00edbrido Touring L, H\u00edbrido Touring Plus, L, LX, Limited, Touring, Touring L, Touring L Plus, Touring Plus<\/td>\n<td width=\"256\">3.6L<\/td>\n<\/tr>\n<tr>\n<td width=\"138\">2018<\/td>\n<td width=\"168\">Chrysler<\/td>\n<td width=\"144\">Pacifica<\/td>\n<td width=\"394\">H\u00edbrido Limited, H\u00edbrido Touring L, H\u00edbrido Touring Plus, L, LX, Limited, Touring, Touring L, Touring L Plus, Touring Plus<\/td>\n<td width=\"256\">3.6L<\/td>\n<\/tr>\n<tr>\n<td width=\"138\">2017<\/td>\n<td width=\"168\">Chrysler<\/td>\n<td width=\"144\">Pacifica<\/td>\n<td width=\"394\">Hybrid Platinum, Hybrid Premium, LX, Limited, Touring, Touring L, Touring L Plus<\/td>\n<td width=\"256\">3.6L<\/td>\n<\/tr>\n<\/tbody>\n<\/table>\n<p>&nbsp;<\/p>\n<p>&nbsp;<\/p>\n<p>&nbsp;<\/p>\n<h4>Conf\u00ede en las piezas originales Mopar<\/h4>\n<p><strong>Ajuste preciso y calidad de fabricante probada:<\/strong> Mopar le suministra piezas originales especialmente desarrolladas para su veh\u00edculo, no personalizadas, sino originales. Cada pieza cumple exactamente los est\u00e1ndares de f\u00e1brica y, por tanto, garantiza una instalaci\u00f3n sin problemas, plena funcionalidad y m\u00e1xima seguridad.<\/p>\n<p><strong>Longevidad con la que puede contar:<\/strong> Los recambios originales Mopar se fabrican con materiales duraderos y se someten a estrictas pruebas de calidad. El resultado: m\u00e1xima fiabilidad incluso con un uso intensivo, para conservar el valor a largo plazo y un rendimiento constante del veh\u00edculo.<\/p>","protected":false},"excerpt":{"rendered":"<p>Pieza original Mopar<\/p>","protected":false},"featured_media":68353625,"comment_status":"open","ping_status":"closed","template":"","meta":{"_acf_changed":false},"product_brand":[16270],"product_cat":[19657],"product_tag":[169,19636,19597,19635,48,19637,32,31,8813,9424,16271,16273,16275,16272,16274,7221,127,691,683],"class_list":{"0":"post-68353025","1":"product","2":"type-product","3":"status-publish","4":"has-post-thumbnail","6":"product_brand-mopar","7":"product_cat-pacifica-wartung","8":"product_tag-3-6","9":"product_tag-68308950aa","10":"product_tag-68308950ab","11":"product_tag-68606186aa","12":"product_tag-chrysler","13":"product_tag-geruchsfilter","14":"product_tag-innenraumfilter","15":"product_tag-mopar","16":"product_tag-mopar-autoteile","17":"product_tag-mopar-ersatzteile","18":"product_tag-mopar-ersatzteile-kaufen","19":"product_tag-mopar-performance-teile","20":"product_tag-mopar-teile-katalog","21":"product_tag-mopar-teile-online","22":"product_tag-mopar-tuningteile","23":"product_tag-mopar10","24":"product_tag-pacifica","25":"product_tag-pollenfilter","26":"product_tag-voyager","28":"first","29":"instock","30":"taxable","31":"shipping-taxable","32":"purchasable","33":"product-type-simple"},"bundled_by":[],"bundle_stock_status":"instock","bundle_stock_quantity":1,"bundle_virtual":false,"bundle_layout":"","bundle_add_to_cart_form_location":"","bundle_editable_in_cart":false,"bundle_sold_individually_context":"","bundle_item_grouping":"","bundle_min_size":"","bundle_max_size":"","bundle_price":[],"bundled_items":[],"bundle_sell_ids":[],"exclude_global_add_ons":[],"addons":[],"acf":[],"_links":{"self":[{"href":"https:\/\/kraftwerk-shop.cc\/es\/wp-json\/wp\/v2\/product\/68353025","targetHints":{"allow":["GET"]}}],"collection":[{"href":"https:\/\/kraftwerk-shop.cc\/es\/wp-json\/wp\/v2\/product"}],"about":[{"href":"https:\/\/kraftwerk-shop.cc\/es\/wp-json\/wp\/v2\/types\/product"}],"replies":[{"embeddable":true,"href":"https:\/\/kraftwerk-shop.cc\/es\/wp-json\/wp\/v2\/comments?post=68353025"}],"version-history":[{"count":0,"href":"https:\/\/kraftwerk-shop.cc\/es\/wp-json\/wp\/v2\/product\/68353025\/revisions"}],"wp:featuredmedia":[{"embeddable":true,"href":"https:\/\/kraftwerk-shop.cc\/es\/wp-json\/wp\/v2\/media\/68353625"}],"wp:attachment":[{"href":"https:\/\/kraftwerk-shop.cc\/es\/wp-json\/wp\/v2\/media?parent=68353025"}],"wp:term":[{"taxonomy":"product_brand","embeddable":true,"href":"https:\/\/kraftwerk-shop.cc\/es\/wp-json\/wp\/v2\/product_brand?post=68353025"},{"taxonomy":"product_cat","embeddable":true,"href":"https:\/\/kraftwerk-shop.cc\/es\/wp-json\/wp\/v2\/product_cat?post=68353025"},{"taxonomy":"product_tag","embeddable":true,"href":"https:\/\/kraftwerk-shop.cc\/es\/wp-json\/wp\/v2\/product_tag?post=68353025"}],"curies":[{"name":"wp","href":"https:\/\/api.w.org\/{rel}","templated":true}]}}