{"id":68353040,"date":"2025-11-16T23:04:16","date_gmt":"2025-11-16T22:04:16","guid":{"rendered":"https:\/\/kraftwerk-shop.cc\/?post_type=product&#038;p=68353040"},"modified":"2026-02-15T01:26:52","modified_gmt":"2026-02-15T00:26:52","slug":"mopar-filtro-de-aire-68542769aa","status":"publish","type":"product","link":"https:\/\/kraftwerk-shop.cc\/es\/produkt\/mopar-luftfilter-68542769aa\/","title":{"rendered":"Filtro de aire Mopar (68542769AA)"},"content":{"rendered":"<h1>Filtro de aire original Mopar (68542769AA) para Jeep Grand Cherokee 3.6 de 2021 a 2024<\/h1>\n<p>&nbsp;<\/p>\n<p><span lang=\"DE\"><strong>N\u00famero de pieza Mopar:<\/strong> 68542769AA<br \/>\n<strong>Reemplazado: <\/strong><span class=\"list-value\">\u2014<\/span><\/span><\/p>\n<p>&nbsp;<\/p>\n<p><strong>Adecuado para:<\/strong><\/p>\n<table width=\"1100\">\n<tbody>\n<tr>\n<td width=\"138\"><strong>A\u00f1o de construcci\u00f3n<\/strong><\/td>\n<td width=\"168\"><strong>Marca<\/strong><\/td>\n<td width=\"144\"><strong>Modelo<\/strong><\/td>\n<td width=\"394\"><strong>Versi\u00f3n<\/strong><\/td>\n<td width=\"256\"><strong>Motor<\/strong><\/td>\n<\/tr>\n<tr>\n<td width=\"138\">2024<\/td>\n<td width=\"168\">Jeep<\/td>\n<td width=\"144\">Grand Cherokee<\/td>\n<td width=\"394\">Altitude, Altitude X, Laredo, Laredo A, Laredo X, Limited, Overland, Summit, Summit Reserve<\/td>\n<td width=\"256\">3.6L<\/td>\n<\/tr>\n<tr>\n<td width=\"138\">2024<\/td>\n<td width=\"168\">Jeep<\/td>\n<td width=\"144\">Grand Cherokee L<\/td>\n<td width=\"394\">Altitude, Altitude X, Laredo, Laredo X, Limited, Overland, Summit, Summit Reserve<\/td>\n<td width=\"256\">3.6L<\/td>\n<\/tr>\n<tr>\n<td width=\"138\">2023<\/td>\n<td width=\"168\">Jeep<\/td>\n<td width=\"144\">Grand Cherokee<\/td>\n<td width=\"394\">Altitude, Laredo, Limited, Overland, Summit, Summit Reserve<\/td>\n<td width=\"256\">3.6L<\/td>\n<\/tr>\n<tr>\n<td width=\"138\">2023<\/td>\n<td width=\"168\">Jeep<\/td>\n<td width=\"144\">Grand Cherokee L<\/td>\n<td width=\"394\">Altitude, Laredo, Limited, Overland, Summit, Summit Reserve<\/td>\n<td width=\"256\">3.6L<\/td>\n<\/tr>\n<tr>\n<td width=\"138\">2022<\/td>\n<td width=\"168\">Jeep<\/td>\n<td width=\"144\">Grand Cherokee<\/td>\n<td width=\"394\">Altitude, Laredo, Limited, Overland, Summit, Summit Reserve, Trailhawk<\/td>\n<td width=\"256\">3.6L<\/td>\n<\/tr>\n<tr>\n<td width=\"138\">2022<\/td>\n<td width=\"168\">Jeep<\/td>\n<td width=\"144\">Grand Cherokee L<\/td>\n<td width=\"394\">Altitude, Laredo, Limited, Overland, Summit<\/td>\n<td width=\"256\">3.6L<\/td>\n<\/tr>\n<tr>\n<td width=\"138\">2021<\/td>\n<td width=\"168\">Jeep<\/td>\n<td width=\"144\">Grand Cherokee L<\/td>\n<td width=\"394\">Altitude, Laredo, Limited, Overland, Summit, Summit Reserve<\/td>\n<td width=\"256\">3.6L<\/td>\n<\/tr>\n<\/tbody>\n<\/table>\n<p>&nbsp;<\/p>\n<p>&nbsp;<\/p>\n<p>&nbsp;<\/p>\n<h4>Conf\u00ede en las piezas originales Mopar<\/h4>\n<p><strong>Ajuste preciso y calidad de fabricante probada:<\/strong> Mopar le suministra piezas originales especialmente desarrolladas para su veh\u00edculo, no personalizadas, sino originales. Cada pieza cumple exactamente los est\u00e1ndares de f\u00e1brica y, por tanto, garantiza una instalaci\u00f3n sin problemas, plena funcionalidad y m\u00e1xima seguridad.<\/p>\n<p><strong>Longevidad con la que puede contar:<\/strong> Los recambios originales Mopar se fabrican con materiales duraderos y se someten a estrictas pruebas de calidad. El resultado: m\u00e1xima fiabilidad incluso con un uso intensivo, para conservar el valor a largo plazo y un rendimiento constante del veh\u00edculo.<\/p>","protected":false},"excerpt":{"rendered":"<p>Pieza original Mopar<\/p>","protected":false},"featured_media":68353614,"comment_status":"open","ping_status":"closed","template":"","meta":{"_acf_changed":false},"product_brand":[16270],"product_cat":[10262,6775],"product_tag":[169,19601,648,19616,56,19641,50,57,503,8517,31,8813,9424,16271,16273,16275,16272,16274,7221],"class_list":{"0":"post-68353040","1":"product","2":"type-product","3":"status-publish","4":"has-post-thumbnail","6":"product_brand-mopar","7":"product_cat-alle-produkte","8":"product_cat-grand-cherokee-wl-36","9":"product_tag-3-6","10":"product_tag-68542769aa","11":"product_tag-filter","12":"product_tag-filterelement","13":"product_tag-grand-cherokee","14":"product_tag-grand-cherokee-3-6","15":"product_tag-jeep","16":"product_tag-luftfilter","17":"product_tag-luftfiltereinsatz","18":"product_tag-luftfilterelement","19":"product_tag-mopar","20":"product_tag-mopar-autoteile","21":"product_tag-mopar-ersatzteile","22":"product_tag-mopar-ersatzteile-kaufen","23":"product_tag-mopar-performance-teile","24":"product_tag-mopar-teile-katalog","25":"product_tag-mopar-teile-online","26":"product_tag-mopar-tuningteile","27":"product_tag-mopar10","29":"first","30":"instock","31":"taxable","32":"shipping-taxable","33":"purchasable","34":"product-type-simple"},"bundled_by":[],"bundle_stock_status":"instock","bundle_stock_quantity":1,"bundle_virtual":false,"bundle_layout":"","bundle_add_to_cart_form_location":"","bundle_editable_in_cart":false,"bundle_sold_individually_context":"","bundle_item_grouping":"","bundle_min_size":"","bundle_max_size":"","bundle_price":[],"bundled_items":[],"bundle_sell_ids":[],"exclude_global_add_ons":[],"addons":[],"acf":[],"_links":{"self":[{"href":"https:\/\/kraftwerk-shop.cc\/es\/wp-json\/wp\/v2\/product\/68353040","targetHints":{"allow":["GET"]}}],"collection":[{"href":"https:\/\/kraftwerk-shop.cc\/es\/wp-json\/wp\/v2\/product"}],"about":[{"href":"https:\/\/kraftwerk-shop.cc\/es\/wp-json\/wp\/v2\/types\/product"}],"replies":[{"embeddable":true,"href":"https:\/\/kraftwerk-shop.cc\/es\/wp-json\/wp\/v2\/comments?post=68353040"}],"version-history":[{"count":0,"href":"https:\/\/kraftwerk-shop.cc\/es\/wp-json\/wp\/v2\/product\/68353040\/revisions"}],"wp:featuredmedia":[{"embeddable":true,"href":"https:\/\/kraftwerk-shop.cc\/es\/wp-json\/wp\/v2\/media\/68353614"}],"wp:attachment":[{"href":"https:\/\/kraftwerk-shop.cc\/es\/wp-json\/wp\/v2\/media?parent=68353040"}],"wp:term":[{"taxonomy":"product_brand","embeddable":true,"href":"https:\/\/kraftwerk-shop.cc\/es\/wp-json\/wp\/v2\/product_brand?post=68353040"},{"taxonomy":"product_cat","embeddable":true,"href":"https:\/\/kraftwerk-shop.cc\/es\/wp-json\/wp\/v2\/product_cat?post=68353040"},{"taxonomy":"product_tag","embeddable":true,"href":"https:\/\/kraftwerk-shop.cc\/es\/wp-json\/wp\/v2\/product_tag?post=68353040"}],"curies":[{"name":"wp","href":"https:\/\/api.w.org\/{rel}","templated":true}]}}