{"id":68353042,"date":"2025-11-16T23:04:21","date_gmt":"2025-11-16T22:04:21","guid":{"rendered":"https:\/\/kraftwerk-shop.cc\/?post_type=product&#038;p=68353042"},"modified":"2026-02-15T01:26:58","modified_gmt":"2026-02-15T00:26:58","slug":"mopar-filtro-de-aceite-68507598aa","status":"publish","type":"product","link":"https:\/\/kraftwerk-shop.cc\/es\/produkt\/mopar-oelfilter-68507598aa\/","title":{"rendered":"Filtro de aceite Mopar (68507598AA)"},"content":{"rendered":"<h1>Filtro de aceite original Mopar (68507598AA) para Jeep Wrangler &amp; Gladiator 3.0 Diesel de 2020 a 2023<\/h1>\n<p>&nbsp;<\/p>\n<p><span lang=\"DE\"><strong>N\u00famero de pieza Mopar:<\/strong>\u00a068507598AA<br \/>\n<strong>Reemplazado: <\/strong>68498720AA<\/span><\/p>\n<p>&nbsp;<\/p>\n<p><strong>Adecuado para:<\/strong><\/p>\n<table width=\"1100\">\n<tbody>\n<tr>\n<td width=\"138\"><strong>A\u00f1o de construcci\u00f3n<\/strong><\/td>\n<td width=\"168\"><strong>Marca<\/strong><\/td>\n<td width=\"144\"><strong>Modelo<\/strong><\/td>\n<td width=\"394\"><strong>Versi\u00f3n<\/strong><\/td>\n<td width=\"256\"><strong>Motor<\/strong><\/td>\n<\/tr>\n<tr>\n<td width=\"138\">2023<\/td>\n<td width=\"168\">Jeep<\/td>\n<td width=\"144\">Gladiator<\/td>\n<td width=\"394\">High Altitude, Overland, Rubicon, Sport S, Willys, Willys Sport<\/td>\n<td width=\"256\">3.0L Diesel<\/td>\n<\/tr>\n<tr>\n<td width=\"138\">2023<\/td>\n<td width=\"168\">Jeep<\/td>\n<td width=\"144\">Wrangler<\/td>\n<td width=\"394\">High Altitude, Rubicon, Sahara, Sahara Altitude, Sport, Sport Altitude, Sport S, Willys, Willys Sport<\/td>\n<td width=\"256\">3.0L Diesel<\/td>\n<\/tr>\n<tr>\n<td width=\"138\">2023<\/td>\n<td width=\"168\">Ram<\/td>\n<td width=\"144\">1500<\/td>\n<td width=\"394\">Big Horn, Laramie, Limited, Limited Longhorn, Lone Star, Rebel, Tradesman<\/td>\n<td width=\"256\">3.0L Diesel<\/td>\n<\/tr>\n<tr>\n<td width=\"138\">2022<\/td>\n<td width=\"168\">Jeep<\/td>\n<td width=\"144\">Gladiator<\/td>\n<td width=\"394\">Altitude, High Altitude, Overland, Rubicon, Sport, Sport S, Willys, Willys Sport<\/td>\n<td width=\"256\">3.0L Diesel<\/td>\n<\/tr>\n<tr>\n<td width=\"138\">2022<\/td>\n<td width=\"168\">Jeep<\/td>\n<td width=\"144\">Wrangler<\/td>\n<td width=\"394\">Unlimited High Altitude, Unlimited Rubicon, Unlimited Sahara, Unlimited Sahara Altitude, Unlimited Sport, Unlimited Sport Altitude, Unlimited Sport S, Unlimited Willys, Unlimited Willys Sport<\/td>\n<td width=\"256\">3.0L Diesel<\/td>\n<\/tr>\n<tr>\n<td width=\"138\">2022<\/td>\n<td width=\"168\">Ram<\/td>\n<td width=\"144\">1500<\/td>\n<td width=\"394\">Big Horn, Laramie, Limited, Limited Longhorn, Lone Star, Rebel, Tradesman<\/td>\n<td width=\"256\">3.0L Diesel<\/td>\n<\/tr>\n<tr>\n<td width=\"138\">2021<\/td>\n<td width=\"168\">Jeep<\/td>\n<td width=\"144\">Gladiator<\/td>\n<td width=\"394\">80 Aniversario, High Altitude, Overland, Rubicon, Sport, Sport S, Texas Trail, Willys, Willys Sport<\/td>\n<td width=\"256\">3.0L Diesel<\/td>\n<\/tr>\n<tr>\n<td width=\"138\">2021<\/td>\n<td width=\"168\">Jeep<\/td>\n<td width=\"144\">Wrangler<\/td>\n<td width=\"394\">Unlimited 80th Anniversary, Unlimited Freedom, Unlimited High Altitude, Unlimited Islander, Unlimited Rubicon, Unlimited Sahara, Unlimited Sahara Altitude, Unlimited Sport, Unlimited Sport Altitude, Unlimited Sport S, Unlimited Willys, Unlimited Willys Sport<\/td>\n<td width=\"256\">3.0L Diesel<\/td>\n<\/tr>\n<tr>\n<td width=\"138\">2021<\/td>\n<td width=\"168\">Ram<\/td>\n<td width=\"144\">1500<\/td>\n<td width=\"394\">Big Horn, Laramie, Limited, Limited Longhorn, Lone Star, Rebel, Tradesman<\/td>\n<td width=\"256\">3.0L Diesel<\/td>\n<\/tr>\n<tr>\n<td width=\"138\">2020<\/td>\n<td width=\"168\">Jeep<\/td>\n<td width=\"144\">Wrangler<\/td>\n<td width=\"394\">Unlimited Rubicon, Unlimited Sahara, Unlimited Sport, Unlimited Sport S<\/td>\n<td width=\"256\">3.0L Diesel<\/td>\n<\/tr>\n<tr>\n<td width=\"138\">2020<\/td>\n<td width=\"168\">Ram<\/td>\n<td width=\"144\">1500<\/td>\n<td width=\"394\">Big Horn, Laramie, Laramie Longhorn, Limited, Lone Star, Rebel, Tradesman<\/td>\n<td width=\"256\">3.0L Diesel<\/td>\n<\/tr>\n<\/tbody>\n<\/table>\n<p>&nbsp;<\/p>\n<p>&nbsp;<\/p>\n<p>&nbsp;<\/p>\n<h4>Por qu\u00e9 los recambios originales Mopar son la mejor elecci\u00f3n<\/h4>\n<p><strong>Directamente del fabricante: perfectamente adaptados<\/strong>Como fabricante original, Mopar suministra exactamente las piezas que ya se han instalado de f\u00e1brica en su veh\u00edculo. Cada pieza est\u00e1 especialmente desarrollada para su modelo y se corresponde 100 % con las especificaciones t\u00e9cnicas: para un ajuste perfecto, un rendimiento \u00f3ptimo y la m\u00e1xima seguridad.<\/p>\n<p><strong>Calidad en la que puede confiar:<\/strong> Mopar conf\u00eda en materiales rigurosamente probados y en los m\u00e1s altos est\u00e1ndares de fabricaci\u00f3n. El resultado son componentes duraderos y fiables que rinden incluso en condiciones extremas, para que tu veh\u00edculo funcione siempre como debe.<\/p>","protected":false},"excerpt":{"rendered":"<p>Pieza original Mopar<\/p>","protected":false},"featured_media":68353658,"comment_status":"open","ping_status":"closed","template":"","meta":{"_acf_changed":false},"product_brand":[16270],"product_cat":[10262,19694,19768],"product_tag":[19638,19632,19600,875,504,2217,50,31,8813,9424,16271,16273,16275,16272,16274,7221,877,647,175],"class_list":{"0":"post-68353042","1":"product","2":"type-product","3":"status-publish","4":"has-post-thumbnail","6":"product_brand-mopar","7":"product_cat-alle-produkte","8":"product_cat-gladiator-ecodiesel-wartung","9":"product_cat-wrangler-30-ecodiesel-wartung","10":"product_tag-3-0-diesel","11":"product_tag-68498720aa","12":"product_tag-68507598aa","13":"product_tag-diesel","14":"product_tag-ecodiesel","15":"product_tag-gladiator","16":"product_tag-jeep","17":"product_tag-mopar","18":"product_tag-mopar-autoteile","19":"product_tag-mopar-ersatzteile","20":"product_tag-mopar-ersatzteile-kaufen","21":"product_tag-mopar-performance-teile","22":"product_tag-mopar-teile-katalog","23":"product_tag-mopar-teile-online","24":"product_tag-mopar-tuningteile","25":"product_tag-mopar10","26":"product_tag-multijet","27":"product_tag-oelfilter","28":"product_tag-wrangler","29":"product_shipping_class-deutschlandohne","31":"first","32":"instock","33":"taxable","34":"shipping-taxable","35":"purchasable","36":"product-type-simple"},"bundled_by":[],"bundle_stock_status":"instock","bundle_stock_quantity":1,"bundle_virtual":false,"bundle_layout":"","bundle_add_to_cart_form_location":"","bundle_editable_in_cart":false,"bundle_sold_individually_context":"","bundle_item_grouping":"","bundle_min_size":"","bundle_max_size":"","bundle_price":[],"bundled_items":[],"bundle_sell_ids":[],"exclude_global_add_ons":[],"addons":[],"acf":[],"_links":{"self":[{"href":"https:\/\/kraftwerk-shop.cc\/es\/wp-json\/wp\/v2\/product\/68353042","targetHints":{"allow":["GET"]}}],"collection":[{"href":"https:\/\/kraftwerk-shop.cc\/es\/wp-json\/wp\/v2\/product"}],"about":[{"href":"https:\/\/kraftwerk-shop.cc\/es\/wp-json\/wp\/v2\/types\/product"}],"replies":[{"embeddable":true,"href":"https:\/\/kraftwerk-shop.cc\/es\/wp-json\/wp\/v2\/comments?post=68353042"}],"version-history":[{"count":0,"href":"https:\/\/kraftwerk-shop.cc\/es\/wp-json\/wp\/v2\/product\/68353042\/revisions"}],"wp:featuredmedia":[{"embeddable":true,"href":"https:\/\/kraftwerk-shop.cc\/es\/wp-json\/wp\/v2\/media\/68353658"}],"wp:attachment":[{"href":"https:\/\/kraftwerk-shop.cc\/es\/wp-json\/wp\/v2\/media?parent=68353042"}],"wp:term":[{"taxonomy":"product_brand","embeddable":true,"href":"https:\/\/kraftwerk-shop.cc\/es\/wp-json\/wp\/v2\/product_brand?post=68353042"},{"taxonomy":"product_cat","embeddable":true,"href":"https:\/\/kraftwerk-shop.cc\/es\/wp-json\/wp\/v2\/product_cat?post=68353042"},{"taxonomy":"product_tag","embeddable":true,"href":"https:\/\/kraftwerk-shop.cc\/es\/wp-json\/wp\/v2\/product_tag?post=68353042"}],"curies":[{"name":"wp","href":"https:\/\/api.w.org\/{rel}","templated":true}]}}