{"id":68353083,"date":"2025-11-16T23:32:26","date_gmt":"2025-11-16T22:32:26","guid":{"rendered":"https:\/\/kraftwerk-shop.cc\/?post_type=product&#038;p=68353083"},"modified":"2026-03-01T22:06:50","modified_gmt":"2026-03-01T21:06:50","slug":"limpiaparabrisas-mopar-55277446ab","status":"publish","type":"product","link":"https:\/\/kraftwerk-shop.cc\/es\/produkt\/mopar-scheibenwischer-55277446ab\/","title":{"rendered":"Limpiaparabrisas Mopar (55277446AB)"},"content":{"rendered":"<h1>Limpiaparabrisas original Mopar (55277446AB) para RAM 1500, 2500 y 3500 de 2009 a 2016<\/h1>\n<p>&nbsp;<\/p>\n<p><span lang=\"DE\"><strong>N\u00famero de pieza Mopar:<\/strong>\u00a055277446AB<br \/>\n<strong>Reemplazado: <\/strong>55277446AA<\/span><\/p>\n<p>&nbsp;<\/p>\n<p><strong>Adecuado para:<\/strong><\/p>\n<table width=\"1100\">\n<tbody>\n<tr>\n<td width=\"138\"><strong>A\u00f1o de construcci\u00f3n<\/strong><\/td>\n<td width=\"168\"><strong>Marca<\/strong><\/td>\n<td width=\"144\"><strong>Modelo<\/strong><\/td>\n<td width=\"394\"><strong>Versi\u00f3n<\/strong><\/td>\n<td width=\"256\"><strong>Motor<\/strong><\/td>\n<\/tr>\n<tr>\n<td width=\"138\">2016<\/td>\n<td width=\"168\">Ram<\/td>\n<td width=\"144\">1500<\/td>\n<td width=\"394\">Big Horn, Express, HFE, Laramie, Laramie Longhorn, Limited, Lone Star, Outdoorsman, Rebel, SLT, Special Service, Sport, Tradesman<\/td>\n<td width=\"256\">3.0L Diesel, 3.6L V6 - Flex, 5.7L<\/td>\n<\/tr>\n<tr>\n<td width=\"138\">2016<\/td>\n<td width=\"168\">Ram<\/td>\n<td width=\"144\">2500<\/td>\n<td width=\"394\">Big Horn, Laramie, Laramie Longhorn, Limited, Outdoorsman, Power Wagon, SLT, Tradesman<\/td>\n<td width=\"256\">5.7L V8 - GNC, 5.7L , 6.4L , 6.7L<\/td>\n<\/tr>\n<tr>\n<td width=\"138\">2016<\/td>\n<td width=\"168\">Ram<\/td>\n<td width=\"144\">3500<\/td>\n<td width=\"394\">Big Horn, Laramie, Laramie Longhorn, Limited, SLT, Tradesman<\/td>\n<td width=\"256\">5.7L , 6.4L , 6.7L<\/td>\n<\/tr>\n<tr>\n<td width=\"138\">2015<\/td>\n<td width=\"168\">Ram<\/td>\n<td width=\"144\">1500<\/td>\n<td width=\"394\">Big Horn, Express, HFE, Laramie, Laramie Limited, Laramie Longhorn, Limited, Lone Star, Outdoorsman, Rebel, SLT, Special Service, Sport, Tradesman<\/td>\n<td width=\"256\">3.0L Diesel, 3.6L V6 - Flex, 5.7L<\/td>\n<\/tr>\n<tr>\n<td width=\"138\">2015<\/td>\n<td width=\"168\">Ram<\/td>\n<td width=\"144\">2500<\/td>\n<td width=\"394\">Big Horn, Laramie, Laramie Limited, Laramie Longhorn, Lone Star, Outdoorsman, Power Wagon, SLT, Tradesman<\/td>\n<td width=\"256\">5.7L V8 - GNC, 5.7L , 6.4L , 6.7L<\/td>\n<\/tr>\n<tr>\n<td width=\"138\">2015<\/td>\n<td width=\"168\">Ram<\/td>\n<td width=\"144\">3500<\/td>\n<td width=\"394\">Big Horn, Laramie, Laramie Limited, Laramie Longhorn, Lone Star, SLT, Tradesman<\/td>\n<td width=\"256\">5.7L , 6.4L , 6.7L<\/td>\n<\/tr>\n<tr>\n<td width=\"138\">2014<\/td>\n<td width=\"168\">Ram<\/td>\n<td width=\"144\">1500<\/td>\n<td width=\"394\">Big Horn, Express, HFE, Laramie, Laramie Limited, Laramie Longhorn, Lone Star, Outdoorsman, SLT, Special Service, Sport, Tradesman<\/td>\n<td width=\"256\">3.0L Diesel, 3.6L V6 - Flex, 5.7L<\/td>\n<\/tr>\n<tr>\n<td width=\"138\">2014<\/td>\n<td width=\"168\">Ram<\/td>\n<td width=\"144\">2500<\/td>\n<td width=\"394\">Big Horn, Laramie, Laramie Limited, Laramie Longhorn, Lone Star, Outdoorsman, Power Wagon, SLT, Tradesman<\/td>\n<td width=\"256\">5.7L V8 - GNC, 5.7L , 6.4L , 6.7L<\/td>\n<\/tr>\n<tr>\n<td width=\"138\">2014<\/td>\n<td width=\"168\">Ram<\/td>\n<td width=\"144\">3500<\/td>\n<td width=\"394\">Big Horn, Laramie, Laramie Limited, Laramie Longhorn, Lone Star, SLT, Tradesman<\/td>\n<td width=\"256\">5.7L , 6.4L , 6.7L<\/td>\n<\/tr>\n<tr>\n<td width=\"138\">2013<\/td>\n<td width=\"168\">Ram<\/td>\n<td width=\"144\">1500<\/td>\n<td width=\"394\">Big Horn, Express, HFE, Laramie, Laramie Longhorn, Outdoorsman, R\/T, SLT, Sport, Tradesman<\/td>\n<td width=\"256\">3.6L V6 - Flex, 4.7L V8 - Flex, 5.7L<\/td>\n<\/tr>\n<tr>\n<td width=\"138\">2013<\/td>\n<td width=\"168\">Ram<\/td>\n<td width=\"144\">2500<\/td>\n<td width=\"394\">Big Horn, Laramie, Laramie Longhorn, Lone Star, Outdoorsman, Power Wagon, SLT, Tradesman<\/td>\n<td width=\"256\">5.7L V8 - GNC, 5.7L , 6.7L<\/td>\n<\/tr>\n<tr>\n<td width=\"138\">2013<\/td>\n<td width=\"168\">Ram<\/td>\n<td width=\"144\">3500<\/td>\n<td width=\"394\">Big Horn, Laramie, Laramie Longhorn, Lone Star, SLT, Tradesman<\/td>\n<td width=\"256\">5.7L , 6.7L<\/td>\n<\/tr>\n<tr>\n<td width=\"138\">2012<\/td>\n<td width=\"168\">Ram<\/td>\n<td width=\"144\">1500<\/td>\n<td width=\"394\">Big Horn, Express, Laramie, Laramie Longhorn, Outdoorsman, SLT, ST, Sport, Tradesman, Tradesman HD<\/td>\n<td width=\"256\">3.7L , 4.7L V8 - Flex, 5.7L<\/td>\n<\/tr>\n<tr>\n<td width=\"138\">2012<\/td>\n<td width=\"168\">Ram<\/td>\n<td width=\"144\">2500<\/td>\n<td width=\"394\">Laramie, Laramie Longhorn, Outdoorsman, Power Wagon, SLT, ST<\/td>\n<td width=\"256\">5.7L V8 - Bi-Fuel, 5.7L , 6.7L<\/td>\n<\/tr>\n<tr>\n<td width=\"138\">2012<\/td>\n<td width=\"168\">Ram<\/td>\n<td width=\"144\">3500<\/td>\n<td width=\"394\">Laramie, Laramie Longhorn, SLT, ST<\/td>\n<td width=\"256\">5.7L , 6.7L<\/td>\n<\/tr>\n<tr>\n<td width=\"138\">2011<\/td>\n<td width=\"168\">Ram<\/td>\n<td width=\"144\">1500<\/td>\n<td width=\"394\">Big Horn, Laramie, Laramie Longhorn, Outdoorsman, SLT, ST, Sport, Tradesman<\/td>\n<td width=\"256\">3.7L , 4.7L V8 - Flex, 5.7L<\/td>\n<\/tr>\n<tr>\n<td width=\"138\">2011<\/td>\n<td width=\"168\">Ram<\/td>\n<td width=\"144\">2500<\/td>\n<td width=\"394\">Laramie, Laramie Longhorn, Power Wagon, SLT, ST<\/td>\n<td width=\"256\">5.7L , 6.7L<\/td>\n<\/tr>\n<tr>\n<td width=\"138\">2011<\/td>\n<td width=\"168\">Ram<\/td>\n<td width=\"144\">3500<\/td>\n<td width=\"394\">Laramie, Laramie Longhorn, SLT, ST<\/td>\n<td width=\"256\">5.7L , 6.7L<\/td>\n<\/tr>\n<tr>\n<td width=\"138\">2010<\/td>\n<td width=\"168\">Dodge<\/td>\n<td width=\"144\">Ram 1500<\/td>\n<td width=\"394\">Laramie, SLT, ST, Sport, TRX, TRX4<\/td>\n<td width=\"256\">3.7L , 4.7L V8 - Flex, 5.7L<\/td>\n<\/tr>\n<tr>\n<td width=\"138\">2010<\/td>\n<td width=\"168\">Dodge<\/td>\n<td width=\"144\">Ram 2500<\/td>\n<td width=\"394\">Laramie, Power Wagon, SLT, ST, TRX<\/td>\n<td width=\"256\">5.7L , 6.7L<\/td>\n<\/tr>\n<tr>\n<td width=\"138\">2010<\/td>\n<td width=\"168\">Dodge<\/td>\n<td width=\"144\">Ram 3500<\/td>\n<td width=\"394\">Laramie, SLT, ST<\/td>\n<td width=\"256\">6.7L<\/td>\n<\/tr>\n<tr>\n<td width=\"138\">2009<\/td>\n<td width=\"168\">Dodge<\/td>\n<td width=\"144\">Ram 1500<\/td>\n<td width=\"394\">Laramie, SLT, ST, Sport, TRX, TRX4<\/td>\n<td width=\"256\">3.7L , 4.7L V8 - Flex, 5.7L<\/td>\n<\/tr>\n<\/tbody>\n<\/table>\n<p>&nbsp;<\/p>\n<p><strong>Volumen de suministro:<\/strong> 1 <span lang=\"DE\">Limpiaparabrisas, se necesitan 2 piezas<\/span><\/p>\n<p>&nbsp;<\/p>\n<p>&nbsp;<\/p>\n<h4>\u00bfPor qu\u00e9 elegir recambios originales Mopar?<\/h4>\n<p><strong>Ajuste perfecto y calidad superior:<\/strong> Los recambios originales Mopar se fabrican siguiendo las estrictas especificaciones del fabricante, lo que significa que encajan perfectamente en su veh\u00edculo. Esto no solo garantiza una instalaci\u00f3n sencilla, sino tambi\u00e9n un funcionamiento y una seguridad \u00f3ptimos.<\/p>\n<p><strong>Fiabilidad y durabilidad:<\/strong> Mediante el uso de materiales de alta calidad y estrictos controles de calidad, los recambios Mopar garantizan que su veh\u00edculo funcione de forma fiable incluso en condiciones extremas. Est\u00e1n dise\u00f1ados para durar y maximizar el rendimiento de su veh\u00edculo.<\/p>\n<p>&nbsp;<\/p>\n<p>&nbsp;<\/p>","protected":false},"excerpt":{"rendered":"<p>Pieza original Mopar<\/p>","protected":false},"featured_media":68353252,"comment_status":"open","ping_status":"closed","template":"","meta":{"_acf_changed":false},"product_brand":[16270],"product_cat":[10262,4242,4761,1521,9954,2922,2927],"product_tag":[19626,19625,475,506,507,19614,19624,49,4965,31,8813,9424,16271,16273,16275,16272,16274,7221,86,704,19585,19591,19621],"class_list":{"0":"post-68353083","1":"product","2":"type-product","3":"status-publish","4":"has-post-thumbnail","6":"product_brand-mopar","7":"product_cat-alle-produkte","8":"product_cat-1500-ecodiesel-wartung","9":"product_cat-1500-36-wartung","10":"product_cat-1500-57-2009-2018-classic-wartung","11":"product_cat-2500-3500-57-wartung","12":"product_cat-2500-3500-64-wartung","13":"product_cat-67-cummins-wartung","14":"product_tag-055277446aa","15":"product_tag-055277446ab","16":"product_tag-475","17":"product_tag-506","18":"product_tag-507","19":"product_tag-55277446aa","20":"product_tag-55277446ab","21":"product_tag-dodge","22":"product_tag-dodge-ram","23":"product_tag-mopar","24":"product_tag-mopar-autoteile","25":"product_tag-mopar-ersatzteile","26":"product_tag-mopar-ersatzteile-kaufen","27":"product_tag-mopar-performance-teile","28":"product_tag-mopar-teile-katalog","29":"product_tag-mopar-teile-online","30":"product_tag-mopar-tuningteile","31":"product_tag-mopar10","32":"product_tag-ram","33":"product_tag-scheibenwischer","34":"product_tag-scheibenwischerblatt","35":"product_tag-wischer","36":"product_tag-wischerblatt","38":"first","39":"instock","40":"taxable","41":"shipping-taxable","42":"purchasable","43":"product-type-simple"},"bundled_by":[],"bundle_stock_status":"instock","bundle_stock_quantity":2,"bundle_virtual":false,"bundle_layout":"","bundle_add_to_cart_form_location":"","bundle_editable_in_cart":false,"bundle_sold_individually_context":"","bundle_item_grouping":"","bundle_min_size":"","bundle_max_size":"","bundle_price":[],"bundled_items":[],"bundle_sell_ids":[],"exclude_global_add_ons":[],"addons":[],"acf":[],"_links":{"self":[{"href":"https:\/\/kraftwerk-shop.cc\/es\/wp-json\/wp\/v2\/product\/68353083","targetHints":{"allow":["GET"]}}],"collection":[{"href":"https:\/\/kraftwerk-shop.cc\/es\/wp-json\/wp\/v2\/product"}],"about":[{"href":"https:\/\/kraftwerk-shop.cc\/es\/wp-json\/wp\/v2\/types\/product"}],"replies":[{"embeddable":true,"href":"https:\/\/kraftwerk-shop.cc\/es\/wp-json\/wp\/v2\/comments?post=68353083"}],"version-history":[{"count":0,"href":"https:\/\/kraftwerk-shop.cc\/es\/wp-json\/wp\/v2\/product\/68353083\/revisions"}],"wp:featuredmedia":[{"embeddable":true,"href":"https:\/\/kraftwerk-shop.cc\/es\/wp-json\/wp\/v2\/media\/68353252"}],"wp:attachment":[{"href":"https:\/\/kraftwerk-shop.cc\/es\/wp-json\/wp\/v2\/media?parent=68353083"}],"wp:term":[{"taxonomy":"product_brand","embeddable":true,"href":"https:\/\/kraftwerk-shop.cc\/es\/wp-json\/wp\/v2\/product_brand?post=68353083"},{"taxonomy":"product_cat","embeddable":true,"href":"https:\/\/kraftwerk-shop.cc\/es\/wp-json\/wp\/v2\/product_cat?post=68353083"},{"taxonomy":"product_tag","embeddable":true,"href":"https:\/\/kraftwerk-shop.cc\/es\/wp-json\/wp\/v2\/product_tag?post=68353083"}],"curies":[{"name":"wp","href":"https:\/\/api.w.org\/{rel}","templated":true}]}}