{"id":68354159,"date":"2025-12-14T18:34:24","date_gmt":"2025-12-14T17:34:24","guid":{"rendered":"https:\/\/kraftwerk-shop.cc\/?post_type=product&#038;p=68354159"},"modified":"2026-02-15T01:27:18","modified_gmt":"2026-02-15T00:27:18","slug":"ngk-92556-velas-de-iridio-laser","status":"publish","type":"product","link":"https:\/\/kraftwerk-shop.cc\/es\/produkt\/ngk-92556-laser-iridium-zuendkerzen\/","title":{"rendered":"Buj\u00edas NGK 92556 Laser Iridium (6 piezas)"},"content":{"rendered":"<h1>Buj\u00edas NGK Laser Iridium (6 piezas) para Jeep Wagoneer, Grand Wagoneer y RAM 3.0<\/h1>\n<p>&nbsp;<\/p>\n<p><span lang=\"DE\"><strong>N\u00fameros de comparaci\u00f3n Mopar:<\/strong> 68265438AA, 68265438AB<\/span><\/p>\n<p>&nbsp;<\/p>\n<p><strong>Adecuado para:<\/strong><\/p>\n<table style=\"height: 739px;\" width=\"1035\">\n<tbody>\n<tr>\n<td style=\"width: 151.683px;\"><strong>A\u00f1o de construcci\u00f3n<\/strong><\/td>\n<td style=\"width: 184.567px;\"><strong>Marca<\/strong><\/td>\n<td style=\"width: 158.267px;\"><strong>Modelo<\/strong><\/td>\n<td style=\"width: 256.933px;\"><strong>Versi\u00f3n<\/strong><\/td>\n<td style=\"width: 248.15px;\"><strong>Motor<\/strong><\/td>\n<\/tr>\n<tr>\n<td style=\"width: 151.683px;\">2026<\/td>\n<td style=\"width: 184.567px;\">Ram<\/td>\n<td style=\"width: 158.267px;\">1500<\/td>\n<td style=\"width: 256.933px;\">Big Horn, Express, Laramie, Limited, Limited Longhorn, Lone Star, RHO, Rebel, Tradesman, Tungsten, Warlock<\/td>\n<td style=\"width: 248.15px;\">3.0L<\/td>\n<\/tr>\n<tr>\n<td style=\"width: 151.683px;\">2025<\/td>\n<td style=\"width: 184.567px;\">Ram<\/td>\n<td style=\"width: 158.267px;\">1500<\/td>\n<td style=\"width: 256.933px;\">Big Horn, Laramie, Limited, Limited Longhorn, Lone Star, RHO, Rebel, Tradesman, Tradesman HFE, Tungsten, Warlock<\/td>\n<td style=\"width: 248.15px;\">3.0L<\/td>\n<\/tr>\n<tr>\n<td style=\"width: 151.683px;\">2024<\/td>\n<td style=\"width: 184.567px;\">Jeep<\/td>\n<td style=\"width: 158.267px;\">Grand Wagoneer<\/td>\n<td style=\"width: 256.933px;\">Base, Obsidian, Series II, Series III, Series III Obsidian<\/td>\n<td style=\"width: 248.15px;\">3.0L<\/td>\n<\/tr>\n<tr>\n<td style=\"width: 151.683px;\">2024<\/td>\n<td style=\"width: 184.567px;\">Jeep<\/td>\n<td style=\"width: 158.267px;\">Grand Wagoneer L<\/td>\n<td style=\"width: 256.933px;\">Base, Obsidiana, Serie III, Serie III Obsidiana<\/td>\n<td style=\"width: 248.15px;\">3.0L<\/td>\n<\/tr>\n<tr>\n<td style=\"width: 151.683px;\">2024<\/td>\n<td style=\"width: 184.567px;\">Jeep<\/td>\n<td style=\"width: 158.267px;\">Wagoneer<\/td>\n<td style=\"width: 256.933px;\">Base, Carbide, Series II, Series III<\/td>\n<td style=\"width: 248.15px;\">3.0L<\/td>\n<\/tr>\n<tr>\n<td style=\"width: 151.683px;\">2024<\/td>\n<td style=\"width: 184.567px;\">Jeep<\/td>\n<td style=\"width: 158.267px;\">Wagoneer L<\/td>\n<td style=\"width: 256.933px;\">Base, Carbide, Series II, Series III<\/td>\n<td style=\"width: 248.15px;\">3.0L<\/td>\n<\/tr>\n<tr>\n<td style=\"width: 151.683px;\">2023<\/td>\n<td style=\"width: 184.567px;\">Jeep<\/td>\n<td style=\"width: 158.267px;\">Grand Wagoneer<\/td>\n<td style=\"width: 256.933px;\">Base, Obsidian, Series II, Series III, Series III Obsidian<\/td>\n<td style=\"width: 248.15px;\">3.0L<\/td>\n<\/tr>\n<tr>\n<td style=\"width: 151.683px;\">2023<\/td>\n<td style=\"width: 184.567px;\">Jeep<\/td>\n<td style=\"width: 158.267px;\">Grand Wagoneer L<\/td>\n<td style=\"width: 256.933px;\">Base, Obsidian, Series II, Series III, Series III Obsidian<\/td>\n<td style=\"width: 248.15px;\">3.0L<\/td>\n<\/tr>\n<tr>\n<td style=\"width: 151.683px;\">2023<\/td>\n<td style=\"width: 184.567px;\">Jeep<\/td>\n<td style=\"width: 158.267px;\">Wagoneer<\/td>\n<td style=\"width: 256.933px;\">Base, Carbide, Series II, Series III<\/td>\n<td style=\"width: 248.15px;\">3.0L<\/td>\n<\/tr>\n<tr>\n<td style=\"width: 151.683px;\">2023<\/td>\n<td style=\"width: 184.567px;\">Jeep<\/td>\n<td style=\"width: 158.267px;\">Wagoneer L<\/td>\n<td style=\"width: 256.933px;\">Base, Carbide, Series II, Series III<\/td>\n<td style=\"width: 248.15px;\">3.0L<\/td>\n<\/tr>\n<tr>\n<td style=\"width: 151.683px;\">2022<\/td>\n<td style=\"width: 184.567px;\">Jeep<\/td>\n<td style=\"width: 158.267px;\">Grand Wagoneer<\/td>\n<td style=\"width: 256.933px;\">Obsidian, Series I, Series II, Series III<\/td>\n<td style=\"width: 248.15px;\">3.0L<\/td>\n<\/tr>\n<\/tbody>\n<\/table>\n<p>&nbsp;<\/p>\n<p>NGK es uno de los principales fabricantes de buj\u00edas de encendido y es sin\u00f3nimo de m\u00e1xima calidad, fiabilidad y tecnolog\u00eda de encendido de vanguardia en todo el mundo. En colaboraci\u00f3n con Mopar, NGK ofrece buj\u00edas con calidad de equipo original para un rendimiento \u00f3ptimo del motor, bajo consumo de combustible y emisiones reducidas.<\/p>\n<p>Ya sea para mantenimiento o sustituci\u00f3n, las buj\u00edas NGK garantizan una chispa precisa y la m\u00e1xima eficacia en el uso diario del veh\u00edculo.<\/p>","protected":false},"excerpt":{"rendered":"<p>NGK Laser Iridium Z\u00fcndkerzen\u00a0(6 St\u00fcck) f\u00fcr Jeep Wagoneer, Grand Wagoneer und RAM 3.0 &nbsp; Mopar Vergleichsnummern: 68265438AA, 68265438AB &nbsp; Passend<\/p>","protected":false},"featured_media":68354161,"comment_status":"open","ping_status":"closed","template":"","meta":{"_acf_changed":false},"product_brand":[19384],"product_cat":[10262,17019,17012,19391,19962],"product_tag":[475,89,10815,19138,19397,19396,19964,49,476,6545,19394,15667,19965,50,19963,31,7221,1117,86,19136,19139,198,5276,3574,1073],"class_list":{"0":"post-68354159","1":"product","2":"type-product","3":"status-publish","4":"has-post-thumbnail","6":"product_brand-ngk","7":"product_cat-alle-produkte","8":"product_cat-wagoneer-30-wartung","9":"product_cat-wagoneer-30-zuendung","10":"product_cat-1500-30-wartung","11":"product_cat-1500-30-zuendung","12":"product_tag-475","13":"product_tag-3-0","14":"product_tag-30-tt-hurricane","15":"product_tag-3-0l-tt-hurricane","16":"product_tag-68265438aa","17":"product_tag-68265438ab","18":"product_tag-19964","19":"product_tag-dodge","20":"product_tag-dt","21":"product_tag-grand-wagoneer","22":"product_tag-ho","23":"product_tag-hurricane","24":"product_tag-ilzkr7s7g","25":"product_tag-jeep","26":"product_tag-laser-iridium","27":"product_tag-mopar","28":"product_tag-mopar10","29":"product_tag-ngk","30":"product_tag-ram","31":"product_tag-rho","32":"product_tag-so","33":"product_tag-v6","34":"product_tag-wagoneer","35":"product_tag-zuendkerze","36":"product_tag-zuendkerzen","38":"first","39":"instock","40":"taxable","41":"shipping-taxable","42":"purchasable","43":"product-type-simple"},"bundled_by":[],"bundle_stock_status":"instock","bundle_stock_quantity":2,"bundle_virtual":false,"bundle_layout":"","bundle_add_to_cart_form_location":"","bundle_editable_in_cart":false,"bundle_sold_individually_context":"","bundle_item_grouping":"","bundle_min_size":"","bundle_max_size":"","bundle_price":[],"bundled_items":[],"bundle_sell_ids":[],"exclude_global_add_ons":[],"addons":[],"acf":[],"_links":{"self":[{"href":"https:\/\/kraftwerk-shop.cc\/es\/wp-json\/wp\/v2\/product\/68354159","targetHints":{"allow":["GET"]}}],"collection":[{"href":"https:\/\/kraftwerk-shop.cc\/es\/wp-json\/wp\/v2\/product"}],"about":[{"href":"https:\/\/kraftwerk-shop.cc\/es\/wp-json\/wp\/v2\/types\/product"}],"replies":[{"embeddable":true,"href":"https:\/\/kraftwerk-shop.cc\/es\/wp-json\/wp\/v2\/comments?post=68354159"}],"version-history":[{"count":0,"href":"https:\/\/kraftwerk-shop.cc\/es\/wp-json\/wp\/v2\/product\/68354159\/revisions"}],"wp:featuredmedia":[{"embeddable":true,"href":"https:\/\/kraftwerk-shop.cc\/es\/wp-json\/wp\/v2\/media\/68354161"}],"wp:attachment":[{"href":"https:\/\/kraftwerk-shop.cc\/es\/wp-json\/wp\/v2\/media?parent=68354159"}],"wp:term":[{"taxonomy":"product_brand","embeddable":true,"href":"https:\/\/kraftwerk-shop.cc\/es\/wp-json\/wp\/v2\/product_brand?post=68354159"},{"taxonomy":"product_cat","embeddable":true,"href":"https:\/\/kraftwerk-shop.cc\/es\/wp-json\/wp\/v2\/product_cat?post=68354159"},{"taxonomy":"product_tag","embeddable":true,"href":"https:\/\/kraftwerk-shop.cc\/es\/wp-json\/wp\/v2\/product_tag?post=68354159"}],"curies":[{"name":"wp","href":"https:\/\/api.w.org\/{rel}","templated":true}]}}