{"id":68354368,"date":"2025-12-20T14:53:31","date_gmt":"2025-12-20T13:53:31","guid":{"rendered":"https:\/\/kraftwerk-shop.cc\/?post_type=product&#038;p=68354368"},"modified":"2026-02-15T01:27:33","modified_gmt":"2026-02-15T00:27:33","slug":"kit-colector-de-escape-bd-1046070-ram-cummins","status":"publish","type":"product","link":"https:\/\/kraftwerk-shop.cc\/es\/produkt\/bd-abgaskruemmer-kit-1046070-ram-cummins\/","title":{"rendered":"BD kit colector de escape 1046070 RAM 6.7 Cummins"},"content":{"rendered":"<h1>BD kit colector de escape 1046070 para RAM 6.7 Cummins de 2019 a 2024<\/h1>\n<p>&nbsp;<\/p>\n<p><strong>N\u00famero de comparaci\u00f3n Mopar:<\/strong> 68444859AA<\/p>\n<p>El kit de colectores de escape di\u00e9sel BD para modelos Dodge\/RAM 6.7L Cummins 3500 Cab &amp; Chassis de 2019 a 2024 est\u00e1 dise\u00f1ado espec\u00edficamente para camiones que son conocidos por agrietar sus largos colectores de hierro fundido de una sola pieza. Un problema que sigue afectando a muchos camiones RAM. El colector de escape de BD Diesel resuelve este problema con un molde de paredes gruesas y una secci\u00f3n central con una junta deslizante que permite la expansi\u00f3n y contracci\u00f3n natural, lo que reduce significativamente el riesgo de agrietamiento.<\/p>\n<p>Su dise\u00f1o de colector de pulso dividido optimiza el flujo de gases de escape utilizando los pulsos de escape naturales del motor para un funcionamiento m\u00e1s suave y una mejor conducci\u00f3n.<\/p>\n<p>Si su RAM Cummins es est\u00e1ndar o modificado, esta es la soluci\u00f3n de actualizaci\u00f3n perfecta para la fiabilidad y la longevidad.<\/p>\n<div class=\"relative inline-flex items-center\"><\/div>\n<div><\/div>\n<p><strong>Caracter\u00edsticas principales:<\/strong><\/p>\n<ul>\n<li>La fundici\u00f3n de paredes gruesas resiste las grietas provocadas por el calor y garantiza una larga durabilidad<\/li>\n<li>La conexi\u00f3n deslizante de dos piezas reduce la carga causada por los ciclos t\u00e9rmicos y evita as\u00ed los fallos<\/li>\n<li>El dise\u00f1o de pulso dividido mejora el flujo de gases de escape para un mejor rendimiento de la bobina y m\u00e1s potencia del turbo<\/li>\n<li>La abertura EGT pretaladrada facilita la instalaci\u00f3n de dispositivos de medici\u00f3n posventa<\/li>\n<li>Sustituci\u00f3n directa de componentes de serie con compatibilidad total con EGR para facilitar la instalaci\u00f3n<\/li>\n<li>Incluye todas las piezas de montaje para facilitar la instalaci\u00f3n<\/li>\n<\/ul>\n<p>&nbsp;<\/p>\n<p><strong>M\u00e1s informaci\u00f3n:<\/strong><\/p>\n<ul>\n<li>Tiempo de instalaci\u00f3n<strong>:<\/strong> Aprox. 8 horas<\/li>\n<\/ul>\n<p>&nbsp;<\/p>\n<p>&nbsp;<\/p>\n<p><strong>Adecuado para:<\/strong><\/p>\n<table width=\"1100\">\n<tbody>\n<tr>\n<td width=\"91\"><strong>A\u00f1o de construcci\u00f3n<\/strong><\/td>\n<td width=\"111\"><strong>Marca<\/strong><\/td>\n<td width=\"106\"><strong>Modelo<\/strong><\/td>\n<td width=\"536\"><strong>Versi\u00f3n<\/strong><\/td>\n<td width=\"256\"><strong>Motor<\/strong><\/td>\n<\/tr>\n<tr>\n<td width=\"91\">2024<\/td>\n<td width=\"111\">Ram<\/td>\n<td width=\"106\">3500<\/td>\n<td width=\"536\">Laramie, Limited, SLT, Tradesman<\/td>\n<td width=\"256\">6.7L<\/td>\n<\/tr>\n<tr>\n<td width=\"91\">2023<\/td>\n<td width=\"111\">Ram<\/td>\n<td width=\"106\">3500<\/td>\n<td width=\"536\">Laramie, Limited, SLT, Tradesman<\/td>\n<td width=\"256\">6.7L<\/td>\n<\/tr>\n<tr>\n<td width=\"91\">2022<\/td>\n<td width=\"111\">Ram<\/td>\n<td width=\"106\">3500<\/td>\n<td width=\"536\">Laramie, Limited, SLT, Tradesman<\/td>\n<td width=\"256\">6.7L<\/td>\n<\/tr>\n<tr>\n<td width=\"91\">2021<\/td>\n<td width=\"111\">Ram<\/td>\n<td width=\"106\">3500<\/td>\n<td width=\"536\">Laramie, Limited, SLT, Tradesman<\/td>\n<td width=\"256\">6.7L<\/td>\n<\/tr>\n<tr>\n<td width=\"91\">2020<\/td>\n<td width=\"111\">Ram<\/td>\n<td width=\"106\">3500<\/td>\n<td width=\"536\">Laramie, Limited, SLT, Tradesman<\/td>\n<td width=\"256\">6.7L<\/td>\n<\/tr>\n<tr>\n<td width=\"91\">2019<\/td>\n<td width=\"111\">Ram<\/td>\n<td width=\"106\">3500<\/td>\n<td width=\"536\">Laramie, Limited, SLT, Tradesman<\/td>\n<td width=\"256\">6.7L<\/td>\n<\/tr>\n<\/tbody>\n<\/table>\n<p>&nbsp;<\/p>\n<p>&nbsp;<\/p>\n<p><strong>Acerca del fabricante<\/strong><\/p>\n<p>Fundada en 1972 como Valley Fuel Injection Ltd, BD se dio a conocer en 1989 cuando introdujo el primer freno de escape para el emergente mercado de las camionetas diesel. En la actualidad, Valley Fuel Injection (ahora BD Diesel Truck Service &amp; Performance Centre) y BD Diesel Performance son una sola empresa con divisiones especializadas en componentes para cadenas cinem\u00e1ticas di\u00e9sel. BD es una empresa innovadora y global que distribuye productos para la regi\u00f3n de Norteam\u00e9rica, tanto para motores di\u00e9sel como de gasolina. Nuestro kit de colector de escape RAM 5.7 es un producto de alta calidad para su RAM que optimiza el rendimiento y la eficiencia.<\/p>\n<p>&nbsp;<\/p>","protected":false},"excerpt":{"rendered":"<p>2019-2024<\/p>","protected":false},"featured_media":68354370,"comment_status":"open","ping_status":"closed","template":"","meta":{"_acf_changed":false},"product_brand":[20019],"product_cat":[10262,1779,2925],"product_tag":[20021,507,2833,7200,20022,605,9618,9614,9606,9621,9610,9605,9619,9631,9626,9622,9613,9616,9601,9615,9627,9633,9624,9634,9636,9625,9617,9623,9637,9629,9607,9609,9611,9612,9620,9608,9632,9628,9635,9630,6579,9599,20099,20100,20023,7201,9602,476,9603,9407,9604,550,393,86,216,9406],"class_list":{"0":"post-68354368","1":"product","2":"type-product","3":"status-publish","4":"has-post-thumbnail","6":"product_brand-bd-diesel","7":"product_cat-alle-produkte","8":"product_cat-neue-produkte","9":"product_cat-67-cummins-abgasanlage","10":"product_tag-20021","11":"product_tag-507","12":"product_tag-2833","13":"product_tag-6-7","14":"product_tag-68444859aa","15":"product_tag-abgaskruemmer","16":"product_tag-abgaskruemmer-angebote","17":"product_tag-abgaskruemmer-anleitung","18":"product_tag-abgaskruemmer-austausch","19":"product_tag-abgaskruemmer-bewertungen","20":"product_tag-abgaskruemmer-bolzen","21":"product_tag-abgaskruemmer-dichtung","22":"product_tag-abgaskruemmer-erfahrungen","23":"product_tag-abgaskruemmer-ersatzteile","24":"product_tag-abgaskruemmer-garantie","25":"product_tag-abgaskruemmer-hersteller","26":"product_tag-abgaskruemmer-installation","27":"product_tag-abgaskruemmer-kaufen","28":"product_tag-abgaskruemmer-kit","29":"product_tag-abgaskruemmer-kosten","30":"product_tag-abgaskruemmer-lebensdauer","31":"product_tag-abgaskruemmer-lieferzeit","32":"product_tag-abgaskruemmer-material","33":"product_tag-abgaskruemmer-montage","34":"product_tag-abgaskruemmer-online-shop","35":"product_tag-abgaskruemmer-passgenauigkeit","36":"product_tag-abgaskruemmer-preisvergleich","37":"product_tag-abgaskruemmer-qualitaet","38":"product_tag-abgaskruemmer-rabatt","39":"product_tag-abgaskruemmer-reinigung","40":"product_tag-abgaskruemmer-reparatur","41":"product_tag-abgaskruemmer-riss","42":"product_tag-abgaskruemmer-schrauben","43":"product_tag-abgaskruemmer-set","44":"product_tag-abgaskruemmer-testberichte","45":"product_tag-abgaskruemmer-upgrade","46":"product_tag-abgaskruemmer-versand","47":"product_tag-abgaskruemmer-wartung","48":"product_tag-abgaskruemmer-werkstatt","49":"product_tag-abgaskruemmer-zubehoer","50":"product_tag-bd","51":"product_tag-bd-abgaskruemmer","52":"product_tag-bd-diesel","53":"product_tag-bd-diesel-performance","54":"product_tag-cab-chassis","55":"product_tag-cummins","56":"product_tag-dodge-ram-tuning","57":"product_tag-dt","58":"product_tag-edelstahl-abgaskruemmer","59":"product_tag-gerissene-kruemmer-ram","60":"product_tag-hitzeschutzband","61":"product_tag-kruemmer","62":"product_tag-leistungssteigerung","63":"product_tag-ram","64":"product_tag-upgrade","65":"product_tag-upgrade-kruemmer","66":"product_shipping_class-paket-l","68":"first","69":"onbackorder","70":"taxable","71":"shipping-taxable","72":"purchasable","73":"product-type-simple"},"bundled_by":[],"bundle_stock_status":"onbackorder","bundle_stock_quantity":0,"bundle_virtual":false,"bundle_layout":"","bundle_add_to_cart_form_location":"","bundle_editable_in_cart":false,"bundle_sold_individually_context":"","bundle_item_grouping":"","bundle_min_size":"","bundle_max_size":"","bundle_price":[],"bundled_items":[],"bundle_sell_ids":[],"exclude_global_add_ons":[],"addons":[],"acf":[],"_links":{"self":[{"href":"https:\/\/kraftwerk-shop.cc\/es\/wp-json\/wp\/v2\/product\/68354368","targetHints":{"allow":["GET"]}}],"collection":[{"href":"https:\/\/kraftwerk-shop.cc\/es\/wp-json\/wp\/v2\/product"}],"about":[{"href":"https:\/\/kraftwerk-shop.cc\/es\/wp-json\/wp\/v2\/types\/product"}],"replies":[{"embeddable":true,"href":"https:\/\/kraftwerk-shop.cc\/es\/wp-json\/wp\/v2\/comments?post=68354368"}],"version-history":[{"count":0,"href":"https:\/\/kraftwerk-shop.cc\/es\/wp-json\/wp\/v2\/product\/68354368\/revisions"}],"wp:featuredmedia":[{"embeddable":true,"href":"https:\/\/kraftwerk-shop.cc\/es\/wp-json\/wp\/v2\/media\/68354370"}],"wp:attachment":[{"href":"https:\/\/kraftwerk-shop.cc\/es\/wp-json\/wp\/v2\/media?parent=68354368"}],"wp:term":[{"taxonomy":"product_brand","embeddable":true,"href":"https:\/\/kraftwerk-shop.cc\/es\/wp-json\/wp\/v2\/product_brand?post=68354368"},{"taxonomy":"product_cat","embeddable":true,"href":"https:\/\/kraftwerk-shop.cc\/es\/wp-json\/wp\/v2\/product_cat?post=68354368"},{"taxonomy":"product_tag","embeddable":true,"href":"https:\/\/kraftwerk-shop.cc\/es\/wp-json\/wp\/v2\/product_tag?post=68354368"}],"curies":[{"name":"wp","href":"https:\/\/api.w.org\/{rel}","templated":true}]}}