{"id":68354380,"date":"2025-12-20T16:20:42","date_gmt":"2025-12-20T15:20:42","guid":{"rendered":"https:\/\/kraftwerk-shop.cc\/?post_type=product&#038;p=68354380"},"modified":"2026-02-15T01:27:30","modified_gmt":"2026-02-15T00:27:30","slug":"colector-de-escape-bd-1046067-ram-cummins","status":"publish","type":"product","link":"https:\/\/kraftwerk-shop.cc\/es\/produkt\/bd-abgaskruemmer-1046067-ram-cummins\/","title":{"rendered":"BD kit colector de escape 1046067 RAM 6.7 Cummins"},"content":{"rendered":"<h1>BD kit colector de escape 1046067 para RAM 6.7 Cummins de 2007 a 2012<\/h1>\n<p>&nbsp;<\/p>\n<p><strong>N\u00fameros de comparaci\u00f3n Mopar:<\/strong> 68002432AA, 68002432AB, 68002432AC<\/p>\n<p>El kit de colectores de escape diesel BD para los modelos de chasis Dodge\/RAM 6.7L Cummins 3500\/4500\/5500 Cab de 2007 a 2012 est\u00e1 dise\u00f1ado espec\u00edficamente para soportar las temperaturas extremas y las vibraciones que se producen durante la regeneraci\u00f3n del DPF. Fabricado en hierro d\u00factil de alto silicio, este dise\u00f1o de colector de impulsos totalmente dividido ofrece una mayor durabilidad y fiabilidad.<\/p>\n<div class=\"relative inline-flex items-center\"><\/div>\n<p><strong>Caracter\u00edsticas principales:<\/strong><\/p>\n<ul>\n<li><strong>Compatibilidad EGR:<\/strong> Totalmente compatible con el sistema de recirculaci\u00f3n de gases de escape (EGR)<\/li>\n<li><strong>Construcci\u00f3n robusta:<\/strong> La fundici\u00f3n de paredes gruesas y el dise\u00f1o de dos piezas permiten la expansi\u00f3n y contracci\u00f3n del colector, reduciendo la fatiga t\u00e9rmica y prolongando significativamente su vida \u00fatil.<\/li>\n<li><strong>Kit de instalaci\u00f3n completo:<\/strong> Incluye juntas para el puerto EGR, el puerto de escape y el montaje del turbocompresor, as\u00ed como tornillos y espaciadores de grado 10.9 con revestimiento de \u00f3xido negro para facilitar la instalaci\u00f3n.<\/li>\n<li><strong>Conexiones pretaladradas:<\/strong> Pretaladrado para sondas de pir\u00f3metro para facilitar el control de la temperatura de los gases de escape<\/li>\n<\/ul>\n<p>&nbsp;<\/p>\n<p><strong>M\u00e1s informaci\u00f3n:<\/strong><\/p>\n<ul>\n<li>Tiempo de instalaci\u00f3n<strong>:<\/strong> Aprox. 9 horas<\/li>\n<\/ul>\n<p>&nbsp;<\/p>\n<p>&nbsp;<\/p>\n<p><strong>Adecuado para:<\/strong><\/p>\n<table width=\"1100\">\n<tbody>\n<tr>\n<td width=\"91\"><strong>A\u00f1o de construcci\u00f3n<\/strong><\/td>\n<td width=\"111\"><strong>Marca<\/strong><\/td>\n<td width=\"106\"><strong>Modelo<\/strong><\/td>\n<td width=\"536\"><strong>Versi\u00f3n<\/strong><\/td>\n<td width=\"256\"><strong>Motor<\/strong><\/td>\n<\/tr>\n<tr>\n<td width=\"91\">2012<\/td>\n<td width=\"111\">Ram<\/td>\n<td width=\"106\">2500<\/td>\n<td width=\"536\">Laramie, Laramie Longhorn, Outdoorsman, SLT, ST<\/td>\n<td width=\"256\">6.7L<\/td>\n<\/tr>\n<tr>\n<td width=\"91\">2012<\/td>\n<td width=\"111\">Ram<\/td>\n<td width=\"106\">3500<\/td>\n<td width=\"536\">Laramie, Laramie Longhorn, SLT, ST<\/td>\n<td width=\"256\">6.7L<\/td>\n<\/tr>\n<tr>\n<td width=\"91\">2011<\/td>\n<td width=\"111\">Ram<\/td>\n<td width=\"106\">2500<\/td>\n<td width=\"536\">Laramie, Laramie Longhorn, SLT, ST<\/td>\n<td width=\"256\">6.7L<\/td>\n<\/tr>\n<tr>\n<td width=\"91\">2011<\/td>\n<td width=\"111\">Ram<\/td>\n<td width=\"106\">3500<\/td>\n<td width=\"536\">Laramie, Laramie Longhorn, SLT, ST<\/td>\n<td width=\"256\">6.7L<\/td>\n<\/tr>\n<tr>\n<td width=\"91\">2010<\/td>\n<td width=\"111\">Dodge<\/td>\n<td width=\"106\">Ram 3500<\/td>\n<td width=\"536\">SLT, ST<\/td>\n<td width=\"256\">6.7L<\/td>\n<\/tr>\n<tr>\n<td width=\"91\">2009<\/td>\n<td width=\"111\">Dodge<\/td>\n<td width=\"106\">Ram 3500<\/td>\n<td width=\"536\">Laramie, SLT, ST<\/td>\n<td width=\"256\">6.7L<\/td>\n<\/tr>\n<tr>\n<td width=\"91\">2008<\/td>\n<td width=\"111\">Dodge<\/td>\n<td width=\"106\">Ram 3500<\/td>\n<td width=\"536\">Laramie, SLT, ST<\/td>\n<td width=\"256\">6.7L<\/td>\n<\/tr>\n<tr>\n<td width=\"91\">2007<\/td>\n<td width=\"111\">Dodge<\/td>\n<td width=\"106\">Ram 3500<\/td>\n<td width=\"536\">Laramie, SLT, ST<\/td>\n<td width=\"256\">6.7L<\/td>\n<\/tr>\n<\/tbody>\n<\/table>\n<p>&nbsp;<\/p>\n<p><strong>Acerca del fabricante<\/strong><\/p>\n<p>Fundada en 1972 como Valley Fuel Injection Ltd, BD se dio a conocer en 1989 cuando introdujo el primer freno de escape para el emergente mercado de las camionetas diesel. En la actualidad, Valley Fuel Injection (ahora BD Diesel Truck Service &amp; Performance Centre) y BD Diesel Performance son una sola empresa con divisiones especializadas en componentes para cadenas cinem\u00e1ticas di\u00e9sel. BD es una empresa innovadora y global que distribuye productos para la regi\u00f3n de Norteam\u00e9rica, tanto para motores di\u00e9sel como de gasolina. Nuestro kit de colector de escape RAM 5.7 es un producto de alta calidad para su RAM que optimiza el rendimiento y la eficiencia.<\/p>\n<p>&nbsp;<\/p>","protected":false},"excerpt":{"rendered":"<p>2007-2012<\/p>","protected":false},"featured_media":68354388,"comment_status":"open","ping_status":"closed","template":"","meta":{"_acf_changed":false},"product_brand":[20019],"product_cat":[10262,2925],"product_tag":[20024,506,507,7200,20025,20026,20027,605,9618,9614,9606,9621,9610,9605,9619,9631,9626,9622,9613,9616,9601,9615,9627,9633,9624,9634,9636,9625,9617,9623,9637,9629,9607,9609,9611,9612,9620,9608,9632,9628,9635,9630,6579,9599,20099,20100,7201,9602,476,9603,9407,9604,550,393,86,216,9406],"class_list":{"0":"post-68354380","1":"product","2":"type-product","3":"status-publish","4":"has-post-thumbnail","6":"product_brand-bd-diesel","7":"product_cat-alle-produkte","8":"product_cat-67-cummins-abgasanlage","9":"product_tag-20024","10":"product_tag-506","11":"product_tag-507","12":"product_tag-6-7","13":"product_tag-68002432aa","14":"product_tag-68002432ab","15":"product_tag-68002432ac","16":"product_tag-abgaskruemmer","17":"product_tag-abgaskruemmer-angebote","18":"product_tag-abgaskruemmer-anleitung","19":"product_tag-abgaskruemmer-austausch","20":"product_tag-abgaskruemmer-bewertungen","21":"product_tag-abgaskruemmer-bolzen","22":"product_tag-abgaskruemmer-dichtung","23":"product_tag-abgaskruemmer-erfahrungen","24":"product_tag-abgaskruemmer-ersatzteile","25":"product_tag-abgaskruemmer-garantie","26":"product_tag-abgaskruemmer-hersteller","27":"product_tag-abgaskruemmer-installation","28":"product_tag-abgaskruemmer-kaufen","29":"product_tag-abgaskruemmer-kit","30":"product_tag-abgaskruemmer-kosten","31":"product_tag-abgaskruemmer-lebensdauer","32":"product_tag-abgaskruemmer-lieferzeit","33":"product_tag-abgaskruemmer-material","34":"product_tag-abgaskruemmer-montage","35":"product_tag-abgaskruemmer-online-shop","36":"product_tag-abgaskruemmer-passgenauigkeit","37":"product_tag-abgaskruemmer-preisvergleich","38":"product_tag-abgaskruemmer-qualitaet","39":"product_tag-abgaskruemmer-rabatt","40":"product_tag-abgaskruemmer-reinigung","41":"product_tag-abgaskruemmer-reparatur","42":"product_tag-abgaskruemmer-riss","43":"product_tag-abgaskruemmer-schrauben","44":"product_tag-abgaskruemmer-set","45":"product_tag-abgaskruemmer-testberichte","46":"product_tag-abgaskruemmer-upgrade","47":"product_tag-abgaskruemmer-versand","48":"product_tag-abgaskruemmer-wartung","49":"product_tag-abgaskruemmer-werkstatt","50":"product_tag-abgaskruemmer-zubehoer","51":"product_tag-bd","52":"product_tag-bd-abgaskruemmer","53":"product_tag-bd-diesel","54":"product_tag-bd-diesel-performance","55":"product_tag-cummins","56":"product_tag-dodge-ram-tuning","57":"product_tag-dt","58":"product_tag-edelstahl-abgaskruemmer","59":"product_tag-gerissene-kruemmer-ram","60":"product_tag-hitzeschutzband","61":"product_tag-kruemmer","62":"product_tag-leistungssteigerung","63":"product_tag-ram","64":"product_tag-upgrade","65":"product_tag-upgrade-kruemmer","66":"product_shipping_class-paket-l","68":"first","69":"onbackorder","70":"taxable","71":"shipping-taxable","72":"purchasable","73":"product-type-simple"},"bundled_by":[],"bundle_stock_status":"onbackorder","bundle_stock_quantity":0,"bundle_virtual":false,"bundle_layout":"","bundle_add_to_cart_form_location":"","bundle_editable_in_cart":false,"bundle_sold_individually_context":"","bundle_item_grouping":"","bundle_min_size":"","bundle_max_size":"","bundle_price":[],"bundled_items":[],"bundle_sell_ids":[],"exclude_global_add_ons":[],"addons":[],"acf":[],"_links":{"self":[{"href":"https:\/\/kraftwerk-shop.cc\/es\/wp-json\/wp\/v2\/product\/68354380","targetHints":{"allow":["GET"]}}],"collection":[{"href":"https:\/\/kraftwerk-shop.cc\/es\/wp-json\/wp\/v2\/product"}],"about":[{"href":"https:\/\/kraftwerk-shop.cc\/es\/wp-json\/wp\/v2\/types\/product"}],"replies":[{"embeddable":true,"href":"https:\/\/kraftwerk-shop.cc\/es\/wp-json\/wp\/v2\/comments?post=68354380"}],"version-history":[{"count":0,"href":"https:\/\/kraftwerk-shop.cc\/es\/wp-json\/wp\/v2\/product\/68354380\/revisions"}],"wp:featuredmedia":[{"embeddable":true,"href":"https:\/\/kraftwerk-shop.cc\/es\/wp-json\/wp\/v2\/media\/68354388"}],"wp:attachment":[{"href":"https:\/\/kraftwerk-shop.cc\/es\/wp-json\/wp\/v2\/media?parent=68354380"}],"wp:term":[{"taxonomy":"product_brand","embeddable":true,"href":"https:\/\/kraftwerk-shop.cc\/es\/wp-json\/wp\/v2\/product_brand?post=68354380"},{"taxonomy":"product_cat","embeddable":true,"href":"https:\/\/kraftwerk-shop.cc\/es\/wp-json\/wp\/v2\/product_cat?post=68354380"},{"taxonomy":"product_tag","embeddable":true,"href":"https:\/\/kraftwerk-shop.cc\/es\/wp-json\/wp\/v2\/product_tag?post=68354380"}],"curies":[{"name":"wp","href":"https:\/\/api.w.org\/{rel}","templated":true}]}}