{"id":68354411,"date":"2025-12-20T20:19:38","date_gmt":"2025-12-20T19:19:38","guid":{"rendered":"https:\/\/kraftwerk-shop.cc\/?post_type=product&#038;p=68354411"},"modified":"2026-02-15T01:27:27","modified_gmt":"2026-02-15T00:27:27","slug":"colector-de-escape-bd-1046087-ram-cummins","status":"publish","type":"product","link":"https:\/\/kraftwerk-shop.cc\/es\/produkt\/bd-abgaskruemmer-1046087-ram-cummins\/","title":{"rendered":"BD kit colector de escape 1046087 RAM 5.9 Cummins"},"content":{"rendered":"<h1>BD kit colector de escape 1046087 para Dodge RAM 5.9 Cummins de 2003 a 2007<\/h1>\n<p>&nbsp;<\/p>\n<p><strong>Cummins N\u00fameros de comparaci\u00f3n:<\/strong> 3967995, 3943871 &amp; 3943875<\/p>\n<p>Esta es la pieza de recambio perfecta. El distribuidor de impulsos totalmente dividido fabricado en fundici\u00f3n d\u00factil de alto contenido en silicio est\u00e1 dise\u00f1ado para soportar temperaturas y vibraciones extremas. Se ha desarrollado utilizando tecnolog\u00eda avanzada para garantizar una geometr\u00eda interna \u00f3ptima. Las juntas deslizantes de precisi\u00f3n permiten la expansi\u00f3n y contracci\u00f3n del distribuidor, lo que reduce la fatiga t\u00e9rmica c\u00edclica y prolonga significativamente la vida \u00fatil del distribuidor. Este kit viene con nuevas juntas, tornillos y espaciadores para proporcionar el m\u00e1ximo beneficio y valor.<\/p>\n<p>&nbsp;<\/p>\n<div class=\"relative inline-flex items-center\"><\/div>\n<div><\/div>\n<p><strong>Caracter\u00edsticas principales:<\/strong><\/p>\n<ul>\n<li>Fundici\u00f3n d\u00factil de alto contenido en silicio dise\u00f1ada para soportar temperaturas y vibraciones extremas<\/li>\n<li>Dise\u00f1o de distribuidor de impulsos totalmente dividido<\/li>\n<li>Ideal para aplicaciones en serie y de alto rendimiento<\/li>\n<li>Las juntas permiten la dilataci\u00f3n y contracci\u00f3n para evitar grietas o fugas del tubo de escape<\/li>\n<li>Incluidas juntas de escape y turbo<\/li>\n<li>Incluye tornillos y separadores de grado 10.9 revestidos de \u00f3xido negro<\/li>\n<li>Orificios para sondas pirom\u00e9tricas<\/li>\n<\/ul>\n<p>&nbsp;<\/p>\n<p><strong>M\u00e1s informaci\u00f3n:<\/strong><\/p>\n<ul>\n<li>Tiempo de instalaci\u00f3n<strong>:<\/strong> aprox. 3 horas<\/li>\n<\/ul>\n<p>&nbsp;<\/p>\n<p>&nbsp;<\/p>\n<p><strong>Adecuado para:<\/strong><\/p>\n<table width=\"753\">\n<tbody>\n<tr>\n<td style=\"width: 129.767px;\"><strong>A\u00f1o de construcci\u00f3n<\/strong><\/td>\n<td style=\"width: 110.1px;\"><strong>Marca<\/strong><\/td>\n<td style=\"width: 131.2px;\"><strong>Modelo<\/strong><\/td>\n<td style=\"width: 96.7167px;\"><strong>Variante<\/strong><\/td>\n<td style=\"width: 249.817px;\"><strong>Motor<\/strong><\/td>\n<\/tr>\n<tr>\n<td style=\"width: 129.767px;\">2003 - 2007<\/td>\n<td style=\"width: 110.1px;\">Dodge<\/td>\n<td style=\"width: 131.2px;\">Ram 2500<\/td>\n<td style=\"width: 96.7167px;\">Cummins<\/td>\n<td style=\"width: 249.817px;\">5.9L<\/td>\n<\/tr>\n<tr>\n<td style=\"width: 129.767px;\">2003 - 2007<\/td>\n<td style=\"width: 110.1px;\">Dodge<\/td>\n<td style=\"width: 131.2px;\">Ram 3500<\/td>\n<td style=\"width: 96.7167px;\">Cummins<\/td>\n<td style=\"width: 249.817px;\">5.9L<\/td>\n<\/tr>\n<\/tbody>\n<\/table>\n<p>&nbsp;<\/p>\n<p>&nbsp;<\/p>\n<p><strong>Acerca del fabricante<\/strong><\/p>\n<p>Fundada en 1972 como Valley Fuel Injection Ltd, BD se dio a conocer en 1989 cuando introdujo el primer freno de escape para el emergente mercado de las camionetas diesel. En la actualidad, Valley Fuel Injection (ahora BD Diesel Truck Service &amp; Performance Centre) y BD Diesel Performance son una sola empresa con divisiones especializadas en componentes para cadenas cinem\u00e1ticas di\u00e9sel. BD es una empresa innovadora y global que distribuye productos para la regi\u00f3n de Norteam\u00e9rica, tanto para motores di\u00e9sel como de gasolina. Nuestro kit de colector de escape RAM 5.7 es un producto de alta calidad para su RAM que optimiza el rendimiento y la eficiencia.<\/p>\n<p>&nbsp;<\/p>","protected":false},"excerpt":{"rendered":"<p>2003 - 2007<\/p>","protected":false},"featured_media":68354415,"comment_status":"open","ping_status":"closed","template":"","meta":{"_acf_changed":false},"product_brand":[20019],"product_cat":[10262,20033],"product_tag":[20034,506,507,20036,20035,10268,605,9618,9614,9606,9621,9610,9605,9619,9631,9626,9622,9613,9616,9601,9615,9627,9633,9624,9634,9636,9625,9617,9623,9637,9629,9607,9609,9611,9612,9620,9608,9632,9628,9635,9630,6579,9599,20099,20100,7201,9602,476,9603,9407,9604,550,393,86,216,9406],"class_list":{"0":"post-68354411","1":"product","2":"type-product","3":"status-publish","4":"has-post-thumbnail","6":"product_brand-bd-diesel","7":"product_cat-alle-produkte","8":"product_cat-59-cummins-abgasanlage","9":"product_tag-20034","10":"product_tag-506","11":"product_tag-507","12":"product_tag-3943871-3943875","13":"product_tag-20035","14":"product_tag-5-9","15":"product_tag-abgaskruemmer","16":"product_tag-abgaskruemmer-angebote","17":"product_tag-abgaskruemmer-anleitung","18":"product_tag-abgaskruemmer-austausch","19":"product_tag-abgaskruemmer-bewertungen","20":"product_tag-abgaskruemmer-bolzen","21":"product_tag-abgaskruemmer-dichtung","22":"product_tag-abgaskruemmer-erfahrungen","23":"product_tag-abgaskruemmer-ersatzteile","24":"product_tag-abgaskruemmer-garantie","25":"product_tag-abgaskruemmer-hersteller","26":"product_tag-abgaskruemmer-installation","27":"product_tag-abgaskruemmer-kaufen","28":"product_tag-abgaskruemmer-kit","29":"product_tag-abgaskruemmer-kosten","30":"product_tag-abgaskruemmer-lebensdauer","31":"product_tag-abgaskruemmer-lieferzeit","32":"product_tag-abgaskruemmer-material","33":"product_tag-abgaskruemmer-montage","34":"product_tag-abgaskruemmer-online-shop","35":"product_tag-abgaskruemmer-passgenauigkeit","36":"product_tag-abgaskruemmer-preisvergleich","37":"product_tag-abgaskruemmer-qualitaet","38":"product_tag-abgaskruemmer-rabatt","39":"product_tag-abgaskruemmer-reinigung","40":"product_tag-abgaskruemmer-reparatur","41":"product_tag-abgaskruemmer-riss","42":"product_tag-abgaskruemmer-schrauben","43":"product_tag-abgaskruemmer-set","44":"product_tag-abgaskruemmer-testberichte","45":"product_tag-abgaskruemmer-upgrade","46":"product_tag-abgaskruemmer-versand","47":"product_tag-abgaskruemmer-wartung","48":"product_tag-abgaskruemmer-werkstatt","49":"product_tag-abgaskruemmer-zubehoer","50":"product_tag-bd","51":"product_tag-bd-abgaskruemmer","52":"product_tag-bd-diesel","53":"product_tag-bd-diesel-performance","54":"product_tag-cummins","55":"product_tag-dodge-ram-tuning","56":"product_tag-dt","57":"product_tag-edelstahl-abgaskruemmer","58":"product_tag-gerissene-kruemmer-ram","59":"product_tag-hitzeschutzband","60":"product_tag-kruemmer","61":"product_tag-leistungssteigerung","62":"product_tag-ram","63":"product_tag-upgrade","64":"product_tag-upgrade-kruemmer","65":"product_shipping_class-paket-l","67":"first","68":"onbackorder","69":"taxable","70":"shipping-taxable","71":"purchasable","72":"product-type-simple"},"bundled_by":[],"bundle_stock_status":"onbackorder","bundle_stock_quantity":0,"bundle_virtual":false,"bundle_layout":"","bundle_add_to_cart_form_location":"","bundle_editable_in_cart":false,"bundle_sold_individually_context":"","bundle_item_grouping":"","bundle_min_size":"","bundle_max_size":"","bundle_price":[],"bundled_items":[],"bundle_sell_ids":[],"exclude_global_add_ons":[],"addons":[],"acf":[],"_links":{"self":[{"href":"https:\/\/kraftwerk-shop.cc\/es\/wp-json\/wp\/v2\/product\/68354411","targetHints":{"allow":["GET"]}}],"collection":[{"href":"https:\/\/kraftwerk-shop.cc\/es\/wp-json\/wp\/v2\/product"}],"about":[{"href":"https:\/\/kraftwerk-shop.cc\/es\/wp-json\/wp\/v2\/types\/product"}],"replies":[{"embeddable":true,"href":"https:\/\/kraftwerk-shop.cc\/es\/wp-json\/wp\/v2\/comments?post=68354411"}],"version-history":[{"count":0,"href":"https:\/\/kraftwerk-shop.cc\/es\/wp-json\/wp\/v2\/product\/68354411\/revisions"}],"wp:featuredmedia":[{"embeddable":true,"href":"https:\/\/kraftwerk-shop.cc\/es\/wp-json\/wp\/v2\/media\/68354415"}],"wp:attachment":[{"href":"https:\/\/kraftwerk-shop.cc\/es\/wp-json\/wp\/v2\/media?parent=68354411"}],"wp:term":[{"taxonomy":"product_brand","embeddable":true,"href":"https:\/\/kraftwerk-shop.cc\/es\/wp-json\/wp\/v2\/product_brand?post=68354411"},{"taxonomy":"product_cat","embeddable":true,"href":"https:\/\/kraftwerk-shop.cc\/es\/wp-json\/wp\/v2\/product_cat?post=68354411"},{"taxonomy":"product_tag","embeddable":true,"href":"https:\/\/kraftwerk-shop.cc\/es\/wp-json\/wp\/v2\/product_tag?post=68354411"}],"curies":[{"name":"wp","href":"https:\/\/api.w.org\/{rel}","templated":true}]}}