{"id":68354437,"date":"2025-12-20T22:31:19","date_gmt":"2025-12-20T21:31:19","guid":{"rendered":"https:\/\/kraftwerk-shop.cc\/?post_type=product&#038;p=68354437"},"modified":"2026-02-15T01:27:29","modified_gmt":"2026-02-15T00:27:29","slug":"afe-momentum-intake-50-72005-ram-67","status":"publish","type":"product","link":"https:\/\/kraftwerk-shop.cc\/es\/produkt\/afe-momentum-intake-50-72005-ram-67\/","title":{"rendered":"aFe Momentum HD Admisi\u00f3n de Aire Fr\u00edo RAM 6.7"},"content":{"rendered":"<h1>aFe POWER 50-72005 Sistema de admisi\u00f3n de aire fr\u00edo Momentum HD para RAM 2500 y 3500 6.7 Cummins de 2013 a 2018<\/h1>\n<p>&nbsp;<\/p>\n<p><strong>Vivienda \u00fanica<\/strong><br \/>\nLa carcasa lisa, de una sola pieza y sellada, fabricada en polietileno reticulado (XLPE) resistente al calor, est\u00e1 equipada con la interfaz patentada (US PAT 9440175) filtro-carcasa. El innovador dise\u00f1o reduce al m\u00ednimo el n\u00famero total de piezas, lo que facilita la instalaci\u00f3n.<br \/>\nUna gran ventana transparente facilita la inspecci\u00f3n del filtro sin tener que desmontar el sistema.<br \/>\nLa entrada de aire adicional puede utilizarse para suministrar aire adicional o puede cerrarse con un tap\u00f3n suministrado.<\/p>\n<p><strong>Colector de admisi\u00f3n<\/strong><br \/>\nEste sistema utiliza un colector de admisi\u00f3n dise\u00f1ado en CAD, desarrollado en el banco de pruebas y fabricado mediante un proceso rotativo, para garantizar el mayor aumento posible del rendimiento con un ajuste perfecto.<\/p>\n<p><strong>Filtro de aire grande de 10 capas de alto rendimiento<\/strong><br \/>\nEl sistema de admisi\u00f3n Momentum GT se ha dise\u00f1ado en torno al filtro de aire m\u00e1s grande posible para maximizar la filtraci\u00f3n y el rendimiento.<br \/>\nEste filtro de aire de flujo radial de 360 grados y 9\u2033 de altura cuenta con una brida de 5 1\/2\u2033 y medios Pro 10R preengrasados con 10 capas de gasa de algod\u00f3n progresivamente m\u00e1s fina para un rendimiento m\u00e1ximo.<br \/>\nLa parte superior invertida y la gran superficie garantizan una vida \u00fatil significativamente m\u00e1s larga entre los intervalos de mantenimiento, mientras que el metal reforzado asegura la m\u00e1xima resistencia para que el filtro no se colapse. Este medio filtrante es el m\u00e1s adecuado para aplicaciones todoterreno.<\/p>\n<p><strong>Material de instalaci\u00f3n de alta calidad<\/strong><br \/>\nLas abrazaderas de tornillo sin fin de acero inoxidable y la manguera de silicona reforzada garantizan estabilidad y durabilidad, as\u00ed como una instalaci\u00f3n segura y sencilla. Los sistemas de admisi\u00f3n Momentum est\u00e1n dise\u00f1ados con el menor n\u00famero posible de piezas individuales para garantizar una instalaci\u00f3n r\u00e1pida y sencilla.<\/p>\n<p>&nbsp;<\/p>\n<p><strong>detalles<\/strong><\/p>\n<p>- +7 CV, +24 NM de aumento m\u00e1ximo de potencia<br \/>\n- 10% m\u00e1s caudal que el filtro de aire est\u00e1ndar<br \/>\n- Colector de admisi\u00f3n desarrollado en CAD<br \/>\n- Carcasa de una sola pieza cerrada por arriba con mirilla incorporada<br \/>\n- Filtro de aire Pro 10R preengrasado, lavable y reutilizable para un rendimiento m\u00e1ximo<br \/>\n- Dise\u00f1o exclusivo de la carcasa del filtro<br \/>\n- Perfecta precisi\u00f3n de ajuste<\/p>\n<p>&nbsp;<\/p>\n<p><strong>Adecuado para:<\/strong><\/p>\n<table width=\"681\">\n<tbody>\n<tr>\n<td width=\"103\"><strong>A\u00f1o de construcci\u00f3n<\/strong><\/td>\n<td width=\"83\"><strong>Marca<\/strong><\/td>\n<td width=\"141\"><strong>Modelo<\/strong><\/td>\n<td width=\"73\"><strong>Variante<\/strong><\/td>\n<td width=\"281\"><strong>Motor<\/strong><\/td>\n<\/tr>\n<tr>\n<td width=\"103\">2025-2026<\/td>\n<td width=\"83\">RAM<\/td>\n<td width=\"141\">2500<\/td>\n<td width=\"73\">Cummins<\/td>\n<td width=\"281\">L6-6.7L Diesel<\/td>\n<\/tr>\n<tr>\n<td width=\"103\">2025-2026<\/td>\n<td width=\"83\">RAM<\/td>\n<td width=\"141\">3500<\/td>\n<td width=\"73\">Cummins<\/td>\n<td width=\"281\">L6-6.7L Diesel<\/td>\n<\/tr>\n<\/tbody>\n<\/table>\n<p>&nbsp;<\/p>\n<p>&nbsp;<\/p>","protected":false},"excerpt":{"rendered":"<p>2013-2018<\/p>","protected":false},"featured_media":68354440,"comment_status":"open","ping_status":"closed","template":"","meta":{"_acf_changed":false},"product_brand":[16879],"product_cat":[10262,2926],"product_tag":[506,507,20040,16880,498,9569,2441,9582,2741,826,824,825,9572,49,9580,9581,8640,9598,9589,9593,9587,9596,9597,9590,9586,9591,9585,9594,9584,9595,9592,9588,126,20273,8638,393,9577,9573,57,9583,9579,822,9570,8662,9578,828,9574,86,9571,500,9575,9576],"class_list":{"0":"post-68354437","1":"product","2":"type-product","3":"status-publish","4":"has-post-thumbnail","6":"product_brand-afe-power","7":"product_cat-alle-produkte","8":"product_cat-67-cummins-ansaugung","9":"product_tag-506","10":"product_tag-507","11":"product_tag-50-72005","12":"product_tag-advanced-flow-engineering","13":"product_tag-afe","14":"product_tag-afe-cold-air-intake","15":"product_tag-afe-power","16":"product_tag-aftermarket-teile","17":"product_tag-ansaugsystem","18":"product_tag-ansaugung","19":"product_tag-cai","20":"product_tag-cold-air-intake","21":"product_tag-diesel-performance","22":"product_tag-dodge","23":"product_tag-drehmomentzuwachs","24":"product_tag-einbauanleitung","25":"product_tag-fahrzeugkompatibilitaet","26":"product_tag-filterangebote","27":"product_tag-filterbewertungen","28":"product_tag-filtereffizienz","29":"product_tag-filterersatz","30":"product_tag-filterersatzteile","31":"product_tag-filterhersteller","32":"product_tag-filterinstallation","33":"product_tag-filterlebensdauer","34":"product_tag-filtermaterialien","35":"product_tag-filteroel","36":"product_tag-filterpflege","37":"product_tag-filterreinigung","38":"product_tag-filterreinigungskit","39":"product_tag-filtertechnologie","40":"product_tag-filtervergleich","41":"product_tag-hemi","42":"product_tag-keintuev","43":"product_tag-kraftstoffeffizienz","44":"product_tag-leistungssteigerung","45":"product_tag-lkw-upgrade","46":"product_tag-lufteinlasssystem","47":"product_tag-luftfilter","48":"product_tag-luftfilterwartung","49":"product_tag-luftstrom-erhoehen","50":"product_tag-momentum","51":"product_tag-momentum-hd","52":"product_tag-motoroptimierung","53":"product_tag-motortuning","54":"product_tag-pickup","55":"product_tag-pro-10r-filter","56":"product_tag-ram","57":"product_tag-ram-6-7-cummins","58":"product_tag-sportluftfilter","59":"product_tag-waschbarer-luftfilter","60":"product_tag-wiederverwendbarer-filter","62":"first","63":"onbackorder","64":"taxable","65":"shipping-taxable","66":"purchasable","67":"product-type-simple"},"bundled_by":[],"bundle_stock_status":"onbackorder","bundle_stock_quantity":0,"bundle_virtual":false,"bundle_layout":"","bundle_add_to_cart_form_location":"","bundle_editable_in_cart":false,"bundle_sold_individually_context":"","bundle_item_grouping":"","bundle_min_size":"","bundle_max_size":"","bundle_price":[],"bundled_items":[],"bundle_sell_ids":[],"exclude_global_add_ons":[],"addons":[],"acf":[],"_links":{"self":[{"href":"https:\/\/kraftwerk-shop.cc\/es\/wp-json\/wp\/v2\/product\/68354437","targetHints":{"allow":["GET"]}}],"collection":[{"href":"https:\/\/kraftwerk-shop.cc\/es\/wp-json\/wp\/v2\/product"}],"about":[{"href":"https:\/\/kraftwerk-shop.cc\/es\/wp-json\/wp\/v2\/types\/product"}],"replies":[{"embeddable":true,"href":"https:\/\/kraftwerk-shop.cc\/es\/wp-json\/wp\/v2\/comments?post=68354437"}],"version-history":[{"count":0,"href":"https:\/\/kraftwerk-shop.cc\/es\/wp-json\/wp\/v2\/product\/68354437\/revisions"}],"wp:featuredmedia":[{"embeddable":true,"href":"https:\/\/kraftwerk-shop.cc\/es\/wp-json\/wp\/v2\/media\/68354440"}],"wp:attachment":[{"href":"https:\/\/kraftwerk-shop.cc\/es\/wp-json\/wp\/v2\/media?parent=68354437"}],"wp:term":[{"taxonomy":"product_brand","embeddable":true,"href":"https:\/\/kraftwerk-shop.cc\/es\/wp-json\/wp\/v2\/product_brand?post=68354437"},{"taxonomy":"product_cat","embeddable":true,"href":"https:\/\/kraftwerk-shop.cc\/es\/wp-json\/wp\/v2\/product_cat?post=68354437"},{"taxonomy":"product_tag","embeddable":true,"href":"https:\/\/kraftwerk-shop.cc\/es\/wp-json\/wp\/v2\/product_tag?post=68354437"}],"curies":[{"name":"wp","href":"https:\/\/api.w.org\/{rel}","templated":true}]}}