{"id":68354864,"date":"2025-12-28T23:04:44","date_gmt":"2025-12-28T22:04:44","guid":{"rendered":"https:\/\/kraftwerk-shop.cc\/?post_type=product&#038;p=68354864"},"modified":"2026-02-15T01:27:42","modified_gmt":"2026-02-15T00:27:42","slug":"mejora-de-la-bomba-de-agua-de-refrigeracion-pacifica","status":"publish","type":"product","link":"https:\/\/kraftwerk-shop.cc\/es\/produkt\/upgrade-kuehlwasserpumpe-pacifica\/","title":{"rendered":"Mejora de la bomba de agua de refrigeraci\u00f3n Pacifica 3.6"},"content":{"rendered":"<h1>Mejora de la bomba de agua de refrigeraci\u00f3n para Chrysler Pacifica 3.6 de 2017 a 2026<\/h1>\n<p>&nbsp;<\/p>\n<p><strong>N\u00fameros de comparaci\u00f3n Mopar:<\/strong> 68311109AA, 68311109AB, 68311109AC, 68311109AD<\/p>\n<p>&nbsp;<\/p>\n<p><strong>Propiedades<\/strong><\/p>\n<ul>\n<li>Rodamientos cementados<\/li>\n<li>Superficies precisas mecanizadas por CNC<\/li>\n<li>Rodete met\u00e1lico<\/li>\n<li>Incluida la junta de la bomba de agua<\/li>\n<\/ul>\n<p>&nbsp;<\/p>\n<p><strong>Ventajas de los rodamientos cementados<\/strong><\/p>\n<p>Esta bomba de agua de refrigeraci\u00f3n utiliza cojinetes endurecidos desarrollados seg\u00fan las especificaciones del fabricante original para satisfacer los requisitos espec\u00edficos de par radial y carga axial de cada aplicaci\u00f3n.<br \/>\nEstos cojinetes cementados de alta calidad tienen una mayor capacidad de carga y son robustos por fuera pero flexibles por dentro. Esto los hace ideales para resistir desequilibrios o vibraciones en el sistema de refrigeraci\u00f3n.<\/p>\n<p>&nbsp;<\/p>\n<ul>\n<li>Larga vida \u00fatil<\/li>\n<li>Gran capacidad de carga<\/li>\n<li>Resistente por fuera y flexible por dentro<\/li>\n<li>Resiste desequilibrios o vibraciones en el sistema de refrigeraci\u00f3n<\/li>\n<\/ul>\n<p>&nbsp;<\/p>\n<p><strong>Ventajas de las superficies de precisi\u00f3n fresadas con CNC<\/strong><\/p>\n<p>La bomba de agua se fabrica seg\u00fan las especificaciones de la pieza de fundici\u00f3n original y todas las superficies de montaje se fresan mediante CNC.<br \/>\nEsto facilita la instalaci\u00f3n y garantiza un sellado preciso de todas las superficies unidas. Una conexi\u00f3n estanca garantiza una larga vida \u00fatil de los componentes y la m\u00e1xima eficiencia.<\/p>\n<p>&nbsp;<\/p>\n<ul>\n<li>Precisi\u00f3n de ajuste garantizada con componentes a juego<\/li>\n<li>Evita fugas<\/li>\n<li>Inspeccionado y comprobado conforme a las normas ISO9001:2015<\/li>\n<\/ul>\n<p>&nbsp;<\/p>\n<p><strong>Ventajas de los rodetes met\u00e1licos<\/strong><\/p>\n<p>Los impulsores met\u00e1licos son muy superiores a los de pl\u00e1stico. Al utilizar impulsores met\u00e1licos, una bomba de agua puede soportar pares m\u00e1s elevados y temperaturas m\u00e1s altas.<br \/>\nEsto no s\u00f3lo ayuda a mejorar el rendimiento, sino que tambi\u00e9n evita fallos en los componentes causados por ruedas rotas o deformadas.<\/p>\n<p>&nbsp;<\/p>\n<ul>\n<li>Soporta altas temperaturas<\/li>\n<li>Resistente a los productos qu\u00edmicos<\/li>\n<li>Potente a altas velocidades<\/li>\n<li>No se deforma<\/li>\n<li>Soporta elevadas fuerzas de torsi\u00f3n<\/li>\n<li>No se astilla<\/li>\n<li>Sin grietas durante el ajuste a presi\u00f3n<\/li>\n<li>Extremadamente duradero<\/li>\n<li>Soporta tolerancias en motores con alto kilometraje<\/li>\n<\/ul>\n<p>&nbsp;<\/p>\n<p>&nbsp;<\/p>\n<p><strong>Adecuado para:<\/strong><\/p>\n<table width=\"996\">\n<tbody>\n<tr>\n<td width=\"138\"><strong>A\u00f1o de construcci\u00f3n<\/strong><\/td>\n<td width=\"168\"><strong>Marca<\/strong><\/td>\n<td width=\"144\"><strong>Modelo<\/strong><\/td>\n<td width=\"290\"><strong>Versi\u00f3n<\/strong><\/td>\n<td width=\"256\"><strong>Motor<\/strong><\/td>\n<\/tr>\n<tr>\n<td width=\"138\">2026<\/td>\n<td width=\"168\">Chrysler<\/td>\n<td width=\"144\">Pacifica<\/td>\n<td width=\"290\">Hybrid Pinnacle, Hybrid Select, Hybrid Select Premium, Limited, Pinnacle, Select<\/td>\n<td width=\"256\">3.6L<\/td>\n<\/tr>\n<tr>\n<td width=\"138\">2026<\/td>\n<td width=\"168\">Chrysler<\/td>\n<td width=\"144\">Voyager<\/td>\n<td width=\"290\">LX<\/td>\n<td width=\"256\">3.6L<\/td>\n<\/tr>\n<tr>\n<td width=\"138\">2026<\/td>\n<td width=\"168\">Ram<\/td>\n<td width=\"144\">ProMaster 1500<\/td>\n<td width=\"290\">SLT+, Tradesman<\/td>\n<td width=\"256\">3.6L<\/td>\n<\/tr>\n<tr>\n<td width=\"138\">2026<\/td>\n<td width=\"168\">Ram<\/td>\n<td width=\"144\">ProMaster 2500<\/td>\n<td width=\"290\">SLT+, Tradesman<\/td>\n<td width=\"256\">3.6L<\/td>\n<\/tr>\n<tr>\n<td width=\"138\">2026<\/td>\n<td width=\"168\">Ram<\/td>\n<td width=\"144\">ProMaster 3500<\/td>\n<td width=\"290\">SLT+, Tradesman<\/td>\n<td width=\"256\">3.6L<\/td>\n<\/tr>\n<tr>\n<td width=\"138\">2025<\/td>\n<td width=\"168\">Chrysler<\/td>\n<td width=\"144\">Pacifica<\/td>\n<td width=\"290\">Hybrid Pinnacle, Hybrid S Appearance, Hybrid Select, Limited, Pinnacle, Select<\/td>\n<td width=\"256\">3.6L<\/td>\n<\/tr>\n<tr>\n<td width=\"138\">2025<\/td>\n<td width=\"168\">Ram<\/td>\n<td width=\"144\">ProMaster 1500<\/td>\n<td width=\"290\">SLT+, Tradesman<\/td>\n<td width=\"256\">3.6L<\/td>\n<\/tr>\n<tr>\n<td width=\"138\">2025<\/td>\n<td width=\"168\">Ram<\/td>\n<td width=\"144\">ProMaster 2500<\/td>\n<td width=\"290\">SLT+, Tradesman<\/td>\n<td width=\"256\">3.6L<\/td>\n<\/tr>\n<tr>\n<td width=\"138\">2025<\/td>\n<td width=\"168\">Ram<\/td>\n<td width=\"144\">ProMaster 3500<\/td>\n<td width=\"290\">SLT+, Tradesman<\/td>\n<td width=\"256\">3.6L<\/td>\n<\/tr>\n<tr>\n<td width=\"138\">2024<\/td>\n<td width=\"168\">Chrysler<\/td>\n<td width=\"144\">Pacifica<\/td>\n<td width=\"290\">Hybrid Pinnacle, Hybrid Premium S Appearance, Hybrid Road Tripper, Hybrid S Appearance, Hybrid Select, Limited, Pinnacle, Touring, Touring L<\/td>\n<td width=\"256\">3.6L<\/td>\n<\/tr>\n<tr>\n<td width=\"138\">2024<\/td>\n<td width=\"168\">Chrysler<\/td>\n<td width=\"144\">Voyager<\/td>\n<td width=\"290\">LX<\/td>\n<td width=\"256\">3.6L<\/td>\n<\/tr>\n<tr>\n<td width=\"138\">2024<\/td>\n<td width=\"168\">Ram<\/td>\n<td width=\"144\">ProMaster 1500<\/td>\n<td width=\"290\">SLT+, Tradesman<\/td>\n<td width=\"256\">3.6L<\/td>\n<\/tr>\n<tr>\n<td width=\"138\">2024<\/td>\n<td width=\"168\">Ram<\/td>\n<td width=\"144\">ProMaster 2500<\/td>\n<td width=\"290\">SLT+, Tradesman<\/td>\n<td width=\"256\">3.6L<\/td>\n<\/tr>\n<tr>\n<td width=\"138\">2024<\/td>\n<td width=\"168\">Ram<\/td>\n<td width=\"144\">ProMaster 3500<\/td>\n<td width=\"290\">SLT+, Tradesman<\/td>\n<td width=\"256\">3.6L<\/td>\n<\/tr>\n<tr>\n<td width=\"138\">2023<\/td>\n<td width=\"168\">Chrysler<\/td>\n<td width=\"144\">Pacifica<\/td>\n<td width=\"290\">Hybrid Limited, Hybrid Pinnacle, Hybrid Touring L, Limited, Pinnacle, Touring, Touring L<\/td>\n<td width=\"256\">3.6L<\/td>\n<\/tr>\n<tr>\n<td width=\"138\">2023<\/td>\n<td width=\"168\">Ram<\/td>\n<td width=\"144\">ProMaster 1500<\/td>\n<td width=\"290\">Base<\/td>\n<td width=\"256\">3.6L<\/td>\n<\/tr>\n<tr>\n<td width=\"138\">2023<\/td>\n<td width=\"168\">Ram<\/td>\n<td width=\"144\">ProMaster 2500<\/td>\n<td width=\"290\">Base<\/td>\n<td width=\"256\">3.6L<\/td>\n<\/tr>\n<tr>\n<td width=\"138\">2023<\/td>\n<td width=\"168\">Ram<\/td>\n<td width=\"144\">ProMaster 3500<\/td>\n<td width=\"290\">Base<\/td>\n<td width=\"256\">3.6L<\/td>\n<\/tr>\n<tr>\n<td width=\"138\">2022<\/td>\n<td width=\"168\">Chrysler<\/td>\n<td width=\"144\">Pacifica<\/td>\n<td width=\"290\">Hybrid Limited, Hybrid Pinnacle, Hybrid Touring L, Limited, Pinnacle, Touring, Touring L<\/td>\n<td width=\"256\">3.6L<\/td>\n<\/tr>\n<tr>\n<td width=\"138\">2022<\/td>\n<td width=\"168\">Chrysler<\/td>\n<td width=\"144\">Voyager<\/td>\n<td width=\"290\">LX<\/td>\n<td width=\"256\">3.6L<\/td>\n<\/tr>\n<tr>\n<td width=\"138\">2022<\/td>\n<td width=\"168\">Ram<\/td>\n<td width=\"144\">ProMaster 1500<\/td>\n<td width=\"290\">Base<\/td>\n<td width=\"256\">3.6L<\/td>\n<\/tr>\n<tr>\n<td width=\"138\">2022<\/td>\n<td width=\"168\">Ram<\/td>\n<td width=\"144\">ProMaster 2500<\/td>\n<td width=\"290\">Base<\/td>\n<td width=\"256\">3.6L<\/td>\n<\/tr>\n<tr>\n<td width=\"138\">2022<\/td>\n<td width=\"168\">Ram<\/td>\n<td width=\"144\">ProMaster 3500<\/td>\n<td width=\"290\">Base<\/td>\n<td width=\"256\">3.6L<\/td>\n<\/tr>\n<tr>\n<td width=\"138\">2021<\/td>\n<td width=\"168\">Chrysler<\/td>\n<td width=\"144\">Pacifica<\/td>\n<td width=\"290\">Hybrid Limited, Hybrid Pinnacle, Hybrid Touring, Hybrid Touring L, Limited, Pinnacle, Touring, Touring L<\/td>\n<td width=\"256\">3.6L<\/td>\n<\/tr>\n<tr>\n<td width=\"138\">2021<\/td>\n<td width=\"168\">Chrysler<\/td>\n<td width=\"144\">Voyager<\/td>\n<td width=\"290\">L, LX, LXi<\/td>\n<td width=\"256\">3.6L<\/td>\n<\/tr>\n<tr>\n<td width=\"138\">2020<\/td>\n<td width=\"168\">Chrysler<\/td>\n<td width=\"144\">Pacifica<\/td>\n<td width=\"290\">Hybrid Limited, Hybrid Touring, Hybrid Touring L, Limited, Touring, Touring L, Touring L Plus<\/td>\n<td width=\"256\">3.6L<\/td>\n<\/tr>\n<tr>\n<td width=\"138\">2020<\/td>\n<td width=\"168\">Chrysler<\/td>\n<td width=\"144\">Voyager<\/td>\n<td width=\"290\">L, LX, LXi<\/td>\n<td width=\"256\">3.6L<\/td>\n<\/tr>\n<tr>\n<td width=\"138\">2019<\/td>\n<td width=\"168\">Chrysler<\/td>\n<td width=\"144\">Pacifica<\/td>\n<td width=\"290\">H\u00edbrido Limited, H\u00edbrido Touring L, H\u00edbrido Touring Plus, L, LX, Limited, Touring, Touring L, Touring L Plus, Touring Plus<\/td>\n<td width=\"256\">3.6L<\/td>\n<\/tr>\n<tr>\n<td width=\"138\">2018<\/td>\n<td width=\"168\">Chrysler<\/td>\n<td width=\"144\">Pacifica<\/td>\n<td width=\"290\">H\u00edbrido Limited, H\u00edbrido Touring L, H\u00edbrido Touring Plus, L, LX, Limited, Touring, Touring L, Touring L Plus, Touring Plus<\/td>\n<td width=\"256\">3.6L<\/td>\n<\/tr>\n<tr>\n<td width=\"138\">2017<\/td>\n<td width=\"168\">Chrysler<\/td>\n<td width=\"144\">Pacifica<\/td>\n<td width=\"290\">Hybrid Platinum, Hybrid Premium, LX, Limited, Touring, Touring L, Touring L Plus<\/td>\n<td width=\"256\">3.6L<\/td>\n<\/tr>\n<\/tbody>\n<\/table>\n<p>&nbsp;<\/p>","protected":false},"excerpt":{"rendered":"<p>Upgrade K\u00fchlwasserpumpe f\u00fcr Chrysler Pacifica 3.6 von 2017 bis 2026 &nbsp; Mopar Vergleichsnummern: 68311109AA, 68311109AB, 68311109AC, 68311109AD &nbsp; Eigenschaften Einsatzgeh\u00e4rtete<\/p>","protected":false},"featured_media":68354978,"comment_status":"open","ping_status":"closed","template":"","meta":{"_acf_changed":false},"product_brand":[],"product_cat":[10262,19670],"product_tag":[169,20166,20167,20168,20169,48,5255,127,216,20170,6430,683,5254,673],"class_list":{"0":"post-68354864","1":"product","2":"type-product","3":"status-publish","4":"has-post-thumbnail","6":"product_cat-alle-produkte","7":"product_cat-pacifica-kuehlung","8":"product_tag-3-6","9":"product_tag-68311109aa","10":"product_tag-68311109ab","11":"product_tag-68311109ac","12":"product_tag-68311109ad","13":"product_tag-chrysler","14":"product_tag-kuehlwasserpumpe","15":"product_tag-pacifica","16":"product_tag-upgrade","17":"product_tag-us8151","18":"product_tag-usmotor","19":"product_tag-voyager","20":"product_tag-wasserpumpe","21":"product_tag-zubehoer","23":"first","24":"instock","25":"taxable","26":"shipping-taxable","27":"purchasable","28":"product-type-simple"},"bundled_by":[],"bundle_stock_status":"instock","bundle_stock_quantity":1,"bundle_virtual":false,"bundle_layout":"","bundle_add_to_cart_form_location":"","bundle_editable_in_cart":false,"bundle_sold_individually_context":"","bundle_item_grouping":"","bundle_min_size":"","bundle_max_size":"","bundle_price":[],"bundled_items":[],"bundle_sell_ids":[],"exclude_global_add_ons":[],"addons":[],"acf":[],"_links":{"self":[{"href":"https:\/\/kraftwerk-shop.cc\/es\/wp-json\/wp\/v2\/product\/68354864","targetHints":{"allow":["GET"]}}],"collection":[{"href":"https:\/\/kraftwerk-shop.cc\/es\/wp-json\/wp\/v2\/product"}],"about":[{"href":"https:\/\/kraftwerk-shop.cc\/es\/wp-json\/wp\/v2\/types\/product"}],"replies":[{"embeddable":true,"href":"https:\/\/kraftwerk-shop.cc\/es\/wp-json\/wp\/v2\/comments?post=68354864"}],"version-history":[{"count":0,"href":"https:\/\/kraftwerk-shop.cc\/es\/wp-json\/wp\/v2\/product\/68354864\/revisions"}],"wp:featuredmedia":[{"embeddable":true,"href":"https:\/\/kraftwerk-shop.cc\/es\/wp-json\/wp\/v2\/media\/68354978"}],"wp:attachment":[{"href":"https:\/\/kraftwerk-shop.cc\/es\/wp-json\/wp\/v2\/media?parent=68354864"}],"wp:term":[{"taxonomy":"product_brand","embeddable":true,"href":"https:\/\/kraftwerk-shop.cc\/es\/wp-json\/wp\/v2\/product_brand?post=68354864"},{"taxonomy":"product_cat","embeddable":true,"href":"https:\/\/kraftwerk-shop.cc\/es\/wp-json\/wp\/v2\/product_cat?post=68354864"},{"taxonomy":"product_tag","embeddable":true,"href":"https:\/\/kraftwerk-shop.cc\/es\/wp-json\/wp\/v2\/product_tag?post=68354864"}],"curies":[{"name":"wp","href":"https:\/\/api.w.org\/{rel}","templated":true}]}}