{"id":68355005,"date":"2026-01-01T14:42:43","date_gmt":"2026-01-01T13:42:43","guid":{"rendered":"https:\/\/kraftwerk-shop.cc\/?post_type=product&#038;p=68355005"},"modified":"2026-04-05T14:52:58","modified_gmt":"2026-04-05T12:52:58","slug":"perno-prisionero-mopar-06513205aa","status":"publish","type":"product","link":"https:\/\/kraftwerk-shop.cc\/es\/produkt\/mopar-stehbolzen-06513205aa\/","title":{"rendered":"Perno prisionero Mopar (06513205AA)"},"content":{"rendered":"<h1>Pernos originales Mopar (06513205AA) para 6.2 y 6.4 de 2018 a 2025<\/h1>\n<p>&nbsp;<\/p>\n<p><span lang=\"DE\"><strong>N\u00famero de pieza Mopar:<\/strong>\u00a006513205AA<br \/>\n<strong>Reemplazado: <\/strong>6512285AA<\/span><\/p>\n<p><span class=\"list-value description_body\"><strong>Tama\u00f1o:<\/strong> M12X1.75XM8X1.25X154.50<\/span><\/p>\n<p>&nbsp;<\/p>\n<p><strong>Adecuado para:<\/strong><\/p>\n<table width=\"996\">\n<tbody>\n<tr>\n<td width=\"138\"><strong>A\u00f1o de construcci\u00f3n<\/strong><\/td>\n<td width=\"168\"><strong>Marca<\/strong><\/td>\n<td width=\"144\"><strong>Modelo<\/strong><\/td>\n<td width=\"290\"><strong>Versi\u00f3n<\/strong><\/td>\n<td width=\"256\"><strong>Motor<\/strong><\/td>\n<\/tr>\n<tr>\n<td width=\"138\">2025<\/td>\n<td width=\"168\">Dodge<\/td>\n<td width=\"144\">Durango<\/td>\n<td width=\"290\">SRT Hellcat Hammerhead, SRT Hellcat Plus, SRT Hellcat Premium, SRT Hellcat Silver Bullet<\/td>\n<td width=\"256\">6.2L<\/td>\n<\/tr>\n<tr>\n<td width=\"138\">2025<\/td>\n<td width=\"168\">Jeep<\/td>\n<td width=\"144\">Wrangler<\/td>\n<td width=\"290\">Unlimited Rubicon 392 Edici\u00f3n Final<\/td>\n<td width=\"256\">6.4L<\/td>\n<\/tr>\n<tr>\n<td width=\"138\">2024<\/td>\n<td width=\"168\">Dodge<\/td>\n<td width=\"144\">Durango<\/td>\n<td width=\"290\">SRT 392, SRT 392 Plus, SRT 392 Premium, SRT Hellcat, SRT Hellcat Plus, SRT Hellcat Premium<\/td>\n<td width=\"256\">6.2L, 6.4L<\/td>\n<\/tr>\n<tr>\n<td width=\"138\">2024<\/td>\n<td width=\"168\">Jeep<\/td>\n<td width=\"144\">Wrangler<\/td>\n<td width=\"290\">Unlimited Rubicon 392, Unlimited Rubicon 392 Final Edition<\/td>\n<td width=\"256\">6.4L<\/td>\n<\/tr>\n<tr>\n<td width=\"138\">2024<\/td>\n<td width=\"168\">Ram<\/td>\n<td width=\"144\">1500<\/td>\n<td width=\"290\">TRX<\/td>\n<td width=\"256\">6.2L<\/td>\n<\/tr>\n<tr>\n<td width=\"138\">2023<\/td>\n<td width=\"168\">Chrysler<\/td>\n<td width=\"144\">300<\/td>\n<td width=\"290\">C<\/td>\n<td width=\"256\">6.4L<\/td>\n<\/tr>\n<tr>\n<td width=\"138\">2023<\/td>\n<td width=\"168\">Dodge<\/td>\n<td width=\"144\">Challenger<\/td>\n<td width=\"290\">R\/T Scat Pack, R\/T Scat Pack Widebody, SRT Demon 170, SRT Hellcat Jailbreak, SRT Hellcat Redeye Jailbreak, SRT Hellcat Redeye Widebody Jailbreak, SRT Hellcat Widebody Jailbreak, SRT Super Stock<\/td>\n<td width=\"256\">6.2L, 6.4L<\/td>\n<\/tr>\n<tr>\n<td width=\"138\">2023<\/td>\n<td width=\"168\">Dodge<\/td>\n<td width=\"144\">Charger<\/td>\n<td width=\"290\">SRT Hellcat Redeye Widebody, SRT Hellcat Redeye Widebody Jailbreak, SRT Hellcat Widebody, SRT Hellcat Widebody Jailbreak, Scat Pack, Scat Pack Widebody<\/td>\n<td width=\"256\">6.2L, 6.4L<\/td>\n<\/tr>\n<tr>\n<td width=\"138\">2023<\/td>\n<td width=\"168\">Dodge<\/td>\n<td width=\"144\">Durango<\/td>\n<td width=\"290\">SRT 392, SRT 392 Plus, SRT 392 Premium, SRT Hellcat, SRT Hellcat Plus, SRT Hellcat Premium<\/td>\n<td width=\"256\">6.2L, 6.4L<\/td>\n<\/tr>\n<tr>\n<td width=\"138\">2023<\/td>\n<td width=\"168\">Jeep<\/td>\n<td width=\"144\">Grand Wagoneer<\/td>\n<td width=\"290\">Base, Obsidian, Series II, Series III, Series III Obsidian<\/td>\n<td width=\"256\">6.4L<\/td>\n<\/tr>\n<tr>\n<td width=\"138\">2023<\/td>\n<td width=\"168\">Jeep<\/td>\n<td width=\"144\">Wrangler<\/td>\n<td width=\"290\">Unlimited Rubicon 392<\/td>\n<td width=\"256\">6.4L<\/td>\n<\/tr>\n<tr>\n<td width=\"138\">2023<\/td>\n<td width=\"168\">Ram<\/td>\n<td width=\"144\">1500<\/td>\n<td width=\"290\">TRX<\/td>\n<td width=\"256\">6.2L<\/td>\n<\/tr>\n<tr>\n<td width=\"138\">2022<\/td>\n<td width=\"168\">Dodge<\/td>\n<td width=\"144\">Challenger<\/td>\n<td width=\"290\">R\/T Scat Pack, R\/T Scat Pack Widebody, SRT Hellcat, SRT Hellcat Redeye, SRT Hellcat Redeye Widebody, SRT Hellcat Widebody, SRT Jailbreak, SRT Super Stock<\/td>\n<td width=\"256\">6.2L, 6.4L<\/td>\n<\/tr>\n<tr>\n<td width=\"138\">2022<\/td>\n<td width=\"168\">Dodge<\/td>\n<td width=\"144\">Charger<\/td>\n<td width=\"290\">SRT Hellcat Redeye Widebody, SRT Hellcat Widebody, SRT Jailbreak, Scat Pack, Scat Pack Widebody<\/td>\n<td width=\"256\">6.2L, 6.4L<\/td>\n<\/tr>\n<tr>\n<td width=\"138\">2022<\/td>\n<td width=\"168\">Dodge<\/td>\n<td width=\"144\">Durango<\/td>\n<td width=\"290\">SRT 392<\/td>\n<td width=\"256\">6.4L<\/td>\n<\/tr>\n<tr>\n<td width=\"138\">2022<\/td>\n<td width=\"168\">Jeep<\/td>\n<td width=\"144\">Grand Wagoneer<\/td>\n<td width=\"290\">Obsidian, Series I, Series II, Series III<\/td>\n<td width=\"256\">6.4L<\/td>\n<\/tr>\n<tr>\n<td width=\"138\">2022<\/td>\n<td width=\"168\">Jeep<\/td>\n<td width=\"144\">Wrangler<\/td>\n<td width=\"290\">Unlimited Rubicon 392<\/td>\n<td width=\"256\">6.4L<\/td>\n<\/tr>\n<tr>\n<td width=\"138\">2022<\/td>\n<td width=\"168\">Ram<\/td>\n<td width=\"144\">1500<\/td>\n<td width=\"290\">TRX<\/td>\n<td width=\"256\">6.2L<\/td>\n<\/tr>\n<tr>\n<td width=\"138\">2021<\/td>\n<td width=\"168\">Dodge<\/td>\n<td width=\"144\">Challenger<\/td>\n<td width=\"290\">R\/T Scat Pack, R\/T Scat Pack Shaker Widebody, R\/T Scat Pack Widebody, SRT Hellcat, SRT Hellcat Redeye, SRT Hellcat Redeye Widebody, SRT Hellcat Widebody, SRT Super Stock, T\/A 392 Widebody<\/td>\n<td width=\"256\">6.2L, 6.4L<\/td>\n<\/tr>\n<tr>\n<td width=\"138\">2021<\/td>\n<td width=\"168\">Dodge<\/td>\n<td width=\"144\">Charger<\/td>\n<td width=\"290\">SRT Hellcat Redeye Widebody, SRT Hellcat Widebody, Scat Pack<\/td>\n<td width=\"256\">6.2L, 6.4L<\/td>\n<\/tr>\n<tr>\n<td width=\"138\">2021<\/td>\n<td width=\"168\">Dodge<\/td>\n<td width=\"144\">Durango<\/td>\n<td width=\"290\">SRT, SRT Hellcat<\/td>\n<td width=\"256\">6.2L, 6.4L<\/td>\n<\/tr>\n<tr>\n<td width=\"138\">2021<\/td>\n<td width=\"168\">Jeep<\/td>\n<td width=\"144\">Grand Cherokee<\/td>\n<td width=\"290\">SRT, Trackhawk<\/td>\n<td width=\"256\">6.2L, 6.4L<\/td>\n<\/tr>\n<tr>\n<td width=\"138\">2021<\/td>\n<td width=\"168\">Jeep<\/td>\n<td width=\"144\">Wrangler<\/td>\n<td width=\"290\">Unlimited Rubicon 392<\/td>\n<td width=\"256\">6.4L<\/td>\n<\/tr>\n<tr>\n<td width=\"138\">2021<\/td>\n<td width=\"168\">Ram<\/td>\n<td width=\"144\">1500<\/td>\n<td width=\"290\">TRX, TRX Launch Edition<\/td>\n<td width=\"256\">6.2L<\/td>\n<\/tr>\n<tr>\n<td width=\"138\">2020<\/td>\n<td width=\"168\">Dodge<\/td>\n<td width=\"144\">Challenger<\/td>\n<td width=\"290\">R\/T Scat Pack, R\/T Scat Pack Widebody, SRT Hellcat, SRT Hellcat Redeye, SRT Hellcat Redeye Widebody, SRT Hellcat Widebody, SRT Super Stock<\/td>\n<td width=\"256\">6.2L, 6.4L<\/td>\n<\/tr>\n<tr>\n<td width=\"138\">2020<\/td>\n<td width=\"168\">Dodge<\/td>\n<td width=\"144\">Charger<\/td>\n<td width=\"290\">SRT Hellcat, SRT Hellcat Widebody, Scat Pack, Scat Pack 392 Widebody<\/td>\n<td width=\"256\">6.2L, 6.4L<\/td>\n<\/tr>\n<tr>\n<td width=\"138\">2020<\/td>\n<td width=\"168\">Dodge<\/td>\n<td width=\"144\">Durango<\/td>\n<td width=\"290\">SRT<\/td>\n<td width=\"256\">6.4L<\/td>\n<\/tr>\n<tr>\n<td width=\"138\">2020<\/td>\n<td width=\"168\">Jeep<\/td>\n<td width=\"144\">Grand Cherokee<\/td>\n<td width=\"290\">SRT, Trackhawk<\/td>\n<td width=\"256\">6.2L, 6.4L<\/td>\n<\/tr>\n<tr>\n<td width=\"138\">2019<\/td>\n<td width=\"168\">Dodge<\/td>\n<td width=\"144\">Challenger<\/td>\n<td width=\"290\">R\/T 392, R\/T Scat Pack, R\/T Scat Pack Widebody, SRT Hellcat, SRT Hellcat Redeye, SRT Hellcat Redeye Widebody, SRT Hellcat Widebody<\/td>\n<td width=\"256\">6.2L, 6.4L<\/td>\n<\/tr>\n<tr>\n<td width=\"138\">2019<\/td>\n<td width=\"168\">Dodge<\/td>\n<td width=\"144\">Charger<\/td>\n<td width=\"290\">SRT Hellcat, Scat Pack<\/td>\n<td width=\"256\">6.2L, 6.4L<\/td>\n<\/tr>\n<tr>\n<td width=\"138\">2019<\/td>\n<td width=\"168\">Dodge<\/td>\n<td width=\"144\">Durango<\/td>\n<td width=\"290\">SRT<\/td>\n<td width=\"256\">6.4L<\/td>\n<\/tr>\n<tr>\n<td width=\"138\">2019<\/td>\n<td width=\"168\">Jeep<\/td>\n<td width=\"144\">Grand Cherokee<\/td>\n<td width=\"290\">SRT, Trackhawk<\/td>\n<td width=\"256\">6.2L, 6.4L<\/td>\n<\/tr>\n<tr>\n<td width=\"138\">2018<\/td>\n<td width=\"168\">Dodge<\/td>\n<td width=\"144\">Challenger<\/td>\n<td width=\"290\">SRT Demon, SRT Hellcat, SRT Hellcat Widebody<\/td>\n<td width=\"256\">6.2L<\/td>\n<\/tr>\n<tr>\n<td width=\"138\">2018<\/td>\n<td width=\"168\">Dodge<\/td>\n<td width=\"144\">Charger<\/td>\n<td width=\"290\">SRT Hellcat<\/td>\n<td width=\"256\">6.2L<\/td>\n<\/tr>\n<tr>\n<td width=\"138\">2018<\/td>\n<td width=\"168\">Jeep<\/td>\n<td width=\"144\">Grand Cherokee<\/td>\n<td width=\"290\">SRT, Trackhawk<\/td>\n<td width=\"256\">6.2L, 6.4L<\/td>\n<\/tr>\n<\/tbody>\n<\/table>\n<p>&nbsp;<\/p>\n<p>&nbsp;<\/p>\n<h4>Su primera opci\u00f3n: Recambios originales Mopar<\/h4>\n<p><strong>Calidad original del fabricante:<\/strong> Mopar conoce su veh\u00edculo hasta el m\u00e1s m\u00ednimo detalle; al fin y al cabo, todas las piezas originales proceden directamente del fabricante. Los componentes se adaptan con precisi\u00f3n a su modelo y cumplen todas las especificaciones de f\u00e1brica. Esto significa: instalaci\u00f3n precisa, funcionamiento \u00f3ptimo y m\u00e1xima seguridad.<\/p>\n<p><strong>Durabilidad y fiabilidad demostradas<\/strong>Las piezas originales Mopar son sin\u00f3nimo de calidad probada y materiales robustos. Se han probado y desarrollado en condiciones reales para ofrecer un rendimiento s\u00f3lido a largo plazo, independientemente de lo exigentes que sean las condiciones de funcionamiento.<\/p>\n<p>&nbsp;<\/p>","protected":false},"excerpt":{"rendered":"<p>Pieza original Mopar<\/p>","protected":false},"featured_media":68355007,"comment_status":"open","ping_status":"closed","template":"","meta":{"_acf_changed":false},"product_brand":[16270],"product_cat":[6492,6660,6486,6665,6497,6670,6502,6675,6507,6800,6512,6680,2731],"product_tag":[20176,20173,20175,20174,31,8813,9424,16271,16273,16275,16272,16274,7221],"class_list":{"0":"post-68355005","1":"product","2":"type-product","3":"status-publish","4":"has-post-thumbnail","6":"product_brand-mopar","7":"product_cat-300c-64-dichtungen-hardware","8":"product_cat-challenger-hellcat-dichtungen-hardware","9":"product_cat-challenger-64-dichtungen-hardware","10":"product_cat-charger-hellcat-dichtungen-hardware","11":"product_cat-charger-64-dichtungen-hardware","12":"product_cat-durango-hellcat-dichtungen-hardware","13":"product_cat-durango-64-dichtungen-hardware","14":"product_cat-trackhawk-dichtungen-hardware","15":"product_cat-grand-cherokee-64-dichtungen-hardware","16":"product_cat-wagoneer-64-dichtungen-hardware","17":"product_cat-wrangler-64-dichtungen-hardware","18":"product_cat-trx-dichtungen-hardware","19":"product_cat-unkategorisiert","20":"product_tag-06512285aa","21":"product_tag-06513205aa","22":"product_tag-6512285aa","23":"product_tag-6513205aa","24":"product_tag-mopar","25":"product_tag-mopar-autoteile","26":"product_tag-mopar-ersatzteile","27":"product_tag-mopar-ersatzteile-kaufen","28":"product_tag-mopar-performance-teile","29":"product_tag-mopar-teile-katalog","30":"product_tag-mopar-teile-online","31":"product_tag-mopar-tuningteile","32":"product_tag-mopar10","34":"first","35":"instock","36":"taxable","37":"shipping-taxable","38":"purchasable","39":"product-type-simple"},"bundled_by":[],"bundle_stock_status":"instock","bundle_stock_quantity":1,"bundle_virtual":false,"bundle_layout":"","bundle_add_to_cart_form_location":"","bundle_editable_in_cart":false,"bundle_sold_individually_context":"","bundle_item_grouping":"","bundle_min_size":"","bundle_max_size":"","bundle_price":[],"bundled_items":[],"bundle_sell_ids":[],"exclude_global_add_ons":[],"addons":[],"acf":[],"_links":{"self":[{"href":"https:\/\/kraftwerk-shop.cc\/es\/wp-json\/wp\/v2\/product\/68355005","targetHints":{"allow":["GET"]}}],"collection":[{"href":"https:\/\/kraftwerk-shop.cc\/es\/wp-json\/wp\/v2\/product"}],"about":[{"href":"https:\/\/kraftwerk-shop.cc\/es\/wp-json\/wp\/v2\/types\/product"}],"replies":[{"embeddable":true,"href":"https:\/\/kraftwerk-shop.cc\/es\/wp-json\/wp\/v2\/comments?post=68355005"}],"version-history":[{"count":0,"href":"https:\/\/kraftwerk-shop.cc\/es\/wp-json\/wp\/v2\/product\/68355005\/revisions"}],"wp:featuredmedia":[{"embeddable":true,"href":"https:\/\/kraftwerk-shop.cc\/es\/wp-json\/wp\/v2\/media\/68355007"}],"wp:attachment":[{"href":"https:\/\/kraftwerk-shop.cc\/es\/wp-json\/wp\/v2\/media?parent=68355005"}],"wp:term":[{"taxonomy":"product_brand","embeddable":true,"href":"https:\/\/kraftwerk-shop.cc\/es\/wp-json\/wp\/v2\/product_brand?post=68355005"},{"taxonomy":"product_cat","embeddable":true,"href":"https:\/\/kraftwerk-shop.cc\/es\/wp-json\/wp\/v2\/product_cat?post=68355005"},{"taxonomy":"product_tag","embeddable":true,"href":"https:\/\/kraftwerk-shop.cc\/es\/wp-json\/wp\/v2\/product_tag?post=68355005"}],"curies":[{"name":"wp","href":"https:\/\/api.w.org\/{rel}","templated":true}]}}