{"id":68355042,"date":"2026-01-03T12:40:49","date_gmt":"2026-01-03T11:40:49","guid":{"rendered":"https:\/\/kraftwerk-shop.cc\/?post_type=product&#038;p=68355042"},"modified":"2026-02-15T01:27:50","modified_gmt":"2026-02-15T00:27:50","slug":"bujias-mopar-68304022aa","status":"publish","type":"product","link":"https:\/\/kraftwerk-shop.cc\/es\/produkt\/mopar-zuendkerzen-68304022aa\/","title":{"rendered":"Buj\u00edas Mopar 68304022AA (10 piezas)"},"content":{"rendered":"<h1>Buj\u00edas originales Mopar 68304022AA para Dodge Viper y RAM 8.3 SRT-10, 10 piezas<\/h1>\n<p>&nbsp;<\/p>\n<p><strong>N\u00famero de pieza Mopar:<\/strong> 68304022AA<br \/>\n<strong>Reemplazado:<\/strong>\u00a056041402AB, SP0RC12ECC<\/p>\n<p>&nbsp;<\/p>\n<p><strong>Adecuado para:<\/strong><\/p>\n<table width=\"947\">\n<tbody>\n<tr>\n<td width=\"138\"><strong>A\u00f1o de construcci\u00f3n<\/strong><\/td>\n<td width=\"168\"><strong>Marca<\/strong><\/td>\n<td width=\"144\"><strong>Modelo<\/strong><\/td>\n<td width=\"241\"><strong>Versi\u00f3n<\/strong><\/td>\n<td width=\"256\"><strong>Motor<\/strong><\/td>\n<\/tr>\n<tr>\n<td width=\"138\">2006<\/td>\n<td width=\"168\">Dodge<\/td>\n<td width=\"144\">Ram 1500<\/td>\n<td width=\"241\">SRT-10<\/td>\n<td width=\"256\">8.3L<\/td>\n<\/tr>\n<tr>\n<td width=\"138\">2006<\/td>\n<td width=\"168\">Dodge<\/td>\n<td width=\"144\">Viper<\/td>\n<td width=\"241\">SRT-10<\/td>\n<td width=\"256\">8.3L<\/td>\n<\/tr>\n<tr>\n<td width=\"138\">2005<\/td>\n<td width=\"168\">Dodge<\/td>\n<td width=\"144\">Ram 1500<\/td>\n<td width=\"241\">SRT-10<\/td>\n<td width=\"256\">8.3L<\/td>\n<\/tr>\n<tr>\n<td width=\"138\">2005<\/td>\n<td width=\"168\">Dodge<\/td>\n<td width=\"144\">Viper<\/td>\n<td width=\"241\">SRT-10<\/td>\n<td width=\"256\">8.3L<\/td>\n<\/tr>\n<tr>\n<td width=\"138\">2004<\/td>\n<td width=\"168\">Dodge<\/td>\n<td width=\"144\">Ram 1500<\/td>\n<td width=\"241\">SRT-10<\/td>\n<td width=\"256\">8.3L<\/td>\n<\/tr>\n<tr>\n<td width=\"138\">2004<\/td>\n<td width=\"168\">Dodge<\/td>\n<td width=\"144\">Viper<\/td>\n<td width=\"241\">SRT-10<\/td>\n<td width=\"256\">8.3L<\/td>\n<\/tr>\n<\/tbody>\n<\/table>\n<p>&nbsp;<\/p>\n<p><strong>Volumen de suministro:<br \/>\n<\/strong><\/p>\n<ul>\n<li>10 buj\u00edas<\/li>\n<\/ul>\n<p>&nbsp;<\/p>\n<p>&nbsp;<\/p>\n<h4>Conf\u00ede en las piezas originales Mopar<\/h4>\n<p><strong>Ajuste preciso y calidad de fabricante probada:<\/strong> Mopar le suministra piezas originales especialmente desarrolladas para su veh\u00edculo, no personalizadas, sino originales. Cada pieza cumple exactamente los est\u00e1ndares de f\u00e1brica y, por tanto, garantiza una instalaci\u00f3n sin problemas, plena funcionalidad y m\u00e1xima seguridad.<\/p>\n<p><strong>Longevidad con la que puede contar:<\/strong> Los recambios originales Mopar se fabrican con materiales duraderos y se someten a estrictas pruebas de calidad. El resultado: m\u00e1xima fiabilidad incluso con un uso intensivo, para conservar el valor a largo plazo y un rendimiento constante del veh\u00edculo.<\/p>","protected":false},"excerpt":{"rendered":"<p>Pieza original Mopar<\/p>","protected":false},"featured_media":68355044,"comment_status":"open","ping_status":"closed","template":"","meta":{"_acf_changed":false},"product_brand":[16270],"product_cat":[8054,8048],"product_tag":[20181,20179,20178,1099,49,31,8813,9424,16271,16273,16275,16272,16274,7221,34,86,20180,7099,1097,1098,559,1073],"class_list":{"0":"post-68355042","1":"product","2":"type-product","3":"status-publish","4":"has-post-thumbnail","6":"product_brand-mopar","7":"product_cat-viper-83-elektrik","8":"product_cat-viper-83-wartung","9":"product_tag-056041402ab","10":"product_tag-56041402ab","11":"product_tag-68304022aa","12":"product_tag-8-3","13":"product_tag-dodge","14":"product_tag-mopar","15":"product_tag-mopar-autoteile","16":"product_tag-mopar-ersatzteile","17":"product_tag-mopar-ersatzteile-kaufen","18":"product_tag-mopar-performance-teile","19":"product_tag-mopar-teile-katalog","20":"product_tag-mopar-teile-online","21":"product_tag-mopar-tuningteile","22":"product_tag-mopar10","23":"product_tag-original","24":"product_tag-ram","25":"product_tag-sp0rc12ecc","26":"product_tag-sp138239ac","27":"product_tag-srt-10","28":"product_tag-srt10","29":"product_tag-viper","30":"product_tag-zuendkerzen","32":"first","33":"instock","34":"taxable","35":"shipping-taxable","36":"purchasable","37":"product-type-simple"},"bundled_by":[],"bundle_stock_status":"instock","bundle_stock_quantity":1,"bundle_virtual":false,"bundle_layout":"","bundle_add_to_cart_form_location":"","bundle_editable_in_cart":false,"bundle_sold_individually_context":"","bundle_item_grouping":"","bundle_min_size":"","bundle_max_size":"","bundle_price":[],"bundled_items":[],"bundle_sell_ids":[],"exclude_global_add_ons":[],"addons":[],"acf":[],"_links":{"self":[{"href":"https:\/\/kraftwerk-shop.cc\/es\/wp-json\/wp\/v2\/product\/68355042","targetHints":{"allow":["GET"]}}],"collection":[{"href":"https:\/\/kraftwerk-shop.cc\/es\/wp-json\/wp\/v2\/product"}],"about":[{"href":"https:\/\/kraftwerk-shop.cc\/es\/wp-json\/wp\/v2\/types\/product"}],"replies":[{"embeddable":true,"href":"https:\/\/kraftwerk-shop.cc\/es\/wp-json\/wp\/v2\/comments?post=68355042"}],"version-history":[{"count":0,"href":"https:\/\/kraftwerk-shop.cc\/es\/wp-json\/wp\/v2\/product\/68355042\/revisions"}],"wp:featuredmedia":[{"embeddable":true,"href":"https:\/\/kraftwerk-shop.cc\/es\/wp-json\/wp\/v2\/media\/68355044"}],"wp:attachment":[{"href":"https:\/\/kraftwerk-shop.cc\/es\/wp-json\/wp\/v2\/media?parent=68355042"}],"wp:term":[{"taxonomy":"product_brand","embeddable":true,"href":"https:\/\/kraftwerk-shop.cc\/es\/wp-json\/wp\/v2\/product_brand?post=68355042"},{"taxonomy":"product_cat","embeddable":true,"href":"https:\/\/kraftwerk-shop.cc\/es\/wp-json\/wp\/v2\/product_cat?post=68355042"},{"taxonomy":"product_tag","embeddable":true,"href":"https:\/\/kraftwerk-shop.cc\/es\/wp-json\/wp\/v2\/product_tag?post=68355042"}],"curies":[{"name":"wp","href":"https:\/\/api.w.org\/{rel}","templated":true}]}}