{"id":68355434,"date":"2026-01-17T14:09:34","date_gmt":"2026-01-17T13:09:34","guid":{"rendered":"https:\/\/kraftwerk-shop.cc\/?post_type=product&#038;p=68355434"},"modified":"2026-02-15T01:28:03","modified_gmt":"2026-02-15T00:28:03","slug":"mopar-limpiaparabrisas-boquilla-de-agua-durango-68269108aa","status":"publish","type":"product","link":"https:\/\/kraftwerk-shop.cc\/es\/produkt\/mopar-wischwasserduese-durango-68269108aa\/","title":{"rendered":"Boquilla agua limpiaparabrisas Mopar Durango (68269108AA)"},"content":{"rendered":"<h1>Boquilla de l\u00edquido limpiaparabrisas original Mopar (68269108AA) para Dodge Durango de 2011 a 2025<\/h1>\n<p>&nbsp;<\/p>\n<p><span lang=\"DE\"><strong>N\u00famero de pieza Mopar:<\/strong>\u00a068269108AA<br \/>\n<strong>Reemplazado: <\/strong>05182367AA<\/span><\/p>\n<p>&nbsp;<\/p>\n<p><strong>Adecuado para:<\/strong><\/p>\n<table width=\"996\">\n<tbody>\n<tr>\n<td width=\"138\"><strong>A\u00f1o de construcci\u00f3n<\/strong><\/td>\n<td width=\"168\"><strong>Marca<\/strong><\/td>\n<td width=\"144\"><strong>Modelo<\/strong><\/td>\n<td width=\"290\"><strong>Versi\u00f3n<\/strong><\/td>\n<td width=\"256\"><strong>Motor<\/strong><\/td>\n<\/tr>\n<tr>\n<td width=\"138\">2025<\/td>\n<td width=\"168\">Dodge<\/td>\n<td width=\"144\">Durango<\/td>\n<td width=\"290\">GT, GT Plus, Pursuit, R\/T, R\/T Plus, R\/T Premium, SRT Hellcat Hammerhead, SRT Hellcat Plus, SRT Hellcat Premium, SRT Hellcat Silver Bullet, Special Service<\/td>\n<td width=\"256\">3.6L, 5.7L, 6.2L<\/td>\n<\/tr>\n<tr>\n<td width=\"138\">2024<\/td>\n<td width=\"168\">Dodge<\/td>\n<td width=\"144\">Durango<\/td>\n<td width=\"290\">Citadel, GT, GT Plus, GT Premium, Pursuit, R\/T, R\/T Plus, R\/T Premium, SRT 392, SRT 392 Plus, SRT 392 Premium, SRT Hellcat, SRT Hellcat Plus, SRT Hellcat Premium, SXT, SXT Plus, Special Service<\/td>\n<td width=\"256\">3.6L, 5.7L, 6.2L, 6.4L<\/td>\n<\/tr>\n<tr>\n<td width=\"138\">2023<\/td>\n<td width=\"168\">Dodge<\/td>\n<td width=\"144\">Durango<\/td>\n<td width=\"290\">Citadel, GT, GT Plus, GT Premium, Pursuit, R\/T, R\/T Hemi Orange, R\/T Plus, R\/T Premium, SRT 392, SRT 392 Plus, SRT 392 Premium, SRT Hellcat, SRT Hellcat Plus, SRT Hellcat Premium, SXT, SXT Plus, Special Service<\/td>\n<td width=\"256\">3.6L, 5.7L, 6.2L, 6.4L<\/td>\n<\/tr>\n<tr>\n<td width=\"138\">2022<\/td>\n<td width=\"168\">Dodge<\/td>\n<td width=\"144\">Durango<\/td>\n<td width=\"290\">Citadel, GT, GT Plus, Pursuit, R\/T, R\/T Hemi Orange, R\/T Plus, SRT 392, SXT, Special Service<\/td>\n<td width=\"256\">3.6L, 5.7L, 6.4L<\/td>\n<\/tr>\n<tr>\n<td width=\"138\">2021<\/td>\n<td width=\"168\">Dodge<\/td>\n<td width=\"144\">Durango<\/td>\n<td width=\"290\">Citadel, GT, GT Plus, Pursuit, R\/T, SRT, SRT Hellcat, SXT, SXT Plus, Special Service<\/td>\n<td width=\"256\">3.6L, 5.7L, 6.2L, 6.4L<\/td>\n<\/tr>\n<tr>\n<td width=\"138\">2020<\/td>\n<td width=\"168\">Dodge<\/td>\n<td width=\"144\">Durango<\/td>\n<td width=\"290\">Citadel, GT, GT Plus, Pursuit, R\/T, SRT, SXT, SXT Plus, Special Service<\/td>\n<td width=\"256\">3.6L, 5.7L, 6.4L<\/td>\n<\/tr>\n<tr>\n<td width=\"138\">2019<\/td>\n<td width=\"168\">Dodge<\/td>\n<td width=\"144\">Durango<\/td>\n<td width=\"290\">Citadel, GT, Pursuit, R\/T, SRT, SXT, SXT Plus, Special Service<\/td>\n<td width=\"256\">3.6L, 5.7L, 6.4L<\/td>\n<\/tr>\n<tr>\n<td width=\"138\">2018<\/td>\n<td width=\"168\">Dodge<\/td>\n<td width=\"144\">Durango<\/td>\n<td width=\"290\">Citadel, GT, Pursuit, R\/T, SRT, SXT, SXT Plus, Special Service<\/td>\n<td width=\"256\">3.6L, 5.7L, 6.4L<\/td>\n<\/tr>\n<tr>\n<td width=\"138\">2017<\/td>\n<td width=\"168\">Dodge<\/td>\n<td width=\"144\">Durango<\/td>\n<td width=\"290\">Citadel, GT, R\/T, SXT, Special Service<\/td>\n<td width=\"256\">3.6L V6 - Flex, 5.7L<\/td>\n<\/tr>\n<tr>\n<td width=\"138\">2016<\/td>\n<td width=\"168\">Dodge<\/td>\n<td width=\"144\">Durango<\/td>\n<td width=\"290\">Citadel, Limited, R\/T, SXT, Special Service<\/td>\n<td width=\"256\">3.6L V6 - Flex, 5.7L<\/td>\n<\/tr>\n<tr>\n<td width=\"138\">2015<\/td>\n<td width=\"168\">Dodge<\/td>\n<td width=\"144\">Durango<\/td>\n<td width=\"290\">Citadel, Limited, R\/T, Rallye, SXT, Special Service<\/td>\n<td width=\"256\">3.6L V6 - Flex, 5.7L<\/td>\n<\/tr>\n<tr>\n<td width=\"138\">2014<\/td>\n<td width=\"168\">Dodge<\/td>\n<td width=\"144\">Durango<\/td>\n<td width=\"290\">Citadel, Limited, R\/T, Rallye, SXT, Special Service<\/td>\n<td width=\"256\">3.6L V6 - Flex, 5.7L<\/td>\n<\/tr>\n<tr>\n<td width=\"138\">2013<\/td>\n<td width=\"168\">Dodge<\/td>\n<td width=\"144\">Durango<\/td>\n<td width=\"290\">Citadel, Crew, R\/T, SXT, Special Service<\/td>\n<td width=\"256\">3.6L V6 - Flex, 5.7L<\/td>\n<\/tr>\n<tr>\n<td width=\"138\">2012<\/td>\n<td width=\"168\">Dodge<\/td>\n<td width=\"144\">Durango<\/td>\n<td width=\"290\">Citadel, Crew, R\/T, SXT, Special Service<\/td>\n<td width=\"256\">3.6L V6 - Flex, 5.7L<\/td>\n<\/tr>\n<tr>\n<td width=\"138\">2011<\/td>\n<td width=\"168\">Dodge<\/td>\n<td width=\"144\">Durango<\/td>\n<td width=\"290\">Citadel, Crew, Express, Heat, R\/T<\/td>\n<td width=\"256\">3.6L V6 - Flex, 5.7L<\/td>\n<\/tr>\n<\/tbody>\n<\/table>\n<p>&nbsp;<\/p>\n<p>&nbsp;<\/p>\n<h4>Su primera opci\u00f3n: Recambios originales Mopar<\/h4>\n<p><strong>Calidad original del fabricante:<\/strong> Mopar conoce su veh\u00edculo hasta el m\u00e1s m\u00ednimo detalle; al fin y al cabo, todas las piezas originales proceden directamente del fabricante. Los componentes se adaptan con precisi\u00f3n a su modelo y cumplen todas las especificaciones de f\u00e1brica. Esto significa: instalaci\u00f3n precisa, funcionamiento \u00f3ptimo y m\u00e1xima seguridad.<\/p>\n<p><strong>Durabilidad y fiabilidad demostradas<\/strong>Las piezas originales Mopar son sin\u00f3nimo de calidad probada y materiales robustos. Se han probado y desarrollado en condiciones reales para ofrecer un rendimiento s\u00f3lido a largo plazo, independientemente de lo exigentes que sean las condiciones de funcionamiento.<\/p>\n<p>&nbsp;<\/p>","protected":false},"excerpt":{"rendered":"<p>Pieza original Mopar<\/p>\n<p>2011-2025<\/p>","protected":false},"featured_media":68355436,"comment_status":"open","ping_status":"closed","template":"","meta":{"_acf_changed":false},"product_brand":[16270],"product_cat":[7337,7342,7348,7352,1779],"product_tag":[20262,20263,20261,49,95,31,8813,9424,16271,16273,16275,16272,16274,7221,7578,8129,8128],"class_list":{"0":"post-68355434","1":"product","2":"type-product","3":"status-publish","4":"has-post-thumbnail","6":"product_brand-mopar","7":"product_cat-durango-36-elektrik-sonstiges","8":"product_cat-durango-57-elektrik-sonstiges","9":"product_cat-durango-hellcat-elektrik-sonstiges","10":"product_cat-durango-64-elektrik-sonstiges","11":"product_cat-neue-produkte","12":"product_tag-05182367aa","13":"product_tag-5182367aa","14":"product_tag-68269108aa","15":"product_tag-dodge","16":"product_tag-durango","17":"product_tag-mopar","18":"product_tag-mopar-autoteile","19":"product_tag-mopar-ersatzteile","20":"product_tag-mopar-ersatzteile-kaufen","21":"product_tag-mopar-performance-teile","22":"product_tag-mopar-teile-katalog","23":"product_tag-mopar-teile-online","24":"product_tag-mopar-tuningteile","25":"product_tag-mopar10","26":"product_tag-scheibenwasser","27":"product_tag-scheibenwasserduese","28":"product_tag-wischwasserduese","30":"first","31":"instock","32":"taxable","33":"shipping-taxable","34":"purchasable","35":"product-type-simple"},"bundled_by":[],"bundle_stock_status":"instock","bundle_stock_quantity":4,"bundle_virtual":false,"bundle_layout":"","bundle_add_to_cart_form_location":"","bundle_editable_in_cart":false,"bundle_sold_individually_context":"","bundle_item_grouping":"","bundle_min_size":"","bundle_max_size":"","bundle_price":[],"bundled_items":[],"bundle_sell_ids":[],"exclude_global_add_ons":[],"addons":[],"acf":[],"_links":{"self":[{"href":"https:\/\/kraftwerk-shop.cc\/es\/wp-json\/wp\/v2\/product\/68355434","targetHints":{"allow":["GET"]}}],"collection":[{"href":"https:\/\/kraftwerk-shop.cc\/es\/wp-json\/wp\/v2\/product"}],"about":[{"href":"https:\/\/kraftwerk-shop.cc\/es\/wp-json\/wp\/v2\/types\/product"}],"replies":[{"embeddable":true,"href":"https:\/\/kraftwerk-shop.cc\/es\/wp-json\/wp\/v2\/comments?post=68355434"}],"version-history":[{"count":0,"href":"https:\/\/kraftwerk-shop.cc\/es\/wp-json\/wp\/v2\/product\/68355434\/revisions"}],"wp:featuredmedia":[{"embeddable":true,"href":"https:\/\/kraftwerk-shop.cc\/es\/wp-json\/wp\/v2\/media\/68355436"}],"wp:attachment":[{"href":"https:\/\/kraftwerk-shop.cc\/es\/wp-json\/wp\/v2\/media?parent=68355434"}],"wp:term":[{"taxonomy":"product_brand","embeddable":true,"href":"https:\/\/kraftwerk-shop.cc\/es\/wp-json\/wp\/v2\/product_brand?post=68355434"},{"taxonomy":"product_cat","embeddable":true,"href":"https:\/\/kraftwerk-shop.cc\/es\/wp-json\/wp\/v2\/product_cat?post=68355434"},{"taxonomy":"product_tag","embeddable":true,"href":"https:\/\/kraftwerk-shop.cc\/es\/wp-json\/wp\/v2\/product_tag?post=68355434"}],"curies":[{"name":"wp","href":"https:\/\/api.w.org\/{rel}","templated":true}]}}