{"id":68355448,"date":"2026-01-17T15:24:59","date_gmt":"2026-01-17T14:24:59","guid":{"rendered":"https:\/\/kraftwerk-shop.cc\/?post_type=product&#038;p=68355448"},"modified":"2026-02-18T14:41:42","modified_gmt":"2026-02-18T13:41:42","slug":"mopar-limpiaparabrisas-boquilla-de-agua-68230657aa","status":"publish","type":"product","link":"https:\/\/kraftwerk-shop.cc\/es\/produkt\/mopar-wischwasserduese-68230657aa\/","title":{"rendered":"Boquilla agua limpiaparabrisas Mopar (68230657AA)"},"content":{"rendered":"<h1>Genuine Mopar wiper water nozzle tailgate (68230657AA) for Chrysler Pacifica and Dodge Durango from 2011 to 2020<\/h1>\n<p>&nbsp;<\/p>\n<p><span lang=\"DE\"><strong>N\u00famero de pieza Mopar:<\/strong>\u00a068230657AA<br \/>\n<strong>Reemplazado: <\/strong>\u2014<\/span><\/p>\n<p>&nbsp;<\/p>\n<p><strong>Adecuado para:<\/strong><\/p>\n<table width=\"996\">\n<tbody>\n<tr>\n<td width=\"138\"><strong>A\u00f1o de construcci\u00f3n<\/strong><\/td>\n<td width=\"168\"><strong>Marca<\/strong><\/td>\n<td width=\"144\"><strong>Modelo<\/strong><\/td>\n<td width=\"290\"><strong>Versi\u00f3n<\/strong><\/td>\n<td width=\"256\"><strong>Motor<\/strong><\/td>\n<\/tr>\n<tr>\n<td width=\"138\">2025<\/td>\n<td width=\"168\">Chrysler<\/td>\n<td width=\"144\">Pacifica<\/td>\n<td width=\"290\">Hybrid Limited S Apariencia, Hybrid Pinnacle, Hybrid Select, Limited, Pinnacle, Select<\/td>\n<td width=\"256\">3.6L<\/td>\n<\/tr>\n<tr>\n<td width=\"138\">2025<\/td>\n<td width=\"168\">Chrysler<\/td>\n<td width=\"144\">Voyager<\/td>\n<td width=\"290\">LX<\/td>\n<td width=\"256\">3.6L V6 - Flex, 3.6L<\/td>\n<\/tr>\n<tr>\n<td width=\"138\">2025<\/td>\n<td width=\"168\">Dodge<\/td>\n<td width=\"144\">Durango<\/td>\n<td width=\"290\">GT, GT Plus, Pursuit, R\/T, R\/T Plus, R\/T Premium, SRT Hellcat Hammerhead, SRT Hellcat Plus, SRT Hellcat Premium, SRT Hellcat Silver Bullet, Special Service<\/td>\n<td width=\"256\">3.6L, 5.7L, 6.2L<\/td>\n<\/tr>\n<tr>\n<td width=\"138\">2024<\/td>\n<td width=\"168\">Chrysler<\/td>\n<td width=\"144\">Pacifica<\/td>\n<td width=\"290\">Hybrid Pinnacle, Hybrid Premium S Appearance, Hybrid Road Tripper, Hybrid S Appearance, Hybrid Select, Limited, Pinnacle, Touring, Touring L<\/td>\n<td width=\"256\">3.6L V6 - Flex, 3.6L<\/td>\n<\/tr>\n<tr>\n<td width=\"138\">2024<\/td>\n<td width=\"168\">Chrysler<\/td>\n<td width=\"144\">Voyager<\/td>\n<td width=\"290\">LX<\/td>\n<td width=\"256\">3.6L V6 - Flex, 3.6L<\/td>\n<\/tr>\n<tr>\n<td width=\"138\">2024<\/td>\n<td width=\"168\">Dodge<\/td>\n<td width=\"144\">Durango<\/td>\n<td width=\"290\">Citadel, GT, GT Plus, GT Premium, Pursuit, R\/T, R\/T Plus, R\/T Premium, SRT 392, SRT 392 Plus, SRT 392 Premium, SRT Hellcat, SRT Hellcat Plus, SRT Hellcat Premium, SXT, SXT Plus, Special Service<\/td>\n<td width=\"256\">3.6L, 5.7L, 6.2L, 6.4L<\/td>\n<\/tr>\n<tr>\n<td width=\"138\">2023<\/td>\n<td width=\"168\">Chrysler<\/td>\n<td width=\"144\">Pacifica<\/td>\n<td width=\"290\">Hybrid Limited, Hybrid Pinnacle, Hybrid Touring L, Limited, Pinnacle, Touring, Touring L<\/td>\n<td width=\"256\">3.6L V6 - Flex, 3.6L<\/td>\n<\/tr>\n<tr>\n<td width=\"138\">2023<\/td>\n<td width=\"168\">Chrysler<\/td>\n<td width=\"144\">Voyager<\/td>\n<td width=\"290\">LX<\/td>\n<td width=\"256\">3.6L V6 - Flex, 3.6L<\/td>\n<\/tr>\n<tr>\n<td width=\"138\">2023<\/td>\n<td width=\"168\">Dodge<\/td>\n<td width=\"144\">Durango<\/td>\n<td width=\"290\">Citadel, GT, GT Plus, GT Premium, Pursuit, R\/T, R\/T Hemi Orange, R\/T Plus, R\/T Premium, SRT 392, SRT 392 Plus, SRT 392 Premium, SRT Hellcat, SRT Hellcat Plus, SRT Hellcat Premium, SXT, SXT Plus, Special Service<\/td>\n<td width=\"256\">3.6L, 5.7L, 6.2L, 6.4L<\/td>\n<\/tr>\n<tr>\n<td width=\"138\">2022<\/td>\n<td width=\"168\">Chrysler<\/td>\n<td width=\"144\">Pacifica<\/td>\n<td width=\"290\">Hybrid Limited, Hybrid Pinnacle, Hybrid Touring L, Limited, Pinnacle, Touring, Touring L<\/td>\n<td width=\"256\">3.6L V6 - Flex, 3.6L<\/td>\n<\/tr>\n<tr>\n<td width=\"138\">2022<\/td>\n<td width=\"168\">Chrysler<\/td>\n<td width=\"144\">Voyager<\/td>\n<td width=\"290\">LX<\/td>\n<td width=\"256\">3.6L V6 - Flex, 3.6L<\/td>\n<\/tr>\n<tr>\n<td width=\"138\">2022<\/td>\n<td width=\"168\">Dodge<\/td>\n<td width=\"144\">Durango<\/td>\n<td width=\"290\">Citadel, GT, GT Plus, Pursuit, R\/T, R\/T Hemi Orange, R\/T Plus, SRT 392, SXT, Special Service<\/td>\n<td width=\"256\">3.6L, 5.7L, 6.4L<\/td>\n<\/tr>\n<tr>\n<td width=\"138\">2021<\/td>\n<td width=\"168\">Chrysler<\/td>\n<td width=\"144\">Pacifica<\/td>\n<td width=\"290\">Hybrid Limited, Hybrid Pinnacle, Hybrid Touring, Hybrid Touring L, Limited, Pinnacle, Touring, Touring L<\/td>\n<td width=\"256\">3.6L V6 - Flex, 3.6L<\/td>\n<\/tr>\n<tr>\n<td width=\"138\">2021<\/td>\n<td width=\"168\">Chrysler<\/td>\n<td width=\"144\">Voyager<\/td>\n<td width=\"290\">L, LX, LXi<\/td>\n<td width=\"256\">3.6L V6 - Flex, 3.6L<\/td>\n<\/tr>\n<tr>\n<td width=\"138\">2021<\/td>\n<td width=\"168\">Dodge<\/td>\n<td width=\"144\">Durango<\/td>\n<td width=\"290\">Citadel, GT, GT Plus, Pursuit, R\/T, SRT, SRT Hellcat, SXT, SXT Plus, Special Service<\/td>\n<td width=\"256\">3.6L, 5.7L, 6.2L, 6.4L<\/td>\n<\/tr>\n<tr>\n<td width=\"138\">2020<\/td>\n<td width=\"168\">Chrysler<\/td>\n<td width=\"144\">Pacifica<\/td>\n<td width=\"290\">AWD Launch Edition, H\u00edbrido Limited, H\u00edbrido Touring, H\u00edbrido Touring L, Limited, Touring, Touring L, Touring L Plus<\/td>\n<td width=\"256\">3.6L V6 - Flex, 3.6L<\/td>\n<\/tr>\n<tr>\n<td width=\"138\">2020<\/td>\n<td width=\"168\">Chrysler<\/td>\n<td width=\"144\">Voyager<\/td>\n<td width=\"290\">L, LX, LXi<\/td>\n<td width=\"256\">3.6L V6 - Flex, 3.6L<\/td>\n<\/tr>\n<tr>\n<td width=\"138\">2019<\/td>\n<td width=\"168\">Chrysler<\/td>\n<td width=\"144\">Pacifica<\/td>\n<td width=\"290\">H\u00edbrido Limited, H\u00edbrido Touring L, H\u00edbrido Touring Plus, L, LX, Limited, Touring, Touring L, Touring L Plus, Touring Plus<\/td>\n<td width=\"256\">3.6L V6 - Flex, 3.6L<\/td>\n<\/tr>\n<tr>\n<td width=\"138\">2018<\/td>\n<td width=\"168\">Chrysler<\/td>\n<td width=\"144\">Pacifica<\/td>\n<td width=\"290\">H\u00edbrido Limited, H\u00edbrido Touring L, H\u00edbrido Touring Plus, L, LX, Limited, Touring, Touring L, Touring L Plus, Touring Plus<\/td>\n<td width=\"256\">3.6L V6 - Flex, 3.6L<\/td>\n<\/tr>\n<tr>\n<td width=\"138\">2017<\/td>\n<td width=\"168\">Chrysler<\/td>\n<td width=\"144\">Pacifica<\/td>\n<td width=\"290\">Hybrid Platinum, Hybrid Premium, LX, Limited, Touring, Touring L, Touring L Plus<\/td>\n<td width=\"256\">3.6L V6 - Flex, 3.6L<\/td>\n<\/tr>\n<\/tbody>\n<\/table>\n<p>&nbsp;<\/p>\n<p>&nbsp;<\/p>\n<h4>Su primera opci\u00f3n: Recambios originales Mopar<\/h4>\n<p><strong>Calidad original del fabricante:<\/strong> Mopar conoce su veh\u00edculo hasta el m\u00e1s m\u00ednimo detalle; al fin y al cabo, todas las piezas originales proceden directamente del fabricante. Los componentes se adaptan con precisi\u00f3n a su modelo y cumplen todas las especificaciones de f\u00e1brica. Esto significa: instalaci\u00f3n precisa, funcionamiento \u00f3ptimo y m\u00e1xima seguridad.<\/p>\n<p><strong>Durabilidad y fiabilidad demostradas<\/strong>Las piezas originales Mopar son sin\u00f3nimo de calidad probada y materiales robustos. Se han probado y desarrollado en condiciones reales para ofrecer un rendimiento s\u00f3lido a largo plazo, independientemente de lo exigentes que sean las condiciones de funcionamiento.<\/p>\n<p>&nbsp;<\/p>","protected":false},"excerpt":{"rendered":"<p>Pieza original Mopar<\/p>","protected":false},"featured_media":68356933,"comment_status":"open","ping_status":"closed","template":"","meta":{"_acf_changed":false},"product_brand":[16270],"product_cat":[19667,1435,7337,7342,7348,7352],"product_tag":[20269,49,95,3226,3273,798,31,8813,9424,16271,16273,16275,16272,16274,7221,7578,8129,8128],"class_list":{"0":"post-68355448","1":"product","2":"type-product","3":"status-publish","4":"has-post-thumbnail","6":"product_brand-mopar","7":"product_cat-pacifica-sonstiges","8":"product_cat-voyager-zubehoer","9":"product_cat-durango-36-elektrik-sonstiges","10":"product_cat-durango-57-elektrik-sonstiges","11":"product_cat-durango-hellcat-elektrik-sonstiges","12":"product_cat-durango-64-elektrik-sonstiges","13":"product_tag-68230657aa","14":"product_tag-dodge","15":"product_tag-durango","16":"product_tag-heckklappe","17":"product_tag-heckscheibe","18":"product_tag-hinten","19":"product_tag-mopar","20":"product_tag-mopar-autoteile","21":"product_tag-mopar-ersatzteile","22":"product_tag-mopar-ersatzteile-kaufen","23":"product_tag-mopar-performance-teile","24":"product_tag-mopar-teile-katalog","25":"product_tag-mopar-teile-online","26":"product_tag-mopar-tuningteile","27":"product_tag-mopar10","28":"product_tag-scheibenwasser","29":"product_tag-scheibenwasserduese","30":"product_tag-wischwasserduese","32":"first","33":"instock","34":"taxable","35":"shipping-taxable","36":"purchasable","37":"product-type-simple"},"bundled_by":[],"bundle_stock_status":"instock","bundle_stock_quantity":3,"bundle_virtual":false,"bundle_layout":"","bundle_add_to_cart_form_location":"","bundle_editable_in_cart":false,"bundle_sold_individually_context":"","bundle_item_grouping":"","bundle_min_size":"","bundle_max_size":"","bundle_price":[],"bundled_items":[],"bundle_sell_ids":[],"exclude_global_add_ons":[],"addons":[],"acf":[],"_links":{"self":[{"href":"https:\/\/kraftwerk-shop.cc\/es\/wp-json\/wp\/v2\/product\/68355448","targetHints":{"allow":["GET"]}}],"collection":[{"href":"https:\/\/kraftwerk-shop.cc\/es\/wp-json\/wp\/v2\/product"}],"about":[{"href":"https:\/\/kraftwerk-shop.cc\/es\/wp-json\/wp\/v2\/types\/product"}],"replies":[{"embeddable":true,"href":"https:\/\/kraftwerk-shop.cc\/es\/wp-json\/wp\/v2\/comments?post=68355448"}],"version-history":[{"count":0,"href":"https:\/\/kraftwerk-shop.cc\/es\/wp-json\/wp\/v2\/product\/68355448\/revisions"}],"wp:featuredmedia":[{"embeddable":true,"href":"https:\/\/kraftwerk-shop.cc\/es\/wp-json\/wp\/v2\/media\/68356933"}],"wp:attachment":[{"href":"https:\/\/kraftwerk-shop.cc\/es\/wp-json\/wp\/v2\/media?parent=68355448"}],"wp:term":[{"taxonomy":"product_brand","embeddable":true,"href":"https:\/\/kraftwerk-shop.cc\/es\/wp-json\/wp\/v2\/product_brand?post=68355448"},{"taxonomy":"product_cat","embeddable":true,"href":"https:\/\/kraftwerk-shop.cc\/es\/wp-json\/wp\/v2\/product_cat?post=68355448"},{"taxonomy":"product_tag","embeddable":true,"href":"https:\/\/kraftwerk-shop.cc\/es\/wp-json\/wp\/v2\/product_tag?post=68355448"}],"curies":[{"name":"wp","href":"https:\/\/api.w.org\/{rel}","templated":true}]}}