{"id":68356240,"date":"2026-01-28T00:35:04","date_gmt":"2026-01-27T23:35:04","guid":{"rendered":"https:\/\/kraftwerk-shop.cc\/?post_type=product&#038;p=68356240"},"modified":"2026-02-18T19:00:46","modified_gmt":"2026-02-18T18:00:46","slug":"discos-de-freno-paragon-performance-300c-srt","status":"publish","type":"product","link":"https:\/\/kraftwerk-shop.cc\/es\/produkt\/paragon-performance-bremsscheiben-300c-srt\/","title":{"rendered":"Discos de freno Paragon Performance 300C SRT"},"content":{"rendered":"<h1>Discos de freno Paragon Performance de 2 piezas para Chrysler 300C SRT de 2005 a 2023 (360mm), dise\u00f1o ranurado para el eje delantero<\/h1>\n<p>&nbsp;<\/p>\n<p>&nbsp;<\/p>\n<p>Los discos de freno Paragon Performance ofrecen una soluci\u00f3n eficaz al problema de los discos de freno alabeados en el Chrysler 300C 6.1 SRT-8 y 6.4 SRT. Los discos de freno alabeados no son infrecuentes, especialmente cuando se utilizan en la pista de carreras o bajo un uso intensivo en la autopista, debido al alto peso del veh\u00edculo y la falta de refrigeraci\u00f3n eficaz de los frenos. Al utilizar discos de freno Paragon Performance, no s\u00f3lo puede eliminar este problema, sino tambi\u00e9n mejorar la sensaci\u00f3n del pedal y la capacidad de control de sus frenos. Por lo tanto, los discos de freno Paragon Performance son una opci\u00f3n de mejora muy recomendable para su Chrysler 300C.<\/p>\n<p>Con los discos de freno de 2 piezas para el 300C SRT, Paragon Performance ofrece una excelente eficacia de frenado y refrigeraci\u00f3n especialmente optimizada para su uso en circuito. Gracias a las aletas de ventilaci\u00f3n direccionales, se crea succi\u00f3n, lo que garantiza una mejor disipaci\u00f3n del calor y aumenta la resistencia al agrietamiento en condiciones extremas de pista. Estos discos de freno de alta calidad son la elecci\u00f3n ideal para los conductores exigentes que buscan el m\u00e1ximo rendimiento y seguridad en el circuito. Experimente un rendimiento de frenado sin igual y una durabilidad excepcional con los discos de freno Paragon Performance para el 300C SRT.<\/p>\n<p>El rotor est\u00e1 fabricado en CM-250, una aleaci\u00f3n especial de fundici\u00f3n con un alto contenido de carbono, que garantiza una mordida \u00f3ptima, propiedades t\u00e9rmicas, resistencia a altas temperaturas y durabilidad.<br \/>\nLos anillos del disco de freno est\u00e1n tratados t\u00e9rmicamente para reducir las tensiones en el disco de freno y evitar as\u00ed deformaciones y vibraciones.<br \/>\nA continuaci\u00f3n, se mecanizan con un tratamiento de superficie CBN de \u00faltima generaci\u00f3n para garantizar un mejor rodaje con las pastillas de freno nuevas.<\/p>\n<p>Las vibraciones se reducen, ya que la excentricidad lateral del disco de freno se mantiene en 0,03 mm y el equilibrado en 2 gramos.<br \/>\nTodos los discos de freno se han sometido a estrictos controles de calidad y pruebas para garantizar que son aptos para el uso previsto.<br \/>\nEl dise\u00f1o en dos partes permite que el disco de freno se expanda t\u00e9rmicamente al tiempo que minimiza la deformaci\u00f3n y garantiza que el disco de freno est\u00e9 centrado en relaci\u00f3n con las pastillas de freno.<br \/>\nUn disco de freno ranurado mejora la estabilidad de frenado al mantener limpia la superficie de contacto y disipar el calor y los gases generados cuando las pastillas de freno entran en contacto con el disco de freno.<br \/>\nLos discos de freno ranurados tienen una ventaja decisiva sobre los discos de freno desnudos en condiciones de humedad o lluvia, ya que evitan la formaci\u00f3n de pel\u00edculas de agua entre la pastilla y el disco de freno.<br \/>\nLos discos de freno Paragon Performance de dos piezas pesan menos que la mayor\u00eda de los discos de freno O.E., al tiempo que conservan su capacidad de carga t\u00e9rmica y mejoran la maniobrabilidad al ahorrar masas no suspendidas.<\/p>\n<p>Los recipientes de aluminio se mecanizan mediante CNC a partir de aluminio ligero de calidad aeroespacial 6061-T6 y se anodizan en negro para proporcionar una capa protectora no conductora. Los recipientes anodizados negros se anodizan primero y luego se ti\u00f1en de negro. Son equivalentes en t\u00e9rminos de rendimiento\/durabilidad.<\/p>\n<p>El revestimiento duro negro\/anodizado duro conforme a Mil-Spec (MIL-A-8625 Tipo III) no se decolora con el calor extremo. La superficie negra de revestimiento duro\/anodizado duro es m\u00e1s dura, m\u00e1s gruesa, m\u00e1s resistente al desgaste y a los ara\u00f1azos.<\/p>\n<p>El acabado negro de capa dura\/anodizado duro proporciona una capa dura gruesa que ofrece una mayor resistencia a la corrosi\u00f3n y una durabilidad de bajo mantenimiento. Un acabado negro de capa dura\/anodizado duro se mantiene mejor cuando se expone a la luz ultravioleta (UV), lo que es a\u00fan m\u00e1s importante si el veh\u00edculo se aparca con frecuencia al aire libre.<\/p>\n<p>&nbsp;<\/p>\n<p><strong>Propiedades:<\/strong><\/p>\n<ul>\n<li>Ajuste directo sin ninguna modificaci\u00f3n y dise\u00f1ado para trabajar con el ABS OEM y el sistema de frenado del fabricante manteniendo el sesgo de frenado de f\u00e1brica. Compatible con pastillas de freno OEM o pastillas accesorias con la misma profundidad de pastilla.<\/li>\n<li>Aletas de ventilaci\u00f3n direccionales para un rendimiento de refrigeraci\u00f3n \u00f3ptimo, funciona hasta 30 % m\u00e1s fr\u00edo que los discos de freno O.E. y aumenta la eficiencia de refrigeraci\u00f3n hasta 30%.<\/li>\n<li>Construcci\u00f3n totalmente flotante de 2 piezas<\/li>\n<li>Minimiza el desgaste de los frenos y las vibraciones en viajes largos<\/li>\n<li>Sistema de fijaci\u00f3n para el disco de freno y la tapa: H-Bobbin (10 tornillos)<\/li>\n<li>Gran actualizaci\u00f3n para los discos de freno OEM de una pieza, no direccionales y multidisco.<\/li>\n<\/ul>\n<p>&nbsp;<\/p>\n<p><strong>Volumen de suministro:<\/strong><\/p>\n<ul>\n<li>Un par (2 piezas) de discos de freno Paragon Performance 360mm x 32mm, de 2 piezas para Chrysler 300C con potes de aluminio 6061-T6 anodizado duro\/negro, bobinas de acero inoxidable y clips antirrobo (montados y listos para instalar)<\/li>\n<li>Instrucciones detalladas de instalaci\u00f3n (alem\u00e1n)<\/li>\n<\/ul>\n<p>&nbsp;<\/p>\n<p><strong>N\u00fameros de comparaci\u00f3n Mopar:<\/strong>\u00a05290537AD, 04755538AA<br \/>\n<strong>Antiguas referencias: <\/strong>5290537AA, 5290537AB, 5290537AC, 5290537AD, 04755538AA<\/p>\n<p>&nbsp;<\/p>\n<p>&nbsp;<\/p>\n<p><strong>Adecuado para:<\/strong><\/p>\n<table width=\"745\">\n<tbody>\n<tr>\n<td width=\"83\"><strong>Marca<\/strong><\/td>\n<td width=\"83\"><strong>Modelo<\/strong><\/td>\n<td width=\"143\"><strong>Motor<\/strong><\/td>\n<td width=\"436\"><strong>Variante<\/strong><\/td>\n<\/tr>\n<tr>\n<td width=\"83\">Chrysler<\/td>\n<td width=\"83\">300C<\/td>\n<td width=\"143\">6.1 SRT-8<\/td>\n<td width=\"436\">Todos los modelos con discos de freno de 360 mm<\/td>\n<\/tr>\n<tr>\n<td>Chrysler<\/td>\n<td>300C<\/td>\n<td>6.4 SRT<\/td>\n<td>Todos los modelos con discos de freno de 360 mm<\/td>\n<\/tr>\n<\/tbody>\n<\/table>\n<p>&nbsp;<\/p>\n<p>El precio se refiere a 2 discos de freno (un par).<\/p>","protected":false},"excerpt":{"rendered":"<p>Discos de freno de 360 mm, 2 piezas (1 par)<\/p>","protected":false},"featured_media":68356473,"comment_status":"open","ping_status":"closed","template":"","meta":{"_acf_changed":false},"product_brand":[17982],"product_cat":[17733,17737],"product_tag":[6857,18189,18190,18191,18192,1132,52,217,17683,2338,2337,850,2069,92,93,940,795,796,48,536,692,36,31,4627,4628,794,797,96,1056,164,842,841,673],"class_list":{"0":"post-68356240","1":"product","2":"type-product","3":"status-publish","4":"has-post-thumbnail","6":"product_brand-paragon-performance","7":"product_cat-300c-61-bremsscheiben-vorne","8":"product_cat-300c-64-bremsscheiben-vorne","9":"product_tag-04755538aa","10":"product_tag-05290537aa","11":"product_tag-05290537ab","12":"product_tag-05290537ac","13":"product_tag-05290537ad","14":"product_tag-1132","15":"product_tag-300c","16":"product_tag-217","17":"product_tag-4755538aa","18":"product_tag-5290537aa","19":"product_tag-5290537ab","20":"product_tag-5290537ac","21":"product_tag-5290537ad","22":"product_tag-6-1","23":"product_tag-6-4","24":"product_tag-aftermarket","25":"product_tag-bremse","26":"product_tag-bremsscheibe","27":"product_tag-chrysler","28":"product_tag-chrysler-300c","29":"product_tag-ersatzteil","30":"product_tag-kraftwerk","31":"product_tag-mopar","32":"product_tag-paragon","33":"product_tag-paragon-performance","34":"product_tag-premium","35":"product_tag-sportbremsscheibe","36":"product_tag-srt","37":"product_tag-srt-8","38":"product_tag-srt8","39":"product_tag-vorderachse","40":"product_tag-vorne","41":"product_tag-zubehoer","43":"first","44":"onbackorder","45":"taxable","46":"shipping-taxable","47":"purchasable","48":"product-type-variable"},"bundled_by":[],"bundle_stock_status":"onbackorder","bundle_stock_quantity":0,"bundle_virtual":false,"bundle_layout":"","bundle_add_to_cart_form_location":"","bundle_editable_in_cart":false,"bundle_sold_individually_context":"","bundle_item_grouping":"","bundle_min_size":"","bundle_max_size":"","bundle_price":[],"bundled_items":[],"bundle_sell_ids":[],"exclude_global_add_ons":[],"addons":[],"acf":[],"_links":{"self":[{"href":"https:\/\/kraftwerk-shop.cc\/es\/wp-json\/wp\/v2\/product\/68356240","targetHints":{"allow":["GET"]}}],"collection":[{"href":"https:\/\/kraftwerk-shop.cc\/es\/wp-json\/wp\/v2\/product"}],"about":[{"href":"https:\/\/kraftwerk-shop.cc\/es\/wp-json\/wp\/v2\/types\/product"}],"replies":[{"embeddable":true,"href":"https:\/\/kraftwerk-shop.cc\/es\/wp-json\/wp\/v2\/comments?post=68356240"}],"version-history":[{"count":0,"href":"https:\/\/kraftwerk-shop.cc\/es\/wp-json\/wp\/v2\/product\/68356240\/revisions"}],"wp:featuredmedia":[{"embeddable":true,"href":"https:\/\/kraftwerk-shop.cc\/es\/wp-json\/wp\/v2\/media\/68356473"}],"wp:attachment":[{"href":"https:\/\/kraftwerk-shop.cc\/es\/wp-json\/wp\/v2\/media?parent=68356240"}],"wp:term":[{"taxonomy":"product_brand","embeddable":true,"href":"https:\/\/kraftwerk-shop.cc\/es\/wp-json\/wp\/v2\/product_brand?post=68356240"},{"taxonomy":"product_cat","embeddable":true,"href":"https:\/\/kraftwerk-shop.cc\/es\/wp-json\/wp\/v2\/product_cat?post=68356240"},{"taxonomy":"product_tag","embeddable":true,"href":"https:\/\/kraftwerk-shop.cc\/es\/wp-json\/wp\/v2\/product_tag?post=68356240"}],"curies":[{"name":"wp","href":"https:\/\/api.w.org\/{rel}","templated":true}]}}