{"id":68356526,"date":"2026-02-01T13:30:31","date_gmt":"2026-02-01T12:30:31","guid":{"rendered":"https:\/\/kraftwerk-shop.cc\/?post_type=product&#038;p=68356526"},"modified":"2026-02-18T19:00:47","modified_gmt":"2026-02-18T18:00:47","slug":"discos-de-freno-paragon-performance-magnum-srt8","status":"publish","type":"product","link":"https:\/\/kraftwerk-shop.cc\/es\/produkt\/paragon-performance-bremsscheiben-magnum-srt8\/","title":{"rendered":"Discos de freno Paragon Performance Magnum 6.1 SRT-8"},"content":{"rendered":"<h1>Discos de freno de 2 piezas Paragon Performance para Dodge Magnum 6.1 SRT-8 de 2006 a 2008 (360mm), dise\u00f1o ranurado para el eje delantero<\/h1>\n<p>&nbsp;<\/p>\n<p>Los discos de freno Paragon Performance ofrecen una soluci\u00f3n eficaz al problema de los discos de freno alabeados en el Dodge Magnum 6.1 SRT-8. Los discos de freno alabeados no son infrecuentes, especialmente cuando se utilizan en circuito o bajo un uso intensivo en autopista, debido al elevado peso del veh\u00edculo y a la falta de refrigeraci\u00f3n eficaz de los frenos. Utilizando discos de freno Paragon Performance, no s\u00f3lo puede eliminar este problema, sino tambi\u00e9n mejorar la sensaci\u00f3n del pedal y la modulaci\u00f3n de sus frenos. Por lo tanto, los discos de freno Paragon Performance son una opci\u00f3n de mejora muy recomendable para su Dodge Magnum.<\/p>\n<p>Con los discos de freno de 2 piezas para el Dodge Magnum, Paragon Performance ofrece una excelente eficacia de frenado y refrigeraci\u00f3n especialmente optimizada para su uso en circuito. Gracias a las aletas de ventilaci\u00f3n direccionales, se crea una succi\u00f3n que garantiza una mejor disipaci\u00f3n del calor y aumenta la resistencia al agrietamiento en condiciones extremas de pista. Estos discos de freno de alta calidad son la elecci\u00f3n ideal para los conductores exigentes que buscan el m\u00e1ximo rendimiento y seguridad en el circuito. Experimente un rendimiento de frenado sin igual y una durabilidad excepcional con los discos de freno Paragon Performance para el Dodge Magnum.<\/p>\n<p>El rotor est\u00e1 fabricado en CM-250, una aleaci\u00f3n especial de fundici\u00f3n con un alto contenido de carbono, que garantiza una mordida \u00f3ptima, propiedades t\u00e9rmicas, resistencia a altas temperaturas y durabilidad.<br \/>\nLos anillos del disco de freno est\u00e1n tratados t\u00e9rmicamente para reducir las tensiones en el disco de freno y evitar as\u00ed deformaciones y vibraciones.<br \/>\nA continuaci\u00f3n, se mecanizan con un tratamiento de superficie CBN de \u00faltima generaci\u00f3n para garantizar un mejor rodaje con las pastillas de freno nuevas.<\/p>\n<p>Las vibraciones se reducen, ya que la excentricidad lateral del disco de freno se mantiene en 0,03 mm y el equilibrado en 2 gramos.<br \/>\nTodos los discos de freno se han sometido a estrictos controles de calidad y pruebas para garantizar que son aptos para el uso previsto.<br \/>\nEl dise\u00f1o en dos partes permite que el disco de freno se expanda t\u00e9rmicamente al tiempo que minimiza la deformaci\u00f3n y garantiza que el disco de freno est\u00e9 centrado en relaci\u00f3n con las pastillas de freno.<br \/>\nUn disco de freno ranurado mejora la estabilidad de frenado al mantener limpia la superficie de contacto y disipar el calor y los gases generados cuando las pastillas de freno entran en contacto con el disco de freno.<br \/>\nLos discos de freno ranurados tienen una ventaja decisiva sobre los discos de freno desnudos en condiciones de humedad o lluvia, ya que evitan la formaci\u00f3n de pel\u00edculas de agua entre la pastilla y el disco de freno.<br \/>\nLos discos de freno Paragon Performance de dos piezas pesan menos que la mayor\u00eda de los discos de freno O.E., al tiempo que conservan su capacidad de carga t\u00e9rmica y mejoran la maniobrabilidad al ahorrar masas no suspendidas.<\/p>\n<p>Los recipientes de aluminio se mecanizan mediante CNC a partir de aluminio ligero de calidad aeroespacial 6061-T6 y se anodizan en negro para proporcionar una capa protectora no conductora. Los recipientes anodizados negros se anodizan primero y luego se ti\u00f1en de negro. Son equivalentes en t\u00e9rminos de rendimiento\/durabilidad.<\/p>\n<p>El revestimiento duro negro\/anodizado duro conforme a Mil-Spec (MIL-A-8625 Tipo III) no se decolora con el calor extremo. La superficie negra de revestimiento duro\/anodizado duro es m\u00e1s dura, m\u00e1s gruesa, m\u00e1s resistente al desgaste y a los ara\u00f1azos.<\/p>\n<p>El acabado negro de capa dura\/anodizado duro proporciona una capa dura gruesa que ofrece una mayor resistencia a la corrosi\u00f3n y una durabilidad de bajo mantenimiento. Un acabado negro de capa dura\/anodizado duro se mantiene mejor cuando se expone a la luz ultravioleta (UV), lo que es a\u00fan m\u00e1s importante si el veh\u00edculo se aparca con frecuencia al aire libre.<\/p>\n<p>&nbsp;<\/p>\n<p><strong>Propiedades:<\/strong><\/p>\n<ul>\n<li>Ajuste directo sin ninguna modificaci\u00f3n y dise\u00f1ado para trabajar con el ABS OEM y el sistema de frenado del fabricante manteniendo el sesgo de frenado de f\u00e1brica. Compatible con pastillas de freno OEM o pastillas accesorias con la misma profundidad de pastilla.<\/li>\n<li>Aletas de ventilaci\u00f3n direccionales para un rendimiento de refrigeraci\u00f3n \u00f3ptimo, funciona hasta 30 % m\u00e1s fr\u00edo que los discos de freno O.E. y aumenta la eficiencia de refrigeraci\u00f3n hasta 30%.<\/li>\n<li>Construcci\u00f3n totalmente flotante de 2 piezas<\/li>\n<li>Minimiza el desgaste de los frenos y las vibraciones en viajes largos<\/li>\n<li>Sistema de fijaci\u00f3n para el disco de freno y la tapa: H-Bobbin (10 tornillos)<\/li>\n<li>Gran actualizaci\u00f3n para los discos de freno OEM de una pieza, no direccionales y multidisco.<\/li>\n<\/ul>\n<p>&nbsp;<\/p>\n<p><strong>Volumen de suministro:<\/strong><\/p>\n<ul>\n<li>Un par (2 piezas) Paragon Performance 360mm x 32mm, discos de freno de 2 piezas para Dodge Magnum 6.1 con potes de aluminio 6061-T6 anodizado duro\/negro, bobinas de acero inoxidable y clips antirrobo (montados y listos para instalar)<\/li>\n<li>Instrucciones detalladas de instalaci\u00f3n (alem\u00e1n)<\/li>\n<\/ul>\n<p>&nbsp;<\/p>\n<p><strong>N\u00fameros de comparaci\u00f3n Mopar:<\/strong>\u00a05290537AD, 04755538AA<br \/>\n<strong>Antiguas referencias: <\/strong>5290537AA, 5290537AB, 5290537AC, 5290537AD, 04755538AA<\/p>\n<p>&nbsp;<\/p>\n<p>&nbsp;<\/p>\n<p><strong>Adecuado para:<\/strong><\/p>\n<table width=\"745\">\n<tbody>\n<tr>\n<td width=\"83\"><strong>Marca<\/strong><\/td>\n<td width=\"83\"><strong>Modelo<\/strong><\/td>\n<td width=\"143\"><strong>Motor<\/strong><\/td>\n<td width=\"436\"><strong>Variante<\/strong><\/td>\n<\/tr>\n<tr>\n<td width=\"83\">Dodge<\/td>\n<td width=\"83\">Magnum<\/td>\n<td width=\"143\">6.1 SRT-8<\/td>\n<td width=\"436\">Todos los modelos con discos de freno de 360 mm<\/td>\n<\/tr>\n<\/tbody>\n<\/table>\n<p>&nbsp;<\/p>\n<p>El precio se refiere a 2 discos de freno (un par).<\/p>","protected":false},"excerpt":{"rendered":"<p>Discos de freno de 360 mm, 2 piezas (1 par)<\/p>","protected":false},"featured_media":68356517,"comment_status":"open","ping_status":"closed","template":"","meta":{"_acf_changed":false},"product_brand":[17982],"product_cat":[17777],"product_tag":[6857,18189,18190,18191,18192,1132,52,217,17683,2338,2337,850,2069,92,93,940,795,796,49,4438,692,36,55,31,4627,4628,794,797,96,1056,164,842,841,673],"class_list":{"0":"post-68356526","1":"product","2":"type-product","3":"status-publish","4":"has-post-thumbnail","6":"product_brand-paragon-performance","7":"product_cat-magnum-61-bremsscheiben-vorne","8":"product_tag-04755538aa","9":"product_tag-05290537aa","10":"product_tag-05290537ab","11":"product_tag-05290537ac","12":"product_tag-05290537ad","13":"product_tag-1132","14":"product_tag-300c","15":"product_tag-217","16":"product_tag-4755538aa","17":"product_tag-5290537aa","18":"product_tag-5290537ab","19":"product_tag-5290537ac","20":"product_tag-5290537ad","21":"product_tag-6-1","22":"product_tag-6-4","23":"product_tag-aftermarket","24":"product_tag-bremse","25":"product_tag-bremsscheibe","26":"product_tag-dodge","27":"product_tag-dodge-magnum","28":"product_tag-ersatzteil","29":"product_tag-kraftwerk","30":"product_tag-magnum","31":"product_tag-mopar","32":"product_tag-paragon","33":"product_tag-paragon-performance","34":"product_tag-premium","35":"product_tag-sportbremsscheibe","36":"product_tag-srt","37":"product_tag-srt-8","38":"product_tag-srt8","39":"product_tag-vorderachse","40":"product_tag-vorne","41":"product_tag-zubehoer","43":"first","44":"instock","45":"taxable","46":"shipping-taxable","47":"purchasable","48":"product-type-variable"},"bundled_by":[],"bundle_stock_status":"instock","bundle_stock_quantity":1,"bundle_virtual":false,"bundle_layout":"","bundle_add_to_cart_form_location":"","bundle_editable_in_cart":false,"bundle_sold_individually_context":"","bundle_item_grouping":"","bundle_min_size":"","bundle_max_size":"","bundle_price":[],"bundled_items":[],"bundle_sell_ids":[],"exclude_global_add_ons":[],"addons":[],"acf":[],"_links":{"self":[{"href":"https:\/\/kraftwerk-shop.cc\/es\/wp-json\/wp\/v2\/product\/68356526","targetHints":{"allow":["GET"]}}],"collection":[{"href":"https:\/\/kraftwerk-shop.cc\/es\/wp-json\/wp\/v2\/product"}],"about":[{"href":"https:\/\/kraftwerk-shop.cc\/es\/wp-json\/wp\/v2\/types\/product"}],"replies":[{"embeddable":true,"href":"https:\/\/kraftwerk-shop.cc\/es\/wp-json\/wp\/v2\/comments?post=68356526"}],"version-history":[{"count":0,"href":"https:\/\/kraftwerk-shop.cc\/es\/wp-json\/wp\/v2\/product\/68356526\/revisions"}],"wp:featuredmedia":[{"embeddable":true,"href":"https:\/\/kraftwerk-shop.cc\/es\/wp-json\/wp\/v2\/media\/68356517"}],"wp:attachment":[{"href":"https:\/\/kraftwerk-shop.cc\/es\/wp-json\/wp\/v2\/media?parent=68356526"}],"wp:term":[{"taxonomy":"product_brand","embeddable":true,"href":"https:\/\/kraftwerk-shop.cc\/es\/wp-json\/wp\/v2\/product_brand?post=68356526"},{"taxonomy":"product_cat","embeddable":true,"href":"https:\/\/kraftwerk-shop.cc\/es\/wp-json\/wp\/v2\/product_cat?post=68356526"},{"taxonomy":"product_tag","embeddable":true,"href":"https:\/\/kraftwerk-shop.cc\/es\/wp-json\/wp\/v2\/product_tag?post=68356526"}],"curies":[{"name":"wp","href":"https:\/\/api.w.org\/{rel}","templated":true}]}}