{"id":68356826,"date":"2026-02-14T16:17:45","date_gmt":"2026-02-14T15:17:45","guid":{"rendered":"https:\/\/kraftwerk-shop.cc\/?post_type=product&#038;p=68356826"},"modified":"2026-03-30T02:05:25","modified_gmt":"2026-03-30T00:05:25","slug":"ventilador-mopar-55056947aa","status":"publish","type":"product","link":"https:\/\/kraftwerk-shop.cc\/es\/produkt\/mopar-kuehlerluefter-55056947aa\/","title":{"rendered":"Ventilador de radiador Mopar RAM 5.7 \/ 6.4 (55056947AA)"},"content":{"rendered":"<h1>\u00a0Ventilador de radiador original Mopar 55056947AA para RAM 5.7 y 6.4 de 2009 a 2018 y Classic 2019 - 2024<\/h1>\n<p>&nbsp;<\/p>\n<p><strong>N\u00famero de pieza Mopar:<\/strong> <span class=\"list-value sku-display\">55056947AA<br \/>\n<span lang=\"DE\"><strong>Reemplazado:<\/strong> \u2014<\/span><\/span><\/p>\n<p>&nbsp;<\/p>\n<p><strong>Adecuado para:<\/strong><\/p>\n<table width=\"996\">\n<tbody>\n<tr>\n<td width=\"138\"><strong>A\u00f1o de construcci\u00f3n<\/strong><\/td>\n<td width=\"168\"><strong>Marca<\/strong><\/td>\n<td width=\"144\"><strong>Modelo<\/strong><\/td>\n<td width=\"290\"><strong>Versi\u00f3n<\/strong><\/td>\n<td width=\"256\"><strong>Motor<\/strong><\/td>\n<\/tr>\n<tr>\n<td width=\"138\">2025<\/td>\n<td width=\"168\">Ram<\/td>\n<td width=\"144\">2500<\/td>\n<td width=\"290\">Big Horn, Laramie, Limited, Limited Longhorn, Lone Star, Power Wagon, Rebel, Special Service, Tradesman<\/td>\n<td width=\"256\">6.4L<\/td>\n<\/tr>\n<tr>\n<td width=\"138\">2025<\/td>\n<td width=\"168\">Ram<\/td>\n<td width=\"144\">3500<\/td>\n<td width=\"290\">Big Horn, Laramie, Limited, Limited Longhorn, Special Service, Tradesman<\/td>\n<td width=\"256\">6.4L<\/td>\n<\/tr>\n<tr>\n<td width=\"138\">2024<\/td>\n<td width=\"168\">Ram<\/td>\n<td width=\"144\">1500 Classic<\/td>\n<td width=\"290\">Tradesman, Warlock<\/td>\n<td width=\"256\">5.7L<\/td>\n<\/tr>\n<tr>\n<td width=\"138\">2024<\/td>\n<td width=\"168\">Ram<\/td>\n<td width=\"144\">2500<\/td>\n<td width=\"290\">Big Horn, Laramie, Limited, Limited Longhorn, Lone Star, Power Wagon, Rebel, Special Service, Tradesman<\/td>\n<td width=\"256\">6.4L<\/td>\n<\/tr>\n<tr>\n<td width=\"138\">2024<\/td>\n<td width=\"168\">Ram<\/td>\n<td width=\"144\">3500<\/td>\n<td width=\"290\">Big Horn, Laramie, Limited, Limited Longhorn, SLT, Special Service, Tradesman<\/td>\n<td width=\"256\">6.4L<\/td>\n<\/tr>\n<tr>\n<td width=\"138\">2024<\/td>\n<td width=\"168\">Ram<\/td>\n<td width=\"144\">4500<\/td>\n<td width=\"290\">Base<\/td>\n<td width=\"256\">6.4L<\/td>\n<\/tr>\n<tr>\n<td width=\"138\">2024<\/td>\n<td width=\"168\">Ram<\/td>\n<td width=\"144\">5500<\/td>\n<td width=\"290\">Base<\/td>\n<td width=\"256\">6.4L<\/td>\n<\/tr>\n<tr>\n<td width=\"138\">2023<\/td>\n<td width=\"168\">Ram<\/td>\n<td width=\"144\">1500 Classic<\/td>\n<td width=\"290\">Special Service, Tradesman, Warlock<\/td>\n<td width=\"256\">5.7L<\/td>\n<\/tr>\n<tr>\n<td width=\"138\">2023<\/td>\n<td width=\"168\">Ram<\/td>\n<td width=\"144\">2500<\/td>\n<td width=\"290\">Big Horn, Laramie, Limited, Limited Longhorn, Lone Star, Power Wagon, Rebel, Tradesman<\/td>\n<td width=\"256\">6.4L<\/td>\n<\/tr>\n<tr>\n<td width=\"138\">2023<\/td>\n<td width=\"168\">Ram<\/td>\n<td width=\"144\">3500<\/td>\n<td width=\"290\">Big Horn, Laramie, Limited, Limited Longhorn, SLT, Tradesman<\/td>\n<td width=\"256\">6.4L<\/td>\n<\/tr>\n<tr>\n<td width=\"138\">2023<\/td>\n<td width=\"168\">Ram<\/td>\n<td width=\"144\">4500<\/td>\n<td width=\"290\">Base<\/td>\n<td width=\"256\">6.4L<\/td>\n<\/tr>\n<tr>\n<td width=\"138\">2023<\/td>\n<td width=\"168\">Ram<\/td>\n<td width=\"144\">5500<\/td>\n<td width=\"290\">Base<\/td>\n<td width=\"256\">6.4L<\/td>\n<\/tr>\n<tr>\n<td width=\"138\">2022<\/td>\n<td width=\"168\">Ram<\/td>\n<td width=\"144\">1500 Classic<\/td>\n<td width=\"290\">Express, SLT, Special Service, Tradesman, Warlock<\/td>\n<td width=\"256\">5.7L<\/td>\n<\/tr>\n<tr>\n<td width=\"138\">2022<\/td>\n<td width=\"168\">Ram<\/td>\n<td width=\"144\">2500<\/td>\n<td width=\"290\">Big Horn, Laramie, Limited, Limited Longhorn, Lone Star, Power Wagon, Tradesman<\/td>\n<td width=\"256\">6.4L<\/td>\n<\/tr>\n<tr>\n<td width=\"138\">2022<\/td>\n<td width=\"168\">Ram<\/td>\n<td width=\"144\">3500<\/td>\n<td width=\"290\">Big Horn, Laramie, Limited, Limited Longhorn, Lone Star, SLT, Tradesman<\/td>\n<td width=\"256\">6.4L<\/td>\n<\/tr>\n<tr>\n<td width=\"138\">2022<\/td>\n<td width=\"168\">Ram<\/td>\n<td width=\"144\">4500<\/td>\n<td width=\"290\">Base<\/td>\n<td width=\"256\">6.4L<\/td>\n<\/tr>\n<tr>\n<td width=\"138\">2022<\/td>\n<td width=\"168\">Ram<\/td>\n<td width=\"144\">5500<\/td>\n<td width=\"290\">Base<\/td>\n<td width=\"256\">6.4L<\/td>\n<\/tr>\n<tr>\n<td width=\"138\">2021<\/td>\n<td width=\"168\">Ram<\/td>\n<td width=\"144\">1500 Classic<\/td>\n<td width=\"290\">Express, SLT, Special Service, Tradesman, Warlock<\/td>\n<td width=\"256\">5.7L<\/td>\n<\/tr>\n<tr>\n<td width=\"138\">2021<\/td>\n<td width=\"168\">Ram<\/td>\n<td width=\"144\">2500<\/td>\n<td width=\"290\">Big Horn, Laramie, Laramie Longhorn, Limited, Limited Longhorn, Lone Star, Power Wagon, Tradesman<\/td>\n<td width=\"256\">6.4L<\/td>\n<\/tr>\n<tr>\n<td width=\"138\">2021<\/td>\n<td width=\"168\">Ram<\/td>\n<td width=\"144\">3500<\/td>\n<td width=\"290\">Big Horn, Laramie, Limited, Limited Longhorn, Lone Star, SLT, Tradesman<\/td>\n<td width=\"256\">6.4L<\/td>\n<\/tr>\n<tr>\n<td width=\"138\">2021<\/td>\n<td width=\"168\">Ram<\/td>\n<td width=\"144\">4500<\/td>\n<td width=\"290\">Base<\/td>\n<td width=\"256\">6.4L<\/td>\n<\/tr>\n<tr>\n<td width=\"138\">2021<\/td>\n<td width=\"168\">Ram<\/td>\n<td width=\"144\">5500<\/td>\n<td width=\"290\">Base<\/td>\n<td width=\"256\">6.4L<\/td>\n<\/tr>\n<tr>\n<td width=\"138\">2020<\/td>\n<td width=\"168\">Ram<\/td>\n<td width=\"144\">1500 Classic<\/td>\n<td width=\"290\">Express, SLT, Special Service, Tradesman, Warlock<\/td>\n<td width=\"256\">5.7L<\/td>\n<\/tr>\n<tr>\n<td width=\"138\">2020<\/td>\n<td width=\"168\">Ram<\/td>\n<td width=\"144\">2500<\/td>\n<td width=\"290\">Big Horn, Laramie, Laramie Longhorn, Limited, Lone Star, Power Wagon, Tradesman<\/td>\n<td width=\"256\">6.4L<\/td>\n<\/tr>\n<tr>\n<td width=\"138\">2020<\/td>\n<td width=\"168\">Ram<\/td>\n<td width=\"144\">3500<\/td>\n<td width=\"290\">Big Horn, Laramie, Laramie Longhorn, Limited, Lone Star, SLT, Tradesman<\/td>\n<td width=\"256\">6.4L<\/td>\n<\/tr>\n<tr>\n<td width=\"138\">2020<\/td>\n<td width=\"168\">Ram<\/td>\n<td width=\"144\">4500<\/td>\n<td width=\"290\">Base<\/td>\n<td width=\"256\">6.4L<\/td>\n<\/tr>\n<tr>\n<td width=\"138\">2020<\/td>\n<td width=\"168\">Ram<\/td>\n<td width=\"144\">5500<\/td>\n<td width=\"290\">Base<\/td>\n<td width=\"256\">6.4L<\/td>\n<\/tr>\n<tr>\n<td width=\"138\">2019<\/td>\n<td width=\"168\">Ram<\/td>\n<td width=\"144\">1500 Classic<\/td>\n<td width=\"290\">Big Horn, Express, Lone Star, SLT, Special Service, Tradesman, Warlock<\/td>\n<td width=\"256\">5.7L<\/td>\n<\/tr>\n<tr>\n<td width=\"138\">2019<\/td>\n<td width=\"168\">Ram<\/td>\n<td width=\"144\">2500<\/td>\n<td width=\"290\">Big Horn, Laramie, Laramie Longhorn, Limited, Lone Star, Power Wagon, Tradesman<\/td>\n<td width=\"256\">6.4L<\/td>\n<\/tr>\n<tr>\n<td width=\"138\">2019<\/td>\n<td width=\"168\">Ram<\/td>\n<td width=\"144\">3500<\/td>\n<td width=\"290\">Big Horn, Laramie, Laramie Longhorn, Limited, Lone Star, SLT, Tradesman<\/td>\n<td width=\"256\">6.4L<\/td>\n<\/tr>\n<tr>\n<td width=\"138\">2019<\/td>\n<td width=\"168\">Ram<\/td>\n<td width=\"144\">4500<\/td>\n<td width=\"290\">Base<\/td>\n<td width=\"256\">6.4L<\/td>\n<\/tr>\n<tr>\n<td width=\"138\">2019<\/td>\n<td width=\"168\">Ram<\/td>\n<td width=\"144\">5500<\/td>\n<td width=\"290\">Base<\/td>\n<td width=\"256\">6.4L<\/td>\n<\/tr>\n<tr>\n<td width=\"138\">2018<\/td>\n<td width=\"168\">Ram<\/td>\n<td width=\"144\">1500<\/td>\n<td width=\"290\">Big Horn, Express, Laramie, Laramie Longhorn, Limited, Lone Star, Rebel, SLT, Special Service, Sport, Tradesman<\/td>\n<td width=\"256\">5.7L<\/td>\n<\/tr>\n<tr>\n<td width=\"138\">2018<\/td>\n<td width=\"168\">Ram<\/td>\n<td width=\"144\">2500<\/td>\n<td width=\"290\">Big Horn, Laramie, Laramie Longhorn, Limited, Power Wagon, SLT, Tradesman<\/td>\n<td width=\"256\">5.7L V8 - GNC, 5.7L, 6.4L<\/td>\n<\/tr>\n<tr>\n<td width=\"138\">2018<\/td>\n<td width=\"168\">Ram<\/td>\n<td width=\"144\">3500<\/td>\n<td width=\"290\">Big Horn, Laramie, Laramie Longhorn, Limited, SLT, Tradesman<\/td>\n<td width=\"256\">5.7L, 6.4L<\/td>\n<\/tr>\n<tr>\n<td width=\"138\">2018<\/td>\n<td width=\"168\">Ram<\/td>\n<td width=\"144\">4500<\/td>\n<td width=\"290\">Base<\/td>\n<td width=\"256\">6.4L<\/td>\n<\/tr>\n<tr>\n<td width=\"138\">2018<\/td>\n<td width=\"168\">Ram<\/td>\n<td width=\"144\">5500<\/td>\n<td width=\"290\">Base<\/td>\n<td width=\"256\">6.4L<\/td>\n<\/tr>\n<tr>\n<td width=\"138\">2017<\/td>\n<td width=\"168\">Ram<\/td>\n<td width=\"144\">1500<\/td>\n<td width=\"290\">Big Horn, Express, Laramie, Laramie Longhorn, Limited, Lone Star, Rebel, SLT, Special Service, Sport, Tradesman<\/td>\n<td width=\"256\">5.7L<\/td>\n<\/tr>\n<tr>\n<td width=\"138\">2017<\/td>\n<td width=\"168\">Ram<\/td>\n<td width=\"144\">2500<\/td>\n<td width=\"290\">Big Horn, Laramie, Laramie Longhorn, Limited, Power Wagon, SLT, Tradesman<\/td>\n<td width=\"256\">5.7L V8 - GNC, 5.7L, 6.4L<\/td>\n<\/tr>\n<tr>\n<td width=\"138\">2017<\/td>\n<td width=\"168\">Ram<\/td>\n<td width=\"144\">3500<\/td>\n<td width=\"290\">Big Horn, Laramie, Laramie Longhorn, Limited, Lone Star, SLT, Tradesman<\/td>\n<td width=\"256\">5.7L, 6.4L<\/td>\n<\/tr>\n<tr>\n<td width=\"138\">2017<\/td>\n<td width=\"168\">Ram<\/td>\n<td width=\"144\">4500<\/td>\n<td width=\"290\">Base<\/td>\n<td width=\"256\">6.4L<\/td>\n<\/tr>\n<tr>\n<td width=\"138\">2017<\/td>\n<td width=\"168\">Ram<\/td>\n<td width=\"144\">5500<\/td>\n<td width=\"290\">Base<\/td>\n<td width=\"256\">6.4L<\/td>\n<\/tr>\n<tr>\n<td width=\"138\">2016<\/td>\n<td width=\"168\">Ram<\/td>\n<td width=\"144\">1500<\/td>\n<td width=\"290\">Big Horn, Express, Laramie, Laramie Longhorn, Limited, Lone Star, Outdoorsman, Rebel, SLT, Special Service, Sport, Tradesman<\/td>\n<td width=\"256\">5.7L<\/td>\n<\/tr>\n<tr>\n<td width=\"138\">2016<\/td>\n<td width=\"168\">Ram<\/td>\n<td width=\"144\">2500<\/td>\n<td width=\"290\">Big Horn, Laramie, Laramie Longhorn, Limited, Outdoorsman, Power Wagon, SLT, Tradesman<\/td>\n<td width=\"256\">5.7L V8 - GNC, 5.7L, 6.4L<\/td>\n<\/tr>\n<tr>\n<td width=\"138\">2016<\/td>\n<td width=\"168\">Ram<\/td>\n<td width=\"144\">3500<\/td>\n<td width=\"290\">Big Horn, Laramie, Laramie Longhorn, Limited, SLT, Tradesman<\/td>\n<td width=\"256\">5.7L, 6.4L<\/td>\n<\/tr>\n<tr>\n<td width=\"138\">2016<\/td>\n<td width=\"168\">Ram<\/td>\n<td width=\"144\">4500<\/td>\n<td width=\"290\">Laramie, SLT, Tradesman<\/td>\n<td width=\"256\">6.4L<\/td>\n<\/tr>\n<tr>\n<td width=\"138\">2016<\/td>\n<td width=\"168\">Ram<\/td>\n<td width=\"144\">5500<\/td>\n<td width=\"290\">Laramie, SLT, Tradesman<\/td>\n<td width=\"256\">6.4L<\/td>\n<\/tr>\n<tr>\n<td width=\"138\">2015<\/td>\n<td width=\"168\">Ram<\/td>\n<td width=\"144\">1500<\/td>\n<td width=\"290\">Big Horn, Express, Laramie, Laramie Limited, Laramie Longhorn, Limited, Lone Star, Outdoorsman, Rebel, SLT, Special Service, Sport, Tradesman<\/td>\n<td width=\"256\">5.7L<\/td>\n<\/tr>\n<tr>\n<td width=\"138\">2015<\/td>\n<td width=\"168\">Ram<\/td>\n<td width=\"144\">2500<\/td>\n<td width=\"290\">Big Horn, Laramie, Laramie Limited, Laramie Longhorn, Lone Star, Outdoorsman, Power Wagon, SLT, Tradesman<\/td>\n<td width=\"256\">5.7L V8 - GNC, 5.7L, 6.4L<\/td>\n<\/tr>\n<tr>\n<td width=\"138\">2015<\/td>\n<td width=\"168\">Ram<\/td>\n<td width=\"144\">3500<\/td>\n<td width=\"290\">Big Horn, Laramie, Laramie Limited, Laramie Longhorn, Lone Star, SLT, Tradesman<\/td>\n<td width=\"256\">5.7L, 6.4L<\/td>\n<\/tr>\n<tr>\n<td width=\"138\">2015<\/td>\n<td width=\"168\">Ram<\/td>\n<td width=\"144\">4500<\/td>\n<td width=\"290\">Laramie, SLT, Tradesman<\/td>\n<td width=\"256\">6.4L<\/td>\n<\/tr>\n<tr>\n<td width=\"138\">2015<\/td>\n<td width=\"168\">Ram<\/td>\n<td width=\"144\">5500<\/td>\n<td width=\"290\">Laramie, SLT, Tradesman<\/td>\n<td width=\"256\">6.4L<\/td>\n<\/tr>\n<tr>\n<td width=\"138\">2014<\/td>\n<td width=\"168\">Ram<\/td>\n<td width=\"144\">1500<\/td>\n<td width=\"290\">Big Horn, Express, HFE, Laramie, Laramie Limited, Laramie Longhorn, Lone Star, Outdoorsman, SLT, Special Service, Sport, Tradesman<\/td>\n<td width=\"256\">5.7L<\/td>\n<\/tr>\n<tr>\n<td width=\"138\">2014<\/td>\n<td width=\"168\">Ram<\/td>\n<td width=\"144\">2500<\/td>\n<td width=\"290\">Big Horn, Laramie, Laramie Limited, Laramie Longhorn, Lone Star, Outdoorsman, Power Wagon, SLT, Tradesman<\/td>\n<td width=\"256\">5.7L V8 - GNC, 5.7L, 6.4L<\/td>\n<\/tr>\n<tr>\n<td width=\"138\">2014<\/td>\n<td width=\"168\">Ram<\/td>\n<td width=\"144\">3500<\/td>\n<td width=\"290\">Big Horn, Laramie, Laramie Limited, Laramie Longhorn, Lone Star, SLT, Tradesman<\/td>\n<td width=\"256\">5.7L, 6.4L<\/td>\n<\/tr>\n<tr>\n<td width=\"138\">2014<\/td>\n<td width=\"168\">Ram<\/td>\n<td width=\"144\">4500<\/td>\n<td width=\"290\">Laramie, SLT, Tradesman<\/td>\n<td width=\"256\">6.4L<\/td>\n<\/tr>\n<tr>\n<td width=\"138\">2014<\/td>\n<td width=\"168\">Ram<\/td>\n<td width=\"144\">5500<\/td>\n<td width=\"290\">Laramie, SLT, Tradesman<\/td>\n<td width=\"256\">6.4L<\/td>\n<\/tr>\n<tr>\n<td width=\"138\">2013<\/td>\n<td width=\"168\">Ram<\/td>\n<td width=\"144\">1500<\/td>\n<td width=\"290\">Big Horn, Express, Laramie, Laramie Longhorn, Outdoorsman, R\/T, SLT, Sport, Tradesman<\/td>\n<td width=\"256\">4.7L V8 - Flex, 5.7L<\/td>\n<\/tr>\n<tr>\n<td width=\"138\">2013<\/td>\n<td width=\"168\">Ram<\/td>\n<td width=\"144\">2500<\/td>\n<td width=\"290\">Big Horn, Laramie, Laramie Longhorn, Lone Star, Outdoorsman, Power Wagon, SLT, ST, Tradesman<\/td>\n<td width=\"256\">5.7L V8 - GNC, 5.7L<\/td>\n<\/tr>\n<tr>\n<td width=\"138\">2013<\/td>\n<td width=\"168\">Ram<\/td>\n<td width=\"144\">3500<\/td>\n<td width=\"290\">Big Horn, Laramie, Laramie Longhorn, Lone Star, SLT, ST, Tradesman<\/td>\n<td width=\"256\">5.7L<\/td>\n<\/tr>\n<tr>\n<td width=\"138\">2012<\/td>\n<td width=\"168\">Ram<\/td>\n<td width=\"144\">1500<\/td>\n<td width=\"290\">Big Horn, Express, Laramie, Laramie Longhorn, Outdoorsman, SLT, ST, Sport, Tradesman, Tradesman HD<\/td>\n<td width=\"256\">4.7L V8 - Flex, 5.7L<\/td>\n<\/tr>\n<tr>\n<td width=\"138\">2012<\/td>\n<td width=\"168\">Ram<\/td>\n<td width=\"144\">2500<\/td>\n<td width=\"290\">Laramie, Laramie Longhorn, Outdoorsman, Power Wagon, SLT, ST<\/td>\n<td width=\"256\">5.7L V8 - Bi-Fuel, 5.7L<\/td>\n<\/tr>\n<tr>\n<td width=\"138\">2012<\/td>\n<td width=\"168\">Ram<\/td>\n<td width=\"144\">3500<\/td>\n<td width=\"290\">Laramie, SLT, ST<\/td>\n<td width=\"256\">5.7L<\/td>\n<\/tr>\n<tr>\n<td width=\"138\">2011<\/td>\n<td width=\"168\">Ram<\/td>\n<td width=\"144\">1500<\/td>\n<td width=\"290\">Big Horn, Laramie, Laramie Longhorn, Outdoorsman, SLT, ST, Sport, Tradesman<\/td>\n<td width=\"256\">5.7L<\/td>\n<\/tr>\n<tr>\n<td width=\"138\">2011<\/td>\n<td width=\"168\">Ram<\/td>\n<td width=\"144\">2500<\/td>\n<td width=\"290\">Laramie, Laramie Longhorn, Power Wagon, SLT, ST<\/td>\n<td width=\"256\">5.7L<\/td>\n<\/tr>\n<tr>\n<td width=\"138\">2011<\/td>\n<td width=\"168\">Ram<\/td>\n<td width=\"144\">3500<\/td>\n<td width=\"290\">Laramie, SLT, ST<\/td>\n<td width=\"256\">5.7L<\/td>\n<\/tr>\n<tr>\n<td width=\"138\">2010<\/td>\n<td width=\"168\">Dodge<\/td>\n<td width=\"144\">Ram 1500<\/td>\n<td width=\"290\">Laramie, SLT, ST, Sport, TRX, TRX4<\/td>\n<td width=\"256\">5.7L<\/td>\n<\/tr>\n<tr>\n<td width=\"138\">2010<\/td>\n<td width=\"168\">Dodge<\/td>\n<td width=\"144\">Ram 2500<\/td>\n<td width=\"290\">Laramie, Power Wagon, SLT, ST, SXT, TRX<\/td>\n<td width=\"256\">5.7L<\/td>\n<\/tr>\n<tr>\n<td width=\"138\">2009<\/td>\n<td width=\"168\">Chrysler<\/td>\n<td width=\"144\">Aspen<\/td>\n<td width=\"290\">Limited, Limited Hybrid<\/td>\n<td width=\"256\">5.7L V8 - El\u00e9ctrico\/Gasolina, 5.7L<\/td>\n<\/tr>\n<tr>\n<td width=\"138\">2009<\/td>\n<td width=\"168\">Dodge<\/td>\n<td width=\"144\">Durango<\/td>\n<td width=\"290\">Limited, SE, SLT<\/td>\n<td width=\"256\">5.7L<\/td>\n<\/tr>\n<tr>\n<td width=\"138\">2009<\/td>\n<td width=\"168\">Dodge<\/td>\n<td width=\"144\">Ram 1500<\/td>\n<td width=\"290\">Laramie, SLT, ST, Sport, TRX, TRX4<\/td>\n<td width=\"256\">5.7L<\/td>\n<\/tr>\n<tr>\n<td width=\"138\">2009<\/td>\n<td width=\"168\">Dodge<\/td>\n<td width=\"144\">Ram 2500<\/td>\n<td width=\"290\">Laramie, Power Wagon, SLT, ST, SXT<\/td>\n<td width=\"256\">5.7L<\/td>\n<\/tr>\n<tr>\n<td width=\"138\">2009<\/td>\n<td width=\"168\">Dodge<\/td>\n<td width=\"144\">Ram 3500<\/td>\n<td width=\"290\">Laramie, SLT, ST, SXT<\/td>\n<td width=\"256\">5.7L<\/td>\n<\/tr>\n<\/tbody>\n<\/table>\n<p>&nbsp;<\/p>\n<p>&nbsp;<\/p>\n<h4>\u00bfPor qu\u00e9 elegir recambios originales Mopar?<\/h4>\n<p><strong>Ajuste perfecto y calidad superior:<\/strong> Los recambios originales Mopar se fabrican siguiendo las estrictas especificaciones del fabricante, lo que significa que encajan perfectamente en su veh\u00edculo. Esto no solo garantiza una instalaci\u00f3n sencilla, sino tambi\u00e9n un funcionamiento y una seguridad \u00f3ptimos.<\/p>\n<p><strong>Fiabilidad y durabilidad:<\/strong> Mediante el uso de materiales de alta calidad y estrictos controles de calidad, los recambios Mopar garantizan que su veh\u00edculo funcione de forma fiable incluso en condiciones extremas. Est\u00e1n dise\u00f1ados para durar y maximizar el rendimiento de su veh\u00edculo.<\/p>","protected":false},"excerpt":{"rendered":"<div class=\"eael-product-excerpt\">\n<p>Pieza original Mopar<\/p>\n<p>2009 - 2018, Cl\u00e1sico 2019 - 2024 &amp; 6.4 2014 - 2025<\/p>\n<\/div>","protected":false},"featured_media":68309199,"comment_status":"open","ping_status":"closed","template":"","meta":{"_acf_changed":false},"product_brand":[16270],"product_cat":[1517,9951,2920],"product_tag":[18656,475,506,507,91,7997,49,7999,7998,8000,5255,271,20201,6426,31,7221,86,3507,6333,7666,216,5254,673],"class_list":{"0":"post-68356826","1":"product","2":"type-product","3":"status-publish","4":"has-post-thumbnail","6":"product_brand-mopar","7":"product_cat-1500-57-2009-2018-classic-kuehlung","8":"product_cat-2500-3500-57-kuehlung","9":"product_cat-2500-3500-64-kuehlung","10":"product_tag-055056947aa","11":"product_tag-475","12":"product_tag-506","13":"product_tag-507","14":"product_tag-5-7","15":"product_tag-55056947aa","16":"product_tag-dodge","17":"product_tag-geblaese","18":"product_tag-kuehlerluefter","19":"product_tag-kuehlgeblaese","20":"product_tag-kuehlwasserpumpe","21":"product_tag-luefter","22":"product_tag-luefterfluegel","23":"product_tag-luefterkupplung","24":"product_tag-mopar","25":"product_tag-mopar10","26":"product_tag-ram","27":"product_tag-ram1500","28":"product_tag-ram-2500","29":"product_tag-ram-3500","30":"product_tag-upgrade","31":"product_tag-wasserpumpe","32":"product_tag-zubehoer","34":"first","35":"onbackorder","36":"taxable","37":"shipping-taxable","38":"purchasable","39":"product-type-simple"},"bundled_by":[],"bundle_stock_status":"onbackorder","bundle_stock_quantity":0,"bundle_virtual":false,"bundle_layout":"","bundle_add_to_cart_form_location":"","bundle_editable_in_cart":false,"bundle_sold_individually_context":"","bundle_item_grouping":"","bundle_min_size":"","bundle_max_size":"","bundle_price":[],"bundled_items":[],"bundle_sell_ids":[],"exclude_global_add_ons":[],"addons":[],"acf":[],"_links":{"self":[{"href":"https:\/\/kraftwerk-shop.cc\/es\/wp-json\/wp\/v2\/product\/68356826","targetHints":{"allow":["GET"]}}],"collection":[{"href":"https:\/\/kraftwerk-shop.cc\/es\/wp-json\/wp\/v2\/product"}],"about":[{"href":"https:\/\/kraftwerk-shop.cc\/es\/wp-json\/wp\/v2\/types\/product"}],"replies":[{"embeddable":true,"href":"https:\/\/kraftwerk-shop.cc\/es\/wp-json\/wp\/v2\/comments?post=68356826"}],"version-history":[{"count":0,"href":"https:\/\/kraftwerk-shop.cc\/es\/wp-json\/wp\/v2\/product\/68356826\/revisions"}],"wp:featuredmedia":[{"embeddable":true,"href":"https:\/\/kraftwerk-shop.cc\/es\/wp-json\/wp\/v2\/media\/68309199"}],"wp:attachment":[{"href":"https:\/\/kraftwerk-shop.cc\/es\/wp-json\/wp\/v2\/media?parent=68356826"}],"wp:term":[{"taxonomy":"product_brand","embeddable":true,"href":"https:\/\/kraftwerk-shop.cc\/es\/wp-json\/wp\/v2\/product_brand?post=68356826"},{"taxonomy":"product_cat","embeddable":true,"href":"https:\/\/kraftwerk-shop.cc\/es\/wp-json\/wp\/v2\/product_cat?post=68356826"},{"taxonomy":"product_tag","embeddable":true,"href":"https:\/\/kraftwerk-shop.cc\/es\/wp-json\/wp\/v2\/product_tag?post=68356826"}],"curies":[{"name":"wp","href":"https:\/\/api.w.org\/{rel}","templated":true}]}}