{"id":68356842,"date":"2026-02-15T15:46:30","date_gmt":"2026-02-15T14:46:30","guid":{"rendered":"https:\/\/kraftwerk-shop.cc\/?post_type=product&#038;p=68356842"},"modified":"2026-03-30T02:05:11","modified_gmt":"2026-03-30T00:05:11","slug":"afe-bladerunner-colector-de-escape-46-40164","status":"publish","type":"product","link":"https:\/\/kraftwerk-shop.cc\/es\/produkt\/afe-bladerunner-kruemmer-46-40164\/","title":{"rendered":"aFe BladeRunner colector de escape RAM 5.7"},"content":{"rendered":"<h1>Colector de escape aFe BladeRunner 46-40164 de fundici\u00f3n d\u00factil para RAM 1500 5.7 de 2009 a 2018 y Classic 2019 - 2024<\/h1>\n<p>&nbsp;<\/p>\n<p>Los colectores de escape est\u00e1ndar de la 5\u00aa generaci\u00f3n RAM 5.7 son propensos a agrietarse. Estos colectores de escape Bladerunner tienen 25 % paredes m\u00e1s gruesas que el dise\u00f1o original, proporcionando una mayor resistencia y durabilidad. El material adicional ayuda a soportar los cambios de alta temperatura y las vibraciones sin deformarse o agrietarse.<\/p>\n<p>&nbsp;<\/p>\n<p><strong>Piezas de conexi\u00f3n mecanizadas<br \/>\n<\/strong>En estos colectores, tanto los racores de entrada como los de salida est\u00e1n mecanizados para adaptarse a las juntas de f\u00e1brica. Esto permite un caudal m\u00e1ximo sin perjudicar la funci\u00f3n de las juntas.<\/p>\n<p><strong>Hierro d\u00factil<br \/>\n<\/strong>La fundici\u00f3n d\u00factil es un material de fundici\u00f3n especialmente resistente. En comparaci\u00f3n con la fundici\u00f3n convencional, es menos quebradiza y mucho m\u00e1s resistente. Como resultado, soporta mejor las cargas mec\u00e1nicas y las fluctuaciones de temperatura.<\/p>\n<p><strong>Mayor grosor de pared<br \/>\n<\/strong>Estos colectores tienen paredes 25 % m\u00e1s gruesas que los colectores originales propensos a agrietarse. El mayor espesor de pared aumenta la rigidez de los colectores y los hace significativamente m\u00e1s duraderos que los colectores OE.<\/p>\n<p><strong>F\u00e1cil instalaci\u00f3n<br \/>\n<\/strong>Estos colectores se atornillan directamente en el tubo en Y de f\u00e1brica para facilitar la instalaci\u00f3n.<\/p>\n<p>&nbsp;<\/p>\n<p>&nbsp;<\/p>\n<p><strong>Adecuado para:<\/strong><\/p>\n<table style=\"width: 569px;\" width=\"437\">\n<tbody>\n<tr>\n<td style=\"width: 111.55px;\"><strong>Marca<\/strong><\/td>\n<td style=\"width: 122.85px;\"><strong>Modelo<\/strong><\/td>\n<td style=\"width: 90.35px;\"><strong>Motor<\/strong><\/td>\n<td style=\"width: 215.083px;\"><strong>A\u00f1o de construcci\u00f3n<\/strong><\/td>\n<\/tr>\n<tr>\n<td style=\"width: 111.55px;\">RAM<\/td>\n<td style=\"width: 122.85px;\">1500<\/td>\n<td style=\"width: 90.35px;\">5.7<\/td>\n<td style=\"width: 215.083px;\">2009-2018<\/td>\n<\/tr>\n<tr>\n<td style=\"width: 111.55px;\">RAM<\/td>\n<td style=\"width: 122.85px;\">1500 Classic<\/td>\n<td style=\"width: 90.35px;\">5.7<\/td>\n<td style=\"width: 215.083px;\">2019-2024<\/td>\n<\/tr>\n<\/tbody>\n<\/table>\n<p>Estos colectores s\u00f3lo se adaptan al modelo Classic DS de 2009 a 2024 y no al modelo DT de 2019 en adelante.<\/p>\n<p>&nbsp;<\/p>\n<p>&nbsp;<\/p>\n<p><strong>Acerca de aFe Power<\/strong><\/p>\n<p>aFe Power (advanced FLOW engineering) es un fabricante l\u00edder de productos de alto rendimiento para la industria del autom\u00f3vil. Desde su fundaci\u00f3n, la empresa se ha comprometido a desarrollar soluciones innovadoras y potentes que aumenten significativamente la eficiencia y el rendimiento de los veh\u00edculos.<\/p>\n<p><strong>Calidad e innovaci\u00f3n<\/strong><\/p>\n<p>Todos los productos aFe Power se desarrollan y prueban en las modernas instalaciones de la empresa en EE.UU.. Con un fuerte enfoque en la investigaci\u00f3n y el desarrollo, aFe Power utiliza tecnolog\u00edas avanzadas para crear productos que cumplen con los m\u00e1s altos est\u00e1ndares de calidad. Estos estrictos controles de calidad garantizan que los productos ofrezcan un rendimiento superior y satisfagan las necesidades de los motoristas m\u00e1s exigentes.<\/p>\n<p><strong>Compromiso con los clientes<\/strong><\/p>\n<p>aFe Power se esfuerza por ofrecer siempre las mejores soluciones a sus clientes. A trav\u00e9s de la innovaci\u00f3n continua y la incorporaci\u00f3n de los comentarios de los clientes, la empresa se mantiene a la vanguardia de la tecnolog\u00eda del autom\u00f3vil. Los productos aFe Power est\u00e1n dise\u00f1ados para ser f\u00e1ciles de instalar y proporcionar una mejora notable en el rendimiento del veh\u00edculo y el placer de conducir.<\/p>\n<p>Con un claro enfoque en el rendimiento, la calidad y la satisfacci\u00f3n del cliente, aFe Power se ha forjado una excelente reputaci\u00f3n en la industria del autom\u00f3vil. Ya sea en carretera, en circuito o en todoterreno, los productos aFe Power son la primera opci\u00f3n para cualquiera que quiera obtener lo mejor de su veh\u00edculo.<\/p>\n<p>&nbsp;<\/p>","protected":false},"excerpt":{"rendered":"<p>2009 - 2018 &amp; Cl\u00e1sico 2019 - 2024<\/p>","protected":false},"featured_media":68356845,"comment_status":"open","ping_status":"closed","template":"","meta":{"_acf_changed":false},"product_brand":[16879],"product_cat":[6621],"product_tag":[475,20657,91,1035,16880,498,2441,546,6557,5197,2219,49,477,20001,692,543,549,126,532,20273,550,34,186,86,3369,3368,3340,3055,547,7084],"class_list":{"0":"post-68356842","1":"product","2":"type-product","3":"status-publish","4":"has-post-thumbnail","6":"product_brand-afe-power","7":"product_cat-1500-57-2009-2018-classic-abgaskruemmer-katalysatoren","8":"product_tag-475","9":"product_tag-46-40164","10":"product_tag-5-7","11":"product_tag-abgasanlage","12":"product_tag-advanced-flow-engineering","13":"product_tag-afe","14":"product_tag-afe-power","15":"product_tag-auspuff","16":"product_tag-auspuffkruemmer","17":"product_tag-bladerunner","18":"product_tag-classic","19":"product_tag-dodge","20":"product_tag-ds","21":"product_tag-duktiles-eisen","22":"product_tag-ersatzteil","23":"product_tag-faecherkruemmer","24":"product_tag-header","25":"product_tag-hemi","26":"product_tag-kat","27":"product_tag-keintuev","28":"product_tag-kruemmer","29":"product_tag-original","30":"product_tag-performance","31":"product_tag-ram","32":"product_tag-short-tube","33":"product_tag-shorties","34":"product_tag-shorty","35":"product_tag-sportabgasanlage","36":"product_tag-sportauspuff","37":"product_tag-twisted-steel","38":"product_shipping_class-paket-l","40":"first","41":"instock","42":"taxable","43":"shipping-taxable","44":"purchasable","45":"product-type-simple"},"bundled_by":[],"bundle_stock_status":"instock","bundle_stock_quantity":1,"bundle_virtual":false,"bundle_layout":"","bundle_add_to_cart_form_location":"","bundle_editable_in_cart":false,"bundle_sold_individually_context":"","bundle_item_grouping":"","bundle_min_size":"","bundle_max_size":"","bundle_price":[],"bundled_items":[],"bundle_sell_ids":[],"exclude_global_add_ons":[],"addons":[],"acf":[],"_links":{"self":[{"href":"https:\/\/kraftwerk-shop.cc\/es\/wp-json\/wp\/v2\/product\/68356842","targetHints":{"allow":["GET"]}}],"collection":[{"href":"https:\/\/kraftwerk-shop.cc\/es\/wp-json\/wp\/v2\/product"}],"about":[{"href":"https:\/\/kraftwerk-shop.cc\/es\/wp-json\/wp\/v2\/types\/product"}],"replies":[{"embeddable":true,"href":"https:\/\/kraftwerk-shop.cc\/es\/wp-json\/wp\/v2\/comments?post=68356842"}],"version-history":[{"count":0,"href":"https:\/\/kraftwerk-shop.cc\/es\/wp-json\/wp\/v2\/product\/68356842\/revisions"}],"wp:featuredmedia":[{"embeddable":true,"href":"https:\/\/kraftwerk-shop.cc\/es\/wp-json\/wp\/v2\/media\/68356845"}],"wp:attachment":[{"href":"https:\/\/kraftwerk-shop.cc\/es\/wp-json\/wp\/v2\/media?parent=68356842"}],"wp:term":[{"taxonomy":"product_brand","embeddable":true,"href":"https:\/\/kraftwerk-shop.cc\/es\/wp-json\/wp\/v2\/product_brand?post=68356842"},{"taxonomy":"product_cat","embeddable":true,"href":"https:\/\/kraftwerk-shop.cc\/es\/wp-json\/wp\/v2\/product_cat?post=68356842"},{"taxonomy":"product_tag","embeddable":true,"href":"https:\/\/kraftwerk-shop.cc\/es\/wp-json\/wp\/v2\/product_tag?post=68356842"}],"curies":[{"name":"wp","href":"https:\/\/api.w.org\/{rel}","templated":true}]}}