{"id":68356963,"date":"2026-02-19T00:43:12","date_gmt":"2026-02-18T23:43:12","guid":{"rendered":"https:\/\/kraftwerk-shop.cc\/?post_type=product&#038;p=68356963"},"modified":"2026-02-19T23:52:41","modified_gmt":"2026-02-19T22:52:41","slug":"pedalmonster-dodge-challenger","status":"publish","type":"product","link":"https:\/\/kraftwerk-shop.cc\/es\/produkt\/pedalmonster-dodge-challenger\/","title":{"rendered":"PedalMonster controlador del pedal del acelerador Challenger"},"content":{"rendered":"<h1>PedalMonster es la \u00fanica caja de sintonizaci\u00f3n del pedal del acelerador conectada al OBD para el control activo del par y la respuesta del acelerador para Dodge Challenger (a\u00f1os de modelo 2008-2023)<\/h1>\n<p>&nbsp;<\/p>\n<p>PedalMonster mejora el arranque desde parado y la potencia de tracci\u00f3n media de su Dodge Challenger. Facilita los arranques, las roscas y los adelantamientos.<\/p>\n<p>PedalMonster est\u00e1 sintonizado para eliminar el retraso de respuesta del acelerador de f\u00e1brica y al instante hacer que su veh\u00edculo sea m\u00e1s divertido de conducir. PedalMonster est\u00e1 dise\u00f1ado y fabricado en California y corrige defectos peligrosos que pueden ocurrir con otras cajas de pedal del acelerador.<\/p>\n<p>&nbsp;<\/p>\n<p><strong>C\u00f3mo funciona<\/strong><br \/>\nPedalMonster combina los datos del conductor con los datos en tiempo real de los sensores y el ECM del veh\u00edculo para acelerar la entrega de par.<\/p>\n<p><strong>C\u00f3mo utilizarlo<\/strong><br \/>\nEn primer lugar, conduzca por autopista y seleccione una de las 30 curvas maestras de respuesta de par para determinar la potencia de tracci\u00f3n deseada a medio r\u00e9gimen. A continuaci\u00f3n, vuelva al tr\u00e1fico lento y compruebe el arranque desde parado. \u00bfGiran los neum\u00e1ticos? Reduzca la potencia con uno de los 5 niveles de equipamiento de partida.<\/p>\n<p><strong>Es m\u00e1s seguro<\/strong><br \/>\nBanks Active Safety\u00ae supervisa el sistema en busca de fallos y vuelve a la entrega de par est\u00e1ndar si se detecta un problema. Esto evita los c\u00f3digos de aver\u00eda, el modo de emergencia y el pedal del acelerador muerto. Adem\u00e1s, Reverse Safety devuelve el sistema a los ajustes de f\u00e1brica, evitando aceleraciones involuntarias marcha atr\u00e1s. Nadie m\u00e1s ofrece estas funciones.<\/p>\n<p>&nbsp;<\/p>\n<p><strong>Por qu\u00e9 es mejor<\/strong><\/p>\n<ul>\n<li>Par m\u00e1s sensible y predecible<\/li>\n<li>El Launch Trim optimiza el par a bajo r\u00e9gimen<\/li>\n<li>Utiliza datos de la cadena cinem\u00e1tica en tiempo real<\/li>\n<li>Utiliza una fuente de alimentaci\u00f3n de 12 V fiable y con fusibles<\/li>\n<li>Devuelve el veh\u00edculo al estado est\u00e1ndar durante la marcha atr\u00e1s<\/li>\n<li>No hay luces de control del motor o pedal del acelerador muerto<\/li>\n<\/ul>\n<p>&nbsp;<\/p>\n<p><strong>Caracter\u00edsticas m\u00e1s importantes<\/strong><\/p>\n<ul>\n<li>30 Curvas de par maestras<\/li>\n<li>5 Curvas de inicio<\/li>\n<li>Comunicaci\u00f3n ECM bidireccional OBD<\/li>\n<li>Seguridad de la marcha atr\u00e1s<\/li>\n<li>Sistema a prueba de fallos ActiveSafety<\/li>\n<li>Alimentaci\u00f3n a trav\u00e9s de +12 V seguros mediante OBD<\/li>\n<li>Control y visualizaci\u00f3n del par necesario en tiempo real<\/li>\n<li>Plug-and-play<\/li>\n<li>No da\u00f1a la garant\u00eda. No deja huellas.<\/li>\n<li>Patente estadounidense 10.933.885 B1<\/li>\n<\/ul>\n<p>&nbsp;<\/p>\n<p>&nbsp;<\/p>\n<h2>Curvas par-respuesta<\/h2>\n<p>PedalMonster mejora la respuesta a medio r\u00e9gimen y la potencia de tracci\u00f3n optimizando la entrega de par de tu veh\u00edculo con 30 curvas maestras de respuesta de par seleccionables: City, Sport y Track, cada una con su propio ajuste de lanzamiento de 5 etapas activo por debajo de 10 mph.<\/p>\n<p><img decoding=\"async\" class=\"alignnone wp-image-68355121\" src=\"https:\/\/kraftwerk-shop.cc\/wp-content\/uploads\/2026\/01\/PedalMonster-CurvesAnimation.gif\" alt=\"\" width=\"500\" height=\"500\" \/><\/p>\n<p>&nbsp;<\/p>\n<h2>Recorte de lanzamiento<\/h2>\n<p>Si ha seleccionado una curva de par principal agresiva para obtener la m\u00e1xima potencia de tracci\u00f3n a medio r\u00e9gimen, pero la encuentra demasiado agresiva a bajas velocidades, puede elegir entre 5 niveles de Launch Trim para reducir la salida de par por debajo de 10 mph.<\/p>\n<p>&nbsp;<\/p>\n<p><img decoding=\"async\" class=\"alignnone wp-image-68355123\" src=\"https:\/\/kraftwerk-shop.cc\/wp-content\/uploads\/2026\/01\/PedalMonster-Launch-Trim.gif\" alt=\"\" width=\"500\" height=\"500\" \/><\/p>\n<p>&nbsp;<\/p>\n<h2>Interfaces de control<\/h2>\n<p>Configure, controle y supervise PedalMonster con la aplicaci\u00f3n Banks Mobile App para iDash. Las curvas de respuesta de par pueden modificarse durante la conducci\u00f3n sin detener el veh\u00edculo.<\/p>\n<p>&nbsp;<\/p>\n<p>&nbsp;<\/p>\n<p>&nbsp;<\/p>\n<p><img decoding=\"async\" class=\"alignnone wp-image-68355124\" src=\"https:\/\/kraftwerk-shop.cc\/wp-content\/uploads\/2026\/01\/PedalMonster-App-In-Hand.webp\" alt=\"\" width=\"500\" height=\"500\" srcset=\"https:\/\/kraftwerk-shop.cc\/wp-content\/uploads\/2026\/01\/PedalMonster-App-In-Hand.webp 1500w, https:\/\/kraftwerk-shop.cc\/wp-content\/uploads\/2026\/01\/PedalMonster-App-In-Hand-300x300.webp 300w, https:\/\/kraftwerk-shop.cc\/wp-content\/uploads\/2026\/01\/PedalMonster-App-In-Hand-900x900.webp 900w, https:\/\/kraftwerk-shop.cc\/wp-content\/uploads\/2026\/01\/PedalMonster-App-In-Hand-150x150.webp 150w, https:\/\/kraftwerk-shop.cc\/wp-content\/uploads\/2026\/01\/PedalMonster-App-In-Hand-768x768.webp 768w, https:\/\/kraftwerk-shop.cc\/wp-content\/uploads\/2026\/01\/PedalMonster-App-In-Hand-12x12.webp 12w, https:\/\/kraftwerk-shop.cc\/wp-content\/uploads\/2026\/01\/PedalMonster-App-In-Hand-500x500.webp 500w, https:\/\/kraftwerk-shop.cc\/wp-content\/uploads\/2026\/01\/PedalMonster-App-In-Hand-600x600.webp 600w, https:\/\/kraftwerk-shop.cc\/wp-content\/uploads\/2026\/01\/PedalMonster-App-In-Hand-160x160.webp 160w\" sizes=\"(max-width: 500px) 100vw, 500px\" \/><\/p>\n<p>&nbsp;<\/p>\n<p>&nbsp;<\/p>\n<p>Se pueden a\u00f1adir nuevas funciones y compatibilidad con otros veh\u00edculos de forma inal\u00e1mbrica gracias a la conectividad Bluetooth integrada. No se necesita ordenador.<\/p>\n<p>&nbsp;<\/p>\n<p><img decoding=\"async\" class=\"alignnone wp-image-68355125\" src=\"https:\/\/kraftwerk-shop.cc\/wp-content\/uploads\/2026\/01\/App-Control-Definitions.webp\" alt=\"\" width=\"500\" height=\"200\" srcset=\"https:\/\/kraftwerk-shop.cc\/wp-content\/uploads\/2026\/01\/App-Control-Definitions.webp 1500w, https:\/\/kraftwerk-shop.cc\/wp-content\/uploads\/2026\/01\/App-Control-Definitions-300x120.webp 300w, https:\/\/kraftwerk-shop.cc\/wp-content\/uploads\/2026\/01\/App-Control-Definitions-1000x400.webp 1000w, https:\/\/kraftwerk-shop.cc\/wp-content\/uploads\/2026\/01\/App-Control-Definitions-768x307.webp 768w, https:\/\/kraftwerk-shop.cc\/wp-content\/uploads\/2026\/01\/App-Control-Definitions-18x7.webp 18w, https:\/\/kraftwerk-shop.cc\/wp-content\/uploads\/2026\/01\/App-Control-Definitions-500x200.webp 500w, https:\/\/kraftwerk-shop.cc\/wp-content\/uploads\/2026\/01\/App-Control-Definitions-600x240.webp 600w, https:\/\/kraftwerk-shop.cc\/wp-content\/uploads\/2026\/01\/App-Control-Definitions-160x64.webp 160w\" sizes=\"(max-width: 500px) 100vw, 500px\" \/><\/p>\n<p>&nbsp;<\/p>\n<h2><\/h2>\n<h2>Comunicaci\u00f3n bidireccional DAB<\/h2>\n<p>La conexi\u00f3n de PedalMonster al puerto de diagn\u00f3stico a bordo (OBD) de su veh\u00edculo proporciona datos bidireccionales y en tiempo real sobre el tren de potencia, as\u00ed como una fuente de alimentaci\u00f3n segura y estable de 12 V.<\/p>\n<p>&nbsp;<\/p>\n<p><img decoding=\"async\" class=\"alignnone wp-image-68355126\" src=\"https:\/\/kraftwerk-shop.cc\/wp-content\/uploads\/2026\/01\/Wire-Diagram-Animation.gif\" alt=\"\" width=\"500\" height=\"500\" \/><\/p>\n<p>&nbsp;<\/p>\n<h2>Seguridad<\/h2>\n<p>PedalMonster dispone de dos sistemas de seguridad: Bancos <b>Seguridad activa<\/b> y <b>Seguridad inversa<\/b><\/p>\n<p>&nbsp;<\/p>\n<p><img decoding=\"async\" class=\"alignnone wp-image-68355127\" src=\"https:\/\/kraftwerk-shop.cc\/wp-content\/uploads\/2026\/01\/12V_Safe.gif\" alt=\"\" width=\"500\" height=\"265\" \/><\/p>\n<p>&nbsp;<\/p>\n<p>En <b>Seguridad activa<\/b>\u00ae devuelve al veh\u00edculo a la salida de par est\u00e1ndar en el improbable caso de que se produzca un problema, evitando as\u00ed los c\u00f3digos de error, el modo de emergencia y el pedal bloqueado.<\/p>\n<p><b>Seguridad inversa<\/b> devuelve su veh\u00edculo a la salida de par est\u00e1ndar y evita que d\u00e9 marcha atr\u00e1s accidentalmente a trav\u00e9s de la puerta del garaje. Ambos sistemas de seguridad est\u00e1n patentados.<\/p>\n<p>&nbsp;<\/p>\n<h2>Otros proveedores<\/h2>\n<p>PedalMonster difiere de los controladores de respuesta del acelerador como Pedal Commander, Sprint Booster y otros que manipulan \u201caproximadamente\u201d la posici\u00f3n del pedal. PedalMonster utiliza datos de la cadena cinem\u00e1tica en tiempo real para calibrar la salida de par. Los competidores no disponen de estas funciones de conectividad o seguridad y tratan todos los veh\u00edculos y situaciones por igual.<\/p>\n<p>&nbsp;<\/p>\n<p><img decoding=\"async\" class=\"alignnone wp-image-68355128\" src=\"https:\/\/kraftwerk-shop.cc\/wp-content\/uploads\/2026\/01\/PedalMonster-Comparison-Chart-Simplified.webp\" alt=\"\" width=\"500\" height=\"781\" srcset=\"https:\/\/kraftwerk-shop.cc\/wp-content\/uploads\/2026\/01\/PedalMonster-Comparison-Chart-Simplified.webp 900w, https:\/\/kraftwerk-shop.cc\/wp-content\/uploads\/2026\/01\/PedalMonster-Comparison-Chart-Simplified-192x300.webp 192w, https:\/\/kraftwerk-shop.cc\/wp-content\/uploads\/2026\/01\/PedalMonster-Comparison-Chart-Simplified-577x900.webp 577w, https:\/\/kraftwerk-shop.cc\/wp-content\/uploads\/2026\/01\/PedalMonster-Comparison-Chart-Simplified-768x1199.webp 768w, https:\/\/kraftwerk-shop.cc\/wp-content\/uploads\/2026\/01\/PedalMonster-Comparison-Chart-Simplified-8x12.webp 8w, https:\/\/kraftwerk-shop.cc\/wp-content\/uploads\/2026\/01\/PedalMonster-Comparison-Chart-Simplified-500x781.webp 500w, https:\/\/kraftwerk-shop.cc\/wp-content\/uploads\/2026\/01\/PedalMonster-Comparison-Chart-Simplified-600x937.webp 600w, https:\/\/kraftwerk-shop.cc\/wp-content\/uploads\/2026\/01\/PedalMonster-Comparison-Chart-Simplified-160x250.webp 160w\" sizes=\"(max-width: 500px) 100vw, 500px\" \/><\/p>\n<p>&nbsp;<\/p>","protected":false},"excerpt":{"rendered":"<p>PedalMonster ist die einzige \u00fcber OBD angebundene Gaspedal-Tuning-Box zur aktiven Drehmoment- und Gasannahme-Regelung f\u00fcr Dodge Challenger (Modelljahre 2008\u20132023) &nbsp; PedalMonster<\/p>","protected":false},"featured_media":68355131,"comment_status":"open","ping_status":"closed","template":"","meta":{"_acf_changed":false},"product_brand":[20698],"product_cat":[10262,2573,7282,1673,7285,1681,7289,1689,7293,1697,7301,1705,7297,1779],"product_tag":[88,169,91,92,101,93,20711,54,49,20710,20707,4842,20705,20703,20702,20708,4890,20701,17898,17900,4844,100,126,7221,4879,20704,20709,20700,96,20706],"class_list":{"0":"post-68356963","1":"product","2":"type-product","3":"status-publish","4":"has-post-thumbnail","6":"product_brand-banks-power","7":"product_cat-alle-produkte","8":"product_cat-challenger-35-programmiergerate","9":"product_cat-challenger-35-elektrik-sonstiges","10":"product_cat-challenger-36-programmiergeraete","11":"product_cat-challenger-36-elektrik-sonstiges","12":"product_cat-challenger-57-programmiergeraete","13":"product_cat-challenger-57-elektrik-sonstiges","14":"product_cat-challenger-61-programmiergeraete","15":"product_cat-challenger-61-elektrik-sonstiges","16":"product_cat-challenger-hellcat-programmiergeraete","17":"product_cat-challenger-hellcat-elektrik-sonstiges","18":"product_cat-challenger-64-programmiergeraete","19":"product_cat-challenger-64-elektrik-sonstiges","20":"product_cat-neue-produkte","21":"product_tag-3-5","22":"product_tag-3-6","23":"product_tag-5-7","24":"product_tag-6-1","25":"product_tag-6-2","26":"product_tag-6-4","27":"product_tag-banks","28":"product_tag-challenger","29":"product_tag-dodge","30":"product_tag-elektronisches-gaspedal-tuning","31":"product_tag-gasannahme-verbessern","32":"product_tag-gaspedal","33":"product_tag-gaspedal-beschleuniger","34":"product_tag-gaspedal-controller","35":"product_tag-gaspedal-tuning","36":"product_tag-gaspedal-verzoegerung-entfernen","37":"product_tag-gaspedalbooster","38":"product_tag-gaspedalbox","39":"product_tag-gaspedalsensor","40":"product_tag-gaspedalstellung","41":"product_tag-gaspedaltuning","42":"product_tag-hellcat","43":"product_tag-hemi","44":"product_tag-mopar10","45":"product_tag-pedalbox","46":"product_tag-pedalbox-auto","47":"product_tag-pedalbox-obd","48":"product_tag-pedalmonster","49":"product_tag-srt","50":"product_tag-throttle-controller","52":"first","53":"instock","54":"taxable","55":"shipping-taxable","56":"purchasable","57":"product-type-simple"},"bundled_by":[],"bundle_stock_status":"instock","bundle_stock_quantity":2,"bundle_virtual":false,"bundle_layout":"","bundle_add_to_cart_form_location":"","bundle_editable_in_cart":false,"bundle_sold_individually_context":"","bundle_item_grouping":"","bundle_min_size":"","bundle_max_size":"","bundle_price":[],"bundled_items":[],"bundle_sell_ids":[],"exclude_global_add_ons":[],"addons":[],"acf":[],"_links":{"self":[{"href":"https:\/\/kraftwerk-shop.cc\/es\/wp-json\/wp\/v2\/product\/68356963","targetHints":{"allow":["GET"]}}],"collection":[{"href":"https:\/\/kraftwerk-shop.cc\/es\/wp-json\/wp\/v2\/product"}],"about":[{"href":"https:\/\/kraftwerk-shop.cc\/es\/wp-json\/wp\/v2\/types\/product"}],"replies":[{"embeddable":true,"href":"https:\/\/kraftwerk-shop.cc\/es\/wp-json\/wp\/v2\/comments?post=68356963"}],"version-history":[{"count":0,"href":"https:\/\/kraftwerk-shop.cc\/es\/wp-json\/wp\/v2\/product\/68356963\/revisions"}],"wp:featuredmedia":[{"embeddable":true,"href":"https:\/\/kraftwerk-shop.cc\/es\/wp-json\/wp\/v2\/media\/68355131"}],"wp:attachment":[{"href":"https:\/\/kraftwerk-shop.cc\/es\/wp-json\/wp\/v2\/media?parent=68356963"}],"wp:term":[{"taxonomy":"product_brand","embeddable":true,"href":"https:\/\/kraftwerk-shop.cc\/es\/wp-json\/wp\/v2\/product_brand?post=68356963"},{"taxonomy":"product_cat","embeddable":true,"href":"https:\/\/kraftwerk-shop.cc\/es\/wp-json\/wp\/v2\/product_cat?post=68356963"},{"taxonomy":"product_tag","embeddable":true,"href":"https:\/\/kraftwerk-shop.cc\/es\/wp-json\/wp\/v2\/product_tag?post=68356963"}],"curies":[{"name":"wp","href":"https:\/\/api.w.org\/{rel}","templated":true}]}}