{"id":68357087,"date":"2026-02-22T00:37:08","date_gmt":"2026-02-21T23:37:08","guid":{"rendered":"https:\/\/kraftwerk-shop.cc\/?post_type=product&#038;p=68357087"},"modified":"2026-02-22T00:59:39","modified_gmt":"2026-02-21T23:59:39","slug":"pastillas-de-freno-powerstop-track-day-durango-srt","status":"publish","type":"product","link":"https:\/\/kraftwerk-shop.cc\/es\/produkt\/powerstop-track-day-bremsbelaege-durango-srt\/","title":{"rendered":"PowerStop Pastillas de freno Track Day Durango SRT"},"content":{"rendered":"<h1>PowerStop Pastillas de freno Track Day para Dodge Durango 6.4 SRT (eje delantero)<\/h1>\n<p>&nbsp;<\/p>\n<p>Las pastillas de freno Track Day ya tienen un alto coeficiente de fricci\u00f3n en fr\u00edo, y lo tienen a\u00fan m\u00e1s en caliente, cuando realmente cuenta.<\/p>\n<p>PowerStop se ha propuesto ofrecer a todos los conductores una forma sencilla y asequible de mejorar sus frenos, independientemente de d\u00f3nde y c\u00f3mo utilicen su veh\u00edculo.<br \/>\nSi usted conduce su coche de carretera en un circuito para un d\u00eda de pista o un evento de conducci\u00f3n de alto rendimiento, sin duda sabe lo importante que son las pastillas de freno de alta calidad. Las pastillas de freno PowerStop track day son perfectas para iniciarse en las carreras track day.<br \/>\nEl equipo de investigaci\u00f3n y desarrollo de PowerStop ha dedicado incontables horas a encontrar el compuesto de pastilla de freno adecuado para cada plataforma de veh\u00edculo individual, para que usted no tenga que pasar incontables d\u00edas en la pista intentando averiguarlo por s\u00ed mismo.<br \/>\nEstas pastillas de freno espec\u00edficas para la plataforma tienen un excelente coeficiente de fricci\u00f3n y son resistentes a la decoloraci\u00f3n bajo las tensiones de cualquier d\u00eda de pista.<\/p>\n<p>&nbsp;<\/p>\n<p><strong>N\u00fameros de comparaci\u00f3n Mopar:<\/strong> 68248384AA, 68248384AB, 68248384AC, 68248384AD, 68144427AA, 68144427AB, 68303052AA, 68507583AB, 68525329AA, 68525329AB<\/p>\n<p>&nbsp;<\/p>\n<p><strong>Adecuado para:<\/strong><\/p>\n<table width=\"905\">\n<tbody>\n<tr>\n<td width=\"209\">Dodge<\/td>\n<td width=\"165\">Durango<\/td>\n<td width=\"206\">6.4<\/td>\n<td width=\"325\">2018 - 2024 con discos de freno de 380 mm<\/td>\n<\/tr>\n<\/tbody>\n<\/table>\n<p><strong>\u00a0<\/strong><\/p>\n<p>El precio se refiere a 1 juego para el eje delantero completo.<\/p>\n<p>&nbsp;<\/p>","protected":false},"excerpt":{"rendered":"<p>Adecuado para discos de freno de 380 mm<\/p>","protected":false},"featured_media":68279185,"comment_status":"open","ping_status":"closed","template":"","meta":{"_acf_changed":false},"product_brand":[],"product_cat":[17932],"product_tag":[52,2194,929,930,945,943,944,6821,931,4547,4556,4557,832,838,590,795,839,840,49,95,692,36,953,954,2445,4558,96,4559,842,841,673],"class_list":{"0":"post-68357087","1":"product","2":"type-product","3":"status-publish","4":"has-post-thumbnail","6":"product_cat-durango-64-bremsbelaege-vorne","7":"product_tag-300c","8":"product_tag-390-mm","9":"product_tag-68144427aa","10":"product_tag-68144427ab","11":"product_tag-68248384aa","12":"product_tag-68248384ab","13":"product_tag-68248384ac","14":"product_tag-68248384ad","15":"product_tag-68303052aa","16":"product_tag-68507583ab","17":"product_tag-68525329aa","18":"product_tag-68525329ab","19":"product_tag-brembo","20":"product_tag-bremsbelag","21":"product_tag-bremsbelaege","22":"product_tag-bremse","23":"product_tag-bremsklotz","24":"product_tag-bremskloetze","25":"product_tag-dodge","26":"product_tag-durango","27":"product_tag-ersatzteil","28":"product_tag-kraftwerk","29":"product_tag-power-stop","30":"product_tag-powerstop","31":"product_tag-powerstop-pads","32":"product_tag-pst-1405","33":"product_tag-srt","34":"product_tag-track-day","35":"product_tag-vorderachse","36":"product_tag-vorne","37":"product_tag-zubehoer","39":"first","40":"instock","41":"taxable","42":"shipping-taxable","43":"purchasable","44":"product-type-simple"},"bundled_by":[],"bundle_stock_status":"instock","bundle_stock_quantity":1,"bundle_virtual":false,"bundle_layout":"","bundle_add_to_cart_form_location":"","bundle_editable_in_cart":false,"bundle_sold_individually_context":"","bundle_item_grouping":"","bundle_min_size":"","bundle_max_size":"","bundle_price":[],"bundled_items":[],"bundle_sell_ids":[],"exclude_global_add_ons":[],"addons":[],"acf":[],"_links":{"self":[{"href":"https:\/\/kraftwerk-shop.cc\/es\/wp-json\/wp\/v2\/product\/68357087","targetHints":{"allow":["GET"]}}],"collection":[{"href":"https:\/\/kraftwerk-shop.cc\/es\/wp-json\/wp\/v2\/product"}],"about":[{"href":"https:\/\/kraftwerk-shop.cc\/es\/wp-json\/wp\/v2\/types\/product"}],"replies":[{"embeddable":true,"href":"https:\/\/kraftwerk-shop.cc\/es\/wp-json\/wp\/v2\/comments?post=68357087"}],"version-history":[{"count":0,"href":"https:\/\/kraftwerk-shop.cc\/es\/wp-json\/wp\/v2\/product\/68357087\/revisions"}],"wp:featuredmedia":[{"embeddable":true,"href":"https:\/\/kraftwerk-shop.cc\/es\/wp-json\/wp\/v2\/media\/68279185"}],"wp:attachment":[{"href":"https:\/\/kraftwerk-shop.cc\/es\/wp-json\/wp\/v2\/media?parent=68357087"}],"wp:term":[{"taxonomy":"product_brand","embeddable":true,"href":"https:\/\/kraftwerk-shop.cc\/es\/wp-json\/wp\/v2\/product_brand?post=68357087"},{"taxonomy":"product_cat","embeddable":true,"href":"https:\/\/kraftwerk-shop.cc\/es\/wp-json\/wp\/v2\/product_cat?post=68357087"},{"taxonomy":"product_tag","embeddable":true,"href":"https:\/\/kraftwerk-shop.cc\/es\/wp-json\/wp\/v2\/product_tag?post=68357087"}],"curies":[{"name":"wp","href":"https:\/\/api.w.org\/{rel}","templated":true}]}}