{"id":68357158,"date":"2026-02-22T18:00:47","date_gmt":"2026-02-22T17:00:47","guid":{"rendered":"https:\/\/kraftwerk-shop.cc\/?post_type=product&#038;p=68357158"},"modified":"2026-03-01T21:06:25","modified_gmt":"2026-03-01T20:06:25","slug":"filtro-de-carter-de-aceite-de-transmision-mopar-68225344aa","status":"publish","type":"product","link":"https:\/\/kraftwerk-shop.cc\/es\/produkt\/mopar-getriebeoelwanne-filter-68225344aa\/","title":{"rendered":"C\u00e1rter de aceite de transmisi\u00f3n Mopar con filtro (68225344AA)"},"content":{"rendered":"<h1>Carter de aceite de transmisi\u00f3n original Mopar con filtro de aceite de transmisi\u00f3n (<span class=\"list-value sku-display\">68225344AA<\/span>) para Chrysler, Dodge, Jeep y RAM con transmisi\u00f3n autom\u00e1tica 8HP70 y 8HP75<\/h1>\n<p>&nbsp;<\/p>\n<p><span lang=\"DE\"><strong>N\u00famero de pieza Mopar:<\/strong>\u00a068225344AA<br \/>\n<strong>Reemplazado: <\/strong><span class=\"list-value\">\u2014<\/span><\/span><\/p>\n<p>&nbsp;<\/p>\n<p><strong>Adecuado para:<\/strong><\/p>\n<table width=\"996\">\n<tbody>\n<tr>\n<td width=\"138\"><strong>A\u00f1o de construcci\u00f3n<\/strong><\/td>\n<td width=\"168\"><strong>Marca<\/strong><\/td>\n<td width=\"144\"><strong>Modelo<\/strong><\/td>\n<td width=\"290\"><strong>Versi\u00f3n<\/strong><\/td>\n<td width=\"256\"><strong>Motor<\/strong><\/td>\n<\/tr>\n<tr>\n<td width=\"138\">2026<\/td>\n<td width=\"168\">Dodge<\/td>\n<td width=\"144\">Durango<\/td>\n<td width=\"290\">GT, GT Plus, GT Premium, Pursuit<\/td>\n<td width=\"256\">5.7L<\/td>\n<\/tr>\n<tr>\n<td width=\"138\">2026<\/td>\n<td width=\"168\">Ram<\/td>\n<td width=\"144\">1500<\/td>\n<td width=\"290\">Big Horn, Express, Laramie, Limited, Limited Longhorn, Lone Star, RHO, Rebel, Tradesman, Tungsten, Warlock<\/td>\n<td width=\"256\">3.0L , 5.7L V8 - El\u00e9ctrico\/Gasolina<\/td>\n<\/tr>\n<tr>\n<td width=\"138\">2026<\/td>\n<td width=\"168\">Ram<\/td>\n<td width=\"144\">2500<\/td>\n<td width=\"290\">Big Horn, Black Express, Laramie, Limited, Limited Longhorn, Lone Star, Power Wagon, Rebel, Tradesman, Warlock<\/td>\n<td width=\"256\">6.4L<\/td>\n<\/tr>\n<tr>\n<td width=\"138\">2026<\/td>\n<td width=\"168\">Ram<\/td>\n<td width=\"144\">3500<\/td>\n<td width=\"290\">Big Horn, Laramie, Limited, Limited Longhorn, Lone Star, Tradesman<\/td>\n<td width=\"256\">6.4L<\/td>\n<\/tr>\n<tr>\n<td width=\"138\">2025<\/td>\n<td width=\"168\">Dodge<\/td>\n<td width=\"144\">Durango<\/td>\n<td width=\"290\">R\/T, R\/T Plus, R\/T Premium, Special Service<\/td>\n<td width=\"256\">5.7L<\/td>\n<\/tr>\n<tr>\n<td width=\"138\">2025<\/td>\n<td width=\"168\">Ram<\/td>\n<td width=\"144\">1500<\/td>\n<td width=\"290\">Big Horn, Laramie, Limited, Limited Longhorn, Lone Star, RHO, Rebel, Tradesman, Tradesman HFE, Tungsten, Warlock<\/td>\n<td width=\"256\">3.0L<\/td>\n<\/tr>\n<tr>\n<td width=\"138\">2025<\/td>\n<td width=\"168\">Ram<\/td>\n<td width=\"144\">2500<\/td>\n<td width=\"290\">Big Horn, Laramie, Limited, Limited Longhorn, Lone Star, Power Wagon, Rebel, Tradesman<\/td>\n<td width=\"256\">6.4L<\/td>\n<\/tr>\n<tr>\n<td width=\"138\">2025<\/td>\n<td width=\"168\">Ram<\/td>\n<td width=\"144\">3500<\/td>\n<td width=\"290\">Big Horn, Laramie, Limited, Limited Longhorn, Tradesman<\/td>\n<td width=\"256\">6.4L<\/td>\n<\/tr>\n<tr>\n<td width=\"138\">2024<\/td>\n<td width=\"168\">Dodge<\/td>\n<td width=\"144\">Durango<\/td>\n<td width=\"290\">Citadel, Pursuit, R\/T, R\/T Plus, R\/T Premium, SRT 392, SRT 392 Plus, SRT 392 Premium, Special Service<\/td>\n<td width=\"256\">5.7L, 6.4L<\/td>\n<\/tr>\n<tr>\n<td width=\"138\">2024<\/td>\n<td width=\"168\">Jeep<\/td>\n<td width=\"144\">Grand Cherokee<\/td>\n<td width=\"290\">Altitude, Altitude X, Laredo, Laredo A, Laredo X, Limited, Overland, Summit, Summit Reserve<\/td>\n<td width=\"256\">3.6L V6 - Flex, 3.6L<\/td>\n<\/tr>\n<tr>\n<td width=\"138\">2024<\/td>\n<td width=\"168\">Jeep<\/td>\n<td width=\"144\">Grand Cherokee L<\/td>\n<td width=\"290\">Altitude, Altitude X, Laredo, Laredo X, Limited, Overland, Summit, Summit Reserve<\/td>\n<td width=\"256\">3.6L V6 - Flex, 5.7L<\/td>\n<\/tr>\n<tr>\n<td width=\"138\">2024<\/td>\n<td width=\"168\">Ram<\/td>\n<td width=\"144\">1500<\/td>\n<td width=\"290\">Big Horn, Laramie, Limited, Limited Longhorn, Lone Star, Rebel, Tradesman<\/td>\n<td width=\"256\">5.7L V8 - El\u00e9ctrico\/Gasolina, 5.7L<\/td>\n<\/tr>\n<tr>\n<td width=\"138\">2024<\/td>\n<td width=\"168\">Ram<\/td>\n<td width=\"144\">1500 Classic<\/td>\n<td width=\"290\">Tradesman, Warlock<\/td>\n<td width=\"256\">5.7L<\/td>\n<\/tr>\n<tr>\n<td width=\"138\">2024<\/td>\n<td width=\"168\">Ram<\/td>\n<td width=\"144\">2500<\/td>\n<td width=\"290\">Big Horn, Laramie, Limited, Limited Longhorn, Lone Star, Power Wagon, Rebel, Tradesman<\/td>\n<td width=\"256\">6.4L<\/td>\n<\/tr>\n<tr>\n<td width=\"138\">2024<\/td>\n<td width=\"168\">Ram<\/td>\n<td width=\"144\">3500<\/td>\n<td width=\"290\">Big Horn, Laramie, Limited, Limited Longhorn, SLT, Tradesman<\/td>\n<td width=\"256\">6.4L<\/td>\n<\/tr>\n<tr>\n<td width=\"138\">2023<\/td>\n<td width=\"168\">Chrysler<\/td>\n<td width=\"144\">300<\/td>\n<td width=\"290\">S, Touring, Touring L<\/td>\n<td width=\"256\">3.6L V6 - Flex, 3.6L<\/td>\n<\/tr>\n<tr>\n<td width=\"138\">2023<\/td>\n<td width=\"168\">Dodge<\/td>\n<td width=\"144\">Challenger<\/td>\n<td width=\"290\">GT, SXT<\/td>\n<td width=\"256\">3.6L<\/td>\n<\/tr>\n<tr>\n<td width=\"138\">2023<\/td>\n<td width=\"168\">Dodge<\/td>\n<td width=\"144\">Charger<\/td>\n<td width=\"290\">GT, Pursuit, SXT<\/td>\n<td width=\"256\">3.6L V6 - Flex, 3.6L<\/td>\n<\/tr>\n<tr>\n<td width=\"138\">2023<\/td>\n<td width=\"168\">Dodge<\/td>\n<td width=\"144\">Durango<\/td>\n<td width=\"290\">Citadel, R\/T, R\/T Hemi Orange, R\/T Plus, R\/T Premium, SRT 392, SRT 392 Plus, SRT 392 Premium<\/td>\n<td width=\"256\">5.7L, 6.4L<\/td>\n<\/tr>\n<tr>\n<td width=\"138\">2023<\/td>\n<td width=\"168\">Jeep<\/td>\n<td width=\"144\">Grand Cherokee<\/td>\n<td width=\"290\">Altitude, Laredo, Limited, Overland, Summit, Summit Reserve<\/td>\n<td width=\"256\">3.6L V6 - Flex, 5.7L<\/td>\n<\/tr>\n<tr>\n<td width=\"138\">2023<\/td>\n<td width=\"168\">Jeep<\/td>\n<td width=\"144\">Grand Cherokee L<\/td>\n<td width=\"290\">Altitude, Laredo, Limited, Overland, Summit, Summit Reserve<\/td>\n<td width=\"256\">3.6L V6 - Flex, 5.7L<\/td>\n<\/tr>\n<tr>\n<td width=\"138\">2023<\/td>\n<td width=\"168\">Jeep<\/td>\n<td width=\"144\">Grand Wagoneer<\/td>\n<td width=\"290\">Base, Obsidian, Series II, Series III, Series III Obsidian<\/td>\n<td width=\"256\">6.4L<\/td>\n<\/tr>\n<tr>\n<td width=\"138\">2023<\/td>\n<td width=\"168\">Jeep<\/td>\n<td width=\"144\">Wagoneer<\/td>\n<td width=\"290\">Base<\/td>\n<td width=\"256\">5.7L V8 - El\u00e9ctrico\/Gasolina<\/td>\n<\/tr>\n<tr>\n<td width=\"138\">2023<\/td>\n<td width=\"168\">Ram<\/td>\n<td width=\"144\">1500<\/td>\n<td width=\"290\">Big Horn, Laramie, Limited, Limited Longhorn, Lone Star, Rebel, Tradesman<\/td>\n<td width=\"256\">3.0L V6 - Diesel, 5.7L V8 - El\u00e9ctrico\/Gas, 5.7L<\/td>\n<\/tr>\n<tr>\n<td width=\"138\">2023<\/td>\n<td width=\"168\">Ram<\/td>\n<td width=\"144\">1500 Classic<\/td>\n<td width=\"290\">Tradesman, Warlock<\/td>\n<td width=\"256\">5.7L<\/td>\n<\/tr>\n<tr>\n<td width=\"138\">2023<\/td>\n<td width=\"168\">Ram<\/td>\n<td width=\"144\">2500<\/td>\n<td width=\"290\">Big Horn, Laramie, Limited, Limited Longhorn, Lone Star, Power Wagon, Rebel, Tradesman<\/td>\n<td width=\"256\">6.4L<\/td>\n<\/tr>\n<tr>\n<td width=\"138\">2023<\/td>\n<td width=\"168\">Ram<\/td>\n<td width=\"144\">3500<\/td>\n<td width=\"290\">Big Horn, Laramie, Limited, Limited Longhorn, SLT, Tradesman<\/td>\n<td width=\"256\">6.4L<\/td>\n<\/tr>\n<tr>\n<td width=\"138\">2022<\/td>\n<td width=\"168\">Chrysler<\/td>\n<td width=\"144\">300<\/td>\n<td width=\"290\">S, Touring, Touring L<\/td>\n<td width=\"256\">3.6L V6 - Flex, 3.6L<\/td>\n<\/tr>\n<tr>\n<td width=\"138\">2022<\/td>\n<td width=\"168\">Dodge<\/td>\n<td width=\"144\">Challenger<\/td>\n<td width=\"290\">GT, SXT<\/td>\n<td width=\"256\">3.6L<\/td>\n<\/tr>\n<tr>\n<td width=\"138\">2022<\/td>\n<td width=\"168\">Dodge<\/td>\n<td width=\"144\">Charger<\/td>\n<td width=\"290\">GT, SXT<\/td>\n<td width=\"256\">3.6L V6 - Flex, 3.6L<\/td>\n<\/tr>\n<tr>\n<td width=\"138\">2022<\/td>\n<td width=\"168\">Dodge<\/td>\n<td width=\"144\">Durango<\/td>\n<td width=\"290\">Citadel, R\/T, R\/T Plus, SRT 392<\/td>\n<td width=\"256\">5.7L, 6.4L<\/td>\n<\/tr>\n<tr>\n<td width=\"138\">2022<\/td>\n<td width=\"168\">Jeep<\/td>\n<td width=\"144\">Grand Cherokee<\/td>\n<td width=\"290\">Overland, Summit, Summit Reserve, Trailhawk<\/td>\n<td width=\"256\">5.7L<\/td>\n<\/tr>\n<tr>\n<td width=\"138\">2022<\/td>\n<td width=\"168\">Jeep<\/td>\n<td width=\"144\">Grand Cherokee L<\/td>\n<td width=\"290\">Overland, Summit, Summit Reserve<\/td>\n<td width=\"256\">5.7L<\/td>\n<\/tr>\n<tr>\n<td width=\"138\">2022<\/td>\n<td width=\"168\">Jeep<\/td>\n<td width=\"144\">Grand Cherokee WK<\/td>\n<td width=\"290\">Laredo E, Laredo X, Limited<\/td>\n<td width=\"256\">3.6L V6 - Flex<\/td>\n<\/tr>\n<tr>\n<td width=\"138\">2022<\/td>\n<td width=\"168\">Jeep<\/td>\n<td width=\"144\">Grand Wagoneer<\/td>\n<td width=\"290\">Obsidian, Series I, Series II, Series III<\/td>\n<td width=\"256\">6.4L<\/td>\n<\/tr>\n<tr>\n<td width=\"138\">2022<\/td>\n<td width=\"168\">Jeep<\/td>\n<td width=\"144\">Wagoneer<\/td>\n<td width=\"290\">Serie II, Serie III<\/td>\n<td width=\"256\">5.7L V8 - El\u00e9ctrico\/Gasolina<\/td>\n<\/tr>\n<tr>\n<td width=\"138\">2022<\/td>\n<td width=\"168\">Ram<\/td>\n<td width=\"144\">1500<\/td>\n<td width=\"290\">Big Horn, Laramie, Limited, Limited Longhorn, Lone Star, Rebel, Tradesman<\/td>\n<td width=\"256\">3.0L V6 - Diesel, 5.7L V8 - El\u00e9ctrico\/Gas, 5.7L<\/td>\n<\/tr>\n<tr>\n<td width=\"138\">2022<\/td>\n<td width=\"168\">Ram<\/td>\n<td width=\"144\">1500 Classic<\/td>\n<td width=\"290\">Express, SLT, Tradesman, Warlock<\/td>\n<td width=\"256\">5.7L<\/td>\n<\/tr>\n<tr>\n<td width=\"138\">2022<\/td>\n<td width=\"168\">Ram<\/td>\n<td width=\"144\">2500<\/td>\n<td width=\"290\">Big Horn, Laramie, Limited, Limited Longhorn, Lone Star, Power Wagon, Tradesman<\/td>\n<td width=\"256\">6.4L<\/td>\n<\/tr>\n<tr>\n<td width=\"138\">2022<\/td>\n<td width=\"168\">Ram<\/td>\n<td width=\"144\">3500<\/td>\n<td width=\"290\">Big Horn, Laramie, Limited, Limited Longhorn, Lone Star, SLT, Tradesman<\/td>\n<td width=\"256\">6.4L<\/td>\n<\/tr>\n<tr>\n<td width=\"138\">2021<\/td>\n<td width=\"168\">Chrysler<\/td>\n<td width=\"144\">300<\/td>\n<td width=\"290\">S, Touring, Touring L<\/td>\n<td width=\"256\">3.6L V6 - Flex, 3.6L<\/td>\n<\/tr>\n<tr>\n<td width=\"138\">2021<\/td>\n<td width=\"168\">Dodge<\/td>\n<td width=\"144\">Challenger<\/td>\n<td width=\"290\">GT, SXT<\/td>\n<td width=\"256\">3.6L<\/td>\n<\/tr>\n<tr>\n<td width=\"138\">2021<\/td>\n<td width=\"168\">Dodge<\/td>\n<td width=\"144\">Charger<\/td>\n<td width=\"290\">GT, SXT<\/td>\n<td width=\"256\">3.6L V6 - Flex, 3.6L<\/td>\n<\/tr>\n<tr>\n<td width=\"138\">2021<\/td>\n<td width=\"168\">Dodge<\/td>\n<td width=\"144\">Durango<\/td>\n<td width=\"290\">Citadel, Pursuit, R\/T, SRT, Special Service<\/td>\n<td width=\"256\">5.7L, 6.4L<\/td>\n<\/tr>\n<tr>\n<td width=\"138\">2021<\/td>\n<td width=\"168\">Jeep<\/td>\n<td width=\"144\">Grand Cherokee<\/td>\n<td width=\"290\">80 Aniversario, High Altitude, Laredo E, Laredo X, Limited, Limited X, Overland, SRT, Summit, Trailhawk<\/td>\n<td width=\"256\">3.6L V6 - Flex, 5.7L, 6.4L<\/td>\n<\/tr>\n<tr>\n<td width=\"138\">2021<\/td>\n<td width=\"168\">Jeep<\/td>\n<td width=\"144\">Grand Cherokee L<\/td>\n<td width=\"290\">Overland, Summit, Summit Reserve<\/td>\n<td width=\"256\">5.7L<\/td>\n<\/tr>\n<tr>\n<td width=\"138\">2021<\/td>\n<td width=\"168\">Ram<\/td>\n<td width=\"144\">1500<\/td>\n<td width=\"290\">Big Horn, Laramie, Limited, Limited Longhorn, Lone Star, Rebel, Tradesman<\/td>\n<td width=\"256\">3.0L V6 - Diesel, 5.7L V8 - El\u00e9ctrico\/Gas, 5.7L<\/td>\n<\/tr>\n<tr>\n<td width=\"138\">2021<\/td>\n<td width=\"168\">Ram<\/td>\n<td width=\"144\">1500 Classic<\/td>\n<td width=\"290\">Express, SLT, Tradesman, Warlock<\/td>\n<td width=\"256\">5.7L<\/td>\n<\/tr>\n<tr>\n<td width=\"138\">2021<\/td>\n<td width=\"168\">Ram<\/td>\n<td width=\"144\">2500<\/td>\n<td width=\"290\">Big Horn, Laramie, Limited, Limited Longhorn, Lone Star, Power Wagon, Tradesman<\/td>\n<td width=\"256\">6.4L<\/td>\n<\/tr>\n<tr>\n<td width=\"138\">2021<\/td>\n<td width=\"168\">Ram<\/td>\n<td width=\"144\">3500<\/td>\n<td width=\"290\">Big Horn, Laramie, Limited, Limited Longhorn, Lone Star, SLT, Tradesman<\/td>\n<td width=\"256\">6.4L<\/td>\n<\/tr>\n<tr>\n<td width=\"138\">2020<\/td>\n<td width=\"168\">Chrysler<\/td>\n<td width=\"144\">300<\/td>\n<td width=\"290\">Limited, S, Touring, Touring L<\/td>\n<td width=\"256\">3.6L V6 - Flex, 3.6L<\/td>\n<\/tr>\n<tr>\n<td width=\"138\">2020<\/td>\n<td width=\"168\">Dodge<\/td>\n<td width=\"144\">Challenger<\/td>\n<td width=\"290\">GT, SXT<\/td>\n<td width=\"256\">3.6L<\/td>\n<\/tr>\n<tr>\n<td width=\"138\">2020<\/td>\n<td width=\"168\">Dodge<\/td>\n<td width=\"144\">Charger<\/td>\n<td width=\"290\">GT, Pursuit, SXT<\/td>\n<td width=\"256\">3.6L V6 - Flex, 3.6L<\/td>\n<\/tr>\n<tr>\n<td width=\"138\">2020<\/td>\n<td width=\"168\">Dodge<\/td>\n<td width=\"144\">Durango<\/td>\n<td width=\"290\">Citadel, Pursuit, R\/T, SRT, Special Service<\/td>\n<td width=\"256\">5.7L, 6.4L<\/td>\n<\/tr>\n<tr>\n<td width=\"138\">2020<\/td>\n<td width=\"168\">Jeep<\/td>\n<td width=\"144\">Grand Cherokee<\/td>\n<td width=\"290\">High Altitude, Limited, Limited X, Overland, SRT, Summit, Trailhawk<\/td>\n<td width=\"256\">5.7L, 6.4L<\/td>\n<\/tr>\n<tr>\n<td width=\"138\">2020<\/td>\n<td width=\"168\">Ram<\/td>\n<td width=\"144\">1500<\/td>\n<td width=\"290\">Big Horn, Laramie, Laramie Longhorn, Limited, Lone Star, Rebel, Tradesman<\/td>\n<td width=\"256\">3.0L V6 - Diesel, 5.7L V8 - El\u00e9ctrico\/Gas, 5.7L<\/td>\n<\/tr>\n<tr>\n<td width=\"138\">2020<\/td>\n<td width=\"168\">Ram<\/td>\n<td width=\"144\">1500 Classic<\/td>\n<td width=\"290\">Express, SLT, Special Service, Tradesman, Warlock<\/td>\n<td width=\"256\">5.7L<\/td>\n<\/tr>\n<tr>\n<td width=\"138\">2020<\/td>\n<td width=\"168\">Ram<\/td>\n<td width=\"144\">2500<\/td>\n<td width=\"290\">Big Horn, Laramie, Laramie Longhorn, Limited, Lone Star, Power Wagon, Tradesman<\/td>\n<td width=\"256\">6.4L<\/td>\n<\/tr>\n<tr>\n<td width=\"138\">2020<\/td>\n<td width=\"168\">Ram<\/td>\n<td width=\"144\">3500<\/td>\n<td width=\"290\">Laramie, Laramie Longhorn, Limited, SLT, Tradesman<\/td>\n<td width=\"256\">6.4L<\/td>\n<\/tr>\n<tr>\n<td width=\"138\">2019<\/td>\n<td width=\"168\">Chrysler<\/td>\n<td width=\"144\">300<\/td>\n<td width=\"290\">Limited, S, Touring, Touring L<\/td>\n<td width=\"256\">3.6L V6 - Flex, 3.6L<\/td>\n<\/tr>\n<tr>\n<td width=\"138\">2019<\/td>\n<td width=\"168\">Dodge<\/td>\n<td width=\"144\">Challenger<\/td>\n<td width=\"290\">GT, SXT<\/td>\n<td width=\"256\">3.6L<\/td>\n<\/tr>\n<tr>\n<td width=\"138\">2019<\/td>\n<td width=\"168\">Dodge<\/td>\n<td width=\"144\">Charger<\/td>\n<td width=\"290\">GT, Pursuit, SXT<\/td>\n<td width=\"256\">3.6L V6 - Flex, 3.6L<\/td>\n<\/tr>\n<tr>\n<td width=\"138\">2019<\/td>\n<td width=\"168\">Dodge<\/td>\n<td width=\"144\">Durango<\/td>\n<td width=\"290\">Citadel, Pursuit, R\/T, SRT, Special Service<\/td>\n<td width=\"256\">5.7L, 6.4L<\/td>\n<\/tr>\n<tr>\n<td width=\"138\">2019<\/td>\n<td width=\"168\">Jeep<\/td>\n<td width=\"144\">Grand Cherokee<\/td>\n<td width=\"290\">High Altitude, Limited, Limited X, Overland, SRT, Summit, Trailhawk<\/td>\n<td width=\"256\">3.0L V6 - Diesel, 5.7L, 6.4L<\/td>\n<\/tr>\n<tr>\n<td width=\"138\">2019<\/td>\n<td width=\"168\">Ram<\/td>\n<td width=\"144\">1500<\/td>\n<td width=\"290\">Big Horn, Laramie, Laramie Longhorn, Limited, Lone Star, Rebel, Tradesman<\/td>\n<td width=\"256\">5.7L V8 - El\u00e9ctrico\/Gasolina, 5.7L<\/td>\n<\/tr>\n<tr>\n<td width=\"138\">2019<\/td>\n<td width=\"168\">Ram<\/td>\n<td width=\"144\">1500 Classic<\/td>\n<td width=\"290\">Big Horn, Express, Laramie, Lone Star, SLT, Special Service, Tradesman, Warlock<\/td>\n<td width=\"256\">3.0L V6 - Diesel, 5.7L<\/td>\n<\/tr>\n<tr>\n<td width=\"138\">2019<\/td>\n<td width=\"168\">Ram<\/td>\n<td width=\"144\">2500<\/td>\n<td width=\"290\">Big Horn, Laramie, Laramie Longhorn, Limited, Lone Star, Power Wagon, Tradesman<\/td>\n<td width=\"256\">6.4L<\/td>\n<\/tr>\n<tr>\n<td width=\"138\">2019<\/td>\n<td width=\"168\">Ram<\/td>\n<td width=\"144\">3500<\/td>\n<td width=\"290\">Big Horn, Laramie, Laramie Longhorn, Limited, Lone Star, SLT, Tradesman<\/td>\n<td width=\"256\">6.4L<\/td>\n<\/tr>\n<tr>\n<td width=\"138\">2018<\/td>\n<td width=\"168\">Dodge<\/td>\n<td width=\"144\">Durango<\/td>\n<td width=\"290\">Citadel, GT, R\/T, SRT, SXT, Special Service<\/td>\n<td width=\"256\">5.7L, 6.4L<\/td>\n<\/tr>\n<tr>\n<td width=\"138\">2018<\/td>\n<td width=\"168\">Jeep<\/td>\n<td width=\"144\">Grand Cherokee<\/td>\n<td width=\"290\">High Altitude, Limited, Overland, SRT, Summit, Trailhawk<\/td>\n<td width=\"256\">3.0L V6 - Diesel, 5.7L, 6.4L<\/td>\n<\/tr>\n<tr>\n<td width=\"138\">2018<\/td>\n<td width=\"168\">Ram<\/td>\n<td width=\"144\">1500<\/td>\n<td width=\"290\">Big Horn, Express, Laramie, Laramie Longhorn, Limited, Lone Star, Rebel, SLT, Special Service, Sport, Tradesman<\/td>\n<td width=\"256\">3.0L V6 - Diesel, 5.7L<\/td>\n<\/tr>\n<tr>\n<td width=\"138\">2017<\/td>\n<td width=\"168\">Dodge<\/td>\n<td width=\"144\">Charger<\/td>\n<td width=\"290\">Pursuit, SE, SXT<\/td>\n<td width=\"256\">3.6L V6 - Flex<\/td>\n<\/tr>\n<tr>\n<td width=\"138\">2017<\/td>\n<td width=\"168\">Dodge<\/td>\n<td width=\"144\">Durango<\/td>\n<td width=\"290\">Citadel, R\/T, Special Service<\/td>\n<td width=\"256\">5.7L<\/td>\n<\/tr>\n<tr>\n<td width=\"138\">2017<\/td>\n<td width=\"168\">Jeep<\/td>\n<td width=\"144\">Grand Cherokee<\/td>\n<td width=\"290\">Limited, Overland, SRT, Summit, Trailhawk<\/td>\n<td width=\"256\">3.0L V6 - Diesel, 5.7L, 6.4L<\/td>\n<\/tr>\n<tr>\n<td width=\"138\">2017<\/td>\n<td width=\"168\">Ram<\/td>\n<td width=\"144\">1500<\/td>\n<td width=\"290\">Big Horn, Express, Laramie, Laramie Longhorn, Limited, Lone Star, Rebel, SLT, Special Service, Sport, Tradesman<\/td>\n<td width=\"256\">3.0L V6 - Diesel, 5.7L<\/td>\n<\/tr>\n<tr>\n<td width=\"138\">2016<\/td>\n<td width=\"168\">Dodge<\/td>\n<td width=\"144\">Charger<\/td>\n<td width=\"290\">Pursuit, SE, SXT<\/td>\n<td width=\"256\">3.6L V6 - Flex<\/td>\n<\/tr>\n<tr>\n<td width=\"138\">2016<\/td>\n<td width=\"168\">Dodge<\/td>\n<td width=\"144\">Durango<\/td>\n<td width=\"290\">Citadel, R\/T, Special Service<\/td>\n<td width=\"256\">5.7L<\/td>\n<\/tr>\n<tr>\n<td width=\"138\">2016<\/td>\n<td width=\"168\">Jeep<\/td>\n<td width=\"144\">Grand Cherokee<\/td>\n<td width=\"290\">Limited, Overland, SRT, Summit<\/td>\n<td width=\"256\">3.0L V6 - Diesel, 5.7L, 6.4L<\/td>\n<\/tr>\n<tr>\n<td width=\"138\">2016<\/td>\n<td width=\"168\">Ram<\/td>\n<td width=\"144\">1500<\/td>\n<td width=\"290\">Big Horn, Express, HFE, Laramie, Laramie Longhorn, Limited, Lone Star, Outdoorsman, Rebel, SLT, Special Service, Sport, Tradesman<\/td>\n<td width=\"256\">3.0L V6 - Diesel, 5.7L<\/td>\n<\/tr>\n<tr>\n<td width=\"138\">2015<\/td>\n<td width=\"168\">Dodge<\/td>\n<td width=\"144\">Charger<\/td>\n<td width=\"290\">Pursuit, SE, SXT<\/td>\n<td width=\"256\">3.6L V6 - Flex<\/td>\n<\/tr>\n<tr>\n<td width=\"138\">2015<\/td>\n<td width=\"168\">Dodge<\/td>\n<td width=\"144\">Durango<\/td>\n<td width=\"290\">Citadel, Limited, R\/T, Special Service<\/td>\n<td width=\"256\">5.7L<\/td>\n<\/tr>\n<tr>\n<td width=\"138\">2015<\/td>\n<td width=\"168\">Jeep<\/td>\n<td width=\"144\">Grand Cherokee<\/td>\n<td width=\"290\">Limited, Overland, SRT, Summit<\/td>\n<td width=\"256\">3.0L V6 - Diesel, 5.7L, 6.4L<\/td>\n<\/tr>\n<tr>\n<td width=\"138\">2015<\/td>\n<td width=\"168\">Ram<\/td>\n<td width=\"144\">1500<\/td>\n<td width=\"290\">Big Horn, Express, Laramie, Laramie Limited, Laramie Longhorn, Limited, Lone Star, Outdoorsman, Rebel, SLT, Special Service, Sport, Tradesman<\/td>\n<td width=\"256\">3.0L V6 - Diesel, 5.7L<\/td>\n<\/tr>\n<tr>\n<td width=\"138\">2014<\/td>\n<td width=\"168\">Dodge<\/td>\n<td width=\"144\">Durango<\/td>\n<td width=\"290\">Citadel, Limited, R\/T, Special Service<\/td>\n<td width=\"256\">5.7L<\/td>\n<\/tr>\n<tr>\n<td width=\"138\">2014<\/td>\n<td width=\"168\">Jeep<\/td>\n<td width=\"144\">Grand Cherokee<\/td>\n<td width=\"290\">Limited, Overland, SRT, Summit<\/td>\n<td width=\"256\">3.0L V6 - Diesel, 5.7L, 6.4L<\/td>\n<\/tr>\n<tr>\n<td width=\"138\">2014<\/td>\n<td width=\"168\">Ram<\/td>\n<td width=\"144\">1500<\/td>\n<td width=\"290\">Big Horn, Express, HFE, Laramie, Laramie Limited, Laramie Longhorn, Lone Star, Outdoorsman, SLT, Special Service, Sport, Tradesman<\/td>\n<td width=\"256\">3.0L V6 - Diesel, 5.7L<\/td>\n<\/tr>\n<tr>\n<td width=\"138\">2013<\/td>\n<td width=\"168\">Ram<\/td>\n<td width=\"144\">1500<\/td>\n<td width=\"290\">Big Horn, Express, Laramie, Laramie Longhorn, Outdoorsman, R\/T, SLT, Sport, Tradesman<\/td>\n<td width=\"256\">5.7L<\/td>\n<\/tr>\n<\/tbody>\n<\/table>\n<p>&nbsp;<\/p>\n<p>&nbsp;<\/p>\n<h4>Por qu\u00e9 puede ir sobre seguro con los recambios originales Mopar<\/h4>\n<p>Perfectamente adaptadas a su modelo: Mopar suministra piezas originales adaptadas con precisi\u00f3n a la tecnolog\u00eda de su veh\u00edculo. Esto no solo garantiza un ajuste perfecto, sino tambi\u00e9n una compatibilidad total con todas las funciones del veh\u00edculo.<\/p>\n<p>Calidad duradera para cada aplicaci\u00f3n: Cada pieza Mopar se prueba exhaustivamente antes de salir de f\u00e1brica. La combinaci\u00f3n de materiales robustos y una fabricaci\u00f3n precisa garantiza que su veh\u00edculo funcione de forma fiable, d\u00eda tras d\u00eda, kil\u00f3metro tras kil\u00f3metro.<\/p>","protected":false},"excerpt":{"rendered":"<p>Pieza original Mopar<\/p>","protected":false},"featured_media":68357297,"comment_status":"open","ping_status":"closed","template":"","meta":{"_acf_changed":false},"product_brand":[16270],"product_cat":[1654,1655,1662,1663,1734,1735,6775,1750,1751,20074,20085,1774,1775,19808,19820,6788,6793,19391,4239,4242,19415,19418,16999,1521,17000,5021,2922],"product_tag":[475,506,169,52,507,91,93,20713,20998,20999,3609,54,53,48,49,95,2354,240,10216,21000,20997,6545,50,31,8813,9424,16271,16273,16275,16272,16274,7221,86,5276,3608],"class_list":{"0":"post-68357158","1":"product","2":"type-product","3":"status-publish","4":"has-post-thumbnail","6":"product_brand-mopar","7":"product_cat-durango-57-getriebe","8":"product_cat-durango-57-wartung","9":"product_cat-durango-64-getriebe","10":"product_cat-durango-64-wartung","11":"product_cat-grand-cherokee-30-diesel-getriebe","12":"product_cat-grand-cherokee-30-diesel-wartung","13":"product_cat-grand-cherokee-wl-36","14":"product_cat-grand-cherokee-57-2011-2021-getriebe","15":"product_cat-grand-cherokee-57-2011-2021-wartung","16":"product_cat-grand-cherokee-wl-57-getriebe","17":"product_cat-grand-cherokee-wl-57-wartung","18":"product_cat-grand-cherokee-64-getriebe","19":"product_cat-grand-cherokee-64-wartung","20":"product_cat-wagoneer-57-getriebe","21":"product_cat-wagoneer-57-wartung","22":"product_cat-wagoneer-64-getriebe","23":"product_cat-wagoneer-64-wartung","24":"product_cat-1500-30-wartung","25":"product_cat-1500-ecodiesel-getriebe","26":"product_cat-1500-ecodiesel-wartung","27":"product_cat-1500-ecodiesel-2020-2023-getriebe","28":"product_cat-1500-ecodiesel-2020-2023-wartung","29":"product_cat-1500-57-2009-2018-classic-getriebe","30":"product_cat-1500-57-2009-2018-classic-wartung","31":"product_cat-1500-57-dt-getriebe","32":"product_cat-1500-57-dt-wartung","33":"product_cat-2500-3500-64-wartung","34":"product_tag-475","35":"product_tag-506","36":"product_tag-3-6","37":"product_tag-300c","38":"product_tag-507","39":"product_tag-5-7","40":"product_tag-6-4","41":"product_tag-68225344aa","42":"product_tag-8hp70","43":"product_tag-8hp75","44":"product_tag-automatikgetriebe","45":"product_tag-challenger","46":"product_tag-charger","47":"product_tag-chrysler","48":"product_tag-dodge","49":"product_tag-durango","50":"product_tag-getriebeoelfilter","51":"product_tag-getriebeoelwanne","52":"product_tag-getriebeoelwechsel","53":"product_tag-getriebewartung","54":"product_tag-grand-cherkokee","55":"product_tag-grand-wagoneer","56":"product_tag-jeep","57":"product_tag-mopar","58":"product_tag-mopar-autoteile","59":"product_tag-mopar-ersatzteile","60":"product_tag-mopar-ersatzteile-kaufen","61":"product_tag-mopar-performance-teile","62":"product_tag-mopar-teile-katalog","63":"product_tag-mopar-teile-online","64":"product_tag-mopar-tuningteile","65":"product_tag-mopar10","66":"product_tag-ram","67":"product_tag-wagoneer","68":"product_tag-zf8hp","70":"first","71":"instock","72":"taxable","73":"shipping-taxable","74":"purchasable","75":"product-type-simple"},"bundled_by":[],"bundle_stock_status":"instock","bundle_stock_quantity":1,"bundle_virtual":false,"bundle_layout":"","bundle_add_to_cart_form_location":"","bundle_editable_in_cart":false,"bundle_sold_individually_context":"","bundle_item_grouping":"","bundle_min_size":"","bundle_max_size":"","bundle_price":[],"bundled_items":[],"bundle_sell_ids":[],"exclude_global_add_ons":[],"addons":[],"acf":[],"_links":{"self":[{"href":"https:\/\/kraftwerk-shop.cc\/es\/wp-json\/wp\/v2\/product\/68357158","targetHints":{"allow":["GET"]}}],"collection":[{"href":"https:\/\/kraftwerk-shop.cc\/es\/wp-json\/wp\/v2\/product"}],"about":[{"href":"https:\/\/kraftwerk-shop.cc\/es\/wp-json\/wp\/v2\/types\/product"}],"replies":[{"embeddable":true,"href":"https:\/\/kraftwerk-shop.cc\/es\/wp-json\/wp\/v2\/comments?post=68357158"}],"version-history":[{"count":0,"href":"https:\/\/kraftwerk-shop.cc\/es\/wp-json\/wp\/v2\/product\/68357158\/revisions"}],"wp:featuredmedia":[{"embeddable":true,"href":"https:\/\/kraftwerk-shop.cc\/es\/wp-json\/wp\/v2\/media\/68357297"}],"wp:attachment":[{"href":"https:\/\/kraftwerk-shop.cc\/es\/wp-json\/wp\/v2\/media?parent=68357158"}],"wp:term":[{"taxonomy":"product_brand","embeddable":true,"href":"https:\/\/kraftwerk-shop.cc\/es\/wp-json\/wp\/v2\/product_brand?post=68357158"},{"taxonomy":"product_cat","embeddable":true,"href":"https:\/\/kraftwerk-shop.cc\/es\/wp-json\/wp\/v2\/product_cat?post=68357158"},{"taxonomy":"product_tag","embeddable":true,"href":"https:\/\/kraftwerk-shop.cc\/es\/wp-json\/wp\/v2\/product_tag?post=68357158"}],"curies":[{"name":"wp","href":"https:\/\/api.w.org\/{rel}","templated":true}]}}