{"id":68357979,"date":"2026-03-14T22:27:32","date_gmt":"2026-03-14T21:27:32","guid":{"rendered":"https:\/\/kraftwerk-shop.cc\/?post_type=product&#038;p=68357979"},"modified":"2026-03-15T13:50:22","modified_gmt":"2026-03-15T12:50:22","slug":"dirs-g-300c-challenger-charger","status":"publish","type":"product","link":"https:\/\/kraftwerk-shop.cc\/es\/produkt\/dirs-g-300c-challenger-charger\/","title":{"rendered":"Amplificaci\u00f3n diferencial \u201cDIRS-G\u201d Chrysler 300C, Dodge Challenger &amp; Charger 5.7, 6.1 &amp; 6.4"},"content":{"rendered":"<h1>Amplificaci\u00f3n diferencial \u201cDIRS-G\u201d para Chrysler 300C, Dodge Challenger y Charger 5,7, 6,1 y 6,4 de 2009 a 2014<\/h1>\n<p>&nbsp;<\/p>\n<p>El DIRS-G (Differential Integration and Reinforcement System) de Per4Mance Development es un sistema de refuerzo e integraci\u00f3n del diferencial de dos piezas de alta calidad, especialmente desarrollado para los modelos Dodge, Charger, Challenger y Chrysler 300 con motor V8 y tracci\u00f3n trasera de los a\u00f1os 2009 a 2014.<br \/>\nSe trata de una soluci\u00f3n completamente redise\u00f1ada que se ha desarrollado con el claro objetivo de conseguir el mejor resultado posible para el sistema IRS (suspensi\u00f3n trasera independiente) de serie.<\/p>\n<p>Per4Mance Development quer\u00eda contrarrestar la enorme tensi\u00f3n a la que est\u00e1 expuesto el diferencial en los veh\u00edculos con mayor potencia de motor. El equipo de desarrollo se plante\u00f3 dos preguntas clave:<\/p>\n<ul>\n<li>\u00bfPuede desarrollarse una soluci\u00f3n t\u00e9cnicamente superior?<\/li>\n<li>\u00bfPuede esta nueva soluci\u00f3n funcionar de forma m\u00e1s armoniosa con la norma IRS?<\/li>\n<\/ul>\n<p>El resultado es el DIRS-G, un sistema de dos partes que se basa en el \u00e9xito del DIRS de eficacia probada para veh\u00edculos fabricados a partir de 2015 y lo desarrolla de forma coherente.<\/p>\n<p>El sistema consta de dos componentes que, juntos, garantizan una transmisi\u00f3n \u00f3ptima de la potencia y la estabilizaci\u00f3n del alojamiento del diferencial:<\/p>\n<ul>\n<li>La pieza 1 se fija directamente a la carcasa del diferencial mediante tres pernos de carcasa y, de este modo, proporciona soporte estructural al diferencial.<\/li>\n<li>La parte 2 est\u00e1 unida al subchasis trasero (travesa\u00f1o trasero) y lleva un casquillo de diferencial original OEM - al igual que los dos casquillos de f\u00e1brica en el subchasis trasero. Esto crea un tercer punto de integraci\u00f3n triangulado, que \u201eancla\u201d adicionalmente el diferencial reforzado y distribuye las fuerzas de forma \u00f3ptima.<\/li>\n<\/ul>\n<p>&nbsp;<\/p>\n<p><strong>Caracter\u00edsticas t\u00e9cnicas<\/strong><\/p>\n<ul>\n<li>Fabricado en EE.UU. - aluminio billet fresado por CNC de aleaci\u00f3n T-6061 para una m\u00e1xima resistencia con un peso m\u00ednimo<\/li>\n<li>Casquillo del diferencial OEM: garantiza una integraci\u00f3n en el chasis como una herramienta y con pocas vibraciones.<\/li>\n<li>Tornillos de fijaci\u00f3n ARP y tornillos Allen galvanizados de fabricaci\u00f3n estadounidense para una m\u00e1xima durabilidad y protecci\u00f3n contra la corrosi\u00f3n<\/li>\n<li>Inserto sin herramientas P4D para la fijaci\u00f3n al bastidor auxiliar: simplifica considerablemente el montaje.<\/li>\n<li>Superficie anodizada dura en negro: resistente a los ara\u00f1azos y la corrosi\u00f3n, aspecto duradero<\/li>\n<li>Se mantiene el libre acceso a los tapones de llenado y vaciado del diferencial<\/li>\n<\/ul>\n<p>&nbsp;<\/p>\n<p><strong>Ventajas e informes de usuarios<\/strong><\/p>\n<ul>\n<li>Excelente calidad de procesado y envasado profesional<\/li>\n<li>Estabilidad y robustez notablemente mayores en toda la gama de diferenciales<\/li>\n<li>Din\u00e1mica de conducci\u00f3n mejorada en la parte trasera: m\u00e1s tracci\u00f3n, menos saltos de rueda al acelerar a plena carga.<\/li>\n<li>Sin aumento de NVH (ruido, vibraci\u00f3n, aspereza): el confort de conducci\u00f3n se mantiene \u00edntegro.<\/li>\n<\/ul>\n<p>&nbsp;<\/p>\n<p><strong>Compatibilidad<\/strong><\/p>\n<p>El DIRS-G s\u00f3lo es adecuado para veh\u00edculos equipados con el diferencial Getrag 226. Este<br \/>\nEl diferencial se reconoce por las caracter\u00edsticas aletas de refrigeraci\u00f3n de la carcasa, como tambi\u00e9n puede verse en las fotos del producto.<br \/>\n<strong>Los veh\u00edculos con una carcasa de diferencial lisa sin aletas de refrigeraci\u00f3n no son compatibles - por favor, compru\u00e9belo antes de comprar.<\/strong><\/p>\n<p>&nbsp;<\/p>\n<p>&nbsp;<\/p>\n<p><strong>Adecuado para:<\/strong><\/p>\n<table style=\"height: 240px;\" width=\"529\">\n<tbody>\n<tr style=\"height: 24px;\">\n<td style=\"height: 24px; width: 109.133px;\"><strong>Marca<\/strong><\/td>\n<td style=\"height: 24px; width: 137.717px;\"><strong>Modelo\u00a0<\/strong><\/td>\n<td style=\"height: 24px; width: 100.2px;\"><strong>Motor<\/strong><\/td>\n<td style=\"height: 24px; width: 152.783px;\"><strong>A\u00f1o de construcci\u00f3n<\/strong><\/td>\n<\/tr>\n<tr style=\"height: 24px;\">\n<td style=\"height: 24px; width: 109.133px;\">Chrysler<\/td>\n<td style=\"height: 24px; width: 137.717px;\">300C<\/td>\n<td style=\"height: 24px; width: 100.2px;\">5.7<\/td>\n<td style=\"height: 24px; width: 152.783px;\">2009-2014<\/td>\n<\/tr>\n<tr style=\"height: 24px;\">\n<td style=\"height: 24px; width: 109.133px;\">Chrysler<\/td>\n<td style=\"height: 24px; width: 137.717px;\">300C<\/td>\n<td style=\"height: 24px; width: 100.2px;\">6.1<\/td>\n<td style=\"height: 24px; width: 152.783px;\">2009-2010<\/td>\n<\/tr>\n<tr style=\"height: 24px;\">\n<td style=\"height: 24px; width: 109.133px;\">Chrysler<\/td>\n<td style=\"height: 24px; width: 137.717px;\">300C<\/td>\n<td style=\"height: 24px; width: 100.2px;\">6.4<\/td>\n<td style=\"height: 24px; width: 152.783px;\">2011-2014<\/td>\n<\/tr>\n<tr style=\"height: 24px;\">\n<td style=\"height: 24px; width: 109.133px;\">Dodge<\/td>\n<td style=\"height: 24px; width: 137.717px;\">Challenger<\/td>\n<td style=\"height: 24px; width: 100.2px;\">5.7<\/td>\n<td style=\"height: 24px; width: 152.783px;\">2009-2014<\/td>\n<\/tr>\n<tr style=\"height: 24px;\">\n<td style=\"height: 24px; width: 109.133px;\">Dodge<\/td>\n<td style=\"height: 24px; width: 137.717px;\">Challenger<\/td>\n<td style=\"height: 24px; width: 100.2px;\">6.1<\/td>\n<td style=\"height: 24px; width: 152.783px;\">2009-2010<\/td>\n<\/tr>\n<tr style=\"height: 24px;\">\n<td style=\"height: 24px; width: 109.133px;\">Dodge<\/td>\n<td style=\"height: 24px; width: 137.717px;\">Challenger<\/td>\n<td style=\"height: 24px; width: 100.2px;\">6.4<\/td>\n<td style=\"height: 24px; width: 152.783px;\">2011-2014<\/td>\n<\/tr>\n<tr style=\"height: 24px;\">\n<td style=\"height: 24px; width: 109.133px;\">Dodge<\/td>\n<td style=\"height: 24px; width: 137.717px;\">Charger<\/td>\n<td style=\"height: 24px; width: 100.2px;\">5.7<\/td>\n<td style=\"height: 24px; width: 152.783px;\">2009-2014<\/td>\n<\/tr>\n<tr style=\"height: 24px;\">\n<td style=\"height: 24px; width: 109.133px;\">Dodge<\/td>\n<td style=\"height: 24px; width: 137.717px;\">Charger<\/td>\n<td style=\"height: 24px; width: 100.2px;\">6.1<\/td>\n<td style=\"height: 24px; width: 152.783px;\">2009-2010<\/td>\n<\/tr>\n<tr style=\"height: 24px;\">\n<td style=\"height: 24px; width: 109.133px;\">Dodge<\/td>\n<td style=\"height: 24px; width: 137.717px;\">Charger<\/td>\n<td style=\"height: 24px; width: 100.2px;\">6.4<\/td>\n<td style=\"height: 24px; width: 152.783px;\">2011-2014<\/td>\n<\/tr>\n<\/tbody>\n<\/table>\n<p>&nbsp;<\/p>","protected":false},"excerpt":{"rendered":"<p>2009-2014<\/p>","protected":false},"featured_media":68357983,"comment_status":"open","ping_status":"closed","template":"","meta":{"_acf_changed":false},"product_brand":[21031],"product_cat":[4978,1589,1678,1694,1702,5157,1629,1637],"product_tag":[1132,52,217,91,101,93,668,54,53,48,536,152,665,3856,3843,667,3855,49,3853,3854,3844,115,100,126,36,3846,3847,3842,186,783,151,787,96,666,3848,3849,233,216,2334,236,3850],"class_list":{"0":"post-68357979","1":"product","2":"type-product","3":"status-publish","4":"has-post-thumbnail","6":"product_brand-per4mance-development","7":"product_cat-300c-57-2011-2023-getriebe","8":"product_cat-300c-64-getriebe","9":"product_cat-challenger-57-getriebe","10":"product_cat-challenger-hellcat-getriebe","11":"product_cat-challenger-64-getriebe","12":"product_cat-charger-57-2011-2023-getriebe","13":"product_cat-charger-hellcat-getriebe","14":"product_cat-charger-64-getriebe","15":"product_tag-1132","16":"product_tag-300c","17":"product_tag-217","18":"product_tag-5-7","19":"product_tag-6-2","20":"product_tag-6-4","21":"product_tag-antrieb","22":"product_tag-challenger","23":"product_tag-charger","24":"product_tag-chrysler","25":"product_tag-chrysler-300c","26":"product_tag-demon","27":"product_tag-differential","28":"product_tag-differential-integration-and-reinforcement-system","29":"product_tag-differentialkorb","30":"product_tag-differentialstrebe","31":"product_tag-dirs","32":"product_tag-dodge","33":"product_tag-dodge-challenger","34":"product_tag-dodge-charger","35":"product_tag-getper4mance","36":"product_tag-getriebe","37":"product_tag-hellcat","38":"product_tag-hemi","39":"product_tag-kraftwerk","40":"product_tag-optimierung","41":"product_tag-per4mance","42":"product_tag-per4mance-development","43":"product_tag-performance","44":"product_tag-r-t","45":"product_tag-redeye","46":"product_tag-rt","47":"product_tag-srt","48":"product_tag-strebe","49":"product_tag-torsion","50":"product_tag-traktion","51":"product_tag-tuning","52":"product_tag-upgrade","53":"product_tag-verbesserung","54":"product_tag-verstaerkung","55":"product_tag-versteifung","57":"first","58":"onbackorder","59":"taxable","60":"shipping-taxable","61":"purchasable","62":"product-type-simple"},"bundled_by":[],"bundle_stock_status":"onbackorder","bundle_stock_quantity":0,"bundle_virtual":false,"bundle_layout":"","bundle_add_to_cart_form_location":"","bundle_editable_in_cart":false,"bundle_sold_individually_context":"","bundle_item_grouping":"","bundle_min_size":"","bundle_max_size":"","bundle_price":[],"bundled_items":[],"bundle_sell_ids":[],"exclude_global_add_ons":[],"addons":[],"acf":[],"_links":{"self":[{"href":"https:\/\/kraftwerk-shop.cc\/es\/wp-json\/wp\/v2\/product\/68357979","targetHints":{"allow":["GET"]}}],"collection":[{"href":"https:\/\/kraftwerk-shop.cc\/es\/wp-json\/wp\/v2\/product"}],"about":[{"href":"https:\/\/kraftwerk-shop.cc\/es\/wp-json\/wp\/v2\/types\/product"}],"replies":[{"embeddable":true,"href":"https:\/\/kraftwerk-shop.cc\/es\/wp-json\/wp\/v2\/comments?post=68357979"}],"version-history":[{"count":0,"href":"https:\/\/kraftwerk-shop.cc\/es\/wp-json\/wp\/v2\/product\/68357979\/revisions"}],"wp:featuredmedia":[{"embeddable":true,"href":"https:\/\/kraftwerk-shop.cc\/es\/wp-json\/wp\/v2\/media\/68357983"}],"wp:attachment":[{"href":"https:\/\/kraftwerk-shop.cc\/es\/wp-json\/wp\/v2\/media?parent=68357979"}],"wp:term":[{"taxonomy":"product_brand","embeddable":true,"href":"https:\/\/kraftwerk-shop.cc\/es\/wp-json\/wp\/v2\/product_brand?post=68357979"},{"taxonomy":"product_cat","embeddable":true,"href":"https:\/\/kraftwerk-shop.cc\/es\/wp-json\/wp\/v2\/product_cat?post=68357979"},{"taxonomy":"product_tag","embeddable":true,"href":"https:\/\/kraftwerk-shop.cc\/es\/wp-json\/wp\/v2\/product_tag?post=68357979"}],"curies":[{"name":"wp","href":"https:\/\/api.w.org\/{rel}","templated":true}]}}