{"id":68358164,"date":"2026-03-22T00:59:55","date_gmt":"2026-03-21T23:59:55","guid":{"rendered":"https:\/\/kraftwerk-shop.cc\/?post_type=product&#038;p=68358164"},"modified":"2026-03-29T23:58:01","modified_gmt":"2026-03-29T21:58:01","slug":"hawk-pastillas-de-freno-hb913g-659-durango-hellcat","status":"publish","type":"product","link":"https:\/\/kraftwerk-shop.cc\/es\/produkt\/hawk-bremsbelaege-hb913g-659-durango-hellcat\/","title":{"rendered":"Hawk Performance DTC-60 Pastillas de freno Durango Hellcat"},"content":{"rendered":"<h1>Hawk Performance DTC-60 HB913G.659 Pastillas de freno para Dodge Durango Hellcat (eje delantero)<\/h1>\n<p>&nbsp;<\/p>\n<p><strong>Hawk Performance DTC-60<\/strong><\/p>\n<p>La conducci\u00f3n con valores de deceleraci\u00f3n extremadamente altos y una mayor carga aerodin\u00e1mica plantea retos particulares, por lo que Hawk ha desarrollado el compuesto de competici\u00f3n DTC-60. Se recomienda en combinaci\u00f3n con el DTC-70 si se requiere una distribuci\u00f3n diferente de la fricci\u00f3n entre los ejes. Se recomienda en combinaci\u00f3n con el DTC-70 si se requiere una distribuci\u00f3n diferente de la fricci\u00f3n entre los ejes y se caracteriza por sus excelentes propiedades de modulaci\u00f3n y desacoplamiento.<\/p>\n<p>&nbsp;<\/p>\n<p><strong>Hawk HP Plus Caracter\u00edsticas:<\/strong><\/p>\n<ul>\n<li>Excelente control de la liberaci\u00f3n y el par<\/li>\n<li>Desgaste muy reducido de las pastillas y los discos de freno<\/li>\n<li>Alto par<\/li>\n<li>Excelentes caracter\u00edsticas de modulaci\u00f3n y liberaci\u00f3n<\/li>\n<li>Apto para NASCAR, NASCAR Modified, ARCA, Super Late Models, Circuitos de Asfalto, Pro 2, Pro 4 Offroad Trucks, Pro Lite, Sports Cars, GT, GS, Open Wheel, Formula, Monster Trucks.<\/li>\n<li>Rendimiento de fricci\u00f3n estable<\/li>\n<li>200 - 870 \u00b0C Temperatura de funcionamiento<\/li>\n<li>320 - 650\u00b0C Temperatura \u00f3ptima<\/li>\n<\/ul>\n<p>&nbsp;<\/p>\n<p>N\u00famero OE (s\u00f3lo a efectos comparativos): 68399095AA, 68399095AB, 68399095AC<br \/>\nAutorizaci\u00f3n: no<\/p>\n<p>&nbsp;<\/p>\n<p><strong>Adecuado para:<\/strong><\/p>\n<table width=\"568\">\n<tbody>\n<tr>\n<td width=\"83\">Dodge<\/td>\n<td width=\"138\">Durango<\/td>\n<td width=\"98\">6.2 Hellcat<\/td>\n<td colspan=\"3\" width=\"249\">2021-2025<\/td>\n<\/tr>\n<\/tbody>\n<\/table>\n<p>&nbsp;<\/p>\n<p>El precio se refiere a 1 juego para el eje delantero completo.<\/p>","protected":false},"excerpt":{"rendered":"<p>Hawk Performance DTC-60 HB913G.659 Bremsbel\u00e4ge f\u00fcr Dodge Durango Hellcat (Vorderachse) &nbsp; Hawk Performance DTC-60 Das Fahren mit extrem hohen Verz\u00f6gerungswerten<\/p>","protected":false},"featured_media":68358167,"comment_status":"open","ping_status":"closed","template":"","meta":{"_acf_changed":false},"product_brand":[17621],"product_cat":[17928],"product_tag":[2751,2752,2753,838,590,795,839,840,773,49,6944,21038,95,692,1070,7614,21037,100,36,842,841,673],"class_list":{"0":"post-68358164","1":"product","2":"type-product","3":"status-publish","4":"has-post-thumbnail","6":"product_brand-hawk-performance","7":"product_cat-durango-hellcat-bremsbelaege-vorne","8":"product_tag-68399095aa","9":"product_tag-68399095ab","10":"product_tag-68399095ac","11":"product_tag-bremsbelag","12":"product_tag-bremsbelaege","13":"product_tag-bremse","14":"product_tag-bremsklotz","15":"product_tag-bremskloetze","16":"product_tag-carbon","17":"product_tag-dodge","18":"product_tag-dodge-durango-hellcat","19":"product_tag-dtc-60","20":"product_tag-durango","21":"product_tag-ersatzteil","22":"product_tag-hawk","23":"product_tag-hawk10","24":"product_tag-hb913g-659","25":"product_tag-hellcat","26":"product_tag-kraftwerk","27":"product_tag-vorderachse","28":"product_tag-vorne","29":"product_tag-zubehoer","31":"first","32":"instock","33":"taxable","34":"shipping-taxable","35":"purchasable","36":"product-type-simple"},"bundled_by":[],"bundle_stock_status":"instock","bundle_stock_quantity":1,"bundle_virtual":false,"bundle_layout":"","bundle_add_to_cart_form_location":"","bundle_editable_in_cart":false,"bundle_sold_individually_context":"","bundle_item_grouping":"","bundle_min_size":"","bundle_max_size":"","bundle_price":[],"bundled_items":[],"bundle_sell_ids":[],"exclude_global_add_ons":[],"addons":[],"acf":[],"_links":{"self":[{"href":"https:\/\/kraftwerk-shop.cc\/es\/wp-json\/wp\/v2\/product\/68358164","targetHints":{"allow":["GET"]}}],"collection":[{"href":"https:\/\/kraftwerk-shop.cc\/es\/wp-json\/wp\/v2\/product"}],"about":[{"href":"https:\/\/kraftwerk-shop.cc\/es\/wp-json\/wp\/v2\/types\/product"}],"replies":[{"embeddable":true,"href":"https:\/\/kraftwerk-shop.cc\/es\/wp-json\/wp\/v2\/comments?post=68358164"}],"version-history":[{"count":0,"href":"https:\/\/kraftwerk-shop.cc\/es\/wp-json\/wp\/v2\/product\/68358164\/revisions"}],"wp:featuredmedia":[{"embeddable":true,"href":"https:\/\/kraftwerk-shop.cc\/es\/wp-json\/wp\/v2\/media\/68358167"}],"wp:attachment":[{"href":"https:\/\/kraftwerk-shop.cc\/es\/wp-json\/wp\/v2\/media?parent=68358164"}],"wp:term":[{"taxonomy":"product_brand","embeddable":true,"href":"https:\/\/kraftwerk-shop.cc\/es\/wp-json\/wp\/v2\/product_brand?post=68358164"},{"taxonomy":"product_cat","embeddable":true,"href":"https:\/\/kraftwerk-shop.cc\/es\/wp-json\/wp\/v2\/product_cat?post=68358164"},{"taxonomy":"product_tag","embeddable":true,"href":"https:\/\/kraftwerk-shop.cc\/es\/wp-json\/wp\/v2\/product_tag?post=68358164"}],"curies":[{"name":"wp","href":"https:\/\/api.w.org\/{rel}","templated":true}]}}