{"id":68358365,"date":"2026-03-29T00:09:11","date_gmt":"2026-03-28T23:09:11","guid":{"rendered":"https:\/\/kraftwerk-shop.cc\/?post_type=product&#038;p=68358365"},"modified":"2026-03-29T00:17:41","modified_gmt":"2026-03-28T23:17:41","slug":"sensor-de-presion-mopar-68224444ab","status":"publish","type":"product","link":"https:\/\/kraftwerk-shop.cc\/es\/produkt\/mopar-drucksensor-68224444ab\/","title":{"rendered":"Sensor de presi\u00f3n Mopar (68224444AB)"},"content":{"rendered":"<h1>Sensor de presi\u00f3n original Mopar (68224444AB) para Dodge Challenger y Charger Hellcat de 2015 a 2017.<\/h1>\n<p>&nbsp;<\/p>\n<p><span lang=\"DE\"><strong>N\u00famero de pieza Mopar:<\/strong>\u00a068224444AB<br \/>\n<strong>Reemplazado: <\/strong>68224444AA<\/span><\/p>\n<p>&nbsp;<\/p>\n<p><strong>Adecuado para:<\/strong><\/p>\n<table style=\"width: 867px;\">\n<tbody>\n<tr>\n<td style=\"width: 133.25px;\"><strong>A\u00f1o de construcci\u00f3n<\/strong><\/td>\n<td style=\"width: 161.317px;\"><strong>Marca<\/strong><\/td>\n<td style=\"width: 149.283px;\"><strong>Modelo<\/strong><\/td>\n<td style=\"width: 233.45px;\"><strong>Versi\u00f3n<\/strong><\/td>\n<td style=\"width: 154.3px;\"><strong>Motor<\/strong><\/td>\n<\/tr>\n<tr>\n<td style=\"width: 133.25px;\">2017<\/td>\n<td style=\"width: 161.317px;\">Dodge<\/td>\n<td style=\"width: 149.283px;\">Challenger<\/td>\n<td style=\"width: 233.45px;\">SRT Hellcat<\/td>\n<td style=\"width: 154.3px;\">6.2L<\/td>\n<\/tr>\n<tr>\n<td style=\"width: 133.25px;\">2017<\/td>\n<td style=\"width: 161.317px;\">Dodge<\/td>\n<td style=\"width: 149.283px;\">Charger<\/td>\n<td style=\"width: 233.45px;\">SRT Hellcat<\/td>\n<td style=\"width: 154.3px;\">6.2L<\/td>\n<\/tr>\n<tr>\n<td style=\"width: 133.25px;\">2016<\/td>\n<td style=\"width: 161.317px;\">Dodge<\/td>\n<td style=\"width: 149.283px;\">Challenger<\/td>\n<td style=\"width: 233.45px;\">SRT Hellcat<\/td>\n<td style=\"width: 154.3px;\">6.2L<\/td>\n<\/tr>\n<tr>\n<td style=\"width: 133.25px;\">2016<\/td>\n<td style=\"width: 161.317px;\">Dodge<\/td>\n<td style=\"width: 149.283px;\">Charger<\/td>\n<td style=\"width: 233.45px;\">SRT Hellcat<\/td>\n<td style=\"width: 154.3px;\">6.2L<\/td>\n<\/tr>\n<tr>\n<td style=\"width: 133.25px;\">2015<\/td>\n<td style=\"width: 161.317px;\">Dodge<\/td>\n<td style=\"width: 149.283px;\">Challenger<\/td>\n<td style=\"width: 233.45px;\">SRT Hellcat<\/td>\n<td style=\"width: 154.3px;\">6.2L<\/td>\n<\/tr>\n<tr>\n<td style=\"width: 133.25px;\">2015<\/td>\n<td style=\"width: 161.317px;\">Dodge<\/td>\n<td style=\"width: 149.283px;\">Charger<\/td>\n<td style=\"width: 233.45px;\">SRT Hellcat<\/td>\n<td style=\"width: 154.3px;\">6.2L<\/td>\n<\/tr>\n<\/tbody>\n<\/table>\n<p>&nbsp;<\/p>\n<p>&nbsp;<\/p>\n<h4>\u00bfPor qu\u00e9 elegir recambios originales Mopar?<\/h4>\n<p><strong>Ajuste perfecto y calidad superior:<\/strong> Los recambios originales Mopar se fabrican siguiendo las estrictas especificaciones del fabricante, lo que significa que encajan perfectamente en su veh\u00edculo. Esto no solo garantiza una instalaci\u00f3n sencilla, sino tambi\u00e9n un funcionamiento y una seguridad \u00f3ptimos.<\/p>\n<p><strong>Fiabilidad y durabilidad:<\/strong> Mediante el uso de materiales de alta calidad y estrictos controles de calidad, los recambios Mopar garantizan que su veh\u00edculo funcione de forma fiable incluso en condiciones extremas. Est\u00e1n dise\u00f1ados para durar y maximizar el rendimiento de su veh\u00edculo.<\/p>","protected":false},"excerpt":{"rendered":"<p>Pieza original Mopar<\/p>\n<p>2015-2017<\/p>","protected":false},"featured_media":68358367,"comment_status":"open","ping_status":"closed","template":"","meta":{"_acf_changed":false},"product_brand":[16270],"product_cat":[7300,7327,1779],"product_tag":[21045,21044,21046,21047,84,31,8813,9424,16271,16273,16275,16272,16274,7221,713],"class_list":{"0":"post-68358365","1":"product","2":"type-product","3":"status-publish","4":"has-post-thumbnail","6":"product_brand-mopar","7":"product_cat-challenger-hellcat-sensoren","8":"product_cat-charger-hellcat-sensoren","9":"product_cat-neue-produkte","10":"product_tag-68224444aa","11":"product_tag-68224444ab","12":"product_tag-drucksensor","13":"product_tag-kge","14":"product_tag-kurbelgehaeuseentlueftung","15":"product_tag-mopar","16":"product_tag-mopar-autoteile","17":"product_tag-mopar-ersatzteile","18":"product_tag-mopar-ersatzteile-kaufen","19":"product_tag-mopar-performance-teile","20":"product_tag-mopar-teile-katalog","21":"product_tag-mopar-teile-online","22":"product_tag-mopar-tuningteile","23":"product_tag-mopar10","24":"product_tag-sensor","26":"first","27":"instock","28":"taxable","29":"shipping-taxable","30":"purchasable","31":"product-type-simple"},"bundled_by":[],"bundle_stock_status":"instock","bundle_stock_quantity":1,"bundle_virtual":false,"bundle_layout":"","bundle_add_to_cart_form_location":"","bundle_editable_in_cart":false,"bundle_sold_individually_context":"","bundle_item_grouping":"","bundle_min_size":"","bundle_max_size":"","bundle_price":[],"bundled_items":[],"bundle_sell_ids":[],"exclude_global_add_ons":[],"addons":[],"acf":[],"_links":{"self":[{"href":"https:\/\/kraftwerk-shop.cc\/es\/wp-json\/wp\/v2\/product\/68358365","targetHints":{"allow":["GET"]}}],"collection":[{"href":"https:\/\/kraftwerk-shop.cc\/es\/wp-json\/wp\/v2\/product"}],"about":[{"href":"https:\/\/kraftwerk-shop.cc\/es\/wp-json\/wp\/v2\/types\/product"}],"replies":[{"embeddable":true,"href":"https:\/\/kraftwerk-shop.cc\/es\/wp-json\/wp\/v2\/comments?post=68358365"}],"version-history":[{"count":0,"href":"https:\/\/kraftwerk-shop.cc\/es\/wp-json\/wp\/v2\/product\/68358365\/revisions"}],"wp:featuredmedia":[{"embeddable":true,"href":"https:\/\/kraftwerk-shop.cc\/es\/wp-json\/wp\/v2\/media\/68358367"}],"wp:attachment":[{"href":"https:\/\/kraftwerk-shop.cc\/es\/wp-json\/wp\/v2\/media?parent=68358365"}],"wp:term":[{"taxonomy":"product_brand","embeddable":true,"href":"https:\/\/kraftwerk-shop.cc\/es\/wp-json\/wp\/v2\/product_brand?post=68358365"},{"taxonomy":"product_cat","embeddable":true,"href":"https:\/\/kraftwerk-shop.cc\/es\/wp-json\/wp\/v2\/product_cat?post=68358365"},{"taxonomy":"product_tag","embeddable":true,"href":"https:\/\/kraftwerk-shop.cc\/es\/wp-json\/wp\/v2\/product_tag?post=68358365"}],"curies":[{"name":"wp","href":"https:\/\/api.w.org\/{rel}","templated":true}]}}