{"id":68358592,"date":"2026-03-31T23:33:53","date_gmt":"2026-03-31T21:33:53","guid":{"rendered":"https:\/\/kraftwerk-shop.cc\/?post_type=product&#038;p=68358592"},"modified":"2026-04-01T00:15:45","modified_gmt":"2026-03-31T22:15:45","slug":"tensor-de-correa-mopar-5281543ad","status":"publish","type":"product","link":"https:\/\/kraftwerk-shop.cc\/es\/produkt\/mopar-riemenspanner-5281543ad\/","title":{"rendered":"Tensor de correa Mopar (5281543AD)"},"content":{"rendered":"<h1>Tensor de correa original Mopar (5281543AD) para RAM 5.7 eTorque de 2019 a 2026 y Jeep Wagoneer 5.7 eTorque<\/h1>\n<p>&nbsp;<\/p>\n<p><span lang=\"DE\"><strong>N\u00famero de pieza Mopar:<\/strong>\u00a05281543AD<br \/>\n<strong>Reemplazado: <\/strong>5281543AA, 5281543AB, 5281543AC<\/span><\/p>\n<p>&nbsp;<\/p>\n<p><strong>Adecuado para:<\/strong><\/p>\n<table width=\"996\">\n<tbody>\n<tr>\n<td width=\"138\"><strong>A\u00f1o de construcci\u00f3n<\/strong><\/td>\n<td width=\"168\"><strong>Marca<\/strong><\/td>\n<td width=\"144\"><strong>Modelo<\/strong><\/td>\n<td width=\"290\"><strong>Versi\u00f3n<\/strong><\/td>\n<td width=\"256\"><strong>Motor<\/strong><\/td>\n<\/tr>\n<tr>\n<td width=\"138\">2026<\/td>\n<td width=\"168\">Ram<\/td>\n<td width=\"144\">1500<\/td>\n<td width=\"290\">Big Horn, Express, Laramie, Limited, Limited Longhorn, Lone Star, Tradesman, Warlock<\/td>\n<td width=\"256\">5.7L V8 - El\u00e9ctrico\/Gasolina<\/td>\n<\/tr>\n<tr>\n<td width=\"138\">2024<\/td>\n<td width=\"168\">Ram<\/td>\n<td width=\"144\">1500<\/td>\n<td width=\"290\">Big Horn, Laramie, Limited, Limited Longhorn, Lone Star, Rebel, Tradesman<\/td>\n<td width=\"256\">5.7L V8 - El\u00e9ctrico\/Gasolina<\/td>\n<\/tr>\n<tr>\n<td width=\"138\">2023<\/td>\n<td width=\"168\">Jeep<\/td>\n<td width=\"144\">Wagoneer<\/td>\n<td width=\"290\">Base<\/td>\n<td width=\"256\">5.7L V8 - El\u00e9ctrico\/Gasolina<\/td>\n<\/tr>\n<tr>\n<td width=\"138\">2023<\/td>\n<td width=\"168\">Ram<\/td>\n<td width=\"144\">1500<\/td>\n<td width=\"290\">Big Horn, Laramie, Limited, Limited Longhorn, Lone Star, Rebel, Tradesman<\/td>\n<td width=\"256\">5.7L V8 - El\u00e9ctrico\/Gasolina<\/td>\n<\/tr>\n<tr>\n<td width=\"138\">2022<\/td>\n<td width=\"168\">Jeep<\/td>\n<td width=\"144\">Wagoneer<\/td>\n<td width=\"290\">Serie II, Serie III<\/td>\n<td width=\"256\">5.7L V8 - El\u00e9ctrico\/Gasolina<\/td>\n<\/tr>\n<tr>\n<td width=\"138\">2022<\/td>\n<td width=\"168\">Ram<\/td>\n<td width=\"144\">1500<\/td>\n<td width=\"290\">Big Horn, Laramie, Limited, Limited Longhorn, Lone Star, Rebel, Tradesman<\/td>\n<td width=\"256\">5.7L V8 - El\u00e9ctrico\/Gasolina<\/td>\n<\/tr>\n<tr>\n<td width=\"138\">2021<\/td>\n<td width=\"168\">Ram<\/td>\n<td width=\"144\">1500<\/td>\n<td width=\"290\">Big Horn, Laramie, Limited, Limited Longhorn, Lone Star, Rebel, Tradesman<\/td>\n<td width=\"256\">5.7L V8 - El\u00e9ctrico\/Gasolina<\/td>\n<\/tr>\n<tr>\n<td width=\"138\">2020<\/td>\n<td width=\"168\">Ram<\/td>\n<td width=\"144\">1500<\/td>\n<td width=\"290\">Big Horn, Laramie, Laramie Longhorn, Limited, Lone Star, Rebel, Tradesman<\/td>\n<td width=\"256\">5.7L V8 - El\u00e9ctrico\/Gasolina<\/td>\n<\/tr>\n<tr>\n<td width=\"138\">2019<\/td>\n<td width=\"168\">Ram<\/td>\n<td width=\"144\">1500<\/td>\n<td width=\"290\">Big Horn, Laramie, Laramie Longhorn, Limited, Lone Star, Rebel, Tradesman<\/td>\n<td width=\"256\">5.7L V8 - El\u00e9ctrico\/Gasolina<\/td>\n<\/tr>\n<\/tbody>\n<\/table>\n<p>&nbsp;<\/p>\n<h4>Por qu\u00e9 los recambios originales Mopar son la mejor elecci\u00f3n<\/h4>\n<p><strong>Directamente del fabricante: perfectamente adaptados<\/strong>Como fabricante original, Mopar suministra exactamente las piezas que ya se han instalado de f\u00e1brica en su veh\u00edculo. Cada pieza est\u00e1 especialmente desarrollada para su modelo y se corresponde 100 % con las especificaciones t\u00e9cnicas: para un ajuste perfecto, un rendimiento \u00f3ptimo y la m\u00e1xima seguridad.<\/p>\n<p><strong>Calidad en la que puede confiar:<\/strong> Mopar conf\u00eda en materiales rigurosamente probados y en los m\u00e1s altos est\u00e1ndares de fabricaci\u00f3n. El resultado son componentes duraderos y fiables que rinden incluso en condiciones extremas, para que tu veh\u00edculo funcione siempre como debe.<\/p>","protected":false},"excerpt":{"rendered":"<p>Pieza original Mopar<\/p>","protected":false},"featured_media":68358594,"comment_status":"open","ping_status":"closed","template":"","meta":{"_acf_changed":false},"product_brand":[16270],"product_cat":[19816,7524],"product_tag":[21064,21065,21066,21060,475,91,21061,21062,21063,21059,2225,50,7530,31,8813,9424,16271,16273,16275,16272,16274,7221,86,7529,5276],"class_list":{"0":"post-68358592","1":"product","2":"type-product","3":"status-publish","4":"has-post-thumbnail","6":"product_brand-mopar","7":"product_cat-wagoneer-57-riemenantrieb-komponenten","8":"product_cat-1500-57-dt-riemenantrieb","9":"product_tag-05281543aa","10":"product_tag-05281543ab","11":"product_tag-05281543ac","12":"product_tag-05281543ad","13":"product_tag-475","14":"product_tag-5-7","15":"product_tag-5281543aa","16":"product_tag-5281543ab","17":"product_tag-5281543ac","18":"product_tag-5281543ad","19":"product_tag-etorque","20":"product_tag-jeep","21":"product_tag-keilriemenspanner","22":"product_tag-mopar","23":"product_tag-mopar-autoteile","24":"product_tag-mopar-ersatzteile","25":"product_tag-mopar-ersatzteile-kaufen","26":"product_tag-mopar-performance-teile","27":"product_tag-mopar-teile-katalog","28":"product_tag-mopar-teile-online","29":"product_tag-mopar-tuningteile","30":"product_tag-mopar10","31":"product_tag-ram","32":"product_tag-riemenspanner","33":"product_tag-wagoneer","35":"first","36":"instock","37":"taxable","38":"shipping-taxable","39":"purchasable","40":"product-type-simple"},"bundled_by":[],"bundle_stock_status":"instock","bundle_stock_quantity":1,"bundle_virtual":false,"bundle_layout":"","bundle_add_to_cart_form_location":"","bundle_editable_in_cart":false,"bundle_sold_individually_context":"","bundle_item_grouping":"","bundle_min_size":"","bundle_max_size":"","bundle_price":[],"bundled_items":[],"bundle_sell_ids":[],"exclude_global_add_ons":[],"addons":[],"acf":[],"_links":{"self":[{"href":"https:\/\/kraftwerk-shop.cc\/es\/wp-json\/wp\/v2\/product\/68358592","targetHints":{"allow":["GET"]}}],"collection":[{"href":"https:\/\/kraftwerk-shop.cc\/es\/wp-json\/wp\/v2\/product"}],"about":[{"href":"https:\/\/kraftwerk-shop.cc\/es\/wp-json\/wp\/v2\/types\/product"}],"replies":[{"embeddable":true,"href":"https:\/\/kraftwerk-shop.cc\/es\/wp-json\/wp\/v2\/comments?post=68358592"}],"version-history":[{"count":0,"href":"https:\/\/kraftwerk-shop.cc\/es\/wp-json\/wp\/v2\/product\/68358592\/revisions"}],"wp:featuredmedia":[{"embeddable":true,"href":"https:\/\/kraftwerk-shop.cc\/es\/wp-json\/wp\/v2\/media\/68358594"}],"wp:attachment":[{"href":"https:\/\/kraftwerk-shop.cc\/es\/wp-json\/wp\/v2\/media?parent=68358592"}],"wp:term":[{"taxonomy":"product_brand","embeddable":true,"href":"https:\/\/kraftwerk-shop.cc\/es\/wp-json\/wp\/v2\/product_brand?post=68358592"},{"taxonomy":"product_cat","embeddable":true,"href":"https:\/\/kraftwerk-shop.cc\/es\/wp-json\/wp\/v2\/product_cat?post=68358592"},{"taxonomy":"product_tag","embeddable":true,"href":"https:\/\/kraftwerk-shop.cc\/es\/wp-json\/wp\/v2\/product_tag?post=68358592"}],"curies":[{"name":"wp","href":"https:\/\/api.w.org\/{rel}","templated":true}]}}