{"id":68359396,"date":"2026-04-17T21:33:00","date_gmt":"2026-04-17T19:33:00","guid":{"rendered":"https:\/\/kraftwerk-shop.cc\/?post_type=product&#038;p=68359396"},"modified":"2026-04-18T01:30:44","modified_gmt":"2026-04-17T23:30:44","slug":"oximo-limpiaparabrisas-300c","status":"publish","type":"product","link":"https:\/\/kraftwerk-shop.cc\/es\/produkt\/oximo-scheibenwischer-300c\/","title":{"rendered":"Limpiaparabrisas OXIMO 300C"},"content":{"rendered":"<h1>Limpiaparabrisas OXIMO para Chrysler 300C de 2005 a 2010<\/h1>\n<p>&nbsp;<\/p>\n<p>El limpiaparabrisas de yugo OXIMO es una opci\u00f3n fiable para el Chrysler 300C.<br \/>\nEl volumen de suministro incluye 2 escobillas limpiaparabrisas dise\u00f1adas para una f\u00e1cil instalaci\u00f3n y un alto rendimiento de limpieza.<\/p>\n<ul>\n<li>Robusta estructura de acero: El cl\u00e1sico limpiaparabrisas de arco ofrece estabilidad y una distribuci\u00f3n uniforme de la presi\u00f3n sobre el parabrisas.<\/li>\n<li>Compuesto de caucho con revestimiento de PTFE: Garantiza una evacuaci\u00f3n eficaz del agua y reduce los molestos ruidos de limpieza.<\/li>\n<li>Materiales duraderos: resistentes a las influencias meteorol\u00f3gicas, aptos para una larga vida \u00fatil.<\/li>\n<li>Aspecto cl\u00e1sico: dise\u00f1o probado que combina funcionalidad y fiabilidad.<\/li>\n<\/ul>\n<p>&nbsp;<\/p>\n<p><strong>N\u00famero de comparaci\u00f3n Mopar:<\/strong> 68015148AA<\/p>\n<p>&nbsp;<\/p>\n<p><strong>Adecuado para:<\/strong><\/p>\n<table>\n<tbody>\n<tr>\n<td width=\"138\"><strong>A\u00f1o de construcci\u00f3n<\/strong><\/td>\n<td width=\"168\"><strong>Marca<\/strong><\/td>\n<td width=\"144\"><strong>Modelo<\/strong><\/td>\n<td width=\"394\"><strong>Versi\u00f3n<\/strong><\/td>\n<td width=\"256\"><strong>Motor<\/strong><\/td>\n<\/tr>\n<tr>\n<td width=\"138\">2010<\/td>\n<td width=\"168\">Chrysler<\/td>\n<td width=\"144\">300<\/td>\n<td width=\"394\">C, C SRT8, Limited, S, Touring<\/td>\n<td width=\"256\">2.7L, 3.0 CRD, 3.5L, 5.7L, 6.1L<\/td>\n<\/tr>\n<tr>\n<td width=\"138\">2009<\/td>\n<td width=\"168\">Chrysler<\/td>\n<td width=\"144\">300<\/td>\n<td width=\"394\">C, C SRT8, Limited, Signature Series, Touring<\/td>\n<td width=\"256\">3.0 CRD, 3.5L, 5.7L, 6.1L<\/td>\n<\/tr>\n<tr>\n<td width=\"138\">2008<\/td>\n<td width=\"168\">Chrysler<\/td>\n<td width=\"144\">300<\/td>\n<td width=\"394\">C, C SRT8, LX, Limited, Touring<\/td>\n<td width=\"256\">2.7L, 3.0 CRD, 3.5L, 5.7L, 6.1L<\/td>\n<\/tr>\n<tr>\n<td width=\"138\">2007<\/td>\n<td width=\"168\">Chrysler<\/td>\n<td width=\"144\">300<\/td>\n<td width=\"394\">Base, C, C SRT8, Limited, Touring<\/td>\n<td width=\"256\">2.7L, 3.0 CRD, 3.5L, 5.7L, 6.1L<\/td>\n<\/tr>\n<tr>\n<td width=\"138\">2006<\/td>\n<td width=\"168\">Chrysler<\/td>\n<td width=\"144\">300<\/td>\n<td width=\"394\">Base, C, C SRT8, Limited, Touring<\/td>\n<td width=\"256\">2.7L, 3.0 CRD, 3.5L, 5.7L, 6.1L<\/td>\n<\/tr>\n<tr>\n<td width=\"138\">2005<\/td>\n<td width=\"168\">Chrysler<\/td>\n<td width=\"144\">300<\/td>\n<td width=\"394\">Base, C, Touring<\/td>\n<td width=\"256\">2.7L, 3.0 CRD, 3.5L, 5.7L<\/td>\n<\/tr>\n<\/tbody>\n<\/table>\n<p>&nbsp;<\/p>\n<p><strong>Volumen de suministro:<\/strong><\/p>\n<ul>\n<li>1 par de limpiaparabrisas (lado del conductor y lado del acompa\u00f1ante)<\/li>\n<\/ul>","protected":false},"excerpt":{"rendered":"<p>2005-2010<\/p>","protected":false},"featured_media":68359398,"comment_status":"open","ping_status":"closed","template":"","meta":{"_acf_changed":false},"product_brand":[21219],"product_cat":[1550,1558,1574,1582],"product_tag":[52,705,48,7221,21220,704,19585,21221,21223,986,21224,19591,19621,21222],"class_list":{"0":"post-68359396","1":"product","2":"type-product","3":"status-publish","4":"has-post-thumbnail","6":"product_brand-oximo","7":"product_cat-300c-30-diesel-wartung","8":"product_cat-300c-35-wartung","9":"product_cat-300c-57-2005-2010-wartung","10":"product_cat-300c-61-wartung","11":"product_tag-300c","12":"product_tag-68015148aa","13":"product_tag-chrysler","14":"product_tag-mopar10","15":"product_tag-oximo","16":"product_tag-scheibenwischer","17":"product_tag-scheibenwischerblatt","18":"product_tag-scheibenwischerblaetter","19":"product_tag-scheibenwischerset","20":"product_tag-set","21":"product_tag-wischblatt","22":"product_tag-wischer","23":"product_tag-wischerblatt","24":"product_tag-wischerblaetter","25":"product_shipping_class-deutschlandohne","27":"first","28":"instock","29":"taxable","30":"shipping-taxable","31":"purchasable","32":"product-type-simple"},"bundled_by":[],"bundle_stock_status":"instock","bundle_stock_quantity":10,"bundle_virtual":false,"bundle_layout":"","bundle_add_to_cart_form_location":"","bundle_editable_in_cart":false,"bundle_sold_individually_context":"","bundle_item_grouping":"","bundle_min_size":"","bundle_max_size":"","bundle_price":[],"bundled_items":[],"bundle_sell_ids":[],"exclude_global_add_ons":[],"addons":[],"acf":[],"_links":{"self":[{"href":"https:\/\/kraftwerk-shop.cc\/es\/wp-json\/wp\/v2\/product\/68359396","targetHints":{"allow":["GET"]}}],"collection":[{"href":"https:\/\/kraftwerk-shop.cc\/es\/wp-json\/wp\/v2\/product"}],"about":[{"href":"https:\/\/kraftwerk-shop.cc\/es\/wp-json\/wp\/v2\/types\/product"}],"replies":[{"embeddable":true,"href":"https:\/\/kraftwerk-shop.cc\/es\/wp-json\/wp\/v2\/comments?post=68359396"}],"version-history":[{"count":0,"href":"https:\/\/kraftwerk-shop.cc\/es\/wp-json\/wp\/v2\/product\/68359396\/revisions"}],"wp:featuredmedia":[{"embeddable":true,"href":"https:\/\/kraftwerk-shop.cc\/es\/wp-json\/wp\/v2\/media\/68359398"}],"wp:attachment":[{"href":"https:\/\/kraftwerk-shop.cc\/es\/wp-json\/wp\/v2\/media?parent=68359396"}],"wp:term":[{"taxonomy":"product_brand","embeddable":true,"href":"https:\/\/kraftwerk-shop.cc\/es\/wp-json\/wp\/v2\/product_brand?post=68359396"},{"taxonomy":"product_cat","embeddable":true,"href":"https:\/\/kraftwerk-shop.cc\/es\/wp-json\/wp\/v2\/product_cat?post=68359396"},{"taxonomy":"product_tag","embeddable":true,"href":"https:\/\/kraftwerk-shop.cc\/es\/wp-json\/wp\/v2\/product_tag?post=68359396"}],"curies":[{"name":"wp","href":"https:\/\/api.w.org\/{rel}","templated":true}]}}