{"id":68250884,"date":"2021-07-15T07:33:13","date_gmt":"2021-07-15T05:33:13","guid":{"rendered":"https:\/\/kraftwerk-gruppe.de\/?page_id=68250884"},"modified":"2025-10-21T22:24:52","modified_gmt":"2025-10-21T20:24:52","slug":"metodi-di-spedizione","status":"publish","type":"page","link":"https:\/\/kraftwerk-shop.cc\/it\/versandarten\/","title":{"rendered":"Metodi di spedizione"},"content":{"rendered":"<div data-elementor-type=\"wp-page\" data-elementor-id=\"68250884\" class=\"elementor elementor-68250884\" data-elementor-post-type=\"page\">\n\t\t\t\t\t\t<section class=\"elementor-section elementor-top-section elementor-element elementor-element-c4313ad elementor-section-boxed elementor-section-height-default elementor-section-height-default\" data-id=\"c4313ad\" data-element_type=\"section\" data-e-type=\"section\">\n\t\t\t\t\t\t<div class=\"elementor-container elementor-column-gap-default\">\n\t\t\t\t\t<div class=\"elementor-column elementor-col-100 elementor-top-column elementor-element elementor-element-3d60bbd\" data-id=\"3d60bbd\" data-element_type=\"column\" data-e-type=\"column\">\n\t\t\t<div class=\"elementor-widget-wrap elementor-element-populated\">\n\t\t\t\t\t\t<div class=\"elementor-element elementor-element-86e794f color-scheme-inherit text-left elementor-widget elementor-widget-text-editor\" data-id=\"86e794f\" data-element_type=\"widget\" data-e-type=\"widget\" data-widget_type=\"text-editor.default\">\n\t\t\t\t<div class=\"elementor-widget-container\">\n\t\t\t\t\t\t\t\t\t<p><strong>Disponibilit\u00e0 e tempi di consegna degli articoli<\/strong><\/p>\n<p>Pu\u00f2 vedere la disponibilit\u00e0 attuale di ogni articolo nella descrizione dell'articolo.<br>Alcuni articoli sono ordini speciali del produttore. I tempi di consegna dipendono dalla disponibilit\u00e0 del produttore.<br>Pu\u00f2 informarsi in anticipo sui tempi di consegna di questi articoli su base giornaliera.<br>La rispettiva disponibilit\u00e0 \u00e8 indicata come \"pronto per la spedizione in x giorni\". Questo indica il periodo entro il quale l'ordine sar\u00e0 consegnato da noi al fornitore di servizi di spedizione. Questa informazione e il tempo di transito del fornitore del servizio di spedizione determinano il tempo di consegna. <br>I tempi di consegna dipendono quindi dal fornitore di servizi di spedizione o dal servizio di spedizione selezionato.<br>Tutti i giorni si riferiscono a giorni lavorativi.<br>Il tempo di spedizione inizia al momento della ricezione del pagamento o della conferma del pagamento da parte del rispettivo fornitore di servizi di pagamento.<\/p>\n<p>Se ordina diversi articoli con tempi di consegna diversi come parte di un ordine, spediremo la merce in un'unica spedizione (se non diversamente concordato). In questo caso, il tempo di consegna che si applica all'articolo del suo ordine con il tempo di consegna pi\u00f9 lungo si applica all'ordine nel suo complesso.<\/p>\n<div><br><\/div>\n<div><br><\/div>\n<p><strong>costi di spedizione<\/strong><\/p>\n<p>Le spese di spedizione vengono calcolate automaticamente al momento del checkout. Inserisca gli articoli nel carrello, inserisca il suo indirizzo e le spese di spedizione verranno visualizzate. <br><\/p>\n<p><br><\/p>\n<p><\/p>\n<p><strong>Metodi di pagamento<\/strong><\/p>\n<p>Pu\u00f2 scegliere tra diversi metodi di pagamento:<\/p>\n<p>- Pagamento anticipato (bonifico sul nostro conto bancario, ricezione del denaro solitamente dopo 1-2 giorni al massimo)<br>- Bonifico bancario SOFORT (bonifico tramite il sistema di pagamento SOFORT, riceviamo il pagamento entro pochi minuti)<br>- Carta di credito (VISA, Mastercard)<br>- giropay<br>- paydirekt<br>- Apple Pay<\/p><p>La preghiamo di notare che non tutti i metodi di pagamento sono disponibili in tutte le sedi e per tutti gli articoli. Pertanto, \u00e8 possibile che sia in grado di selezionare solo alcuni dei metodi di pagamento alla cassa.<br><\/p>\n<p>Non offriamo pi\u00f9 il metodo di pagamento PayPal a causa di vari casi di frode che sono stati coperti da PayPal a nostre spese.<\/p>\n<p><br><\/p>\t\t\t\t\t\t\t\t<\/div>\n\t\t\t\t<\/div>\n\t\t\t\t\t<\/div>\n\t\t<\/div>\n\t\t\t\t\t<\/div>\n\t\t<\/section>\n\t\t\t\t<\/div>","protected":false},"excerpt":{"rendered":"<p>Disponibilit\u00e0 e tempi di consegna degli articoli La disponibilit\u00e0 attuale degli articoli \u00e8 indicata nella descrizione dell'articolo. Alcuni articoli sono ordini speciali presso il<\/p>","protected":false},"author":1,"featured_media":0,"parent":0,"menu_order":0,"comment_status":"closed","ping_status":"closed","template":"","meta":{"_acf_changed":false,"footnotes":""},"class_list":["post-68250884","page","type-page","status-publish","hentry"],"acf":[],"_links":{"self":[{"href":"https:\/\/kraftwerk-shop.cc\/it\/wp-json\/wp\/v2\/pages\/68250884","targetHints":{"allow":["GET"]}}],"collection":[{"href":"https:\/\/kraftwerk-shop.cc\/it\/wp-json\/wp\/v2\/pages"}],"about":[{"href":"https:\/\/kraftwerk-shop.cc\/it\/wp-json\/wp\/v2\/types\/page"}],"author":[{"embeddable":true,"href":"https:\/\/kraftwerk-shop.cc\/it\/wp-json\/wp\/v2\/users\/1"}],"replies":[{"embeddable":true,"href":"https:\/\/kraftwerk-shop.cc\/it\/wp-json\/wp\/v2\/comments?post=68250884"}],"version-history":[{"count":0,"href":"https:\/\/kraftwerk-shop.cc\/it\/wp-json\/wp\/v2\/pages\/68250884\/revisions"}],"wp:attachment":[{"href":"https:\/\/kraftwerk-shop.cc\/it\/wp-json\/wp\/v2\/media?parent=68250884"}],"curies":[{"name":"wp","href":"https:\/\/api.w.org\/{rel}","templated":true}]}}