{"id":68251478,"date":"2021-09-13T13:14:29","date_gmt":"2021-09-13T11:14:29","guid":{"rendered":"https:\/\/kraftwerk-gruppe.de\/?post_type=product&#038;p=68251478"},"modified":"2026-02-15T01:00:41","modified_gmt":"2026-02-15T00:00:41","slug":"kraftwerk-oil-catch-can-durango","status":"publish","type":"product","link":"https:\/\/kraftwerk-shop.cc\/it\/produkt\/kraftwerk-oil-catch-can-durango\/","title":{"rendered":"Kraftwerk Oil Catch Can Dodge Durango"},"content":{"rendered":"<h1>Oil Catch Can in alluminio massiccio per Dodge Durango 5,7 e 6,4<strong><br \/>\n<\/strong><\/h1>\n<p>&nbsp;<\/p>\n<ul>\n<li>Solido design ricavato dal pieno, realizzato in alluminio aeronautico 6061-T6 certificato<\/li>\n<li>L'originale sistema di filtraggio a due camere nella parte superiore, che cattura i vapori pi\u00f9 fini e li raccoglie nel contenitore facilmente estraibile, lasciando passare l'aria pulita fino al tratto di aspirazione.<\/li>\n<li>Montaggio semplice<\/li>\n<\/ul>\n<p>&nbsp;<\/p>\n<p><strong>Come funziona il sistema?<\/strong><\/p>\n<p>Quando la pressione del basamento viene sfiatata attraverso il condotto di aspirazione, grandi quantit\u00e0 di olio sotto forma di vapori vengono immesse nel collettore di aspirazione e nei collettori di aspirazione e diluiscono addirittura la benzina, causando una diminuzione del numero di ottani.<br \/>\nQuesto fenomeno si verifica in tutti i motori ed \u00e8 ancora pi\u00f9 accentuato nei veicoli a carica forzata (sovralimentatori e turbocompressori), poich\u00e9 la pressione del carter aumenta.<br \/>\nPer contrastare questa situazione, \u00e8 stato sviluppato un Oil Catch Can con un design proprio.<br \/>\nRealizzato in alluminio billet, \u00e8 un pezzo solido come una roccia. \u00c8 dotato di una base del serbatoio zigrinata che facilita lo scarico dell'olio usato e di una guarnizione O-ring che impedisce le perdite.<\/p>\n<p>La filtrazione consiste in un tessuto di alluminio a maglia fine che cattura i vapori di olio sottili e li rilascia non appena sono abbastanza pesanti da cadere.<br \/>\nSe l'olio passa attraverso il filtro, \u00e8 troppo pesante per essere trasmesso al condotto di aspirazione.<\/p>\n<p>&nbsp;<\/p>\n<p><strong>Adatto per:<\/strong><\/p>\n<table width=\"453\">\n<tbody>\n<tr>\n<td width=\"83\"><strong>Marchio<\/strong><\/td>\n<td width=\"122\"><strong>Modello<\/strong><\/td>\n<td width=\"83\"><strong>Motore<\/strong><\/td>\n<td width=\"165\"><strong>Anno di costruzione<\/strong><\/td>\n<\/tr>\n<tr>\n<td>Dodge<\/td>\n<td>Durango<\/td>\n<td>5.7<\/td>\n<td>2011 \u2013 2025<\/td>\n<\/tr>\n<tr>\n<td>Dodge<\/td>\n<td>Durango<\/td>\n<td>6.4<\/td>\n<td>2018 \u2013 2024<\/td>\n<\/tr>\n<\/tbody>\n<\/table>\n<p><strong><br \/>\nNota:<\/strong> A partire dal modello 2018, potrebbe essere necessario rimuovere la copertura dell'ABS per l'installazione.<\/p>\n<p>&nbsp;<\/p>\n<p><strong>Ambito di fornitura:<\/strong><\/p>\n<ul>\n<li>Kraftwerk Oil Catch Can<\/li>\n<li>Tubi flessibili<\/li>\n<li>Parti di collegamento specifiche per il veicolo<\/li>\n<li>Istruzioni per l'uso in tedesco<\/li>\n<\/ul>","protected":false},"excerpt":{"rendered":"<p>Oil Catch Can in solider Aluminiumausf\u00fchrung f\u00fcr Dodge Durango 5.7 und 6.4 &nbsp; Solide Billet-Ausf\u00fchrung, gefertigt aus zertifiziertem 6061-T6 Flugzeugaluminium<\/p>","protected":false},"featured_media":68275224,"comment_status":"open","ping_status":"closed","template":"","meta":{"_acf_changed":false},"product_brand":[19068],"product_cat":[1448,1653,1661],"product_tag":[91,93,2446,49,95,36,84,82,85,83,96],"class_list":{"0":"post-68251478","1":"product","2":"type-product","3":"status-publish","4":"has-post-thumbnail","6":"product_brand-kraftwerk","7":"product_cat-durango","8":"product_cat-durango-57-oil-catch-can","9":"product_cat-durango-64-oil-catch-can","10":"product_tag-5-7","11":"product_tag-6-4","12":"product_tag-billettech","13":"product_tag-dodge","14":"product_tag-durango","15":"product_tag-kraftwerk","16":"product_tag-kurbelgehaeuseentlueftung","17":"product_tag-oil-catch-can","18":"product_tag-oil-catch-tank","19":"product_tag-oelabscheider","20":"product_tag-srt","22":"first","23":"outofstock","24":"taxable","25":"shipping-taxable","26":"purchasable","27":"product-type-variable"},"bundled_by":[],"bundle_stock_status":"outofstock","bundle_stock_quantity":0,"bundle_virtual":false,"bundle_layout":"","bundle_add_to_cart_form_location":"","bundle_editable_in_cart":false,"bundle_sold_individually_context":"","bundle_item_grouping":"","bundle_min_size":"","bundle_max_size":"","bundle_price":[],"bundled_items":[],"bundle_sell_ids":[],"exclude_global_add_ons":[],"addons":[],"acf":[],"_links":{"self":[{"href":"https:\/\/kraftwerk-shop.cc\/it\/wp-json\/wp\/v2\/product\/68251478","targetHints":{"allow":["GET"]}}],"collection":[{"href":"https:\/\/kraftwerk-shop.cc\/it\/wp-json\/wp\/v2\/product"}],"about":[{"href":"https:\/\/kraftwerk-shop.cc\/it\/wp-json\/wp\/v2\/types\/product"}],"replies":[{"embeddable":true,"href":"https:\/\/kraftwerk-shop.cc\/it\/wp-json\/wp\/v2\/comments?post=68251478"}],"version-history":[{"count":0,"href":"https:\/\/kraftwerk-shop.cc\/it\/wp-json\/wp\/v2\/product\/68251478\/revisions"}],"wp:featuredmedia":[{"embeddable":true,"href":"https:\/\/kraftwerk-shop.cc\/it\/wp-json\/wp\/v2\/media\/68275224"}],"wp:attachment":[{"href":"https:\/\/kraftwerk-shop.cc\/it\/wp-json\/wp\/v2\/media?parent=68251478"}],"wp:term":[{"taxonomy":"product_brand","embeddable":true,"href":"https:\/\/kraftwerk-shop.cc\/it\/wp-json\/wp\/v2\/product_brand?post=68251478"},{"taxonomy":"product_cat","embeddable":true,"href":"https:\/\/kraftwerk-shop.cc\/it\/wp-json\/wp\/v2\/product_cat?post=68251478"},{"taxonomy":"product_tag","embeddable":true,"href":"https:\/\/kraftwerk-shop.cc\/it\/wp-json\/wp\/v2\/product_tag?post=68251478"}],"curies":[{"name":"wp","href":"https:\/\/api.w.org\/{rel}","templated":true}]}}