{"id":68251492,"date":"2021-09-13T13:23:43","date_gmt":"2021-09-13T11:23:43","guid":{"rendered":"https:\/\/kraftwerk-gruppe.de\/?post_type=product&#038;p=68251492"},"modified":"2026-02-15T01:00:46","modified_gmt":"2026-02-15T00:00:46","slug":"kraftwerk-oil-catch-can-universal","status":"publish","type":"product","link":"https:\/\/kraftwerk-shop.cc\/it\/produkt\/kraftwerk-oil-catch-can-universal\/","title":{"rendered":"Kraftwerk Oil Catch Can Universale"},"content":{"rendered":"<h1><strong>Oil Catch Can con design in alluminio massiccio<\/strong><\/h1>\n<p>&nbsp;<\/p>\n<ul>\n<li>Solido design ricavato dal pieno, realizzato in alluminio aeronautico 6061-T6 certificato<\/li>\n<li>L'originale sistema di filtraggio a due camere nella parte superiore, che cattura i vapori pi\u00f9 fini e li raccoglie nel contenitore facilmente estraibile, lasciando passare l'aria pulita fino al tratto di aspirazione.<\/li>\n<li>Montaggio semplice<\/li>\n<\/ul>\n<p>&nbsp;<\/p>\n<p><strong>Come funziona il sistema?<\/strong><\/p>\n<p>Quando la pressione del basamento viene sfiatata attraverso il condotto di aspirazione, grandi quantit\u00e0 di olio sotto forma di vapori vengono immesse nel collettore di aspirazione e nei collettori di aspirazione e diluiscono addirittura la benzina, causando una diminuzione del numero di ottani.<br \/>\nQuesto fenomeno si verifica in tutti i motori ed \u00e8 ancora pi\u00f9 accentuato nei veicoli a carica forzata (sovralimentatori e turbocompressori), poich\u00e9 la pressione del carter aumenta.<br \/>\nPer contrastare questa situazione, \u00e8 stato sviluppato un Oil Catch Can con un design proprio.<br \/>\nRealizzato in alluminio billet, \u00e8 un pezzo solido come una roccia. \u00c8 dotato di una base del serbatoio zigrinata che facilita lo scarico dell'olio usato e di una guarnizione O-ring che impedisce le perdite.<\/p>\n<p>La filtrazione consiste in un tessuto di alluminio a maglia fine che cattura i vapori di olio sottili e li rilascia non appena sono abbastanza pesanti da cadere.<br \/>\nSe l'olio passa attraverso il filtro, \u00e8 troppo pesante per essere trasmesso al condotto di aspirazione.<\/p>\n<p>&nbsp;<\/p>\n<p><strong>Ambito di fornitura:<\/strong><\/p>\n<ul>\n<li>Kraftwerk Oil Catch Can<\/li>\n<li>Tubo flessibile da 1 metro<\/li>\n<\/ul>","protected":false},"excerpt":{"rendered":"<p>Oil Catch Can in solider Aluminiumausf\u00fchrung &nbsp; Solide Billet-Ausf\u00fchrung, gefertigt aus zertifiziertem 6061-T6 Flugzeugaluminium Das Original Filtersystem mit zwei Kammern<\/p>","protected":false},"featured_media":68275219,"comment_status":"open","ping_status":"closed","template":"","meta":{"_acf_changed":false},"product_brand":[19068],"product_cat":[10262],"product_tag":[2446,36,84,82,85,83,97,98,99],"class_list":{"0":"post-68251492","1":"product","2":"type-product","3":"status-publish","4":"has-post-thumbnail","6":"product_brand-kraftwerk","7":"product_cat-alle-produkte","8":"product_tag-billettech","9":"product_tag-kraftwerk","10":"product_tag-kurbelgehaeuseentlueftung","11":"product_tag-oil-catch-can","12":"product_tag-oil-catch-tank","13":"product_tag-oelabscheider","14":"product_tag-oelauffangbehaelter","15":"product_tag-reservoir","16":"product_tag-universal","17":"product_shipping_class-deutschlandohne","19":"first","20":"outofstock","21":"taxable","22":"shipping-taxable","23":"purchasable","24":"product-type-variable"},"bundled_by":[],"bundle_stock_status":"outofstock","bundle_stock_quantity":0,"bundle_virtual":false,"bundle_layout":"","bundle_add_to_cart_form_location":"","bundle_editable_in_cart":false,"bundle_sold_individually_context":"","bundle_item_grouping":"","bundle_min_size":"","bundle_max_size":"","bundle_price":[],"bundled_items":[],"bundle_sell_ids":[],"exclude_global_add_ons":[],"addons":[],"acf":[],"_links":{"self":[{"href":"https:\/\/kraftwerk-shop.cc\/it\/wp-json\/wp\/v2\/product\/68251492","targetHints":{"allow":["GET"]}}],"collection":[{"href":"https:\/\/kraftwerk-shop.cc\/it\/wp-json\/wp\/v2\/product"}],"about":[{"href":"https:\/\/kraftwerk-shop.cc\/it\/wp-json\/wp\/v2\/types\/product"}],"replies":[{"embeddable":true,"href":"https:\/\/kraftwerk-shop.cc\/it\/wp-json\/wp\/v2\/comments?post=68251492"}],"version-history":[{"count":0,"href":"https:\/\/kraftwerk-shop.cc\/it\/wp-json\/wp\/v2\/product\/68251492\/revisions"}],"wp:featuredmedia":[{"embeddable":true,"href":"https:\/\/kraftwerk-shop.cc\/it\/wp-json\/wp\/v2\/media\/68275219"}],"wp:attachment":[{"href":"https:\/\/kraftwerk-shop.cc\/it\/wp-json\/wp\/v2\/media?parent=68251492"}],"wp:term":[{"taxonomy":"product_brand","embeddable":true,"href":"https:\/\/kraftwerk-shop.cc\/it\/wp-json\/wp\/v2\/product_brand?post=68251492"},{"taxonomy":"product_cat","embeddable":true,"href":"https:\/\/kraftwerk-shop.cc\/it\/wp-json\/wp\/v2\/product_cat?post=68251492"},{"taxonomy":"product_tag","embeddable":true,"href":"https:\/\/kraftwerk-shop.cc\/it\/wp-json\/wp\/v2\/product_tag?post=68251492"}],"curies":[{"name":"wp","href":"https:\/\/api.w.org\/{rel}","templated":true}]}}