{"id":68251780,"date":"2021-09-17T07:50:41","date_gmt":"2021-09-17T05:50:41","guid":{"rendered":"https:\/\/kraftwerk-gruppe.de\/?post_type=product&#038;p=68251780"},"modified":"2026-03-06T12:38:21","modified_gmt":"2026-03-06T11:38:21","slug":"bbk-85-mm-corpo-farfallato-chrysler-dodge-jeep-ram-hemi-srt","status":"publish","type":"product","link":"https:\/\/kraftwerk-shop.cc\/it\/produkt\/bbk-85-mm-drosselklappe-chrysler-dodge-jeep-ram-hemi-srt\/","title":{"rendered":"BBK corpo farfallato 85 mm 5.7, 6.1 e 6.4"},"content":{"rendered":"<h1>BBK corpo farfallato da 85 mm per Chrysler, Dodge, Jeep e RAM 5.7, 6.1 e 6.4<\/h1>\n<p>&nbsp;<\/p>\n<p>Il diametro della corpo farfallato \u00e8 di 85 mm in tutto.<br \/>\nQuesto \u00e8 il diametro pi\u00f9 grande che pu\u00f2 essere montato sul collettore di aspirazione standard senza lavori aggiuntivi.<\/p>\n<p>Flusso d'aria pi\u00f9 elevato e migliore comportamento di risposta rispetto alla corpo farfallato originale.<\/p>\n<p>I corpi farfallati BBK Hemi sono lavorati a CNC da alluminio fuso 356 di alta qualit\u00e0, per garantire una qualit\u00e0 e un adattamento OEM perfetti.<br \/>\nCambio della corpo farfallato in qualit\u00e0 OEM, cuscinetti a doppia tenuta e aste della corpo farfallato dotate di O-ring.<\/p>\n<p>Adatto a veicoli standard e a veicoli con prestazioni elevate (comprese le conversioni con sovralimentazione).<\/p>\n<p>&nbsp;<\/p>\n<p><strong>Adatto per:<\/strong><\/p>\n<table width=\"449\">\n<tbody>\n<tr>\n<td width=\"115\"><strong>Marchio<\/strong><\/td>\n<td width=\"145\"><strong>Modello<\/strong><\/td>\n<td width=\"106\"><strong>Motore<\/strong><\/td>\n<td width=\"83\"><strong>Anno di costruzione<\/strong><\/td>\n<\/tr>\n<tr>\n<td>Chrysler<\/td>\n<td>300C<\/td>\n<td>5.7<\/td>\n<td>2005 \u2013 2023<\/td>\n<\/tr>\n<tr>\n<td>Chrysler<\/td>\n<td>300C<\/td>\n<td>6.1<\/td>\n<td>2005 \u2013 2010<\/td>\n<\/tr>\n<tr>\n<td width=\"115\">Chrysler<\/td>\n<td width=\"145\">300C<\/td>\n<td>6.4<\/td>\n<td width=\"83\">2012 \u2013 2014<\/td>\n<\/tr>\n<tr>\n<td>Dodge<\/td>\n<td>Challenger<\/td>\n<td>5.7<\/td>\n<td>2008 \u2013 2023<\/td>\n<\/tr>\n<tr>\n<td>Dodge<\/td>\n<td>Challenger<\/td>\n<td>6.1<\/td>\n<td>2008 \u2013 2010<\/td>\n<\/tr>\n<tr>\n<td width=\"115\">Dodge<\/td>\n<td width=\"145\">Challenger<\/td>\n<td>6.4<\/td>\n<td width=\"83\">2011 \u2013 2023<\/td>\n<\/tr>\n<tr>\n<td>Dodge<\/td>\n<td>Charger<\/td>\n<td>5.7<\/td>\n<td>2005 \u2013 2023<\/td>\n<\/tr>\n<tr>\n<td>Dodge<\/td>\n<td>Charger<\/td>\n<td>6.1<\/td>\n<td>2005 \u2013 2010<\/td>\n<\/tr>\n<tr>\n<td width=\"115\">Dodge<\/td>\n<td width=\"145\">Charger<\/td>\n<td>6.4<\/td>\n<td width=\"83\">2011 \u2013 2023<\/td>\n<\/tr>\n<tr>\n<td>Dodge<\/td>\n<td>Durango<\/td>\n<td>5.7<\/td>\n<td>2013 \u2013 2023<\/td>\n<\/tr>\n<tr>\n<td>Dodge<\/td>\n<td>Durango<\/td>\n<td>6.4<\/td>\n<td>2018 \u2013 2023<\/td>\n<\/tr>\n<tr>\n<td>Dodge<\/td>\n<td>Magnum<\/td>\n<td>5.7<\/td>\n<td>2005 \u2013 2008<\/td>\n<\/tr>\n<tr>\n<td>Dodge<\/td>\n<td>Magnum<\/td>\n<td>6.1<\/td>\n<td>2006 \u2013 2008<\/td>\n<\/tr>\n<tr>\n<td>Jeep<\/td>\n<td>Commander<\/td>\n<td>5.7<\/td>\n<td>2006 \u2013 2010<\/td>\n<\/tr>\n<tr>\n<td>Jeep<\/td>\n<td>Grand Cherokee<\/td>\n<td>5.7<\/td>\n<td>2005 \u2013 2022<\/td>\n<\/tr>\n<tr>\n<td>Jeep<\/td>\n<td>Grand Cherokee<\/td>\n<td>6.1<\/td>\n<td>2006 \u2013 2010<\/td>\n<\/tr>\n<tr>\n<td>Jeep<\/td>\n<td>Grand Cherokee<\/td>\n<td>6.4<\/td>\n<td>2011 \u2013 2021<\/td>\n<\/tr>\n<tr>\n<td>RAM<\/td>\n<td>1500<\/td>\n<td>5.7<\/td>\n<td>2013 \u2013 2023<\/td>\n<\/tr>\n<\/tbody>\n<\/table>\n<p>&nbsp;<\/p>\n<p>Si assicuri di selezionare l'anno di produzione corretto, poich\u00e9 esistono due varianti diverse.<br \/>\nLa prima variante \u00e8 stata installata fino al 2012, la seconda variante dal 2013.<\/p>\n<p>Se non \u00e8 sicuro, confronti la corpo farfallato del suo veicolo con questa immagine per vedere se la variante fino al 2012 o dal 2013 \u00e8 adatta:<\/p>\n<p><img decoding=\"async\" class=\"aligncenter wp-image-68256549\" src=\"https:\/\/kraftwerk-shop.cc\/wp-content\/uploads\/2021\/09\/Drosselklappe-Zuordnung-1-300x286.jpg\" alt=\"Assegnazione della valvola a farfalla Chrysler, Dodge, Jeep\" width=\"450\" height=\"429\" \/><\/p>","protected":false},"excerpt":{"rendered":"<p>Valvola a farfalla BBK 85 mm per Chrysler, Dodge, Jeep e RAM 5,7, 6,1 e 6,4 Il diametro della valvola a farfalla \u00e8<\/p>","protected":false},"featured_media":68275126,"comment_status":"open","ping_status":"closed","template":"","meta":{"_acf_changed":false},"product_brand":[17174],"product_cat":[10262],"product_tag":[2790,2791,52,185,91,92,93,183,1388,3365,54,53,48,536,94,49,3853,3854,158,95,56,159,160,126,50,4425,36,55,184,186,86,96],"class_list":{"0":"post-68251780","1":"product","2":"type-product","3":"status-publish","4":"has-post-thumbnail","6":"product_brand-bbk","7":"product_cat-alle-produkte","8":"product_tag-2790","9":"product_tag-2791","10":"product_tag-300c","11":"product_tag-185","12":"product_tag-5-7","13":"product_tag-6-1","14":"product_tag-6-4","15":"product_tag-183","16":"product_tag-bbk","17":"product_tag-bbkdk","18":"product_tag-challenger","19":"product_tag-charger","20":"product_tag-chrysler","21":"product_tag-chrysler-300c","22":"product_tag-commander","23":"product_tag-dodge","24":"product_tag-dodge-challenger","25":"product_tag-dodge-charger","26":"product_tag-drosselklappe","27":"product_tag-durango","28":"product_tag-grand-cherokee","29":"product_tag-gross","30":"product_tag-groesser","31":"product_tag-hemi","32":"product_tag-jeep","33":"product_tag-jeep-grand-cherokee","34":"product_tag-kraftwerk","35":"product_tag-magnum","36":"product_tag-mm","37":"product_tag-performance","38":"product_tag-ram","39":"product_tag-srt","41":"first","42":"instock","43":"taxable","44":"shipping-taxable","45":"purchasable","46":"product-type-variable"},"bundled_by":[],"bundle_stock_status":"instock","bundle_stock_quantity":2,"bundle_virtual":false,"bundle_layout":"","bundle_add_to_cart_form_location":"","bundle_editable_in_cart":false,"bundle_sold_individually_context":"","bundle_item_grouping":"","bundle_min_size":"","bundle_max_size":"","bundle_price":[],"bundled_items":[],"bundle_sell_ids":[],"exclude_global_add_ons":[],"addons":[],"acf":[],"_links":{"self":[{"href":"https:\/\/kraftwerk-shop.cc\/it\/wp-json\/wp\/v2\/product\/68251780","targetHints":{"allow":["GET"]}}],"collection":[{"href":"https:\/\/kraftwerk-shop.cc\/it\/wp-json\/wp\/v2\/product"}],"about":[{"href":"https:\/\/kraftwerk-shop.cc\/it\/wp-json\/wp\/v2\/types\/product"}],"replies":[{"embeddable":true,"href":"https:\/\/kraftwerk-shop.cc\/it\/wp-json\/wp\/v2\/comments?post=68251780"}],"version-history":[{"count":0,"href":"https:\/\/kraftwerk-shop.cc\/it\/wp-json\/wp\/v2\/product\/68251780\/revisions"}],"wp:featuredmedia":[{"embeddable":true,"href":"https:\/\/kraftwerk-shop.cc\/it\/wp-json\/wp\/v2\/media\/68275126"}],"wp:attachment":[{"href":"https:\/\/kraftwerk-shop.cc\/it\/wp-json\/wp\/v2\/media?parent=68251780"}],"wp:term":[{"taxonomy":"product_brand","embeddable":true,"href":"https:\/\/kraftwerk-shop.cc\/it\/wp-json\/wp\/v2\/product_brand?post=68251780"},{"taxonomy":"product_cat","embeddable":true,"href":"https:\/\/kraftwerk-shop.cc\/it\/wp-json\/wp\/v2\/product_cat?post=68251780"},{"taxonomy":"product_tag","embeddable":true,"href":"https:\/\/kraftwerk-shop.cc\/it\/wp-json\/wp\/v2\/product_tag?post=68251780"}],"curies":[{"name":"wp","href":"https:\/\/api.w.org\/{rel}","templated":true}]}}