{"id":68251869,"date":"2021-09-17T08:25:11","date_gmt":"2021-09-17T06:25:11","guid":{"rendered":"https:\/\/kraftwerk-gruppe.de\/?post_type=product&#038;p=68251869"},"modified":"2026-02-15T00:43:16","modified_gmt":"2026-02-14T23:43:16","slug":"testate-prestazionali-57-eagle","status":"publish","type":"product","link":"https:\/\/kraftwerk-shop.cc\/it\/produkt\/performance-zylinderkoepfe-57-eagle\/","title":{"rendered":"Testate prestazionali 5.7 Hemi (2009 +) - Eagle"},"content":{"rendered":"<h2>Testate Eagle ad alte prestazioni per motori 5.7 Hemi a partire dal 2009<\/h2>\n<p>&nbsp;<\/p>\n<ul>\n<li>Condotti di aspirazione e scarico ingranditi e lavorati<\/li>\n<li>sedi valvola lavorate<\/li>\n<li>Nuove valvole<\/li>\n<li>nuove molle per valvole PSI 1511<\/li>\n<li>Nuove guarnizioni dello stelo della valvola<\/li>\n<li>nuovi fermi molla valvola in Moly<\/li>\n<li>Completamente pronto per l'installazione<\/li>\n<\/ul>\n<p>&nbsp;<\/p>\n<p>&nbsp;<\/p>\n<p><strong>Adatto per:<\/strong><\/p>\n<table width=\"371\">\n<tbody>\n<tr>\n<td width=\"83\"><strong>Marchio<\/strong><\/td>\n<td width=\"122\"><strong>Modello<\/strong><\/td>\n<td width=\"83\"><strong>Motore<\/strong><\/td>\n<td width=\"83\"><strong>Anno di costruzione<\/strong><\/td>\n<\/tr>\n<tr>\n<td>Chrysler<\/td>\n<td>300C<\/td>\n<td>5.7<\/td>\n<td>2009 \u2013 2023<\/td>\n<\/tr>\n<tr>\n<td>Dodge<\/td>\n<td>Challenger<\/td>\n<td>5.7<\/td>\n<td>2009 \u2013 2023<\/td>\n<\/tr>\n<tr>\n<td>Dodge<\/td>\n<td>Charger<\/td>\n<td>5.7<\/td>\n<td>2009 \u2013 2023<\/td>\n<\/tr>\n<tr>\n<td>Dodge<\/td>\n<td>Durango<\/td>\n<td>5.7<\/td>\n<td>2009 \u2013 2025<\/td>\n<\/tr>\n<tr>\n<td>Jeep<\/td>\n<td>Grand Cherokee<\/td>\n<td>5.7<\/td>\n<td>2009 \u2013 2022<\/td>\n<\/tr>\n<tr>\n<td>RAM<\/td>\n<td>1500<\/td>\n<td>5.7<\/td>\n<td>2009 \u2013 2024<\/td>\n<\/tr>\n<\/tbody>\n<\/table>\n<p>&nbsp;<\/p>\n<p>* A seconda della disponibilit\u00e0, possono essere parti nuove o testate rigenerate.<br \/>\nChiedere informazioni sulla disponibilit\u00e0.<\/p>\n<p>&nbsp;<\/p>\n<p><strong>Ambito di fornitura:<\/strong><\/p>\n<ul>\n<li>2 teste di cilindro<\/li>\n<\/ul>","protected":false},"excerpt":{"rendered":"<p>Performance Eagle-Zylinderk\u00f6pfe f\u00fcr 5.7 Hemi Motoren ab 2009 &nbsp; vergr\u00f6\u00dferte und bearbeitete Einlass- und Auslasskan\u00e4le bearbeitete Ventilsitze neue Ventile neue<\/p>","protected":false},"featured_media":68274879,"comment_status":"open","ping_status":"closed","template":"","meta":{"_acf_changed":false},"product_brand":[],"product_cat":[6706,6721,6726,6711,6731,6736,6716,6741,3024],"product_tag":[213,214,176,177,165,52,91,18136,18139,18140,18141,18142,18138,18137,18144,18145,18146,18147,18143,18131,18132,18130,18133,203,200,54,53,48,536,49,3853,3854,212,204,56,126,50,4425,36,55,2455,202,186,201,18134,18135,199],"class_list":{"0":"post-68251869","1":"product","2":"type-product","3":"status-publish","4":"has-post-thumbnail","6":"product_cat-300c-57-2005-2010-zylinderkopf","7":"product_cat-300c-57-2011-2023-zylinderkopf","8":"product_cat-challenger-57-zylinderkopf","9":"product_cat-charger-57-zylinderkopf","10":"product_cat-charger-57-2011-2023-zylinderkopf","11":"product_cat-durango-57-zylinderkopf","12":"product_cat-grand-cherokee-57-2005-2010-zylinderkopf","13":"product_cat-grand-cherokee-57-2011-2021-zylinderkopf","14":"product_cat-nicht-nach-eu","15":"product_tag-213","16":"product_tag-214","17":"product_tag-176","18":"product_tag-177","19":"product_tag-165","20":"product_tag-300c","21":"product_tag-5-7","22":"product_tag-53021608df","23":"product_tag-68280502ab","24":"product_tag-68280502ac","25":"product_tag-68280502ad","26":"product_tag-68280502ae","27":"product_tag-68280502af","28":"product_tag-68280503aa","29":"product_tag-68280503ab","30":"product_tag-68280503ac","31":"product_tag-68280503ad","32":"product_tag-68280503ae","33":"product_tag-68280503af","34":"product_tag-68333006aa","35":"product_tag-68333006ab","36":"product_tag-68333006ac","37":"product_tag-68333007aa","38":"product_tag-austausch","39":"product_tag-bearbeitet","40":"product_tag-challenger","41":"product_tag-charger","42":"product_tag-chrysler","43":"product_tag-chrysler-300c","44":"product_tag-dodge","45":"product_tag-dodge-challenger","46":"product_tag-dodge-charger","47":"product_tag-eagle","48":"product_tag-ersatz","49":"product_tag-grand-cherokee","50":"product_tag-hemi","51":"product_tag-jeep","52":"product_tag-jeep-grand-cherokee","53":"product_tag-kraftwerk","54":"product_tag-magnum","55":"product_tag-mm5","56":"product_tag-optimiert","57":"product_tag-performance","58":"product_tag-ported","59":"product_tag-r8225256aa","60":"product_tag-r8225257aa","61":"product_tag-zylinderkoepfe","62":"product_shipping_class-spedition-1","64":"first","65":"onbackorder","66":"taxable","67":"shipping-taxable","68":"purchasable","69":"product-type-simple"},"bundled_by":[],"bundle_stock_status":"onbackorder","bundle_stock_quantity":0,"bundle_virtual":false,"bundle_layout":"","bundle_add_to_cart_form_location":"","bundle_editable_in_cart":false,"bundle_sold_individually_context":"","bundle_item_grouping":"","bundle_min_size":"","bundle_max_size":"","bundle_price":[],"bundled_items":[],"bundle_sell_ids":[],"exclude_global_add_ons":[],"addons":[],"acf":[],"_links":{"self":[{"href":"https:\/\/kraftwerk-shop.cc\/it\/wp-json\/wp\/v2\/product\/68251869","targetHints":{"allow":["GET"]}}],"collection":[{"href":"https:\/\/kraftwerk-shop.cc\/it\/wp-json\/wp\/v2\/product"}],"about":[{"href":"https:\/\/kraftwerk-shop.cc\/it\/wp-json\/wp\/v2\/types\/product"}],"replies":[{"embeddable":true,"href":"https:\/\/kraftwerk-shop.cc\/it\/wp-json\/wp\/v2\/comments?post=68251869"}],"version-history":[{"count":0,"href":"https:\/\/kraftwerk-shop.cc\/it\/wp-json\/wp\/v2\/product\/68251869\/revisions"}],"wp:featuredmedia":[{"embeddable":true,"href":"https:\/\/kraftwerk-shop.cc\/it\/wp-json\/wp\/v2\/media\/68274879"}],"wp:attachment":[{"href":"https:\/\/kraftwerk-shop.cc\/it\/wp-json\/wp\/v2\/media?parent=68251869"}],"wp:term":[{"taxonomy":"product_brand","embeddable":true,"href":"https:\/\/kraftwerk-shop.cc\/it\/wp-json\/wp\/v2\/product_brand?post=68251869"},{"taxonomy":"product_cat","embeddable":true,"href":"https:\/\/kraftwerk-shop.cc\/it\/wp-json\/wp\/v2\/product_cat?post=68251869"},{"taxonomy":"product_tag","embeddable":true,"href":"https:\/\/kraftwerk-shop.cc\/it\/wp-json\/wp\/v2\/product_tag?post=68251869"}],"curies":[{"name":"wp","href":"https:\/\/api.w.org\/{rel}","templated":true}]}}