{"id":68252639,"date":"2021-09-17T12:53:30","date_gmt":"2021-09-17T12:53:30","guid":{"rendered":"https:\/\/kraftwerk-gruppe.de\/?post_type=product&#038;p=68252639"},"modified":"2026-04-11T00:25:32","modified_gmt":"2026-04-10T22:25:32","slug":"termostato-a-89-gradi-hemi-srt-hellcat-trackhawk-trx","status":"publish","type":"product","link":"https:\/\/kraftwerk-shop.cc\/it\/produkt\/89-grad-thermostat-hemi-srt-hellcat-trackhawk-trx\/","title":{"rendered":"Termostato a 95 gradi per motori 5.7 \/ 6.1 \/ 6.2 \/ 6.4"},"content":{"rendered":"<h1>Termostato a 89 gradi per ridurre la temperatura dell'acqua di raffreddamento e la temperatura del motore e rendere pi\u00f9 efficiente la combustione.<\/h1>\n<p>&nbsp;<\/p>\n<p>Il termostato originale si apre a 95 gradi.<\/p>\n<p>Per migliorare ulteriormente il raffreddamento del motore, si consiglia di regolare il comando della ventola oltre al termostato.<br \/>\nSenza regolazione, la temperatura dell'acqua di raffreddamento si abbassa durante la guida a causa della corrente d'aria, ma si abbassa molto meno quando si \u00e8 fermi e si guida lentamente.<\/p>\n<p>Regolando il controllo delle ventole, si riducono le temperature di accensione degli elettroventilatori, in modo che la temperatura dell'acqua di raffreddamento rimanga costantemente bassa anche durante la guida lenta e quando si \u00e8 fermi.<\/p>\n<p>Il comando del ventilatore pu\u00f2 essere personalizzato, ad esempio, con il modello Diablosport <a href=\"https:\/\/kraftwerk-shop.cc\/it\/prodotto\/diablosport-trinity-t2-platinum-programmatore-chrysler-dodge-jeep-ram\/\" target=\"_blank\" rel=\"noopener\" data-link-type=\"external\" data-type=\"linkpicker\">Trinit\u00e0<\/a> e <a href=\"https:\/\/kraftwerk-shop.cc\/it\/prodotto\/programmatore-diablosport-intune-i3-platinum-chrysler-dodge-jeep-ram\/\" target=\"_blank\" rel=\"noopener\" data-link-type=\"external\" data-type=\"linkpicker\">inTune<\/a> possibile.<br \/>\nIn alternativa, possiamo anche programmare internamente la centralina del motore senza questi dispositivi, il che \u00e8 significativamente pi\u00f9 economico.<br \/>\nPossiamo anche regolare la soglia di tolleranza per il codice di errore P0128, se questo \u00e8 impostato.<br \/>\nA tal fine, si prega di prendere <a href=\"http:\/\/www.kraftwerk.cc\/de\/kontakt\" target=\"_blank\" rel=\"noopener\" data-link-type=\"external\" data-type=\"linkpicker\">Contattateci<\/a> con noi.<\/p>\n<p>&nbsp;<\/p>\n<p><strong>Adatto per:<\/strong><\/p>\n<table width=\"449\">\n<tbody>\n<tr>\n<td width=\"115\"><strong>Marchio<\/strong><\/td>\n<td width=\"145\"><strong>Modello<\/strong><\/td>\n<td width=\"106\"><strong>Motore<\/strong><\/td>\n<td width=\"83\"><strong>Anno di costruzione<\/strong><\/td>\n<\/tr>\n<tr>\n<td>Chrysler<\/td>\n<td>300C<\/td>\n<td>5.7<\/td>\n<td>2005 \u2013 2023<\/td>\n<\/tr>\n<tr>\n<td>Chrysler<\/td>\n<td>300C<\/td>\n<td>6.1<\/td>\n<td>2005 \u2013 2010<\/td>\n<\/tr>\n<tr>\n<td width=\"115\">Chrysler<\/td>\n<td width=\"145\">300C<\/td>\n<td>6.4<\/td>\n<td width=\"83\">2012 \u2013 2014<\/td>\n<\/tr>\n<tr>\n<td>Dodge<\/td>\n<td>Challenger<\/td>\n<td>5.7<\/td>\n<td>2008 \u2013 2023<\/td>\n<\/tr>\n<tr>\n<td>Dodge<\/td>\n<td>Challenger<\/td>\n<td>6.1<\/td>\n<td>2008 \u2013 2010<\/td>\n<\/tr>\n<tr>\n<td width=\"115\">Dodge<\/td>\n<td width=\"145\">Challenger<\/td>\n<td width=\"106\">6.2 Hellcat<\/td>\n<td width=\"83\">2015 \u2013 2023<\/td>\n<\/tr>\n<tr>\n<td width=\"115\">Dodge<\/td>\n<td width=\"145\">Challenger<\/td>\n<td>6.4<\/td>\n<td width=\"83\">2011 \u2013 2023<\/td>\n<\/tr>\n<tr>\n<td>Dodge<\/td>\n<td>Charger<\/td>\n<td>5.7<\/td>\n<td>2005 \u2013 2023<\/td>\n<\/tr>\n<tr>\n<td>Dodge<\/td>\n<td>Charger<\/td>\n<td>6.1<\/td>\n<td>2005 \u2013 2010<\/td>\n<\/tr>\n<tr>\n<td width=\"115\">Dodge<\/td>\n<td width=\"145\">Charger<\/td>\n<td width=\"106\">6.2 Hellcat<\/td>\n<td width=\"83\">2015 \u2013 2023<\/td>\n<\/tr>\n<tr>\n<td width=\"115\">Dodge<\/td>\n<td width=\"145\">Charger<\/td>\n<td>6.4<\/td>\n<td width=\"83\">2011 \u2013 2023<\/td>\n<\/tr>\n<tr>\n<td>Dodge<\/td>\n<td>Durango<\/td>\n<td>5.7<\/td>\n<td>2013 \u2013 2025<\/td>\n<\/tr>\n<tr>\n<td width=\"115\">Dodge<\/td>\n<td width=\"145\">Durango<\/td>\n<td width=\"106\">6.2 Hellcat<\/td>\n<td width=\"83\">2021 \u2013 2025<\/td>\n<\/tr>\n<tr>\n<td>Dodge<\/td>\n<td>Durango<\/td>\n<td>6.4<\/td>\n<td>2018 \u2013 2024<\/td>\n<\/tr>\n<tr>\n<td>Dodge<\/td>\n<td>Magnum<\/td>\n<td>6.1<\/td>\n<td>2006 \u2013 2008<\/td>\n<\/tr>\n<tr>\n<td>Dodge<\/td>\n<td>Magnum<\/td>\n<td>5.7<\/td>\n<td>2005 \u2013 2008<\/td>\n<\/tr>\n<tr>\n<td>Jeep<\/td>\n<td>Commander<\/td>\n<td>5.7<\/td>\n<td>2006 \u2013 2010<\/td>\n<\/tr>\n<tr>\n<td>Jeep<\/td>\n<td>Grand Cherokee<\/td>\n<td>5.7<\/td>\n<td>2005 \u2013 2022<\/td>\n<\/tr>\n<tr>\n<td>Jeep<\/td>\n<td>Grand Cherokee<\/td>\n<td>6.1<\/td>\n<td>2006 \u2013 2010<\/td>\n<\/tr>\n<tr>\n<td width=\"115\">Jeep<\/td>\n<td width=\"145\">Grand Cherokee<\/td>\n<td width=\"106\">6.2 Trackhawk<\/td>\n<td width=\"83\">2018 \u2013 2021<\/td>\n<\/tr>\n<tr>\n<td>Jeep<\/td>\n<td>Grand Cherokee<\/td>\n<td>6.4<\/td>\n<td>2011 \u2013 2021<\/td>\n<\/tr>\n<tr>\n<td>Jeep<\/td>\n<td>Wrangler<\/td>\n<td>6.4<\/td>\n<td>2021 \u2013 2025<\/td>\n<\/tr>\n<tr>\n<td>RAM<\/td>\n<td>1500<\/td>\n<td>5.7<\/td>\n<td>2009 \u2013 2024<\/td>\n<\/tr>\n<tr>\n<td width=\"115\">RAM<\/td>\n<td width=\"145\">1500<\/td>\n<td width=\"106\">6.2 TRX<\/td>\n<td width=\"83\">2021 \u2013 2024<\/td>\n<\/tr>\n<tr>\n<td><\/td>\n<td><\/td>\n<td><\/td>\n<td><\/td>\n<\/tr>\n<\/tbody>\n<\/table>\n<p>&nbsp;<\/p>\n<p><strong>Ambito di fornitura:<\/strong><\/p>\n<ul>\n<li>Termostato a 89 gradi<\/li>\n<li>Guarnizione<\/li>\n<\/ul>\n<p>&nbsp;<\/p>\n<p><strong>Nota:<\/strong> Poich\u00e9 la guarnizione \u00e8 inclusa nella fornitura, non \u00e8 necessario ordinare separatamente la guarnizione dell'alloggiamento del termostato!<\/p>","protected":false},"excerpt":{"rendered":"<p>Termostato a 89 gradi per ridurre la temperatura dell'acqua di raffreddamento e del motore e per una combustione pi\u00f9 efficiente Il termostato originale si apre a 95 gradi. Per<\/p>","protected":false},"featured_media":68274860,"comment_status":"open","ping_status":"closed","template":"","meta":{"_acf_changed":false},"product_brand":[],"product_cat":[2549,4981,2545,2546,2530,2548,2550,2547,2537,5160,2536,2535,2534,2533,2730,2531,2544,2543,6383,2541,2540,2539,2538,2957,7762,1517,5017,9951,2702],"product_tag":[11105,11103,11104,11102,295,52,51,6840,6841,4480,6839,101,93,265,54,53,48,536,94,49,3853,3854,95,266,56,100,126,50,4425,4427,4426,273,36,664,269,271,272,55,274,275,34,3101,86,96,1056,164,270,267,102,2353,2456,4062],"class_list":{"0":"post-68252639","1":"product","2":"type-product","3":"status-publish","4":"has-post-thumbnail","6":"product_cat-300c-57-2005-2010-kuehlung","7":"product_cat-300c-57-2011-2023-kuehlung","8":"product_cat-300c-61-kuehlung","9":"product_cat-300c-64-kuehlung","10":"product_cat-challenger-57-kuehlung","11":"product_cat-challenger-61-kuehlung","12":"product_cat-challenger-hellcat-kuehlung","13":"product_cat-challenger-64-kuehlung","14":"product_cat-charger-57-kuehlung","15":"product_cat-charger-57-2011-2023-kuehlung","16":"product_cat-charger-61-kuehlung","17":"product_cat-charger-hellcat-kuehlung","18":"product_cat-charger-64-kuehlung","19":"product_cat-durango-57-kuehlung","20":"product_cat-durango-hellcat-kuehlung","21":"product_cat-durango-64-kuehlung","22":"product_cat-magnum-57-kuehlung","23":"product_cat-magnum-61-kuehlung","24":"product_cat-commander-kuehlung","25":"product_cat-grand-cherokee-57-2011-2021-kuehlung","26":"product_cat-grand-cherokee-61-kuehlung","27":"product_cat-trackhawk-kuehlung","28":"product_cat-grand-cherokee-64-kuehlung","29":"product_cat-wrangler-64-kuehlung","30":"product_cat-1500-57-2003-2008-kuehlung","31":"product_cat-1500-57-2009-2018-classic-kuehlung","32":"product_cat-1500-57-dt-kuehlung","33":"product_cat-2500-3500-57-kuehlung","34":"product_cat-trx-kuehlung","35":"product_tag-052028898ad","36":"product_tag-052028898ae","37":"product_tag-052028898ai","38":"product_tag-052028898aj","39":"product_tag-295","40":"product_tag-300c","41":"product_tag-5-7-6-1","42":"product_tag-52028898ad","43":"product_tag-52028898ae","44":"product_tag-52028898ai","45":"product_tag-52028898aj","46":"product_tag-6-2","47":"product_tag-6-4","48":"product_tag-265","49":"product_tag-challenger","50":"product_tag-charger","51":"product_tag-chrysler","52":"product_tag-chrysler-300c","53":"product_tag-commander","54":"product_tag-dodge","55":"product_tag-dodge-challenger","56":"product_tag-dodge-charger","57":"product_tag-durango","58":"product_tag-grad","59":"product_tag-grand-cherokee","60":"product_tag-hellcat","61":"product_tag-hemi","62":"product_tag-jeep","63":"product_tag-jeep-grand-cherokee","64":"product_tag-jeep-grand-cherokee-trackhawk","65":"product_tag-jeep-trackhawk","66":"product_tag-jet","67":"product_tag-kraftwerk","68":"product_tag-kuehlung","69":"product_tag-kuehlwasser","70":"product_tag-luefter","71":"product_tag-lueftersteuerung","72":"product_tag-magnum","73":"product_tag-mishimoto","74":"product_tag-motorad","75":"product_tag-original","76":"product_tag-p0128","77":"product_tag-ram","78":"product_tag-srt","79":"product_tag-srt-8","80":"product_tag-srt8","81":"product_tag-temperatur","82":"product_tag-thermostat","83":"product_tag-trackhawk","84":"product_tag-trx","85":"product_tag-tstat15","86":"product_tag-verbessern","88":"first","89":"instock","90":"taxable","91":"shipping-taxable","92":"purchasable","93":"product-type-simple"},"bundled_by":[],"bundle_stock_status":"instock","bundle_stock_quantity":11,"bundle_virtual":false,"bundle_layout":"","bundle_add_to_cart_form_location":"","bundle_editable_in_cart":false,"bundle_sold_individually_context":"","bundle_item_grouping":"","bundle_min_size":"","bundle_max_size":"","bundle_price":[],"bundled_items":[],"bundle_sell_ids":[],"exclude_global_add_ons":[],"addons":[],"acf":[],"_links":{"self":[{"href":"https:\/\/kraftwerk-shop.cc\/it\/wp-json\/wp\/v2\/product\/68252639","targetHints":{"allow":["GET"]}}],"collection":[{"href":"https:\/\/kraftwerk-shop.cc\/it\/wp-json\/wp\/v2\/product"}],"about":[{"href":"https:\/\/kraftwerk-shop.cc\/it\/wp-json\/wp\/v2\/types\/product"}],"replies":[{"embeddable":true,"href":"https:\/\/kraftwerk-shop.cc\/it\/wp-json\/wp\/v2\/comments?post=68252639"}],"version-history":[{"count":0,"href":"https:\/\/kraftwerk-shop.cc\/it\/wp-json\/wp\/v2\/product\/68252639\/revisions"}],"wp:featuredmedia":[{"embeddable":true,"href":"https:\/\/kraftwerk-shop.cc\/it\/wp-json\/wp\/v2\/media\/68274860"}],"wp:attachment":[{"href":"https:\/\/kraftwerk-shop.cc\/it\/wp-json\/wp\/v2\/media?parent=68252639"}],"wp:term":[{"taxonomy":"product_brand","embeddable":true,"href":"https:\/\/kraftwerk-shop.cc\/it\/wp-json\/wp\/v2\/product_brand?post=68252639"},{"taxonomy":"product_cat","embeddable":true,"href":"https:\/\/kraftwerk-shop.cc\/it\/wp-json\/wp\/v2\/product_cat?post=68252639"},{"taxonomy":"product_tag","embeddable":true,"href":"https:\/\/kraftwerk-shop.cc\/it\/wp-json\/wp\/v2\/product_tag?post=68252639"}],"curies":[{"name":"wp","href":"https:\/\/api.w.org\/{rel}","templated":true}]}}