{"id":68252654,"date":"2021-09-17T12:53:31","date_gmt":"2021-09-17T12:53:31","guid":{"rendered":"https:\/\/kraftwerk-gruppe.de\/?post_type=product&#038;p=68252654"},"modified":"2026-04-08T11:35:26","modified_gmt":"2026-04-08T09:35:26","slug":"termostato-granatelli-hemi","status":"publish","type":"product","link":"https:\/\/kraftwerk-shop.cc\/it\/produkt\/granatelli-thermostat-hemi\/","title":{"rendered":"Termostato Granatelli a 83 gradi per motori 5.7 \/ 6.1 \/ 6.2 \/ 6.4"},"content":{"rendered":"<h1>Termostato Granatelli 83 gradi ad alto flusso per abbassare la temperatura dell'acqua di raffreddamento \/ temperatura del motore <strong><br \/>\n<\/strong><\/h1>\n<p>&nbsp;<\/p>\n<p>Il termostato originale si apre a 95 gradi.<\/p>\n<p>Per migliorare ulteriormente il raffreddamento del motore, si consiglia di regolare il comando della ventola oltre al termostato.<br \/>\nSenza regolazione, la temperatura dell'acqua di raffreddamento si abbassa durante la guida a causa della corrente d'aria, ma si abbassa molto meno quando si \u00e8 fermi e si guida lentamente.<\/p>\n<p>Regolando il comando delle ventole, le temperature di accensione degli elettroventilatori vengono ridotte in modo che la temperatura dell'acqua di raffreddamento rimanga costantemente bassa anche durante la guida lenta e da fermi. Ci\u00f2 garantisce un raffreddamento ottimale del motore ed evita un possibile surriscaldamento.<\/p>\n<p>Il comando del ventilatore pu\u00f2 essere personalizzato, ad esempio, con il modello Diablosport <a href=\"https:\/\/kraftwerk-shop.cc\/it\/prodotto\/diablosport-trinity-t2-platinum-programmiergerat-fur-chrysler-dodge-jeep-und-ram\/\" target=\"_blank\" rel=\"noopener\" data-link-type=\"external\" data-type=\"linkpicker\">Trinit\u00e0<\/a> e <a href=\"https:\/\/kraftwerk-shop.cc\/it\/prodotto\/diablosport-intune-i3-platinum-chrysler-dodge-jeep-und-ram-programmiergerat\/\" target=\"_blank\" rel=\"noopener\" data-link-type=\"external\" data-type=\"linkpicker\">inTune<\/a> possibile.<br \/>\nIn alternativa, possiamo anche programmare internamente la centralina del motore senza questi dispositivi, il che \u00e8 significativamente pi\u00f9 economico.<br \/>\nA tal fine, si prega di prendere <a href=\"http:\/\/www.kraftwerk.cc\/de\/kontakt\" target=\"_blank\" rel=\"noopener\" data-link-type=\"external\" data-type=\"linkpicker\">Contattateci<\/a> con noi.<\/p>\n<p>&nbsp;<\/p>\n<p><strong>Adatto per:<\/strong><\/p>\n<table width=\"449\">\n<tbody>\n<tr>\n<td width=\"115\"><strong>Marchio<\/strong><\/td>\n<td width=\"145\"><strong>Modello\u00a0<\/strong><\/td>\n<td width=\"106\"><strong>Motore<\/strong><\/td>\n<td width=\"83\"><strong>Anno di costruzione<\/strong><\/td>\n<\/tr>\n<tr>\n<td>Chrysler<\/td>\n<td>300C<\/td>\n<td>5.7<\/td>\n<td>2005 \u2013 2023<\/td>\n<\/tr>\n<tr>\n<td>Chrysler<\/td>\n<td>300C<\/td>\n<td>6.1<\/td>\n<td>2005 \u2013 2010<\/td>\n<\/tr>\n<tr>\n<td width=\"115\">Chrysler<\/td>\n<td width=\"145\">300C<\/td>\n<td>6.4<\/td>\n<td width=\"83\">2012 \u2013 2014<\/td>\n<\/tr>\n<tr>\n<td>Dodge<\/td>\n<td>Challenger<\/td>\n<td>5.7<\/td>\n<td>2008 \u2013 2023<\/td>\n<\/tr>\n<tr>\n<td>Dodge<\/td>\n<td>Challenger<\/td>\n<td>6.1<\/td>\n<td>2008 \u2013 2010<\/td>\n<\/tr>\n<tr>\n<td width=\"115\">Dodge<\/td>\n<td width=\"145\">Challenger<\/td>\n<td width=\"106\">6.2 Hellcat<\/td>\n<td width=\"83\">2015 \u2013 2023<\/td>\n<\/tr>\n<tr>\n<td width=\"115\">Dodge<\/td>\n<td width=\"145\">Challenger<\/td>\n<td>6.4<\/td>\n<td width=\"83\">2011 \u2013 2023<\/td>\n<\/tr>\n<tr>\n<td>Dodge<\/td>\n<td>Charger<\/td>\n<td>5.7<\/td>\n<td>2005 \u2013 2023<\/td>\n<\/tr>\n<tr>\n<td>Dodge<\/td>\n<td>Charger<\/td>\n<td>6.1<\/td>\n<td>2005 \u2013 2010<\/td>\n<\/tr>\n<tr>\n<td width=\"115\">Dodge<\/td>\n<td width=\"145\">Charger<\/td>\n<td width=\"106\">6.2 Hellcat<\/td>\n<td width=\"83\">2015 \u2013 2023<\/td>\n<\/tr>\n<tr>\n<td width=\"115\">Dodge<\/td>\n<td width=\"145\">Charger<\/td>\n<td>6.4<\/td>\n<td width=\"83\">2011 \u2013 2023<\/td>\n<\/tr>\n<tr>\n<td>Dodge<\/td>\n<td>Durango<\/td>\n<td>5.7<\/td>\n<td>2013 \u2013 2025<\/td>\n<\/tr>\n<tr>\n<td width=\"115\">Dodge<\/td>\n<td width=\"145\">Durango<\/td>\n<td width=\"106\">6.2 Hellcat<\/td>\n<td width=\"83\">2021 \u2013 2025<\/td>\n<\/tr>\n<tr>\n<td>Dodge<\/td>\n<td>Durango<\/td>\n<td>6.4<\/td>\n<td>2018 \u2013 2024<\/td>\n<\/tr>\n<tr>\n<td>Dodge<\/td>\n<td>Magnum<\/td>\n<td>6.1<\/td>\n<td>2006 \u2013 2008<\/td>\n<\/tr>\n<tr>\n<td>Dodge<\/td>\n<td>Magnum<\/td>\n<td>5.7<\/td>\n<td>2005 \u2013 2008<\/td>\n<\/tr>\n<tr>\n<td>Jeep<\/td>\n<td>Commander<\/td>\n<td>5.7<\/td>\n<td>2006 \u2013 2010<\/td>\n<\/tr>\n<tr>\n<td>Jeep<\/td>\n<td>Grand Cherokee<\/td>\n<td>5.7<\/td>\n<td>2005 \u2013 2022<\/td>\n<\/tr>\n<tr>\n<td>Jeep<\/td>\n<td>Grand Cherokee<\/td>\n<td>6.1<\/td>\n<td>2006 \u2013 2010<\/td>\n<\/tr>\n<tr>\n<td width=\"115\">Jeep<\/td>\n<td width=\"145\">Grand Cherokee<\/td>\n<td width=\"106\">6.2 Trackhawk<\/td>\n<td width=\"83\">2018 \u2013 2021<\/td>\n<\/tr>\n<tr>\n<td>Jeep<\/td>\n<td>Grand Cherokee<\/td>\n<td>6.4<\/td>\n<td>2011 \u2013 2021<\/td>\n<\/tr>\n<tr>\n<td>Jeep<\/td>\n<td>Wrangler<\/td>\n<td>6.4<\/td>\n<td>2021 \u2013 2025<\/td>\n<\/tr>\n<tr>\n<td>RAM<\/td>\n<td>1500<\/td>\n<td>5.7<\/td>\n<td>2009 \u2013 2024<\/td>\n<\/tr>\n<tr>\n<td width=\"115\">RAM<\/td>\n<td width=\"145\">1500<\/td>\n<td width=\"106\">6.2 TRX<\/td>\n<td width=\"83\">2021 \u2013 2024<\/td>\n<\/tr>\n<tr>\n<td><\/td>\n<td><\/td>\n<td><\/td>\n<td><\/td>\n<\/tr>\n<\/tbody>\n<\/table>\n<p><strong>\u00a0<\/strong><\/p>\n<p>&nbsp;<\/p>\n<p><strong>Ambito di fornitura:<\/strong><\/p>\n<p>- Termostato a 83 gradi<br \/>\n- Guarnizione<\/p>\n<p>Attenzione: poich\u00e9 la guarnizione \u00e8 inclusa nella fornitura, non \u00e8 necessario ordinare separatamente la guarnizione dell'alloggiamento del termostato!<\/p>\n<p>&nbsp;<\/p>\n<p>Il compito di un termostato standard \u00e8 quello di regolare la temperatura del motore e di mantenerla all'interno del suo intervallo operativo ideale per garantire le migliori prestazioni e la massima durata.<\/p>\n<p>Quando il motore \u00e8 freddo, la cera all'interno del termostato \u00e8 solida e il termostato rimane chiuso, impedendo al refrigerante di fluire nel motore. Quando il motore si riscalda, la cera inizia a sciogliersi e ad espandersi, aprendo la valvola termostatica e consentendo al refrigerante di fluire nel motore. Una volta che il motore ha raggiunto la temperatura di esercizio ottimale, la cera nel termostato si sar\u00e0 completamente espansa e la valvola rimarr\u00e0 aperta per mantenere la temperatura desiderata.<\/p>\n<p>Il termostato a cera \u00e8 un metodo efficiente per regolare la temperatura del motore, in quanto reagisce rapidamente alle variazioni di temperatura e pu\u00f2 regolare il flusso del refrigerante di conseguenza. Inoltre, \u00e8 durevole e richiede una manutenzione relativamente bassa, il che lo rende una scelta popolare per le applicazioni automobilistiche.<\/p>","protected":false},"excerpt":{"rendered":"<p>Termostato Granatelli a 83 gradi ad alta portata per una temperatura dell'acqua di raffreddamento pi\u00f9 bassa \/ temperatura del motore Il termostato originale si apre a 95 gradi. Per<\/p>","protected":false},"featured_media":68300222,"comment_status":"open","ping_status":"closed","template":"","meta":{"_acf_changed":false},"product_brand":[20094],"product_cat":[2549,4981,2545,2546,2530,2548,2550,2547,2537,5160,2536,2535,2534,2533,2730,2531,2544,2543,6383,4806,2541,2540,2539,2538,2957,7762,1517,5017,9951,2702],"product_tag":[11105,11103,11104,11102,295,52,51,6840,6841,4480,6839,101,93,296,297,54,53,48,536,49,3853,3854,266,6847,56,50,4425,4427,4426,273,36,664,269,271,272,55,274,275,34,86,270,267,102,2353,2456],"class_list":{"0":"post-68252654","1":"product","2":"type-product","3":"status-publish","4":"has-post-thumbnail","6":"product_brand-granatelli-motor-sports","7":"product_cat-300c-57-2005-2010-kuehlung","8":"product_cat-300c-57-2011-2023-kuehlung","9":"product_cat-300c-61-kuehlung","10":"product_cat-300c-64-kuehlung","11":"product_cat-challenger-57-kuehlung","12":"product_cat-challenger-61-kuehlung","13":"product_cat-challenger-hellcat-kuehlung","14":"product_cat-challenger-64-kuehlung","15":"product_cat-charger-57-kuehlung","16":"product_cat-charger-57-2011-2023-kuehlung","17":"product_cat-charger-61-kuehlung","18":"product_cat-charger-hellcat-kuehlung","19":"product_cat-charger-64-kuehlung","20":"product_cat-durango-57-kuehlung","21":"product_cat-durango-hellcat-kuehlung","22":"product_cat-durango-64-kuehlung","23":"product_cat-magnum-57-kuehlung","24":"product_cat-magnum-61-kuehlung","25":"product_cat-commander-kuehlung","26":"product_cat-grand-cherokee-57-2005-2010-kuehlung","27":"product_cat-grand-cherokee-57-2011-2021-kuehlung","28":"product_cat-grand-cherokee-61-kuehlung","29":"product_cat-trackhawk-kuehlung","30":"product_cat-grand-cherokee-64-kuehlung","31":"product_cat-wrangler-64-kuehlung","32":"product_cat-1500-57-2003-2008-kuehlung","33":"product_cat-1500-57-2009-2018-classic-kuehlung","34":"product_cat-1500-57-dt-kuehlung","35":"product_cat-2500-3500-57-kuehlung","36":"product_cat-trx-kuehlung","37":"product_tag-052028898ad","38":"product_tag-052028898ae","39":"product_tag-052028898ai","40":"product_tag-052028898aj","41":"product_tag-295","42":"product_tag-300c","43":"product_tag-5-7-6-1","44":"product_tag-52028898ad","45":"product_tag-52028898ae","46":"product_tag-52028898ai","47":"product_tag-52028898aj","48":"product_tag-6-2","49":"product_tag-6-4","50":"product_tag-296","51":"product_tag-297","52":"product_tag-challenger","53":"product_tag-charger","54":"product_tag-chrysler","55":"product_tag-chrysler-300c","56":"product_tag-dodge","57":"product_tag-dodge-challenger","58":"product_tag-dodge-charger","59":"product_tag-grad","60":"product_tag-granatelli","61":"product_tag-grand-cherokee","62":"product_tag-jeep","63":"product_tag-jeep-grand-cherokee","64":"product_tag-jeep-grand-cherokee-trackhawk","65":"product_tag-jeep-trackhawk","66":"product_tag-jet","67":"product_tag-kraftwerk","68":"product_tag-kuehlung","69":"product_tag-kuehlwasser","70":"product_tag-luefter","71":"product_tag-lueftersteuerung","72":"product_tag-magnum","73":"product_tag-mishimoto","74":"product_tag-motorad","75":"product_tag-original","76":"product_tag-ram","77":"product_tag-temperatur","78":"product_tag-thermostat","79":"product_tag-trackhawk","80":"product_tag-trx","81":"product_tag-tstat15","83":"first","84":"instock","85":"taxable","86":"shipping-taxable","87":"purchasable","88":"product-type-simple"},"bundled_by":[],"bundle_stock_status":"instock","bundle_stock_quantity":61,"bundle_virtual":false,"bundle_layout":"","bundle_add_to_cart_form_location":"","bundle_editable_in_cart":false,"bundle_sold_individually_context":"","bundle_item_grouping":"","bundle_min_size":"","bundle_max_size":"","bundle_price":[],"bundled_items":[],"bundle_sell_ids":[],"exclude_global_add_ons":[],"addons":[],"acf":[],"_links":{"self":[{"href":"https:\/\/kraftwerk-shop.cc\/it\/wp-json\/wp\/v2\/product\/68252654","targetHints":{"allow":["GET"]}}],"collection":[{"href":"https:\/\/kraftwerk-shop.cc\/it\/wp-json\/wp\/v2\/product"}],"about":[{"href":"https:\/\/kraftwerk-shop.cc\/it\/wp-json\/wp\/v2\/types\/product"}],"replies":[{"embeddable":true,"href":"https:\/\/kraftwerk-shop.cc\/it\/wp-json\/wp\/v2\/comments?post=68252654"}],"version-history":[{"count":0,"href":"https:\/\/kraftwerk-shop.cc\/it\/wp-json\/wp\/v2\/product\/68252654\/revisions"}],"wp:featuredmedia":[{"embeddable":true,"href":"https:\/\/kraftwerk-shop.cc\/it\/wp-json\/wp\/v2\/media\/68300222"}],"wp:attachment":[{"href":"https:\/\/kraftwerk-shop.cc\/it\/wp-json\/wp\/v2\/media?parent=68252654"}],"wp:term":[{"taxonomy":"product_brand","embeddable":true,"href":"https:\/\/kraftwerk-shop.cc\/it\/wp-json\/wp\/v2\/product_brand?post=68252654"},{"taxonomy":"product_cat","embeddable":true,"href":"https:\/\/kraftwerk-shop.cc\/it\/wp-json\/wp\/v2\/product_cat?post=68252654"},{"taxonomy":"product_tag","embeddable":true,"href":"https:\/\/kraftwerk-shop.cc\/it\/wp-json\/wp\/v2\/product_tag?post=68252654"}],"curies":[{"name":"wp","href":"https:\/\/api.w.org\/{rel}","templated":true}]}}