{"id":68252665,"date":"2021-09-17T12:53:31","date_gmt":"2021-09-17T10:53:31","guid":{"rendered":"https:\/\/kraftwerk-gruppe.de\/?post_type=product&#038;p=68252665"},"modified":"2026-02-15T00:44:08","modified_gmt":"2026-02-14T23:44:08","slug":"termostato-hummer-h3-53","status":"publish","type":"product","link":"https:\/\/kraftwerk-shop.cc\/it\/produkt\/thermostat-hummer-h3-53\/","title":{"rendered":"Termostato a 83 gradi per Hummer H3 5.3"},"content":{"rendered":"<h1>Termostato ad alto flusso a 83 gradi per abbassare la temperatura dell'acqua di raffreddamento \/ temperatura del motore per Hummer H2 6.2<\/h1>\n<p>&nbsp;<\/p>\n<p>Il compito di un termostato standard \u00e8 quello di regolare la temperatura del motore e di mantenerla all'interno del suo intervallo operativo ideale per garantire le migliori prestazioni e la massima durata.<\/p>\n<p>Quando il motore \u00e8 freddo, la cera all'interno del termostato \u00e8 solida e il termostato rimane chiuso, impedendo al refrigerante di fluire nel motore. Quando il motore si riscalda, la cera inizia a sciogliersi e ad espandersi, aprendo la valvola termostatica e consentendo al refrigerante di fluire nel motore. Una volta che il motore ha raggiunto la temperatura di esercizio ottimale, la cera nel termostato si sar\u00e0 completamente espansa e la valvola rimarr\u00e0 aperta per mantenere la temperatura desiderata.<\/p>\n<p>Il termostato a cera \u00e8 un metodo efficiente per regolare la temperatura del motore, in quanto reagisce rapidamente alle variazioni di temperatura e pu\u00f2 regolare il flusso del refrigerante di conseguenza. Inoltre, \u00e8 durevole e richiede una manutenzione relativamente bassa, il che lo rende una scelta popolare per le applicazioni automobilistiche.<\/p>\n<p>&nbsp;<\/p>\n<p><strong>Ambito di fornitura:<\/strong><\/p>\n<p>- Termostato a 83 gradi per Hummer H3 5.3<br \/>\n- Guarnizione<\/p>\n<p>&nbsp;<\/p>\n<p>Attenzione: poich\u00e9 la guarnizione \u00e8 inclusa nella fornitura, non \u00e8 necessario ordinare separatamente la guarnizione dell'alloggiamento del termostato!<\/p>","protected":false},"excerpt":{"rendered":"<p>83 Grad High Flow Thermostat f\u00fcr geringere K\u00fchlwassertemperatur \/ Motortemperatur f\u00fcr Hummer H3 5.3 &nbsp; Die Aufgabe eines Standardthermostats besteht<\/p>","protected":false},"featured_media":68300355,"comment_status":"open","ping_status":"closed","template":"","meta":{"_acf_changed":false},"product_brand":[],"product_cat":[1527],"product_tag":[276,277,189,190,2375,1318,266,302,300,6930,1126,2374,664,267,2456],"class_list":{"0":"post-68252665","1":"product","2":"type-product","3":"status-publish","4":"has-post-thumbnail","6":"product_cat-hummer","7":"product_tag-276","8":"product_tag-277","9":"product_tag-chevrolet","10":"product_tag-chevy","11":"product_tag-degree","12":"product_tag-gm","13":"product_tag-grad","14":"product_tag-h3","15":"product_tag-hummer","16":"product_tag-hummer-h3","17":"product_tag-kaelter","18":"product_tag-kuehlsystem","19":"product_tag-kuehlung","20":"product_tag-thermostat","21":"product_tag-tstat15","23":"first","24":"instock","25":"taxable","26":"shipping-taxable","27":"purchasable","28":"product-type-simple"},"bundled_by":[],"bundle_stock_status":"instock","bundle_stock_quantity":2,"bundle_virtual":false,"bundle_layout":"","bundle_add_to_cart_form_location":"","bundle_editable_in_cart":false,"bundle_sold_individually_context":"","bundle_item_grouping":"","bundle_min_size":"","bundle_max_size":"","bundle_price":[],"bundled_items":[],"bundle_sell_ids":[],"exclude_global_add_ons":[],"addons":[],"acf":[],"_links":{"self":[{"href":"https:\/\/kraftwerk-shop.cc\/it\/wp-json\/wp\/v2\/product\/68252665","targetHints":{"allow":["GET"]}}],"collection":[{"href":"https:\/\/kraftwerk-shop.cc\/it\/wp-json\/wp\/v2\/product"}],"about":[{"href":"https:\/\/kraftwerk-shop.cc\/it\/wp-json\/wp\/v2\/types\/product"}],"replies":[{"embeddable":true,"href":"https:\/\/kraftwerk-shop.cc\/it\/wp-json\/wp\/v2\/comments?post=68252665"}],"version-history":[{"count":0,"href":"https:\/\/kraftwerk-shop.cc\/it\/wp-json\/wp\/v2\/product\/68252665\/revisions"}],"wp:featuredmedia":[{"embeddable":true,"href":"https:\/\/kraftwerk-shop.cc\/it\/wp-json\/wp\/v2\/media\/68300355"}],"wp:attachment":[{"href":"https:\/\/kraftwerk-shop.cc\/it\/wp-json\/wp\/v2\/media?parent=68252665"}],"wp:term":[{"taxonomy":"product_brand","embeddable":true,"href":"https:\/\/kraftwerk-shop.cc\/it\/wp-json\/wp\/v2\/product_brand?post=68252665"},{"taxonomy":"product_cat","embeddable":true,"href":"https:\/\/kraftwerk-shop.cc\/it\/wp-json\/wp\/v2\/product_cat?post=68252665"},{"taxonomy":"product_tag","embeddable":true,"href":"https:\/\/kraftwerk-shop.cc\/it\/wp-json\/wp\/v2\/product_tag?post=68252665"}],"curies":[{"name":"wp","href":"https:\/\/api.w.org\/{rel}","templated":true}]}}