{"id":68252673,"date":"2021-09-17T12:53:31","date_gmt":"2021-09-17T12:53:31","guid":{"rendered":"https:\/\/kraftwerk-gruppe.de\/?post_type=product&#038;p=68252673"},"modified":"2026-03-23T14:16:14","modified_gmt":"2026-03-23T13:16:14","slug":"alloggiamento-termostato-ad-alto-flusso-jeep-trackhawk","status":"publish","type":"product","link":"https:\/\/kraftwerk-shop.cc\/it\/produkt\/high-flow-thermostatgehaeuse-jeep-trackhawk\/","title":{"rendered":"Alloggiamento del termostato ad alto flusso Jeep Trackhawk, Dodge Durango Hellcat e RAM TRX"},"content":{"rendered":"<h1>Alloggiamento del termostato ad alta portata per i modelli Jeep Grand Cherokee Trackhawk, Dodge Durango Hellcat e RAM TRX<\/h1>\n<p>&nbsp;<\/p>\n<p>L'alloggiamento del termostato originale ha un ponte all'interno del quale passa una vite.<br \/>\nQuesto riduce il flusso di 40%.<br \/>\nQuesto alloggiamento del termostato elimina completamente il collo di bottiglia, migliorando le prestazioni di raffreddamento.<br \/>\nCon il motore Hellcat in particolare, la temperatura influisce notevolmente sulle prestazioni del motore.<\/p>\n<p>&nbsp;<\/p>\n<p><strong>Propriet\u00e0:<\/strong><\/p>\n<ul>\n<li>Realizzato in alluminio 6061-T6<\/li>\n<li>Consente di aumentare il flusso di refrigerante 40%<\/li>\n<li>L'attacco opzionale con filettatura da 1\/2\u2033 consente di aggiungere un sensore di temperatura, un sensore di pressione o un tappo per tubi da incasso.<\/li>\n<li>Non \u00e8 necessaria alcuna guarnizione<\/li>\n<\/ul>\n\n\t\t<style type=\"text\/css\">\n\t\t\t#gallery-1 {\n\t\t\t\tmargin: auto;\n\t\t\t}\n\t\t\t#gallery-1 .gallery-item {\n\t\t\t\tfloat: left;\n\t\t\t\tmargin-top: 10px;\n\t\t\t\ttext-align: center;\n\t\t\t\twidth: 33%;\n\t\t\t}\n\t\t\t#gallery-1 img {\n\t\t\t\tborder: 2px solid #cfcfcf;\n\t\t\t}\n\t\t\t#gallery-1 .gallery-caption {\n\t\t\t\tmargin-left: 0;\n\t\t\t}\n\t\t\t\/* see gallery_shortcode() in wp-includes\/media.php *\/\n\t\t<\/style>\n\t\t<div id='gallery-1' class='gallery galleryid-68252673 gallery-columns-3 gallery-size-medium'><dl class='gallery-item'>\n\t\t\t<dt class='gallery-icon landscape'>\n\t\t\t\t<a href='https:\/\/kraftwerk-shop.cc\/it\/?attachment_id=68256568'><img decoding=\"async\" width=\"300\" height=\"199\" src=\"https:\/\/kraftwerk-shop.cc\/wp-content\/uploads\/2021\/09\/Thermostatgehaeuse_Hellcat_Trackhawk_TRX_2-scaled.jpg\" class=\"attachment-medium size-medium\" alt=\"Avvitare l&#039;alloggiamento del termostato originale\" aria-describedby=\"gallery-1-68256568\" srcset=\"https:\/\/kraftwerk-shop.cc\/wp-content\/uploads\/2021\/09\/Thermostatgehaeuse_Hellcat_Trackhawk_TRX_2-scaled.jpg 2560w, https:\/\/kraftwerk-shop.cc\/wp-content\/uploads\/2021\/09\/Thermostatgehaeuse_Hellcat_Trackhawk_TRX_2-scaled-500x332.jpg 500w, https:\/\/kraftwerk-shop.cc\/wp-content\/uploads\/2021\/09\/Thermostatgehaeuse_Hellcat_Trackhawk_TRX_2-scaled-150x100.jpg 150w, https:\/\/kraftwerk-shop.cc\/wp-content\/uploads\/2021\/09\/Thermostatgehaeuse_Hellcat_Trackhawk_TRX_2-scaled-600x399.jpg 600w\" sizes=\"(max-width: 300px) 100vw, 300px\" \/><\/a>\n\t\t\t<\/dt>\n\t\t\t\t<dd class='wp-caption-text gallery-caption' id='gallery-1-68256568'>\n\t\t\t\tAvvitare l'alloggiamento del termostato originale\n\t\t\t\t<\/dd><\/dl><dl class='gallery-item'>\n\t\t\t<dt class='gallery-icon landscape'>\n\t\t\t\t<a href='https:\/\/kraftwerk-shop.cc\/it\/?attachment_id=68256567'><img decoding=\"async\" width=\"300\" height=\"199\" src=\"https:\/\/kraftwerk-shop.cc\/wp-content\/uploads\/2021\/09\/Thermostatgehaeuse_Hellcat_Trackhawk_TRX_1-scaled.jpg\" class=\"attachment-medium size-medium\" alt=\"Collo di bottiglia nel canale idrico\" aria-describedby=\"gallery-1-68256567\" srcset=\"https:\/\/kraftwerk-shop.cc\/wp-content\/uploads\/2021\/09\/Thermostatgehaeuse_Hellcat_Trackhawk_TRX_1-scaled.jpg 2560w, https:\/\/kraftwerk-shop.cc\/wp-content\/uploads\/2021\/09\/Thermostatgehaeuse_Hellcat_Trackhawk_TRX_1-scaled-500x332.jpg 500w, https:\/\/kraftwerk-shop.cc\/wp-content\/uploads\/2021\/09\/Thermostatgehaeuse_Hellcat_Trackhawk_TRX_1-scaled-150x100.jpg 150w, https:\/\/kraftwerk-shop.cc\/wp-content\/uploads\/2021\/09\/Thermostatgehaeuse_Hellcat_Trackhawk_TRX_1-scaled-600x399.jpg 600w\" sizes=\"(max-width: 300px) 100vw, 300px\" \/><\/a>\n\t\t\t<\/dt>\n\t\t\t\t<dd class='wp-caption-text gallery-caption' id='gallery-1-68256567'>\n\t\t\t\tCollo di bottiglia nel canale idrico\n\t\t\t\t<\/dd><\/dl>\n\t\t\t<br style='clear: both' \/>\n\t\t<\/div>\n\n<p>&nbsp;<\/p>\n<p><strong>Adatto per:<\/strong><\/p>\n<table width=\"488\">\n<tbody>\n<tr>\n<td width=\"94\">Dodge<\/td>\n<td width=\"110\">Durango<\/td>\n<td width=\"200\">6.2 Hellcat<\/td>\n<td width=\"84\">2021 \u2013 2025<\/td>\n<\/tr>\n<tr>\n<td width=\"94\">Jeep<\/td>\n<td width=\"110\">Grand Cherokee<\/td>\n<td width=\"200\">6.2 Trackhawk<\/td>\n<td width=\"84\">2018 \u2013 2021<\/td>\n<\/tr>\n<tr>\n<td>RAM<\/td>\n<td>1500<\/td>\n<td>TRX<\/td>\n<td>2021 \u2013 2024<\/td>\n<\/tr>\n<\/tbody>\n<\/table>","protected":false},"excerpt":{"rendered":"<p>High Flow Thermostatgeh\u00e4use f\u00fcr den Jeep Grand Cherokee Trackhawk, Dodge Durango Hellcat und RAM TRX &nbsp; Das originale Thermostatgeh\u00e4use hat<\/p>","protected":false},"featured_media":68275059,"comment_status":"open","ping_status":"closed","template":"","meta":{"_acf_changed":false},"product_brand":[],"product_cat":[2730,2539,2702],"product_tag":[11105,11103,11104,11102,6840,6841,4480,6839,101,2377,49,95,2378,613,100,586,50,4425,4427,4426,664,86,3737,270,267,614,102,2353,3736],"class_list":{"0":"post-68252673","1":"product","2":"type-product","3":"status-publish","4":"has-post-thumbnail","6":"product_cat-durango-hellcat-kuehlung","7":"product_cat-trackhawk-kuehlung","8":"product_cat-trx-kuehlung","9":"product_tag-052028898ad","10":"product_tag-052028898ae","11":"product_tag-052028898ai","12":"product_tag-052028898aj","13":"product_tag-52028898ad","14":"product_tag-52028898ae","15":"product_tag-52028898ai","16":"product_tag-52028898aj","17":"product_tag-6-2","18":"product_tag-besser","19":"product_tag-dodge","20":"product_tag-durango","21":"product_tag-durchfluss","22":"product_tag-gehaeuse","23":"product_tag-hellcat","24":"product_tag-high-flow","25":"product_tag-jeep","26":"product_tag-jeep-grand-cherokee","27":"product_tag-jeep-grand-cherokee-trackhawk","28":"product_tag-jeep-trackhawk","29":"product_tag-kuehlung","30":"product_tag-ram","31":"product_tag-senken","32":"product_tag-temperatur","33":"product_tag-thermostat","34":"product_tag-thermostatgehaeuse","35":"product_tag-trackhawk","36":"product_tag-trx","37":"product_tag-wasserkuehler","39":"first","40":"instock","41":"taxable","42":"shipping-taxable","43":"purchasable","44":"product-type-variable"},"bundled_by":[],"bundle_stock_status":"instock","bundle_stock_quantity":4,"bundle_virtual":false,"bundle_layout":"","bundle_add_to_cart_form_location":"","bundle_editable_in_cart":false,"bundle_sold_individually_context":"","bundle_item_grouping":"","bundle_min_size":"","bundle_max_size":"","bundle_price":[],"bundled_items":[],"bundle_sell_ids":[],"exclude_global_add_ons":[],"addons":[],"acf":[],"_links":{"self":[{"href":"https:\/\/kraftwerk-shop.cc\/it\/wp-json\/wp\/v2\/product\/68252673","targetHints":{"allow":["GET"]}}],"collection":[{"href":"https:\/\/kraftwerk-shop.cc\/it\/wp-json\/wp\/v2\/product"}],"about":[{"href":"https:\/\/kraftwerk-shop.cc\/it\/wp-json\/wp\/v2\/types\/product"}],"replies":[{"embeddable":true,"href":"https:\/\/kraftwerk-shop.cc\/it\/wp-json\/wp\/v2\/comments?post=68252673"}],"version-history":[{"count":0,"href":"https:\/\/kraftwerk-shop.cc\/it\/wp-json\/wp\/v2\/product\/68252673\/revisions"}],"wp:featuredmedia":[{"embeddable":true,"href":"https:\/\/kraftwerk-shop.cc\/it\/wp-json\/wp\/v2\/media\/68275059"}],"wp:attachment":[{"href":"https:\/\/kraftwerk-shop.cc\/it\/wp-json\/wp\/v2\/media?parent=68252673"}],"wp:term":[{"taxonomy":"product_brand","embeddable":true,"href":"https:\/\/kraftwerk-shop.cc\/it\/wp-json\/wp\/v2\/product_brand?post=68252673"},{"taxonomy":"product_cat","embeddable":true,"href":"https:\/\/kraftwerk-shop.cc\/it\/wp-json\/wp\/v2\/product_cat?post=68252673"},{"taxonomy":"product_tag","embeddable":true,"href":"https:\/\/kraftwerk-shop.cc\/it\/wp-json\/wp\/v2\/product_tag?post=68252673"}],"curies":[{"name":"wp","href":"https:\/\/api.w.org\/{rel}","templated":true}]}}