{"id":68252734,"date":"2021-09-17T12:54:04","date_gmt":"2021-09-17T12:54:04","guid":{"rendered":"https:\/\/kraftwerk-gruppe.de\/?post_type=product&#038;p=68252734"},"modified":"2026-02-15T00:46:01","modified_gmt":"2026-02-14T23:46:01","slug":"regolatore-di-pressione-smoothboost-compressore-magnuson","status":"publish","type":"product","link":"https:\/\/kraftwerk-shop.cc\/it\/produkt\/smoothboost-ladedruckregler-magnuson-kompressor\/","title":{"rendered":"Regolatore della pressione di sovralimentazione Smoothboost per i compressori Magnuson"},"content":{"rendered":"<h1>Regolatore di pressione Smoothboost<\/h1>\n<p>&nbsp;<\/p>\n<p><strong>SmoothBoost<\/strong> \u00e8 la prima valvola di bypass elettronica per il montaggio a posteriori su <strong>Compressori Magnuson.<\/strong><\/p>\n<p>Questo controllo della pressione di sovralimentazione sostituisce la valvola di bypass controllata dal vuoto con una valvola di precisione controllata elettronicamente che consente di \"smussare\" la curva di coppia.<br \/>\nQuesto controllo rende il comportamento di guida nell'area di transizione alla pressione di sovralimentazione molto pi\u00f9 prevedibile, la transizione non \u00e8 pi\u00f9 a scatti.<\/p>\n<p>La cosa migliore \u00e8 che si pu\u00f2 facilmente limitare la pressione di sovralimentazione in base alle esigenze utilizzando una manopola.<br \/>\nSupponiamo che la pressione di sovralimentazione sia al massimo di 15 PSI. Nell'uso quotidiano, \u00e8 possibile impostarla a 5 PSI o addirittura a 0 PSI, ad esempio.<br \/>\nSe \u00e8 necessaria una maggiore pressione di sovralimentazione, \u00e8 sufficiente regolare il regolatore per renderla immediatamente disponibile.<\/p>\n<p>Il sistema Smoothboost consente un'accelerazione e una guida pi\u00f9 controllate, poich\u00e9 la valvola di bypass si apre e si chiude in modo fluido anzich\u00e9 a scatti.<br \/>\nPi\u00f9 alta \u00e8 la pressione di sovralimentazione dell'impianto, pi\u00f9 si beneficia di una migliore guidabilit\u00e0.<\/p>\n<p>&nbsp;<\/p>\n<p><strong>Adatto per:<\/strong><\/p>\n<p>Compressori Magnuson<\/p>\n<p>Potrebbe essere necessario programmare di conseguenza l'unit\u00e0 di controllo del motore.<\/p>\n<p>&nbsp;<\/p>\n<p><img decoding=\"async\" class=\"ep-gadget epgadget-externalvideo\" style=\"max-width: 100%; display: block; margin-bottom: 10px; width: 201px; height: 111px;\" title=\"App\" src=\"data:image\/png;base64,iVBORw0KGgoAAANSUhEUgAAEAAABCAQAAAC1HAwCAAAAC0lEQVR4nGP6zwAAAgcBApocMXEAAASUVORK5CYII=\" alt=\"App\" data-ep-gadget=\"{&quot;options&quot;:{&quot;width&quot;:560,&quot;height&quot;:315,&quot;provider&quot;:&quot;youtube&quot;,&quot;id&quot;:&quot;E7yZe808sso&quot;},&quot;alias&quot;:&quot;externalvideo&quot;,&quot;cartridge&quot;:&quot;externalcontent&quot;}\" \/><\/p>\n<p>&nbsp;<\/p>\n<p><img decoding=\"async\" class=\"ep-gadget epgadget-externalvideo\" style=\"max-width: 100%; display: block; margin-bottom: 10px; width: 201px; height: 111px;\" title=\"App\" src=\"data:image\/png;base64,iVBORw0KGgoAAANSUhEUgAAEAAABCAQAAAC1HAwCAAAAC0lEQVR4nGP6zwAAAgcBApocMXEAAASUVORK5CYII=\" alt=\"App\" data-ep-gadget=\"{&quot;options&quot;:{&quot;width&quot;:560,&quot;height&quot;:315,&quot;provider&quot;:&quot;youtube&quot;,&quot;id&quot;:&quot;3k0f2MPBKa4&quot;},&quot;alias&quot;:&quot;externalvideo&quot;,&quot;cartridge&quot;:&quot;externalcontent&quot;}\" \/><\/p>\n<p>&nbsp;<\/p>","protected":false},"excerpt":{"rendered":"<p>Controllo della pressione di sovralimentazione retrofit per i compressori Magnuson<\/p>","protected":false},"featured_media":68275017,"comment_status":"open","ping_status":"closed","template":"","meta":{"_acf_changed":false},"product_brand":[20098],"product_cat":[2509,4979,2529,1794,2508,2528,1792,2511,5158,2551,1795,2553,2552,2510,2554,2555,2556,2557,1513],"product_tag":[52,383,191,54,53,189,48,381,49,384,56,50,242,36,382,379,380,55,386,2455,86,385,378],"class_list":{"0":"post-68252734","1":"product","2":"type-product","3":"status-publish","4":"has-post-thumbnail","6":"product_brand-smoothboost","7":"product_cat-300c-57-2005-2010-kompressor","8":"product_cat-300c-57-2011-2023-kompressor","9":"product_cat-300c-61-kompressor","10":"product_cat-300c-64-kompressor","11":"product_cat-challenger-57-kompressor","12":"product_cat-challenger-61-kompressor","13":"product_cat-challenger-64-kompressor","14":"product_cat-charger-57-kompressor","15":"product_cat-charger-57-2011-2023-kompressor","16":"product_cat-charger-61-kompressor","17":"product_cat-charger-64-kompressor","18":"product_cat-durango-57-kompressor","19":"product_cat-durango-64-kompressor","20":"product_cat-magnum-57-kompressor","21":"product_cat-magnum-61-kompressor","22":"product_cat-grand-cherokee-57-2011-2021-kompressor","23":"product_cat-grand-cherokee-61-kompressor","24":"product_cat-grand-cherokee-64-kompressor","25":"product_cat-1500-57-2009-2018-classic-kompressor","26":"product_tag-300c","27":"product_tag-begrenzen","28":"product_tag-camaro","29":"product_tag-challenger","30":"product_tag-charger","31":"product_tag-chevrolet","32":"product_tag-chrysler","33":"product_tag-dampfrad","34":"product_tag-dodge","35":"product_tag-einstellen","36":"product_tag-grand-cherokee","37":"product_tag-jeep","38":"product_tag-kompressor","39":"product_tag-kraftwerk","40":"product_tag-ladedruck","41":"product_tag-ladedruckregelung","42":"product_tag-ladedruckregler","43":"product_tag-magnum","44":"product_tag-magnuson","45":"product_tag-mm5","46":"product_tag-ram","47":"product_tag-regeln","48":"product_tag-smoothboost","50":"first","51":"onbackorder","52":"taxable","53":"shipping-taxable","54":"purchasable","55":"product-type-simple"},"bundled_by":[],"bundle_stock_status":"onbackorder","bundle_stock_quantity":0,"bundle_virtual":false,"bundle_layout":"","bundle_add_to_cart_form_location":"","bundle_editable_in_cart":false,"bundle_sold_individually_context":"","bundle_item_grouping":"","bundle_min_size":"","bundle_max_size":"","bundle_price":[],"bundled_items":[],"bundle_sell_ids":[],"exclude_global_add_ons":[],"addons":[],"acf":[],"_links":{"self":[{"href":"https:\/\/kraftwerk-shop.cc\/it\/wp-json\/wp\/v2\/product\/68252734","targetHints":{"allow":["GET"]}}],"collection":[{"href":"https:\/\/kraftwerk-shop.cc\/it\/wp-json\/wp\/v2\/product"}],"about":[{"href":"https:\/\/kraftwerk-shop.cc\/it\/wp-json\/wp\/v2\/types\/product"}],"replies":[{"embeddable":true,"href":"https:\/\/kraftwerk-shop.cc\/it\/wp-json\/wp\/v2\/comments?post=68252734"}],"version-history":[{"count":0,"href":"https:\/\/kraftwerk-shop.cc\/it\/wp-json\/wp\/v2\/product\/68252734\/revisions"}],"wp:featuredmedia":[{"embeddable":true,"href":"https:\/\/kraftwerk-shop.cc\/it\/wp-json\/wp\/v2\/media\/68275017"}],"wp:attachment":[{"href":"https:\/\/kraftwerk-shop.cc\/it\/wp-json\/wp\/v2\/media?parent=68252734"}],"wp:term":[{"taxonomy":"product_brand","embeddable":true,"href":"https:\/\/kraftwerk-shop.cc\/it\/wp-json\/wp\/v2\/product_brand?post=68252734"},{"taxonomy":"product_cat","embeddable":true,"href":"https:\/\/kraftwerk-shop.cc\/it\/wp-json\/wp\/v2\/product_cat?post=68252734"},{"taxonomy":"product_tag","embeddable":true,"href":"https:\/\/kraftwerk-shop.cc\/it\/wp-json\/wp\/v2\/product_tag?post=68252734"}],"curies":[{"name":"wp","href":"https:\/\/api.w.org\/{rel}","templated":true}]}}