{"id":68252952,"date":"2021-09-17T12:54:16","date_gmt":"2021-09-17T12:54:16","guid":{"rendered":"https:\/\/kraftwerk-gruppe.de\/?post_type=product&#038;p=68252952"},"modified":"2026-02-15T00:03:11","modified_gmt":"2026-02-14T23:03:11","slug":"kit-compressore-whipple-ram-5-7-2013-2018","status":"publish","type":"product","link":"https:\/\/kraftwerk-shop.cc\/it\/produkt\/whipple-kompressorkit-ram-5-7-2013-2018\/","title":{"rendered":"Kit compressore Whipple RAM 5.7"},"content":{"rendered":"<h1>Il sistema di compressione pi\u00f9 grande, pi\u00f9 efficiente e pi\u00f9 potente per l'RAM 5.7 dal 2013 al 2018<\/h1>\n<p>&nbsp;<\/p>\n<p>Il sistema per il 5.7 RAM \u00e8 dotato del nuovo compressore di quarta generazione da 2,9 litri, di un massiccio sistema di intercooler ad alto flusso, di iniettori pi\u00f9 grandi, di un booster per la pompa del carburante MSD, di un sensore MAP a 2 bar, di connessioni plug-and-play, di tubi flessibili preassemblati e di tutto ci\u00f2 che serve per il funzionamento quotidiano con una pressione di sovralimentazione di 6,5 PSI (0,45 bar)*.<\/p>\n<p><span style=\"font-size: 14px;\">*Gli anni di modello 2015 e successivi richiedono un PCM attivato. Non incluso nella fornitura.<br \/>\n*La pressione di sovralimentazione serve come riferimento, i risultati possono variare.<\/span><\/p>\n<p><strong>Descrizione del<\/strong><\/p>\n<ul>\n<li>Non sono necessari ulteriori aggiornamenti<\/li>\n<li>Sovralimentatore bivite Whipple W175ax (2,9 litri) ad aspirazione frontale, che supera in modo significativo i sistemi della concorrenza a 1,9L e 2,3L<\/li>\n<li>Il compressore con ingresso anteriore utilizza ingranaggi elicoidali rettificati di precisione anzich\u00e9 una cinghia o un albero problematico attraverso l'ingresso, che comporterebbe una massiccia perdita di efficienza.<\/li>\n<li>L'apertura di ingresso circolare integrata Crusher\u2122 da 102 mm supera le aperture di ingresso pi\u00f9 piccole da 90 e 93 mm, come quelle di altri sistemi basati su Eaton<\/li>\n<li>Ingresso circolare Crusher\u2122 102 mm integrato per un corpo farfallato pi\u00f9 grande opzionale<\/li>\n<li>Il design consente un nucleo dell'intercooler sovradimensionato rispetto ad altri sistemi pi\u00f9 piccoli, permettendo a Whipple di ottenere temperature dell'aria di sovralimentazione pi\u00f9 basse.<\/li>\n<li>Il massiccio intercooler in alluminio aria-acqua fornisce un raffreddamento superiore a quello di qualsiasi altro sistema disponibile<\/li>\n<li>L'enorme serbatoio in alluminio per il liquido di raffreddamento dell'aria di sovralimentazione ha un volume pi\u00f9 che doppio rispetto a qualsiasi altro concorrente. Pi\u00f9 acqua - miglior raffreddamento - pi\u00f9 potenza<\/li>\n<li>Sistema dell'olio autosufficiente e sovradimensionato per ridurre notevolmente le temperature dell'olio anche nelle condizioni pi\u00f9 difficili<\/li>\n<li>Esclusiva combinazione di 3\u00d75 rotori per un significativo aumento del flusso d'aria sotto la curva rispetto alle meno efficienti combinazioni di 4\u00d76 rotori<\/li>\n<li>L'ingresso consente perdite di induzione inferiori rispetto ai sistemi di ingresso posteriori con curve a 180\u00b0.<\/li>\n<li>Porta di scarico centrale per una migliore distribuzione da cilindro a cilindro rispetto ad altri sistemi con adattatori a bullone assemblati e scarico rivolto in avanti<\/li>\n<li>Il design dello scarico consente una minore perdita di pressione, con conseguente aumento della potenza a livelli di pressione di sovralimentazione inferiori.<\/li>\n<li>Il design con montaggio dall'alto consente un funzionamento pi\u00f9 freddo<\/li>\n<li>Maggiore coppia al momento del \"kicking in\" rispetto a qualsiasi altro sistema di compressione comparabile<\/li>\n<li>Curva di coppia piatta per un'accelerazione incredibile<\/li>\n<li>Scambiatore di calore sovradimensionato per basse temperature dell'acqua nella zona di raffreddamento dell'aria di sovralimentazione<\/li>\n<li>Non sono necessarie modifiche al funzionamento interno del motore<\/li>\n<li>I kit di compressori sono forniti completi di tutte le parti e la ferramenta necessarie per l'installazione.<\/li>\n<li>Esclusivo vetro spia per un facile controllo del livello e della qualit\u00e0 dell'olio<\/li>\n<li>Cablaggio plug-and-play con connessioni a spina e a presa di corrente<\/li>\n<li>Sistema di filtraggio dell'aria ad alto flusso opzionale con filtro ad alto flusso<\/li>\n<li>Compresi gli ugelli di iniezione del carburante con portata elevata<\/li>\n<li>Collaudato sistema di cinghie a 6 nervature con sistema di deviazione regolabile per una facile sostituzione delle cinghie e varie configurazioni di pulegge<\/li>\n<li>Albero motore in acciaio inox con copertura in plastica (in opzione anche in fibra di carbonio) per una maggiore sicurezza<\/li>\n<li>Raccordi OEM a sgancio rapido per una facile installazione, senza raccordi in ottone o acciaio sul compressore<\/li>\n<li>Il colore standard \u00e8 il nero, altri colori sono disponibili su richiesta.<\/li>\n<li>Facilmente espandibile con filtri dell'aria di grandi dimensioni e valvole a farfalla pi\u00f9 grandi<\/li>\n<li>Le pulegge possono essere sostituite in pochi minuti<\/li>\n<li>Strumento flash con cui \u00e8 possibile programmare la centralina del motore e leggere e cancellare i dati dei sensori e i codici di errore<\/li>\n<\/ul>\n<p>&nbsp;<\/p>\n<p><strong>Adatto per:<\/strong><\/p>\n<table width=\"437\">\n<tbody>\n<tr>\n<td width=\"83\"><strong>Marchio<\/strong><\/td>\n<td width=\"122\"><strong>Modello<\/strong><\/td>\n<td width=\"136\"><strong>Motore<\/strong><\/td>\n<td width=\"96\"><strong>Anno di costruzione<\/strong><\/td>\n<\/tr>\n<tr>\n<td>RAM<\/td>\n<td>1500<\/td>\n<td>5.7<\/td>\n<td>2013 \u2013 2018<\/td>\n<\/tr>\n<\/tbody>\n<\/table>\n<p>&nbsp;<\/p>\n<p>&nbsp;<\/p>\n<p><strong>Informazioni su Whipple<\/strong><\/p>\n<p>Whipple Superchargers\u2122 \u00e8 stato un pioniere e un precursore dei compressori bivite dal 1987.<br \/>\nCon oltre 30 anni di esperienza in questi compressori, il team Whipple ha sviluppato i pi\u00f9 potenti sistemi di sovralimentazione a doppia vite raffreddati ad aria di carica oggi disponibili per i motori V8 Chrysler \/ Dodge \/ Jeep.<br \/>\nSia il sistema di livello 1 che quello di livello 2 sono dotati della tecnologia pi\u00f9 avanzata e offrono la possibilit\u00e0 di selezionare il livello di uscita desiderato.<br \/>\nIl nuovissimo sistema Whipple eroga una potenza superiore a qualsiasi altro sistema di compressione presente sul mercato.<br \/>\n\u00c8 completo di 100% ed \u00e8 stato sviluppato per i motori di serie, ma ha riserve sufficienti per ottenere risultati ancora migliori con motori fortemente modificati.<\/p>\n<p>&nbsp;<\/p>\n<p>&nbsp;<\/p>\n<p>&nbsp;<\/p>","protected":false},"excerpt":{"rendered":"<p>2013 \u2013 2018<\/p>","protected":false},"featured_media":68276002,"comment_status":"open","ping_status":"closed","template":"","meta":{"_acf_changed":false},"product_brand":[19061],"product_cat":[3024,1513],"product_tag":[91,49,3854,126,20273,242,244,243,36,86,246,233,245,376,6811],"class_list":{"0":"post-68252952","1":"product","2":"type-product","3":"status-publish","4":"has-post-thumbnail","6":"product_brand-whipple","7":"product_cat-nicht-nach-eu","8":"product_cat-1500-57-2009-2018-classic-kompressor","9":"product_tag-5-7","10":"product_tag-dodge","11":"product_tag-dodge-charger","12":"product_tag-hemi","13":"product_tag-keintuev","14":"product_tag-kompressor","15":"product_tag-kompressorkit","16":"product_tag-kompressorumbau","17":"product_tag-kraftwerk","18":"product_tag-ram","19":"product_tag-supercharger","20":"product_tag-tuning","21":"product_tag-umbaukit","22":"product_tag-whipple","23":"product_tag-whipple5","24":"product_shipping_class-spedition-1","26":"first","27":"outofstock","28":"taxable","29":"shipping-taxable","30":"purchasable","31":"product-type-simple"},"bundled_by":[],"bundle_stock_status":"outofstock","bundle_stock_quantity":0,"bundle_virtual":false,"bundle_layout":"","bundle_add_to_cart_form_location":"","bundle_editable_in_cart":false,"bundle_sold_individually_context":"","bundle_item_grouping":"","bundle_min_size":"","bundle_max_size":"","bundle_price":[],"bundled_items":[],"bundle_sell_ids":[],"exclude_global_add_ons":[],"addons":[],"acf":[],"_links":{"self":[{"href":"https:\/\/kraftwerk-shop.cc\/it\/wp-json\/wp\/v2\/product\/68252952","targetHints":{"allow":["GET"]}}],"collection":[{"href":"https:\/\/kraftwerk-shop.cc\/it\/wp-json\/wp\/v2\/product"}],"about":[{"href":"https:\/\/kraftwerk-shop.cc\/it\/wp-json\/wp\/v2\/types\/product"}],"replies":[{"embeddable":true,"href":"https:\/\/kraftwerk-shop.cc\/it\/wp-json\/wp\/v2\/comments?post=68252952"}],"version-history":[{"count":0,"href":"https:\/\/kraftwerk-shop.cc\/it\/wp-json\/wp\/v2\/product\/68252952\/revisions"}],"wp:featuredmedia":[{"embeddable":true,"href":"https:\/\/kraftwerk-shop.cc\/it\/wp-json\/wp\/v2\/media\/68276002"}],"wp:attachment":[{"href":"https:\/\/kraftwerk-shop.cc\/it\/wp-json\/wp\/v2\/media?parent=68252952"}],"wp:term":[{"taxonomy":"product_brand","embeddable":true,"href":"https:\/\/kraftwerk-shop.cc\/it\/wp-json\/wp\/v2\/product_brand?post=68252952"},{"taxonomy":"product_cat","embeddable":true,"href":"https:\/\/kraftwerk-shop.cc\/it\/wp-json\/wp\/v2\/product_cat?post=68252952"},{"taxonomy":"product_tag","embeddable":true,"href":"https:\/\/kraftwerk-shop.cc\/it\/wp-json\/wp\/v2\/product_tag?post=68252952"}],"curies":[{"name":"wp","href":"https:\/\/api.w.org\/{rel}","templated":true}]}}