{"id":68252982,"date":"2021-09-17T12:54:17","date_gmt":"2021-09-17T12:54:17","guid":{"rendered":"https:\/\/kraftwerk-gruppe.de\/?post_type=product&#038;p=68252982"},"modified":"2026-02-15T01:00:46","modified_gmt":"2026-02-15T00:00:46","slug":"kit-compressore-kraftwerks-camaro-l99","status":"publish","type":"product","link":"https:\/\/kraftwerk-shop.cc\/it\/produkt\/kraftwerks-camaro-l99-kompressorkit\/","title":{"rendered":"Kraftwerks Camaro Kit compressore L99"},"content":{"rendered":"<h1>Sistema completo di compressore Kraftwerks per Chevrolet Camaro L99 dal 2010 al 2015<\/h1>\n<p>&nbsp;<\/p>\n<p><strong>Il kit \u00e8 composto da:<\/strong><\/p>\n<ul>\n<li>Compressore centrifugo Rotrex C38-91 con lubrificazione ad olio separata dal motore<\/li>\n<li>Iniettori di carburante Grams Performance 550cc\/52lbs<\/li>\n<li>Intercooler (ingresso e uscita da 3 pollici - dimensioni 600 x 300 x 100 mm)<\/li>\n<li>Filtro dell'aria<\/li>\n<li>Tubi in alluminio<\/li>\n<li>Radiatore dell'olio per il compressore<\/li>\n<li>Filtro dell'olio per il compressore<\/li>\n<li>Valvola di bypass<\/li>\n<li>Staffe fresate a CNC<\/li>\n<li>Rulli di tensione<\/li>\n<li>Puleggia ATI Super Damper (finemente bilanciata)<\/li>\n<li>Cintura dentata<\/li>\n<li>Tendicinghia (regolabile)<\/li>\n<li>Tubi flessibili in silicone<\/li>\n<li>Fascette stringitubo<\/li>\n<li>Candele di accensione<\/li>\n<\/ul>\n<p>A differenza di altri sistemi che utilizzano una normale cinghia trapezoidale, la cinghia dentata impedisce lo slittamento della cinghia sotto carichi elevati.<\/p>\n<p>Poich\u00e9 il compressore non \u00e8 montato sul motore, ma accanto ad esso, le temperature dell'aria aspirata sono notevolmente inferiori rispetto ai sistemi montati sul motore. Ci\u00f2 significa che, a parit\u00e0 di pressione di sovralimentazione, \u00e8 possibile ottenere un maggiore incremento delle prestazioni.<\/p>\n<p>La pressione di sovralimentazione nella versione standard \u00e8 di circa 7 PSI (0,48 bar).<br \/>\nCon la puleggia dentata High Boost da 75 mm, la pressione di sovralimentazione pu\u00f2 essere aumentata di 2 PSI (opzione High Boost).<br \/>\nIn questo caso, sono necessari ugelli di iniezione pi\u00f9 grandi (750cc o 1000cc) e si consiglia anche una pompa della benzina pi\u00f9 potente.<br \/>\nQuesto non \u00e8 incluso nella fornitura.<\/p>","protected":false},"excerpt":{"rendered":"<p>2010 \u2013 2015<\/p>","protected":false},"featured_media":68278607,"comment_status":"open","ping_status":"closed","template":"","meta":{"_acf_changed":false},"product_brand":[19068],"product_cat":[1534,3024],"product_tag":[130,191,189,429,427,428,222,242,243,426,421,192,425,393,422,246,424,233,423],"class_list":{"0":"post-68252982","1":"product","2":"type-product","3":"status-publish","4":"has-post-thumbnail","6":"product_brand-kraftwerk","7":"product_cat-camaro-62-2010-2015-kompressor","8":"product_cat-nicht-nach-eu","9":"product_tag-automatik","10":"product_tag-camaro","11":"product_tag-chevrolet","12":"product_tag-deutschland","13":"product_tag-diablosport","14":"product_tag-intune","15":"product_tag-kit","16":"product_tag-kompressor","17":"product_tag-kompressorumbau","18":"product_tag-kompressorupgrade","19":"product_tag-kraftwerks","20":"product_tag-l99","21":"product_tag-ladeluftkuehler","22":"product_tag-leistungssteigerung","23":"product_tag-rotrex","24":"product_tag-supercharger","25":"product_tag-system","26":"product_tag-tuning","27":"product_tag-zentrifugal","28":"product_shipping_class-spedition-1","29":"pa_einspritzduesen-1000-cc","30":"pa_einspritzduesen-550-cc","31":"pa_einspritzduesen-750-cc","32":"pa_programmer-mit-intune","33":"pa_programmer-ohne-intune","34":"pa_pulley-high-boost-9-psi","35":"pa_pulley-standard-7-psi","37":"first","38":"onbackorder","39":"taxable","40":"shipping-taxable","41":"purchasable","42":"product-type-variable"},"bundled_by":[],"bundle_stock_status":"onbackorder","bundle_stock_quantity":0,"bundle_virtual":false,"bundle_layout":"","bundle_add_to_cart_form_location":"","bundle_editable_in_cart":false,"bundle_sold_individually_context":"","bundle_item_grouping":"","bundle_min_size":"","bundle_max_size":"","bundle_price":[],"bundled_items":[],"bundle_sell_ids":[],"exclude_global_add_ons":[],"addons":[],"acf":[],"_links":{"self":[{"href":"https:\/\/kraftwerk-shop.cc\/it\/wp-json\/wp\/v2\/product\/68252982","targetHints":{"allow":["GET"]}}],"collection":[{"href":"https:\/\/kraftwerk-shop.cc\/it\/wp-json\/wp\/v2\/product"}],"about":[{"href":"https:\/\/kraftwerk-shop.cc\/it\/wp-json\/wp\/v2\/types\/product"}],"replies":[{"embeddable":true,"href":"https:\/\/kraftwerk-shop.cc\/it\/wp-json\/wp\/v2\/comments?post=68252982"}],"version-history":[{"count":0,"href":"https:\/\/kraftwerk-shop.cc\/it\/wp-json\/wp\/v2\/product\/68252982\/revisions"}],"wp:featuredmedia":[{"embeddable":true,"href":"https:\/\/kraftwerk-shop.cc\/it\/wp-json\/wp\/v2\/media\/68278607"}],"wp:attachment":[{"href":"https:\/\/kraftwerk-shop.cc\/it\/wp-json\/wp\/v2\/media?parent=68252982"}],"wp:term":[{"taxonomy":"product_brand","embeddable":true,"href":"https:\/\/kraftwerk-shop.cc\/it\/wp-json\/wp\/v2\/product_brand?post=68252982"},{"taxonomy":"product_cat","embeddable":true,"href":"https:\/\/kraftwerk-shop.cc\/it\/wp-json\/wp\/v2\/product_cat?post=68252982"},{"taxonomy":"product_tag","embeddable":true,"href":"https:\/\/kraftwerk-shop.cc\/it\/wp-json\/wp\/v2\/product_tag?post=68252982"}],"curies":[{"name":"wp","href":"https:\/\/api.w.org\/{rel}","templated":true}]}}