{"id":68253006,"date":"2021-09-17T12:54:19","date_gmt":"2021-09-17T12:54:19","guid":{"rendered":"https:\/\/kraftwerk-gruppe.de\/?post_type=product&#038;p=68253006"},"modified":"2026-04-04T00:35:53","modified_gmt":"2026-04-03T22:35:53","slug":"tazer","status":"publish","type":"product","link":"https:\/\/kraftwerk-shop.cc\/it\/produkt\/tazer\/","title":{"rendered":"Programmatore Tazer Chrysler, Dodge e Jeep"},"content":{"rendered":"<h1>Dispositivo di programmazione Tazer per Chrysler 300C, Dodge Challenger, Charger, Durangu e Jeep Grand Cherokee<\/h1>\n<p><strong><br \/>\nAttivare le funzioni:<\/strong><\/p>\n<ul>\n<li>Attivare la modalit\u00e0 Sport del produttore (cambio a 5 e 8 velocit\u00e0. Anni di modello 2012 - 2017).<\/li>\n<li>Pagine SRT Performance nell'EVIC e nel sistema di navigazione (possibile solo con Uconnect 8.4 dal 2012 al 2017)<\/li>\n<li>Attivazione delle palette del cambio (in caso di conversione a un volante originale con palette)<\/li>\n<li>Attivare i fendinebbia (se installati ma non attivati)<\/li>\n<li>Attivare la telecamera di retromarcia (se montata a posteriori)<\/li>\n<li>Attivazione della spia di cambiata per i cambi manuali a 6 marce del 2015<\/li>\n<\/ul>\n<p><u><strong><br \/>\nFunzione di blocco della linea:<\/strong><\/u><\/p>\n<p>Premendo 2 pulsanti sul volante a veicolo fermo, i freni anteriori vengono bloccati tramite l'ABS e si pu\u00f2 eseguire un burnout semplice e controllato accelerando senza caricare i freni posteriori, come avviene sempre in un burnout \"normale\".<br \/>\nA differenza dei classici kit di bloccaggio delle linee, non sono necessari interventi di conversione sul veicolo o sull'impianto frenante.<\/p>\n<p><u><strong><br \/>\nSpettacolo di luci:\u00a0<\/strong><\/u><\/p>\n<p>Gli indicatori di direzione, i fari, i fendinebbia, le luci dei freni e le luci posteriori lampeggiano.<br \/>\nQuesta funzione \u00e8 prevista solo a scopo dimostrativo e funziona solo a veicolo fermo. Non pu\u00f2 essere attivata durante la guida.<\/p>\n<p><u><strong><br \/>\nImpugnatura del cambio al volante:<\/strong><\/u><\/p>\n<p>Questa funzione consente di cambiare marcia manualmente sul volante utilizzando i pulsanti Cruise +\/-, in modo simile alle palette del cambio.<br \/>\nPu\u00f2 essere acceso e spento in qualsiasi momento.<br \/>\n<u><\/u><\/p>\n<p>Cambio automatico:<\/p>\n<p>Impostare i propri punti di cambiata in modalit\u00e0 Autostick. Per poter utilizzare questa funzione, \u00e8 necessario attivare la modalit\u00e0 Sport (anni modello 2012-2014). Non per il cambio a 8 velocit\u00e0.<\/p>\n<p><u><strong><br \/>\nVisualizzazione della velocit\u00e0 massima:<\/strong><\/u><\/p>\n<p>Visualizza la velocit\u00e0 massima dopo ogni cambiata. Utile per la ricerca del punto di cambiata ideale (quando si impostano i valori di Auto Upshift).<br \/>\n<u><strong>Cronometro 0-30 mph e 0-60 mph:<\/strong><\/u><\/p>\n<p>Funziona anche con i modelli 2011 in cui non \u00e8 possibile attivare Performacne Pages.<\/p>\n<p><u><strong><br \/>\nForza la modalit\u00e0 AWD:<\/strong><\/u><\/p>\n<p>Con questa funzione, potete decidere voi stessi se il veicolo deve essere guidato come trazione posteriore o integrale, invece di lasciare che sia il veicolo stesso a regolare l'impostazione.<br \/>\nParticolarmente adatto alle derapate e alla pista.  Pu\u00f2 essere acceso e spento in qualsiasi momento.<br \/>\n<u><\/u><\/p>\n<p>Adattatori di reset:<\/p>\n<p>Questo pu\u00f2 essere utilizzato per reimpostare i valori di adattamento dell'unit\u00e0 di controllo del cambio.<\/p>\n<p><u><strong><br \/>\nESP completamente attivato\/disattivato:<\/strong><\/u><\/p>\n<p>Attivazione completa dell'ESP, ad esempio per la pista.<\/p>\n<p><span style=\"font-size: 16px;\"><span style=\"font-family: Helvetica, Arial, sans-serif; line-height: 16.8px;\">Il dispositivo pu\u00f2 essere aggiornato con il software scaricabile dalla porta USB.<\/span><\/span><\/p>\n<p>&nbsp;<\/p>\n<p><strong>Adatto per:<\/strong><\/p>\n<table border=\"0\" width=\"325\" cellspacing=\"0\" cellpadding=\"0\">\n<colgroup>\n<col \/>\n<col \/> <\/colgroup>\n<tbody>\n<tr>\n<td style=\"height: 20px; width: 216px;\" height=\"20\">Chrysler 300<\/td>\n<td style=\"width: 109px;\">2011 - 2023*<\/td>\n<\/tr>\n<tr>\n<td style=\"height: 20px;\" height=\"20\">Dodge Charger<\/td>\n<td>2011 - 2023*<\/td>\n<\/tr>\n<tr>\n<td style=\"height: 20px;\" height=\"20\">Dodge Challenger<\/td>\n<td>2015 - 2023*<\/td>\n<\/tr>\n<tr>\n<td style=\"height: 20px;\" height=\"20\">Dodge Durango<\/td>\n<td>2014 - 2024*<\/td>\n<\/tr>\n<tr>\n<td style=\"height: 20px;\" height=\"20\">Jeep Grand Cherokee<\/td>\n<td>2014 - 2023*<\/td>\n<\/tr>\n<\/tbody>\n<\/table>\n<p>* Modello 2018 e pi\u00f9 recente solo in combinazione con il cavo di bypass<\/p>\n<p>&nbsp;<\/p>\n<p><strong>Ambito di fornitura:<\/strong><\/p>\n<ul>\n<li>Dispositivo di programmazione del tazer<\/li>\n<\/ul>\n<p>&nbsp;<\/p>\n<p><u><strong>Importante:<\/strong><\/u> Tutte le modifiche sono funzioni gi\u00e0 disponibili nel veicolo ex works, ma non sempre attivate.<br \/>\nPoich\u00e9 le versioni del software dei veicoli sono diverse e talvolta vengono apportate modifiche nell'ambito degli aggiornamenti, non possiamo garantire che tutte le funzioni possano essere impostate\/attivate come descritto in ogni veicolo.<br \/>\nSe una funzione non \u00e8 stata memorizzata, non pu\u00f2 essere attivata.<\/p>\n<h3><\/h3>\n<h4>Siamo un rivenditore autorizzato Z-Automotive!<\/h4>\n<p>Z Automotive Technologies \u00e8 un'azienda statunitense specializzata in soluzioni di retrofit elettronico per veicoli Dodge, Jeep, RAM e Chrysler.<br \/>\nL'azienda sviluppa prodotti come il modulo Tazer per sbloccare le funzioni nascoste del veicolo, il BurnBox per le funzioni di blocco della linea e il kit AuxZiliary per ulteriori opzioni di controllo.<br \/>\nL'obiettivo \u00e8 estendere la funzionalit\u00e0 e la personalizzazione dei veicoli moderni senza compromettere i sistemi originali.<br \/>\nZ Automotive \u00e8 sinonimo di innovazione tecnica nel campo della programmazione e della personalizzazione dei veicoli.<\/p>\n<p>&nbsp;<\/p>","protected":false},"excerpt":{"rendered":"<p>Tazer Programmierger\u00e4t f\u00fcr Chrysler 300C, Dodge Challenger, Charger, Durangu und Jeep Grand Cherokee Aktivieren von Funktionen: Aktivieren des herstellerseitigen Sport-Modus<\/p>","protected":false},"featured_media":68284876,"comment_status":"open","ping_status":"closed","template":"","meta":{"_acf_changed":false},"product_brand":[17480],"product_cat":[1568,4984,1592,1673,1681,1697,1705,1608,5162,1632,1640,1649,1657,2718,1665,1737,1745,1753,1769,1777],"product_tag":[455,456,460,452,431,54,53,462,429,49,3853,3854,95,461,447,115,454,56,453,50,4425,441,36,450,451,457,445,449,448,444,459,446,463,443,442,464,470,2991,440,458],"class_list":{"0":"post-68253006","1":"product","2":"type-product","3":"status-publish","4":"has-post-thumbnail","6":"product_brand-z-automotive","7":"product_cat-300c-36-programmiergeraete","8":"product_cat-300c-57-2011-2023-programmiergeraete","9":"product_cat-300c-64-programmiergeraete","10":"product_cat-challenger-36-programmiergeraete","11":"product_cat-challenger-57-programmiergeraete","12":"product_cat-challenger-hellcat-programmiergeraete","13":"product_cat-challenger-64-programmiergeraete","14":"product_cat-charger-36-programmiergeraete","15":"product_cat-charger-57-2011-2023-programmiergeraete","16":"product_cat-charger-hellcat-programmiergeraete","17":"product_cat-charger-64-programmiergeraete","18":"product_cat-durango-36-programmiergeraete","19":"product_cat-durango-57-programmiergeraete","20":"product_cat-durango-hellcat-programmiergeraete","21":"product_cat-durango-64-programmiergeraete","22":"product_cat-grand-cherokee-30-diesel-programmiergeraete","23":"product_cat-grand-cherokee-36-programmiergeraete","24":"product_cat-grand-cherokee-57-2011-2021-programmiergeraete","25":"product_cat-trackhawk-programmiergeraete","26":"product_cat-grand-cherokee-64-programmiergeraete","27":"product_tag-adaption","28":"product_tag-adaptionswerte","29":"product_tag-aktivieren","30":"product_tag-allrad","31":"product_tag-burnout","32":"product_tag-challenger","33":"product_tag-charger","34":"product_tag-codieren","35":"product_tag-deutschland","36":"product_tag-dodge","37":"product_tag-dodge-challenger","38":"product_tag-dodge-charger","39":"product_tag-durango","40":"product_tag-einschalten","41":"product_tag-evic","42":"product_tag-getriebe","43":"product_tag-getriebesteuerung","44":"product_tag-grand-cherokee","45":"product_tag-heckantrieb","46":"product_tag-jeep","47":"product_tag-jeep-grand-cherokee","48":"product_tag-kaufen","49":"product_tag-kraftwerk","50":"product_tag-lenkradschaltung","51":"product_tag-line-lock","52":"product_tag-loeschen","53":"product_tag-nebelleuchten","54":"product_tag-paddle-shifter","55":"product_tag-paddles","56":"product_tag-performance-pages","57":"product_tag-programmieren","58":"product_tag-rueckfahrkamera","59":"product_tag-shop","60":"product_tag-sport-modus","61":"product_tag-tazer","62":"product_tag-webshop","63":"product_tag-z-auto","64":"product_tag-zauto","65":"product_tag-zautotech","66":"product_tag-zuruecksetzen","68":"first","69":"instock","70":"taxable","71":"shipping-taxable","72":"purchasable","73":"product-type-simple"},"bundled_by":[],"bundle_stock_status":"instock","bundle_stock_quantity":3,"bundle_virtual":false,"bundle_layout":"","bundle_add_to_cart_form_location":"","bundle_editable_in_cart":false,"bundle_sold_individually_context":"","bundle_item_grouping":"","bundle_min_size":"","bundle_max_size":"","bundle_price":[],"bundled_items":[],"bundle_sell_ids":[],"exclude_global_add_ons":[],"addons":[],"acf":[],"_links":{"self":[{"href":"https:\/\/kraftwerk-shop.cc\/it\/wp-json\/wp\/v2\/product\/68253006","targetHints":{"allow":["GET"]}}],"collection":[{"href":"https:\/\/kraftwerk-shop.cc\/it\/wp-json\/wp\/v2\/product"}],"about":[{"href":"https:\/\/kraftwerk-shop.cc\/it\/wp-json\/wp\/v2\/types\/product"}],"replies":[{"embeddable":true,"href":"https:\/\/kraftwerk-shop.cc\/it\/wp-json\/wp\/v2\/comments?post=68253006"}],"version-history":[{"count":0,"href":"https:\/\/kraftwerk-shop.cc\/it\/wp-json\/wp\/v2\/product\/68253006\/revisions"}],"wp:featuredmedia":[{"embeddable":true,"href":"https:\/\/kraftwerk-shop.cc\/it\/wp-json\/wp\/v2\/media\/68284876"}],"wp:attachment":[{"href":"https:\/\/kraftwerk-shop.cc\/it\/wp-json\/wp\/v2\/media?parent=68253006"}],"wp:term":[{"taxonomy":"product_brand","embeddable":true,"href":"https:\/\/kraftwerk-shop.cc\/it\/wp-json\/wp\/v2\/product_brand?post=68253006"},{"taxonomy":"product_cat","embeddable":true,"href":"https:\/\/kraftwerk-shop.cc\/it\/wp-json\/wp\/v2\/product_cat?post=68253006"},{"taxonomy":"product_tag","embeddable":true,"href":"https:\/\/kraftwerk-shop.cc\/it\/wp-json\/wp\/v2\/product_tag?post=68253006"}],"curies":[{"name":"wp","href":"https:\/\/api.w.org\/{rel}","templated":true}]}}