{"id":68253024,"date":"2021-09-17T12:54:21","date_gmt":"2021-09-17T12:54:21","guid":{"rendered":"https:\/\/kraftwerk-gruppe.de\/?post_type=product&#038;p=68253024"},"modified":"2026-04-16T10:46:31","modified_gmt":"2026-04-16T08:46:31","slug":"tazer-ram-dt","status":"publish","type":"product","link":"https:\/\/kraftwerk-shop.cc\/it\/produkt\/tazer-ram-dt\/","title":{"rendered":"Dispositivo di programmazione Tazer RAM DT"},"content":{"rendered":"<h1>Dispositivo di programmazione Tazer DT per RAM 1500 DT dal 2019 al 2024<\/h1>\n<p>&nbsp;<\/p>\n<p>Installazione semplice e plug-in: basta rimuovere il modulo SGW e inserire al suo posto il Tazer DT Mini.<\/p>\n<p>Esistono due tipi di funzioni: quelle che vengono salvate in modo permanente dopo la programmazione e le funzioni \"live\".<\/p>\n<p>Tutte queste funzioni sono accessibili tramite il quadro strumenti, utilizzando i pulsanti del volante per navigare tra i menu.<\/p>\n<p>&nbsp;<\/p>\n<p>Non appena il Tazer \u00e8 \"sposato\" con la Ram, \u00e8 possibile accedere ai seguenti menu. Quando il Tazer DT non \u00e8 pi\u00f9 abbinato al veicolo, le impostazioni sono nuovamente disponibili:<\/p>\n<p>&nbsp;<\/p>\n<p><strong>Men\u00f9 di perfezionamento:<\/strong><\/p>\n<ul>\n<li>Impostazione per misure alternative di pneumatici fino a 41\u2033.<br \/>\nI veicoli del 2020 e pi\u00f9 recenti hanno una dimensione massima degli pneumatici di 35\u2033, oltre la quale il ParkSense si disattiva. Si tratta di un limite fisso.<\/li>\n<li>Impostazione per rapporti d'asse alternativi<\/li>\n<li>Adattamento per un rapporto di gamma LO del transfer case alternativo<\/li>\n<\/ul>\n<p>&nbsp;<\/p>\n<p><strong>Menu TPMS:<\/strong><\/p>\n<ul>\n<li>Disattivare il sistema TPMS, se lo si desidera<\/li>\n<li>Modifica dell'avviso TPMS anteriore\/posteriore per la pressione dei pneumatici<\/li>\n<\/ul>\n<p>&nbsp;<\/p>\n<p><strong>Menu radio:<\/strong><\/p>\n<ul>\n<li>Disattivare la telecamera di retromarcia<\/li>\n<li>Attivazione di diversi ingressi della telecamera<\/li>\n<li>Attivazione dell'ingresso audio CD<\/li>\n<li>Disattivare TravelLink (compresi gli avvisi meteo)<\/li>\n<\/ul>\n<p>&nbsp;<\/p>\n<p><strong>Menu illuminazione:<\/strong><\/p>\n<ul>\n<li>Modifica della posizione delle luci diurne<\/li>\n<li>Disattivazione dello spegnimento delle luci diurne quando lampeggiano<\/li>\n<li>Attivare l'uscita dei fendinebbia<\/li>\n<li>Disattivare la disattivazione dei fendinebbia<\/li>\n<li>Disattivare il cambio di traccia con un solo tocco<\/li>\n<li>Disattivare Halo<\/li>\n<li>Impostazione del tipo di luce del 3\u00b0 freno a LED<\/li>\n<li>Impostazione del tipo di fendinebbia a LED<\/li>\n<li>Impostazione del tipo di luce posteriore a LED<\/li>\n<li>Impostazione del tipo di indicatore frontale a LED<\/li>\n<li>Regolazione della presa di traino del rimorchio per l'utilizzo del kit Mopar<\/li>\n<\/ul>\n<p>&nbsp;<\/p>\n<p><strong>Altro menu:<\/strong><\/p>\n<ul>\n<li>Disattivare\/attivare i bloccaggi anteriori e posteriori (per la sostituzione dell'assale su Powerwagon)<\/li>\n<li>Attivazione delle impostazioni dell'interruttore Aux sulla radio<\/li>\n<li>Attivare l'assistente per gli angoli ciechi (sono necessari i sensori)<\/li>\n<li>Modifica dello splash screen per diversi modelli di ram<\/li>\n<li>Attivazione\/disattivazione del tasto PANIC sul telecomando<\/li>\n<\/ul>\n<p>&nbsp;<\/p>\n<p><strong>Funzioni live:<\/strong><\/p>\n<ul>\n<li>Lightshow: pu\u00f2 essere richiamato tramite il portachiavi o il menu sullo schermo. Sono inclusi 6 spettacoli di luce preimpostati e 3 spettacoli personalizzati.<br \/>\nImpostati in fabbrica in modo che funzionino solo quando sono parcheggiati, ma possono essere sbloccati per l'uso fuori strada, le parate e le emergenze.<\/li>\n<li>Specchietti retrovisori automatici ripiegabili elettricamente - gli specchietti si ripiegano all'interno e all'esterno quando l'accensione \u00e8 inserita\/disinserita<\/li>\n<li>Comando su\/gi\u00f9 dei finestrini anteriori dal portachiavi<\/li>\n<li>Disattivare il blocco della navigazione durante la guida - Inserire gli indirizzi mentre il veicolo \u00e8 in movimento<\/li>\n<li>Disattivare il blocco della telecamera - utilizzare la telecamera di riserva e\/o una telecamera aggiuntiva a qualsiasi velocit\u00e0 e per qualsiasi periodo di tempo<\/li>\n<li>Auto Traction Kill - memorizza l'ultimo stato del controllo di trazione e lo imposta all'avvio.<\/li>\n<li>Auto StopStart Disable - Memorizza l'ultimo stato del sistema ESS e lo imposta all'avvio.<\/li>\n<li>Modalit\u00e0 di traino automatico: ricorda l'ultimo stato della modalit\u00e0 di traino e lo imposta all'avvio.<\/li>\n<li>TurnCAM - pu\u00f2 attivare una telecamera di backup quando si usano gli indicatori di direzione<\/li>\n<li>Timer 0-30 e 0-60<\/li>\n<li>Modalit\u00e0 di raffreddamento: fa funzionare la ventola del motore quando la ram \u00e8 spenta per favorire il raffreddamento.<\/li>\n<li>Modalit\u00e0 verricello - aumenta il regime del minimo a 2000 giri\/min. quando si utilizza il verricello o si bypassa (jump-start) un altro veicolo.<\/li>\n<li>Blocco della linea: pu\u00f2 bloccare i freni anteriori per i burnout<\/li>\n<li>Rock Crawl: pu\u00f2 bloccare tutti e quattro i freni premendo i pulsanti del volante per mantenere il veicolo fermo, particolarmente utile in fuoristrada.<\/li>\n<li>Assegnazione dei pulsanti: utilizzare i pulsanti su, gi\u00f9 e destra del cruise control per accedere rapidamente ad alcune funzioni del Tazer DT quando il cruise control \u00e8 spento.<\/li>\n<li>Azzeramento della spia motore \/ memoria guasti<\/li>\n<\/ul>\n<p>&nbsp;<\/p>\n<p>Aggiornamenti USB gratuiti da parte del produttore.<\/p>\n<p>&nbsp;<\/p>\n<p><u><strong>Adatto per:<\/strong><\/u><\/p>\n<table width=\"421\">\n<tbody>\n<tr>\n<td width=\"158\">RAM<\/td>\n<td width=\"117\">1500<\/td>\n<td width=\"146\">2019 \u2013 2024<\/td>\n<\/tr>\n<tr>\n<td>RAM<\/td>\n<td>TRX<\/td>\n<td>2021 \u2013 2024<\/td>\n<\/tr>\n<\/tbody>\n<\/table>\n<p>&nbsp;<\/p>\n<p><u><strong>Importante: <\/strong><\/u>Tutte le modifiche sono funzioni gi\u00e0 disponibili nel veicolo, ma non sempre attivate.<br \/>\nPoich\u00e9 le versioni del software dei veicoli sono diverse e talvolta vengono apportate modifiche nell'ambito degli aggiornamenti, non possiamo garantire che tutte le funzioni possano essere impostate\/attivate come descritto in ogni veicolo.<br \/>\nSe una funzione non \u00e8 stata memorizzata, non pu\u00f2 essere attivata.<\/p>\n<h3>Siamo un rivenditore autorizzato Z-Automotive!<\/h3>\n<p>&nbsp;<\/p>","protected":false},"excerpt":{"rendered":"<p>2019 \u2013 2024<\/p>","protected":false},"featured_media":68284874,"comment_status":"open","ping_status":"closed","template":"","meta":{"_acf_changed":false},"product_brand":[17480],"product_cat":[19417,19690,5020,2705],"product_tag":[475,419,420,2066,455,456,460,452,431,462,429,49,476,461,447,115,454,453,441,36,450,451,457,445,449,448,444,459,86,446,463,443,442,2353,464,470,2991,440,458],"class_list":{"0":"post-68253024","1":"product","2":"type-product","3":"status-publish","4":"has-post-thumbnail","6":"product_brand-z-automotive","7":"product_cat-1500-ecodiesel-2020-2023-programmiergeraete","8":"product_cat-1500-36-dt-programmiergeraete","9":"product_cat-1500-57-dt-programmiergeraete","10":"product_cat-trx-programmiergeraete","11":"product_tag-475","12":"product_tag-419","13":"product_tag-420","14":"product_tag-2066","15":"product_tag-adaption","16":"product_tag-adaptionswerte","17":"product_tag-aktivieren","18":"product_tag-allrad","19":"product_tag-burnout","20":"product_tag-codieren","21":"product_tag-deutschland","22":"product_tag-dodge","23":"product_tag-dt","24":"product_tag-einschalten","25":"product_tag-evic","26":"product_tag-getriebe","27":"product_tag-getriebesteuerung","28":"product_tag-heckantrieb","29":"product_tag-kaufen","30":"product_tag-kraftwerk","31":"product_tag-lenkradschaltung","32":"product_tag-line-lock","33":"product_tag-loeschen","34":"product_tag-nebelleuchten","35":"product_tag-paddle-shifter","36":"product_tag-paddles","37":"product_tag-performance-pages","38":"product_tag-programmieren","39":"product_tag-ram","40":"product_tag-rueckfahrkamera","41":"product_tag-shop","42":"product_tag-sport-modus","43":"product_tag-tazer","44":"product_tag-trx","45":"product_tag-webshop","46":"product_tag-z-auto","47":"product_tag-zauto","48":"product_tag-zautotech","49":"product_tag-zuruecksetzen","50":"product_shipping_class-deutschlandohne","52":"first","53":"instock","54":"taxable","55":"shipping-taxable","56":"purchasable","57":"product-type-simple"},"bundled_by":[],"bundle_stock_status":"instock","bundle_stock_quantity":2,"bundle_virtual":false,"bundle_layout":"","bundle_add_to_cart_form_location":"","bundle_editable_in_cart":false,"bundle_sold_individually_context":"","bundle_item_grouping":"","bundle_min_size":"","bundle_max_size":"","bundle_price":[],"bundled_items":[],"bundle_sell_ids":[],"exclude_global_add_ons":[],"addons":[],"acf":[],"_links":{"self":[{"href":"https:\/\/kraftwerk-shop.cc\/it\/wp-json\/wp\/v2\/product\/68253024","targetHints":{"allow":["GET"]}}],"collection":[{"href":"https:\/\/kraftwerk-shop.cc\/it\/wp-json\/wp\/v2\/product"}],"about":[{"href":"https:\/\/kraftwerk-shop.cc\/it\/wp-json\/wp\/v2\/types\/product"}],"replies":[{"embeddable":true,"href":"https:\/\/kraftwerk-shop.cc\/it\/wp-json\/wp\/v2\/comments?post=68253024"}],"version-history":[{"count":0,"href":"https:\/\/kraftwerk-shop.cc\/it\/wp-json\/wp\/v2\/product\/68253024\/revisions"}],"wp:featuredmedia":[{"embeddable":true,"href":"https:\/\/kraftwerk-shop.cc\/it\/wp-json\/wp\/v2\/media\/68284874"}],"wp:attachment":[{"href":"https:\/\/kraftwerk-shop.cc\/it\/wp-json\/wp\/v2\/media?parent=68253024"}],"wp:term":[{"taxonomy":"product_brand","embeddable":true,"href":"https:\/\/kraftwerk-shop.cc\/it\/wp-json\/wp\/v2\/product_brand?post=68253024"},{"taxonomy":"product_cat","embeddable":true,"href":"https:\/\/kraftwerk-shop.cc\/it\/wp-json\/wp\/v2\/product_cat?post=68253024"},{"taxonomy":"product_tag","embeddable":true,"href":"https:\/\/kraftwerk-shop.cc\/it\/wp-json\/wp\/v2\/product_tag?post=68253024"}],"curies":[{"name":"wp","href":"https:\/\/api.w.org\/{rel}","templated":true}]}}