{"id":68253026,"date":"2021-09-17T12:54:44","date_gmt":"2021-09-17T12:54:44","guid":{"rendered":"https:\/\/kraftwerk-gruppe.de\/?post_type=product&#038;p=68253026"},"modified":"2026-04-04T00:35:43","modified_gmt":"2026-04-03T22:35:43","slug":"tazer-ram-ds","status":"publish","type":"product","link":"https:\/\/kraftwerk-shop.cc\/it\/produkt\/tazer-ram-ds\/","title":{"rendered":"Dispositivo di programmazione Tazer RAM"},"content":{"rendered":"<h1>Dispositivo di programmazione Tazer per RAM 5.7 dal 2013 al 2018 e Classic dal 2019 al 2021<\/h1>\n<p>&nbsp;<\/p>\n<p>Funziona con tutte le varianti di motore, compreso quello diesel.<br \/>\nIl veicolo deve essere dotato di un tachimetro con un display pi\u00f9 grande, in cui possono essere visualizzate, ad esempio, le stazioni radio o con un display colorato.<\/p>\n<p>Per il nuovo RAM DT a partire dal modello 2019, la <a href=\"https:\/\/kraftwerk-shop.cc\/it\/prodotto\/tazer-dt-unlocker-line-lock-kit-elektronisches-line-lock-modul-fur-ram-2019-2020\/\">Tazer DT.<\/a><br \/>\nInstallazione semplice e collegabile.<\/p>\n<p>Esistono due tipi di funzioni: quelle che vengono salvate in modo permanente dopo la programmazione e le funzioni \"live\".<\/p>\n<p>Tutte queste funzioni sono accessibili tramite il quadro strumenti, utilizzando i pulsanti del volante per navigare tra i menu.<\/p>\n<p>Non appena il Tazer \u00e8 \"sposato\" con la Ram, \u00e8 possibile accedere ai seguenti menu. Quando il Tazer DT non \u00e8 pi\u00f9 abbinato al veicolo, le impostazioni sono nuovamente disponibili:<\/p>\n<p>Il Tazer RAM \u00e8 un dispositivo plug-in che consente di modificare le impostazioni del veicolo e fornisce alcune funzioni aggiuntive non disponibili ex fabbrica.  Funziona su tutte le varianti di motore, compreso il motore diesel.  Richiede il quadro del tachimetro, che \u00e8 in grado di visualizzare le informazioni sulle stazioni radio - solo i vecchi modelli base possono avere il quadro, che non \u00e8 in grado di farlo.  Funzionano tutti i display a colori.<\/p>\n<p>Le funzioni del Taser-RAM possono essere suddivise in due categorie:<\/p>\n<p>- Impostazioni del veicolo: si tratta di modifiche apportate al veicolo per adattare le modifiche al veicolo o per attivare o \"sbloccare\" funzioni tecnicamente disponibili ma disattivate dalla fabbrica, normalmente riservate a un livello di allestimento o a un pacchetto superiore per quel tipo di veicolo. Queste modifiche sono efficaci anche dopo la rimozione del Tazer-RAM.<\/p>\n<p>- Funzioni live - sono funzioni che il Tazer RAM esegue sotto tensione solo quando \u00e8 collegato alla porta OBD2.<\/p>\n<p>&nbsp;<\/p>\n<p><strong>Impostazioni del veicolo:<\/strong><\/p>\n<ul>\n<li>Calibrazione del tachimetro per pneumatici di dimensioni diverse da quelle di fabbrica<\/li>\n<li>Configurare il veicolo per un rapporto d'asse diverso<\/li>\n<li>Pu\u00f2 disattivare gli avvisi del sistema di monitoraggio della pressione degli pneumatici o modificare le impostazioni dei PSI*.<\/li>\n<li>Pu\u00f2 attivare\/disattivare le luci di marcia diurna e l'utente pu\u00f2 selezionare le luci da utilizzare (a seconda dell'applicazione)<\/li>\n<li>Pu\u00f2 consentire l'aggiunta di fendinebbia di serie<\/li>\n<li>Pu\u00f2 supportare luci a LED<\/li>\n<li>Pu\u00f2 disattivare la disattivazione dei fendinebbia (lascia accesi contemporaneamente gli abbaglianti e gli anabbaglianti e i fendinebbia quando lampeggiano)<\/li>\n<li>Consente di aggiungere una telecamera di backup montata in fabbrica e una telecamera anteriore aftermarket*.<\/li>\n<li>SiriusXM Travellink pu\u00f2 disattivare gli avvisi sul traffico e sul meteo?<\/li>\n<li>Pu\u00f2 attivare il video\/audio ausiliario per la telecamera anteriore e\/o una sorgente video esterna (i modelli 2018 possono attivare solo l'ingresso della telecamera di carico).<\/li>\n<li>Pu\u00f2 attivare i pulsanti ausiliari di fabbrica, supportare l'aggiunta di specchietti retrovisori ripiegabili elettricamente e altro ancora.<\/li>\n<li>One-Touch-Return-to-Stock - La rapida funzione \"unmarry\" riporta tutte le impostazioni del veicolo allo stato originale. Non \u00e8 necessario ricordare o annotare le impostazioni originali se non si ripristina tutto prima di una visita in officina.<\/li>\n<\/ul>\n<p>&nbsp;<\/p>\n<p><strong>Funzioni live:<\/strong><\/p>\n<ul>\n<li>AutoFold - pu\u00f2 estendere e ritrarre automaticamente gli specchietti retrovisori ripiegabili elettricamente all'accensione e allo spegnimento del veicolo.<\/li>\n<li>Alzacristalli da Keyfob - pu\u00f2 aprire e chiudere gli alzacristalli elettrici con la chiave del telecomando<\/li>\n<li>Blocco della linea - Utilizza gli attuatori dell'ABS per bloccare le ruote anteriori quando si vuole fare un burnout in pista o per puro divertimento<\/li>\n<li>Pu\u00f2 attivare l'inserimento di indirizzi di navigazione durante la guida<\/li>\n<li>Modalit\u00e0 Lightshow - 6 spettacoli luminosi preimpostati e 3 personalizzati con tutte le luci esterne lampeggianti. Perfetto per gli spettacoli automobilistici. Controllabile tramite il portachiavi o i pulsanti al volante. Pu\u00f2 essere attivata per l'uso in parate, per la guida fuoristrada e per i servizi di polizia\/emergenza.<\/li>\n<li>Modalit\u00e0 Cooldown: attiva le ventole del motore quando l'accensione \u00e8 inserita e il motore non \u00e8 in funzione.<\/li>\n<li>Modalit\u00e0 verricello: porta temporaneamente il motore a 2000 giri\/min quando \u00e8 al minimo, ad esempio in modalit\u00e0 verricello o quando si avvia un altro veicolo.<\/li>\n<li>Spoof4Lo: aumenta il minimo e il punto di cambiata<\/li>\n<li>Azzeramento delle CEL: azzeramento della spia del motore di controllo, cancellazione della memoria dei guasti.<\/li>\n<li>Disattivare completamente il controllo ESP\/trazione tenendo premuto il pulsante ESP.<\/li>\n<li>Timer da 0 a 30 e da 0 a 60 - Visualizza i tempi 0-30 o 0-60 sul display dell'EVIC.<\/li>\n<li>Aggiornamenti del firmware - il nuovo firmware \u00e8 disponibile regolarmente, sempre gratuitamente, ed \u00e8 pubblicato sul sito web di Z Automotive. Utilizzare il programma di programmazione ZPU.<\/li>\n<\/ul>\n<p>&nbsp;<\/p>\n<p>*L'impostazione del TPMS richiede un aggiornamento presso il concessionario affinch\u00e9 il veicolo riconosca la modifica. La disattivazione totale del sistema TPMS e lo spegnimento del simbolo di avvertimento NON richiedono una visita al concessionario.<\/p>\n<p>&nbsp;<\/p>\n<p><strong>Adatto per:<\/strong><u><\/u><\/p>\n<table width=\"421\">\n<tbody>\n<tr>\n<td width=\"158\">RAM<\/td>\n<td width=\"117\">1500<\/td>\n<td width=\"146\">2013 \u2013 2018<\/td>\n<\/tr>\n<tr>\n<td>RAM<\/td>\n<td>1500 Classic<\/td>\n<td>2019 - 2021<\/td>\n<\/tr>\n<tr>\n<td>RAM<\/td>\n<td>2500<\/td>\n<td>2013 \u2013 2021<\/td>\n<\/tr>\n<tr>\n<td>RAM<\/td>\n<td>3500<\/td>\n<td>2013 \u2013 2021<\/td>\n<\/tr>\n<\/tbody>\n<\/table>\n<p>Anno di modello 2018 e successivi: a causa di un nuovo modulo di sicurezza, \u00e8 previsto un supplemento di <a href=\"https:\/\/kraftwerk-shop.cc\/it\/prodotto\/cavo-di-bypass-obd-t-lungo\/\" target=\"_blank\" rel=\"noopener\">Cablaggio a T di bypass <\/a>richiesto.<\/p>\n<p>&nbsp;<\/p>\n<p><u><strong>Importante: <\/strong><\/u>Tutte le modifiche sono funzioni gi\u00e0 disponibili nel veicolo, ma non sempre attivate.<br \/>\nPoich\u00e9 le versioni del software dei veicoli sono diverse e talvolta vengono apportate modifiche nell'ambito degli aggiornamenti, non possiamo garantire che tutte le funzioni possano essere impostate\/attivate come descritto in ogni veicolo.<br \/>\nSe una funzione non \u00e8 stata memorizzata, non pu\u00f2 essere attivata.<\/p>\n<h3>Siamo un rivenditore autorizzato Z-Automotive!<\/h3>","protected":false},"excerpt":{"rendered":"<p>2013 - 2019<\/p>","protected":false},"featured_media":68284882,"comment_status":"open","ping_status":"closed","template":"","meta":{"_acf_changed":false},"product_brand":[17480],"product_cat":[4241,4760,1518],"product_tag":[475,455,456,460,452,431,2219,462,429,49,477,461,447,115,454,453,441,36,450,451,457,445,449,448,444,459,86,446,463,443,442,464,470,2991,440,458],"class_list":{"0":"post-68253026","1":"product","2":"type-product","3":"status-publish","4":"has-post-thumbnail","6":"product_brand-z-automotive","7":"product_cat-1500-ecodiesel-programmiergeraete","8":"product_cat-1500-36-programmiergeraete","9":"product_cat-1500-57-2009-2018-classic-programmiergeraete","10":"product_tag-475","11":"product_tag-adaption","12":"product_tag-adaptionswerte","13":"product_tag-aktivieren","14":"product_tag-allrad","15":"product_tag-burnout","16":"product_tag-classic","17":"product_tag-codieren","18":"product_tag-deutschland","19":"product_tag-dodge","20":"product_tag-ds","21":"product_tag-einschalten","22":"product_tag-evic","23":"product_tag-getriebe","24":"product_tag-getriebesteuerung","25":"product_tag-heckantrieb","26":"product_tag-kaufen","27":"product_tag-kraftwerk","28":"product_tag-lenkradschaltung","29":"product_tag-line-lock","30":"product_tag-loeschen","31":"product_tag-nebelleuchten","32":"product_tag-paddle-shifter","33":"product_tag-paddles","34":"product_tag-performance-pages","35":"product_tag-programmieren","36":"product_tag-ram","37":"product_tag-rueckfahrkamera","38":"product_tag-shop","39":"product_tag-sport-modus","40":"product_tag-tazer","41":"product_tag-webshop","42":"product_tag-z-auto","43":"product_tag-zauto","44":"product_tag-zautotech","45":"product_tag-zuruecksetzen","47":"first","48":"instock","49":"taxable","50":"shipping-taxable","51":"purchasable","52":"product-type-simple"},"bundled_by":[],"bundle_stock_status":"instock","bundle_stock_quantity":1,"bundle_virtual":false,"bundle_layout":"","bundle_add_to_cart_form_location":"","bundle_editable_in_cart":false,"bundle_sold_individually_context":"","bundle_item_grouping":"","bundle_min_size":"","bundle_max_size":"","bundle_price":[],"bundled_items":[],"bundle_sell_ids":[],"exclude_global_add_ons":[],"addons":[],"acf":[],"_links":{"self":[{"href":"https:\/\/kraftwerk-shop.cc\/it\/wp-json\/wp\/v2\/product\/68253026","targetHints":{"allow":["GET"]}}],"collection":[{"href":"https:\/\/kraftwerk-shop.cc\/it\/wp-json\/wp\/v2\/product"}],"about":[{"href":"https:\/\/kraftwerk-shop.cc\/it\/wp-json\/wp\/v2\/types\/product"}],"replies":[{"embeddable":true,"href":"https:\/\/kraftwerk-shop.cc\/it\/wp-json\/wp\/v2\/comments?post=68253026"}],"version-history":[{"count":0,"href":"https:\/\/kraftwerk-shop.cc\/it\/wp-json\/wp\/v2\/product\/68253026\/revisions"}],"wp:featuredmedia":[{"embeddable":true,"href":"https:\/\/kraftwerk-shop.cc\/it\/wp-json\/wp\/v2\/media\/68284882"}],"wp:attachment":[{"href":"https:\/\/kraftwerk-shop.cc\/it\/wp-json\/wp\/v2\/media?parent=68253026"}],"wp:term":[{"taxonomy":"product_brand","embeddable":true,"href":"https:\/\/kraftwerk-shop.cc\/it\/wp-json\/wp\/v2\/product_brand?post=68253026"},{"taxonomy":"product_cat","embeddable":true,"href":"https:\/\/kraftwerk-shop.cc\/it\/wp-json\/wp\/v2\/product_cat?post=68253026"},{"taxonomy":"product_tag","embeddable":true,"href":"https:\/\/kraftwerk-shop.cc\/it\/wp-json\/wp\/v2\/product_tag?post=68253026"}],"curies":[{"name":"wp","href":"https:\/\/api.w.org\/{rel}","templated":true}]}}