{"id":68253165,"date":"2021-09-17T12:55:00","date_gmt":"2021-09-17T12:55:00","guid":{"rendered":"https:\/\/kraftwerk-gruppe.de\/?post_type=product&#038;p=68253165"},"modified":"2026-02-15T00:01:28","modified_gmt":"2026-02-14T23:01:28","slug":"catalizzatori-sportivi-61-64","status":"publish","type":"product","link":"https:\/\/kraftwerk-shop.cc\/it\/produkt\/sportkatalysatoren-61-64\/","title":{"rendered":"Convertitori catalitici sportivi Magnaflow 6.1 e 6.4 SRT"},"content":{"rendered":"<h1>Convertitori catalitici sportivi pronti per il collegamento per i motori 6.1 e 6.4 SRT8, diametro del tubo di 3 pollici<\/h1>\n<p>&nbsp;<\/p>\n<p>Ideale come complemento agli impianti di scarico sportivi.<\/p>\n<p>Pressione dinamica pi\u00f9 bassa, pi\u00f9 potenza, pi\u00f9 coppia, suono pi\u00f9 sportivo.<br \/>\nI tubi hanno un diametro di 3\u2033 (76,2 mm).<\/p>\n<p>&nbsp;<\/p>\n<p><strong>Adatto per:<\/strong><\/p>\n<table width=\"421\">\n<tbody>\n<tr>\n<td width=\"158\">Chrysler<\/td>\n<td width=\"117\">300C<\/td>\n<td width=\"146\">6.1, 6.4<\/td>\n<\/tr>\n<tr>\n<td>Dodge<\/td>\n<td>Challenger<\/td>\n<td>6.1, 6.4<\/td>\n<\/tr>\n<tr>\n<td>Dodge<\/td>\n<td>Charger<\/td>\n<td>6.1, 6.4<\/td>\n<\/tr>\n<tr>\n<td>Dodge<\/td>\n<td>Magnum<\/td>\n<td>6.1<\/td>\n<\/tr>\n<\/tbody>\n<\/table>\n<p>&nbsp;<\/p>\n<p>Adatto solo a veicoli con cambio automatico a 5 marce o manuale.<br \/>\nL'articolo \u00e8 privo di certificato T\u00dcV o ABE.<\/p>","protected":false},"excerpt":{"rendered":"<p>2006 \u2013 2014<\/p>","protected":false},"featured_media":68278531,"comment_status":"open","ping_status":"closed","template":"","meta":{"_acf_changed":false},"product_brand":[18925],"product_cat":[6639,6583,6642,6521,6645,6559,3024],"product_tag":[4564,52,92,93,54,53,48,536,49,3853,3854,532,529,20273,2062,55,527,553,96,164],"class_list":{"0":"post-68253165","1":"product","2":"type-product","3":"status-publish","4":"has-post-thumbnail","6":"product_brand-magnaflow","7":"product_cat-300c-61-abgaskruemmer-katalysatoren","8":"product_cat-300c-64-abgaskruemmer-katalysatoren","9":"product_cat-challenger-61-abgaskruemmer-katalysatoren","10":"product_cat-challenger-64-abgaskruemmer-katalysatoren","11":"product_cat-charger-61-abgaskruemmer-katalysatoren","12":"product_cat-charger-64-abgaskruemmer-katalysatoren","13":"product_cat-nicht-nach-eu","14":"product_tag-4564","15":"product_tag-300c","16":"product_tag-6-1","17":"product_tag-6-4","18":"product_tag-challenger","19":"product_tag-charger","20":"product_tag-chrysler","21":"product_tag-chrysler-300c","22":"product_tag-dodge","23":"product_tag-dodge-challenger","24":"product_tag-dodge-charger","25":"product_tag-kat","26":"product_tag-katalysator","27":"product_tag-keintuev","28":"product_tag-magnaflow","29":"product_tag-magnum","30":"product_tag-sportkat","31":"product_tag-sportkatalysator","32":"product_tag-srt","33":"product_tag-srt8","34":"product_shipping_class-paket-l","36":"first","37":"onbackorder","38":"taxable","39":"shipping-taxable","40":"purchasable","41":"product-type-simple"},"bundled_by":[],"bundle_stock_status":"onbackorder","bundle_stock_quantity":0,"bundle_virtual":false,"bundle_layout":"","bundle_add_to_cart_form_location":"","bundle_editable_in_cart":false,"bundle_sold_individually_context":"","bundle_item_grouping":"","bundle_min_size":"","bundle_max_size":"","bundle_price":[],"bundled_items":[],"bundle_sell_ids":[],"exclude_global_add_ons":[],"addons":[],"acf":[],"_links":{"self":[{"href":"https:\/\/kraftwerk-shop.cc\/it\/wp-json\/wp\/v2\/product\/68253165","targetHints":{"allow":["GET"]}}],"collection":[{"href":"https:\/\/kraftwerk-shop.cc\/it\/wp-json\/wp\/v2\/product"}],"about":[{"href":"https:\/\/kraftwerk-shop.cc\/it\/wp-json\/wp\/v2\/types\/product"}],"replies":[{"embeddable":true,"href":"https:\/\/kraftwerk-shop.cc\/it\/wp-json\/wp\/v2\/comments?post=68253165"}],"version-history":[{"count":0,"href":"https:\/\/kraftwerk-shop.cc\/it\/wp-json\/wp\/v2\/product\/68253165\/revisions"}],"wp:featuredmedia":[{"embeddable":true,"href":"https:\/\/kraftwerk-shop.cc\/it\/wp-json\/wp\/v2\/media\/68278531"}],"wp:attachment":[{"href":"https:\/\/kraftwerk-shop.cc\/it\/wp-json\/wp\/v2\/media?parent=68253165"}],"wp:term":[{"taxonomy":"product_brand","embeddable":true,"href":"https:\/\/kraftwerk-shop.cc\/it\/wp-json\/wp\/v2\/product_brand?post=68253165"},{"taxonomy":"product_cat","embeddable":true,"href":"https:\/\/kraftwerk-shop.cc\/it\/wp-json\/wp\/v2\/product_cat?post=68253165"},{"taxonomy":"product_tag","embeddable":true,"href":"https:\/\/kraftwerk-shop.cc\/it\/wp-json\/wp\/v2\/product_tag?post=68253165"}],"curies":[{"name":"wp","href":"https:\/\/api.w.org\/{rel}","templated":true}]}}