{"id":68253344,"date":"2021-09-17T12:55:49","date_gmt":"2021-09-17T12:55:49","guid":{"rendered":"https:\/\/kraftwerk-gruppe.de\/?post_type=product&#038;p=68253344"},"modified":"2026-03-31T13:48:08","modified_gmt":"2026-03-31T11:48:08","slug":"filtro-olio-kn-chrysler-300c","status":"publish","type":"product","link":"https:\/\/kraftwerk-shop.cc\/it\/produkt\/kn-oelfilter-chrysler-300c\/","title":{"rendered":"Filtro olio K&amp;N Chrysler 300C"},"content":{"rendered":"<h1>Filtro olio K&amp;N Pro Series Chrysler 300C<\/h1>\n<p>&nbsp;<\/p>\n<p>I filtri dell'olio K&amp;N Performance sono stati sviluppati appositamente per l'uso professionale nelle officine e nelle operazioni di manutenzione.<br \/>\nIl loro design ad alto flusso pu\u00f2 contribuire a migliorare le prestazioni del motore del vostro Chrysler 300C riducendo la restrizione del filtro dell'olio.<br \/>\nI filtri dell'olio K&amp;N Pro Series hanno una forma dell'alloggiamento scanalata, in modo da poter essere sostituiti con una chiave per filtri dell'olio convenzionale.<br \/>\nForniscono un'eccellente filtrazione e protezione del motore per il vostro Chrysler 300C per tutta la loro durata.<br \/>\nI filtri dell'olio K&amp;N sono adatti a tutti gli oli motore sintetici, convenzionali e miscelati. Gli elementi filtranti pieghettati offrono elevate prestazioni di filtrazione, rendendoli adatti a intervalli di cambio olio prolungati, se utilizzati in conformit\u00e0 alle raccomandazioni del costruttore del veicolo e dell'olio motore.<\/p>\n<p>Protegga il suo motore con i filtri dell'olio K&amp;N\u00ae di alta qualit\u00e0, che filtrano in modo affidabile le impurit\u00e0 dall'olio motore.<br \/>\nI filtri dell'olio K&amp;N sono sviluppati secondo gli stessi rigorosi standard di qualit\u00e0 dei filtri dell'aria K&amp;N, famosi in tutto il mondo, e vantano un design resistente e un media filtrante ad alto flusso per garantire un'eccellente filtrazione dell'olio.<\/p>\n<p>&nbsp;<\/p>\n<p><span lang=\"DE\">Grazie alla speciale miscela sintetica del materiale filtrante, viene filtrata una maggiore quantit\u00e0 di sporco ad una portata pi\u00f9 elevata.<\/span><\/p>\n<ul>\n<li>Sviluppato per gli oli sintetici ad alte prestazioni di oggi.<\/li>\n<li>La valvola di ritorno impedisce che il filtro si svuoti e si avvii a secco.<\/li>\n<li>Valvola di bypass<\/li>\n<li>Supera tutte le specifiche del produttore di apparecchiature originali<\/li>\n<\/ul>","protected":false},"excerpt":{"rendered":"<p>K&amp;N Pro Series \u00d6lfilter Chrysler 300C &nbsp; K&amp;N Performance \u00d6lfilter wurden speziell f\u00fcr den professionellen Einsatz in Werkst\u00e4tten und Wartungsbetrieben<\/p>","protected":false},"featured_media":68271515,"comment_status":"open","ping_status":"closed","template":"","meta":{"_acf_changed":false},"product_brand":[19067],"product_cat":[1558,1574,4985,1582,1590],"product_tag":[52,217,91,92,93,48,536,648,126,675,670,36,404,2320,406,647,2453,655,672,674,96,1056,164,38,37,673],"class_list":{"0":"post-68253344","1":"product","2":"type-product","3":"status-publish","4":"has-post-thumbnail","6":"product_brand-kn","7":"product_cat-300c-35-wartung","8":"product_cat-300c-57-2005-2010-wartung","9":"product_cat-300c-57-2011-2023-wartung","10":"product_cat-300c-61-wartung","11":"product_cat-300c-64-wartung","12":"product_tag-300c","13":"product_tag-217","14":"product_tag-5-7","15":"product_tag-6-1","16":"product_tag-6-4","17":"product_tag-chrysler","18":"product_tag-chrysler-300c","19":"product_tag-filter","20":"product_tag-hemi","21":"product_tag-inspektion","22":"product_tag-kn","23":"product_tag-kraftwerk","24":"product_tag-motoroel","25":"product_tag-motoroelfilter","26":"product_tag-oel","27":"product_tag-oelfilter","28":"product_tag-oelfilter10","29":"product_tag-oelwechsel","30":"product_tag-pro-series","31":"product_tag-service","32":"product_tag-srt","33":"product_tag-srt-8","34":"product_tag-srt8","35":"product_tag-teile","36":"product_tag-wartung","37":"product_tag-zubehoer","38":"pa_baujahr-2007-2","39":"pa_baujahr-2008-2","40":"pa_baujahr-alle-baujahre","41":"pa_motor-2-7-2","42":"pa_motor-3-5-2","43":"pa_motor-5-7-2","44":"pa_motor-6-1-2","45":"pa_motor-6-4-2","47":"first","48":"instock","49":"taxable","50":"shipping-taxable","51":"purchasable","52":"product-type-variable"},"bundled_by":[],"bundle_stock_status":"instock","bundle_stock_quantity":40,"bundle_virtual":false,"bundle_layout":"","bundle_add_to_cart_form_location":"","bundle_editable_in_cart":false,"bundle_sold_individually_context":"","bundle_item_grouping":"","bundle_min_size":"","bundle_max_size":"","bundle_price":[],"bundled_items":[],"bundle_sell_ids":[],"exclude_global_add_ons":[],"addons":[],"acf":[],"_links":{"self":[{"href":"https:\/\/kraftwerk-shop.cc\/it\/wp-json\/wp\/v2\/product\/68253344","targetHints":{"allow":["GET"]}}],"collection":[{"href":"https:\/\/kraftwerk-shop.cc\/it\/wp-json\/wp\/v2\/product"}],"about":[{"href":"https:\/\/kraftwerk-shop.cc\/it\/wp-json\/wp\/v2\/types\/product"}],"replies":[{"embeddable":true,"href":"https:\/\/kraftwerk-shop.cc\/it\/wp-json\/wp\/v2\/comments?post=68253344"}],"version-history":[{"count":0,"href":"https:\/\/kraftwerk-shop.cc\/it\/wp-json\/wp\/v2\/product\/68253344\/revisions"}],"wp:featuredmedia":[{"embeddable":true,"href":"https:\/\/kraftwerk-shop.cc\/it\/wp-json\/wp\/v2\/media\/68271515"}],"wp:attachment":[{"href":"https:\/\/kraftwerk-shop.cc\/it\/wp-json\/wp\/v2\/media?parent=68253344"}],"wp:term":[{"taxonomy":"product_brand","embeddable":true,"href":"https:\/\/kraftwerk-shop.cc\/it\/wp-json\/wp\/v2\/product_brand?post=68253344"},{"taxonomy":"product_cat","embeddable":true,"href":"https:\/\/kraftwerk-shop.cc\/it\/wp-json\/wp\/v2\/product_cat?post=68253344"},{"taxonomy":"product_tag","embeddable":true,"href":"https:\/\/kraftwerk-shop.cc\/it\/wp-json\/wp\/v2\/product_tag?post=68253344"}],"curies":[{"name":"wp","href":"https:\/\/api.w.org\/{rel}","templated":true}]}}